{"id":4824,"date":"2024-07-30T13:18:38","date_gmt":"2024-07-30T11:18:38","guid":{"rendered":"https:\/\/modisprem.com\/clausula-informativa-sobre-el-tratamiento-de-datos-personales\/"},"modified":"2024-07-30T13:18:54","modified_gmt":"2024-07-30T11:18:54","slug":"clausula-informativa-sobre-el-tratamiento-de-datos-personales","status":"publish","type":"page","link":"https:\/\/modisprem.com\/fr\/clausula-informativa-sobre-el-tratamiento-de-datos-personales\/","title":{"rendered":"Cl\u00e1usula informativa sobre el tratamiento de datos personales"},"content":{"rendered":"<section class=\"l-section wpb_row height_medium\"><div class=\"l-section-h i-cf\"><div class=\"g-cols vc_row via_grid cols_1 laptops-cols_inherit tablets-cols_inherit mobiles-cols_1 valign_top type_default stacking_default\"><div class=\"wpb_column vc_column_container\"><div class=\"vc_column-inner\"><div class=\"wpb_text_column\"><div class=\"wpb_wrapper\"><p>Sus datos personales ser\u00e1n usados para nuestra relaci\u00f3n y poder prestarle nuestros servicios. Dichos datos son necesarios para poder relacionarnos con usted, lo que nos permite el uso de su informaci\u00f3n dentro de la legalidad. Asimismo, podr\u00e1n tener conocimiento de su informaci\u00f3n aquellas entidades que necesiten tener acceso a la misma para que podamos prestarle nuestros servicios. Conservaremos sus datos durante nuestra relaci\u00f3n y mientras nos obliguen las leyes aplicables. En cualquier momento puede dirigirse a nosotros para saber qu\u00e9 informaci\u00f3n tenemos sobre usted, rectificarla si fuese incorrecta y eliminarla una vez finalizada nuestra relaci\u00f3n. Tambi\u00e9n tiene derecho a solicitar el traspaso de su informaci\u00f3n a otra entidad (portabilidad). Para solicitar alguno de estos derechos, deber\u00e1 realizar una solicitud escrita a nuestra direcci\u00f3n, junto con una fotocopia de su DNI: MODISPREM, S.A, Pol. Ind. El Campillo, Ctra de Ejea Km 2,1, CP 50800, Zuera (Zaragoza).<\/p>\n<p>En caso de que entienda que sus derechos han sido desatendidos, puede formular una reclamaci\u00f3n en la Agencia Espa\u00f1ola de Protecci\u00f3n de Datos (www.aepd.es).<\/p>\n<\/div><\/div><\/div><\/div><\/div><\/div><\/section>\n","protected":false},"excerpt":{"rendered":"Sus datos personales ser\u00e1n usados para nuestra relaci\u00f3n y poder prestarle nuestros servicios. Dichos datos son necesarios para poder relacionarnos con usted, lo que nos permite el uso de su informaci\u00f3n dentro de la legalidad. Asimismo, podr\u00e1n tener conocimiento de su informaci\u00f3n aquellas entidades que necesiten tener acceso a la misma para que podamos prestarle...","protected":false},"author":1,"featured_media":4546,"parent":0,"menu_order":0,"comment_status":"closed","ping_status":"closed","template":"","meta":{"footnotes":""},"class_list":["post-4824","page","type-page","status-publish","has-post-thumbnail","hentry"],"_links":{"self":[{"href":"https:\/\/modisprem.com\/fr\/wp-json\/wp\/v2\/pages\/4824","targetHints":{"allow":["GET"]}}],"collection":[{"href":"https:\/\/modisprem.com\/fr\/wp-json\/wp\/v2\/pages"}],"about":[{"href":"https:\/\/modisprem.com\/fr\/wp-json\/wp\/v2\/types\/page"}],"author":[{"embeddable":true,"href":"https:\/\/modisprem.com\/fr\/wp-json\/wp\/v2\/users\/1"}],"replies":[{"embeddable":true,"href":"https:\/\/modisprem.com\/fr\/wp-json\/wp\/v2\/comments?post=4824"}],"version-history":[{"count":1,"href":"https:\/\/modisprem.com\/fr\/wp-json\/wp\/v2\/pages\/4824\/revisions"}],"predecessor-version":[{"id":4827,"href":"https:\/\/modisprem.com\/fr\/wp-json\/wp\/v2\/pages\/4824\/revisions\/4827"}],"wp:featuredmedia":[{"embeddable":true,"href":"https:\/\/modisprem.com\/fr\/wp-json\/wp\/v2\/media\/4546"}],"wp:attachment":[{"href":"https:\/\/modisprem.com\/fr\/wp-json\/wp\/v2\/media?parent=4824"}],"curies":[{"name":"wp","href":"https:\/\/api.w.org\/{rel}","templated":true}]}}