{"id":4361,"date":"2024-03-08T14:49:20","date_gmt":"2024-03-08T13:49:20","guid":{"rendered":"http:\/\/modisprem.com\/entorno-gobernanza\/"},"modified":"2024-06-14T11:43:28","modified_gmt":"2024-06-14T09:43:28","slug":"entorno-gobernanza","status":"publish","type":"page","link":"https:\/\/modisprem.com\/fr\/entorno-gobernanza\/","title":{"rendered":"Environnement Gouvernance"},"content":{"rendered":"<section class=\"l-section wpb_row height_large parallax_ver\"><div class=\"l-section-overlay\" style=\"background:linear-gradient(180deg,#ebebeb,rgba(0,0,0,0))\"><\/div><div class=\"l-section-h i-cf\"><div class=\"g-cols vc_row via_grid cols_1 laptops-cols_inherit tablets-cols_inherit mobiles-cols_1 valign_top type_default stacking_default\"><div class=\"wpb_column vc_column_container\"><div class=\"vc_column-inner\"><div class=\"wpb_text_column us_custom_559de774\"><div class=\"wpb_wrapper\"><p>La durabilit\u00e9 fait partie de l&rsquo;un des axes strat\u00e9giques de Modisprem. Par le biais de la conception, du d\u00e9veloppement et de la fabrication de produits durables pour leurs applications ult\u00e9rieures, qui sont tr\u00e8s diversifi\u00e9es sur le march\u00e9 actuel. C&rsquo;est pourquoi Modisprem met en place des politiques, des syst\u00e8mes de gestion et des proc\u00e9dures qui lui permettent de g\u00e9n\u00e9rer un impact positif plus important sur les trois dimensions de la durabilit\u00e9 : environnementale, sociale et de gouvernance.<\/p>\n<p>Nos objectifs sont bas\u00e9s sur la cr\u00e9ation de valeurs durables, l&rsquo;offre de bonnes conditions de travail, la pr\u00e9servation des ressources et de l&rsquo;environnement. De la m\u00eame mani\u00e8re, Modisprem encourage la r\u00e9duction des effets n\u00e9gatifs ou des impacts qui peuvent \u00eatre caus\u00e9s dans le d\u00e9veloppement de son processus de production.<\/p>\n<p>Les questions ESG (Environnementales, Sociales et de Gouvernance) sont toujours une priorit\u00e9 chez Modisprem pour communiquer et divulguer nos processus dans un format clair, concis et structur\u00e9.<\/p>\n<\/div><\/div><\/div><\/div><\/div><\/div><\/section><section class=\"l-section wpb_row height_large with_img parallax_ver\"><div class=\"l-section-img\" role=\"img\" data-img-width=\"1920\" data-img-height=\"700\" style=\"background-image: url(https:\/\/modisprem.com\/wp-content\/uploads\/revslider\/video-media\/fondo-abstracto_28.jpeg);\"><\/div><div class=\"l-section-h i-cf\"><div class=\"g-cols vc_row via_grid cols_1 laptops-cols_inherit tablets-cols_inherit mobiles-cols_1 valign_top type_default stacking_default\"><div class=\"wpb_column vc_column_container\"><div class=\"vc_column-inner\"><div class=\"wpb_text_column us_custom_559de774\"><div class=\"wpb_wrapper\"><p>ENVIRONNEMENT DE GOUVERNANCE<\/p>\n<p>Le Modisprem respecte les lois applicables et fixe les normes les plus \u00e9lev\u00e9es en mati\u00e8re d&rsquo;\u00e9thique, de responsabilit\u00e9 sociale et de transparence. Il d\u00e9fend toujours les principes d&rsquo;int\u00e9grit\u00e9 dans les relations d&rsquo;affaires, rejetant la concurrence d\u00e9loyale, la corruption, les pots-de-vin et les conflits d&rsquo;int\u00e9r\u00eats.<\/p>\n<p>\u00c0 cette fin, MODISPREM \u00e9labore, respecte et met \u00e0 jour une politique de conduite et une politique d&rsquo;\u00e9thique des affaires.<\/p>\n<\/div><\/div><\/div><\/div><\/div><\/div><\/section>\n","protected":false},"excerpt":{"rendered":"La durabilit\u00e9 fait partie de l&rsquo;un des axes strat\u00e9giques de Modisprem. Par le biais de la conception, du d\u00e9veloppement et de la fabrication de produits durables pour leurs applications ult\u00e9rieures, qui sont tr\u00e8s diversifi\u00e9es sur le march\u00e9 actuel. C&rsquo;est pourquoi Modisprem met en place des politiques, des syst\u00e8mes de gestion et des proc\u00e9dures qui lui...","protected":false},"author":1,"featured_media":0,"parent":0,"menu_order":0,"comment_status":"closed","ping_status":"closed","template":"","meta":{"footnotes":""},"class_list":["post-4361","page","type-page","status-publish","hentry"],"_links":{"self":[{"href":"https:\/\/modisprem.com\/fr\/wp-json\/wp\/v2\/pages\/4361","targetHints":{"allow":["GET"]}}],"collection":[{"href":"https:\/\/modisprem.com\/fr\/wp-json\/wp\/v2\/pages"}],"about":[{"href":"https:\/\/modisprem.com\/fr\/wp-json\/wp\/v2\/types\/page"}],"author":[{"embeddable":true,"href":"https:\/\/modisprem.com\/fr\/wp-json\/wp\/v2\/users\/1"}],"replies":[{"embeddable":true,"href":"https:\/\/modisprem.com\/fr\/wp-json\/wp\/v2\/comments?post=4361"}],"version-history":[{"count":1,"href":"https:\/\/modisprem.com\/fr\/wp-json\/wp\/v2\/pages\/4361\/revisions"}],"predecessor-version":[{"id":4383,"href":"https:\/\/modisprem.com\/fr\/wp-json\/wp\/v2\/pages\/4361\/revisions\/4383"}],"wp:attachment":[{"href":"https:\/\/modisprem.com\/fr\/wp-json\/wp\/v2\/media?parent=4361"}],"curies":[{"name":"wp","href":"https:\/\/api.w.org\/{rel}","templated":true}]}}