{"id":4109,"date":"2023-02-01T19:58:41","date_gmt":"2023-02-01T18:58:41","guid":{"rendered":"http:\/\/modisprem.com\/materiales\/guata-taca\/"},"modified":"2024-05-31T18:16:38","modified_gmt":"2024-05-31T16:16:38","slug":"guata-taca","status":"publish","type":"page","link":"https:\/\/modisprem.com\/fr\/materiales\/guata-taca\/","title":{"rendered":"Ouate"},"content":{"rendered":"<section class=\"l-section wpb_row height_medium with_img\"><div class=\"l-section-img\" role=\"img\" data-img-width=\"1920\" data-img-height=\"8000\" style=\"background-image: url(https:\/\/modisprem.com\/wp-content\/uploads\/2023\/04\/fondo-materiales.png);background-position: top center;\"><\/div><div class=\"l-section-h i-cf\"><div class=\"g-cols vc_row via_grid cols_2-1 laptops-cols_inherit tablets-cols_inherit mobiles-cols_1 valign_top type_default stacking_default\"><div class=\"wpb_column vc_column_container\"><div class=\"vc_column-inner\"><div class=\"wpb_text_column\"><div class=\"wpb_wrapper\"><p><strong>Insonorisation et isolation thermique pour les secteurs du b\u00e2timent et de l\u2019automobile.<\/strong><\/p>\n<ul>\n<li>Poids : 600-3000 g\/m +\/-10%.<\/li>\n<li>\u00c9paisseur : 7-40\u00a0mm +\/-2<\/li>\n<\/ul>\n<h2>Description:<\/h2>\n<p>Feutre fabriqu\u00e9 \u00e0 partir de fibres v\u00e9g\u00e9tales de coton. Exclusivement compos\u00e9 de fibres v\u00e9g\u00e9tales industrialis\u00e9es avec un minimum de 80\u00a0% de coton. Des fibres de diff\u00e9rentes couleurs sont agglom\u00e9r\u00e9es avec une r\u00e9sine thermodurcissable normalement ignifug\u00e9e. Il en r\u00e9sulte un mat\u00e9riau disposant d\u2019un module d\u2019\u00e9lasticit\u00e9 bien plus \u00e9lev\u00e9 que les autres mat\u00e9riaux. Il ne se d\u00e9t\u00e9riore pas lorsqu\u2019il est pli\u00e9 et poss\u00e8de une grande r\u00e9sistance \u00e0 la traction. Ce type de feutre est utilis\u00e9 pour l\u2019insonorisation, et lorsqu\u2019un mat\u00e9riau ignifuge est n\u00e9cessaire. Ses caract\u00e9ristiques les plus notables sont les suivantes :<\/p>\n<ul>\n<li>Excellente insonorisation.<\/li>\n<li>Isolation dans les endroits o\u00f9 les exigences de construction sont grandes et o\u00f9 le facteur de correction acoustique est \u00e9lev\u00e9.<\/li>\n<li>Insonorisation et isolation thermique pour le b\u00e2timent et le secteur automobile avec une forte teneur en produits retardateurs de flamme.<\/li>\n<\/ul>\n<h2>Applications:<\/h2>\n<ul>\n<li><em>Automobile<\/em>. Partie ext\u00e9rieure, c\u00f4t\u00e9s du moteur, tableau de bord, passages de roues, etc<\/li>\n<li><em>B\u00e2timent<\/em>. Feutre pour l\u2019insonorisation et l\u2019isolation des b\u00e2timents.<\/li>\n<li><em>Appareils \u00e9lectrom\u00e9nagers.<\/em><\/li>\n<li><em>Autres.<\/em><\/li>\n<\/ul>\n<h2>Format de livraison:<\/h2>\n<p>En option avec finition d\u2019entoilage, adh\u00e9sive, aluminium, etc. Possibilit\u00e9 de r\u00e9aliser des pi\u00e8ces adh\u00e9sives (sur une ou deux faces), avec de l\u2019entoilage (sur une ou deux faces), ou d\u00e9coup\u00e9es. Poids\u00a0: De 600 \u00e0 2500 gr\/m2 Pr\u00e9sentation : en ballots de plaques de poly\u00e9thyl\u00e8ne ou en rouleaux.<\/p>\n<\/div><\/div><\/div><\/div><div class=\"wpb_column vc_column_container\"><div class=\"vc_column-inner\"><div class=\"w-image align_none\"><a ref=\"magnificPopup\" href=\"https:\/\/modisprem.com\/wp-content\/uploads\/2023\/02\/taca-ficha.jpg\" aria-label=\"Taca ficha\" class=\"w-image-h\"><img decoding=\"async\" width=\"700\" height=\"1000\" src=\"https:\/\/modisprem.com\/wp-content\/uploads\/2023\/02\/taca-ficha.jpg\" class=\"attachment-large size-large\" alt=\"\" loading=\"lazy\" srcset=\"https:\/\/modisprem.com\/wp-content\/uploads\/2023\/02\/taca-ficha.jpg 700w, https:\/\/modisprem.com\/wp-content\/uploads\/2023\/02\/taca-ficha-210x300.jpg 210w, https:\/\/modisprem.com\/wp-content\/uploads\/2023\/02\/taca-ficha-17x24.jpg 17w, https:\/\/modisprem.com\/wp-content\/uploads\/2023\/02\/taca-ficha-25x36.jpg 25w, https:\/\/modisprem.com\/wp-content\/uploads\/2023\/02\/taca-ficha-34x48.jpg 34w\" sizes=\"auto, (max-width: 700px) 100vw, 700px\" \/><\/a><\/div><div class=\"w-separator size_medium\"><\/div><div class=\"wpb_text_column us_custom_f6c4a9ef\"><div class=\"wpb_wrapper\"><p style=\"text-align: left;\">R\u00e9sistance aux basses temp\u00e9ratures<\/p>\n<\/div><\/div><div class=\"wpb_text_column us_custom_f6c4a9ef\"><div class=\"wpb_wrapper\"><p style=\"text-align: left;\">Inflammabilit\u00e9<\/p>\n<\/div><\/div><div class=\"wpb_text_column us_custom_f6c4a9ef\"><div class=\"wpb_wrapper\"><p style=\"text-align: left;\">Absorption acoustique<\/p>\n<\/div><\/div><\/div><\/div><\/div><\/div><\/section>\n","protected":false},"excerpt":{"rendered":"Insonorisation et isolation thermique pour les secteurs du b\u00e2timent et de l\u2019automobile. Poids : 600-3000 g\/m +\/-10%. \u00c9paisseur : 7-40\u00a0mm +\/-2 Description: Feutre fabriqu\u00e9 \u00e0 partir de fibres v\u00e9g\u00e9tales de coton. Exclusivement compos\u00e9 de fibres v\u00e9g\u00e9tales industrialis\u00e9es avec un minimum de 80\u00a0% de coton. Des fibres de diff\u00e9rentes couleurs sont agglom\u00e9r\u00e9es avec une r\u00e9sine thermodurcissable...","protected":false},"author":1,"featured_media":2463,"parent":3842,"menu_order":0,"comment_status":"closed","ping_status":"closed","template":"","meta":{"footnotes":""},"class_list":["post-4109","page","type-page","status-publish","has-post-thumbnail","hentry"],"_links":{"self":[{"href":"https:\/\/modisprem.com\/fr\/wp-json\/wp\/v2\/pages\/4109","targetHints":{"allow":["GET"]}}],"collection":[{"href":"https:\/\/modisprem.com\/fr\/wp-json\/wp\/v2\/pages"}],"about":[{"href":"https:\/\/modisprem.com\/fr\/wp-json\/wp\/v2\/types\/page"}],"author":[{"embeddable":true,"href":"https:\/\/modisprem.com\/fr\/wp-json\/wp\/v2\/users\/1"}],"replies":[{"embeddable":true,"href":"https:\/\/modisprem.com\/fr\/wp-json\/wp\/v2\/comments?post=4109"}],"version-history":[{"count":1,"href":"https:\/\/modisprem.com\/fr\/wp-json\/wp\/v2\/pages\/4109\/revisions"}],"predecessor-version":[{"id":4113,"href":"https:\/\/modisprem.com\/fr\/wp-json\/wp\/v2\/pages\/4109\/revisions\/4113"}],"up":[{"embeddable":true,"href":"https:\/\/modisprem.com\/fr\/wp-json\/wp\/v2\/pages\/3842"}],"wp:featuredmedia":[{"embeddable":true,"href":"https:\/\/modisprem.com\/fr\/wp-json\/wp\/v2\/media\/2463"}],"wp:attachment":[{"href":"https:\/\/modisprem.com\/fr\/wp-json\/wp\/v2\/media?parent=4109"}],"curies":[{"name":"wp","href":"https:\/\/api.w.org\/{rel}","templated":true}]}}