{"id":4099,"date":"2024-02-14T17:22:29","date_gmt":"2024-02-14T16:22:29","guid":{"rendered":"http:\/\/modisprem.com\/materiales\/nonwovens\/"},"modified":"2024-05-31T13:53:33","modified_gmt":"2024-05-31T11:53:33","slug":"nonwovens","status":"publish","type":"page","link":"https:\/\/modisprem.com\/fr\/materiales\/nonwovens\/","title":{"rendered":"Non-tiss\u00e9s"},"content":{"rendered":"<section class=\"l-section wpb_row height_medium with_img\"><div class=\"l-section-img\" role=\"img\" data-img-width=\"1920\" data-img-height=\"8000\" style=\"background-image: url(https:\/\/modisprem.com\/wp-content\/uploads\/2023\/04\/fondo-materiales.png);background-position: top center;\"><\/div><div class=\"l-section-h i-cf\"><div class=\"g-cols vc_row via_grid cols_2-1 laptops-cols_inherit tablets-cols_inherit mobiles-cols_1 valign_top type_default stacking_default\"><div class=\"wpb_column vc_column_container\"><div class=\"vc_column-inner\"><div class=\"wpb_text_column\"><div class=\"wpb_wrapper\"><div class=\"et_pb_module et_pb_text et_pb_text_8 et_pb_text_align_left et_pb_bg_layout_light\">\n<div class=\"et_pb_text_inner\">\n<p>Les tissus non tiss\u00e9s sont des fibres naturelles ou artificielles qui sont entrelac\u00e9es et reli\u00e9es par des proc\u00e9d\u00e9s m\u00e9caniques, thermiques ou chimiques, mais qui ne sont pas tiss\u00e9es.<\/p>\n<ul>\n<li>Couleur : Blanc<\/li>\n<li>Densit\u00e9 : 100-600 gr\/m2<\/li>\n<\/ul>\n<h2>Description:<\/h2>\n<p>Les tissus non tiss\u00e9s (non wovens) sont constitu\u00e9s de filaments de fibres naturelles ou artificielles, \u00e0 l\u2019exclusion du papier. Diff\u00e9rentes m\u00e9thodes peuvent \u00eatre utilis\u00e9es pour former ces feuilles de textiles entrelac\u00e9s:<\/p>\n<ul>\n<li>Chimiques, avec l\u2019ajout de composants adh\u00e9sifs<\/li>\n<li>Thermique, avec la fusion des fibres au moyen de la chaleur<\/li>\n<li>M\u00e9canique, avec la cr\u00e9ation d\u2019enchev\u00eatrements<\/li>\n<\/ul>\n<h2>Applications:<\/h2>\n<p>En raison de leur structure d\u00e9sordonn\u00e9e mais poreuse, les tissus non tiss\u00e9s sont d\u2019excellents absorbeurs thermiques et acoustiques. De plus, ils peuvent absorber des liquides et des gaz. Ces caract\u00e9ristiques font que ces mat\u00e9riaux absorbants sont de plus en plus utilis\u00e9s dans les secteurs suivants:<\/p>\n<ul>\n<li>Automobile: dans les rev\u00eatements de toit, les capots, les \u00e9l\u00e9ments int\u00e9rieurs\u2026<\/li>\n<li>Construction: mat\u00e9riaux de drainage et absorbeurs acoustiques et thermiques.<\/li>\n<li>Filtration: sous forme de pr\u00e9-filtres et de filtres anti-pollen, permettant un d\u00e9bit et un flux d\u2019air constants.<\/li>\n<\/ul>\n<h2>Format de livraison:<\/h2>\n<p>Les tissus non-tiss\u00e9s peuvent \u00eatre fournis sous forme de rouleaux, de panneaux de diff\u00e9rentes \u00e9paisseurs ou de pi\u00e8ces finies selon les sp\u00e9cifications et les plans fournis par nos clients.<\/p>\n<p>Tous nos produits peuvent \u00eatre adh\u00e9sifs si l\u2019application l\u2019exige.<\/p>\n<p>Nous proposons des \u00e9paisseurs et des poids diff\u00e9rents pour chaque application.<\/p>\n<\/div>\n<\/div>\n<\/div><\/div><\/div><\/div><div class=\"wpb_column vc_column_container\"><div class=\"vc_column-inner\"><div class=\"w-image align_none\"><a ref=\"magnificPopup\" href=\"https:\/\/modisprem.com\/wp-content\/uploads\/2023\/03\/MD_Textil_Nonwovens.jpg\" aria-label=\"MD_Textil_Nonwovens\" class=\"w-image-h\"><img decoding=\"async\" width=\"165\" height=\"165\" src=\"https:\/\/modisprem.com\/wp-content\/uploads\/2023\/03\/MD_Textil_Nonwovens.jpg\" class=\"attachment-large size-large\" alt=\"\" loading=\"lazy\" srcset=\"https:\/\/modisprem.com\/wp-content\/uploads\/2023\/03\/MD_Textil_Nonwovens.jpg 165w, https:\/\/modisprem.com\/wp-content\/uploads\/2023\/03\/MD_Textil_Nonwovens-150x150.jpg 150w, https:\/\/modisprem.com\/wp-content\/uploads\/2023\/03\/MD_Textil_Nonwovens-24x24.jpg 24w, https:\/\/modisprem.com\/wp-content\/uploads\/2023\/03\/MD_Textil_Nonwovens-36x36.jpg 36w, https:\/\/modisprem.com\/wp-content\/uploads\/2023\/03\/MD_Textil_Nonwovens-48x48.jpg 48w\" sizes=\"auto, (max-width: 165px) 100vw, 165px\" \/><\/a><\/div><div class=\"w-separator size_medium\"><\/div><div class=\"wpb_text_column us_custom_f6c4a9ef\"><div class=\"wpb_wrapper\"><p style=\"text-align: left;\">Inflammabilit\u00e9<\/p>\n<\/div><\/div><div class=\"wpb_text_column us_custom_f6c4a9ef\"><div class=\"wpb_wrapper\"><p style=\"text-align: left;\">Vieillissement<\/p>\n<\/div><\/div><div class=\"wpb_text_column us_custom_f6c4a9ef\"><div class=\"wpb_wrapper\"><p style=\"text-align: left;\">Absorption acoustique<\/p>\n<\/div><\/div><\/div><\/div><\/div><\/div><\/section>\n","protected":false},"excerpt":{"rendered":"Les tissus non tiss\u00e9s sont des fibres naturelles ou artificielles qui sont entrelac\u00e9es et reli\u00e9es par des proc\u00e9d\u00e9s m\u00e9caniques, thermiques ou chimiques, mais qui ne sont pas tiss\u00e9es. Couleur : Blanc Densit\u00e9 : 100-600 gr\/m2 Description: Les tissus non tiss\u00e9s (non wovens) sont constitu\u00e9s de filaments de fibres naturelles ou artificielles, \u00e0 l\u2019exclusion du papier....","protected":false},"author":1,"featured_media":2670,"parent":3842,"menu_order":0,"comment_status":"closed","ping_status":"closed","template":"","meta":{"footnotes":""},"class_list":["post-4099","page","type-page","status-publish","has-post-thumbnail","hentry"],"_links":{"self":[{"href":"https:\/\/modisprem.com\/fr\/wp-json\/wp\/v2\/pages\/4099","targetHints":{"allow":["GET"]}}],"collection":[{"href":"https:\/\/modisprem.com\/fr\/wp-json\/wp\/v2\/pages"}],"about":[{"href":"https:\/\/modisprem.com\/fr\/wp-json\/wp\/v2\/types\/page"}],"author":[{"embeddable":true,"href":"https:\/\/modisprem.com\/fr\/wp-json\/wp\/v2\/users\/1"}],"replies":[{"embeddable":true,"href":"https:\/\/modisprem.com\/fr\/wp-json\/wp\/v2\/comments?post=4099"}],"version-history":[{"count":1,"href":"https:\/\/modisprem.com\/fr\/wp-json\/wp\/v2\/pages\/4099\/revisions"}],"predecessor-version":[{"id":4103,"href":"https:\/\/modisprem.com\/fr\/wp-json\/wp\/v2\/pages\/4099\/revisions\/4103"}],"up":[{"embeddable":true,"href":"https:\/\/modisprem.com\/fr\/wp-json\/wp\/v2\/pages\/3842"}],"wp:featuredmedia":[{"embeddable":true,"href":"https:\/\/modisprem.com\/fr\/wp-json\/wp\/v2\/media\/2670"}],"wp:attachment":[{"href":"https:\/\/modisprem.com\/fr\/wp-json\/wp\/v2\/media?parent=4099"}],"curies":[{"name":"wp","href":"https:\/\/api.w.org\/{rel}","templated":true}]}}