{"id":4092,"date":"2024-02-14T17:16:06","date_gmt":"2024-02-14T16:16:06","guid":{"rendered":"http:\/\/modisprem.com\/materiales\/pvc\/"},"modified":"2024-05-31T13:49:12","modified_gmt":"2024-05-31T11:49:12","slug":"pvc","status":"publish","type":"page","link":"https:\/\/modisprem.com\/fr\/materiales\/pvc\/","title":{"rendered":"PVC"},"content":{"rendered":"<section class=\"l-section wpb_row height_medium with_img\"><div class=\"l-section-img\" role=\"img\" data-img-width=\"1920\" data-img-height=\"8000\" style=\"background-image: url(https:\/\/modisprem.com\/wp-content\/uploads\/2023\/04\/fondo-materiales.png);background-position: top center;\"><\/div><div class=\"l-section-h i-cf\"><div class=\"g-cols vc_row via_grid cols_2-1 laptops-cols_inherit tablets-cols_inherit mobiles-cols_1 valign_top type_default stacking_default\"><div class=\"wpb_column vc_column_container\"><div class=\"vc_column-inner\"><div class=\"wpb_text_column\"><div class=\"wpb_wrapper\"><div class=\"et_pb_module et_pb_text et_pb_text_8 et_pb_text_align_left et_pb_bg_layout_light\">\n<div class=\"et_pb_text_inner\">\n<p class=\"descMaterial\">Il s\u2019agit de mousses de chlorure de polyvinyle \u00e0 cellules ferm\u00e9es. Elles r\u00e9sistent \u00e0 la plupart des r\u00e9actifs chimiques (peintures et d\u00e9tergents) et sont de bons isolants thermiques, \u00e9lectriques et acoustiques.<\/p>\n<ul>\n<li>Couleur: Noir, blanc.<\/li>\n<li>Densit\u00e9: 100-160 Kg\/m3<\/li>\n<li>Duret\u00e9: 7-40 sh00<\/li>\n<li>Allongement: 120 %<\/li>\n<li>R\u00e9sistance \u00e0 la traction: 150-200 KPa<\/li>\n<\/ul>\n<h2>Description:<\/h2>\n<p>Il s\u2019agit de mousses de chlorure de polyvinyle \u00e0 cellules ferm\u00e9es. Elles r\u00e9sistent \u00e0 la plupart des r\u00e9actifs chimiques (peintures et d\u00e9tergents) et sont de bons isolants thermiques, \u00e9lectriques et acoustiques.<\/p>\n<p>R\u00e9sistantes aux chocs et aux vibrations. Flexibilit\u00e9 et capacit\u00e9 de r\u00e9cup\u00e9ration apr\u00e8s une d\u00e9formation prolong\u00e9e. Imperm\u00e9ables et r\u00e9sistantes aux intemp\u00e9ries. Extinguible, m\u00eame \u00e0 faible \u00e9paisseur.<\/p>\n<h2>Applications:<\/h2>\n<ul>\n<li>Automobile-Industrie: Mat\u00e9riau largement utilis\u00e9 pour absorber les d\u00e9formations, dans les joints \u00e9tanches, l\u2019isolation acoustique et dans les composants automobiles gr\u00e2ce \u00e0 ses propri\u00e9t\u00e9s autoextinguibles.<\/li>\n<\/ul>\n<h2>Format de livraison:<\/h2>\n<p>De bourrelet, de pi\u00e8ces d\u00e9coup\u00e9es \u00e0 l\u2019emporte-pi\u00e8ce de diff\u00e9rentes formes et tailles, des profil\u00e9s et joints d\u2019\u00e9tanch\u00e9it\u00e9.<\/p>\n<\/div>\n<\/div>\n<\/div><\/div><\/div><\/div><div class=\"wpb_column vc_column_container\"><div class=\"vc_column-inner\"><div class=\"w-image align_none\"><a ref=\"magnificPopup\" href=\"https:\/\/modisprem.com\/wp-content\/uploads\/2024\/02\/pvc-ficha.jpg\" aria-label=\"pvc-ficha\" class=\"w-image-h\"><img decoding=\"async\" width=\"700\" height=\"1000\" src=\"https:\/\/modisprem.com\/wp-content\/uploads\/2024\/02\/pvc-ficha.jpg\" class=\"attachment-large size-large\" alt=\"\" loading=\"lazy\" srcset=\"https:\/\/modisprem.com\/wp-content\/uploads\/2024\/02\/pvc-ficha.jpg 700w, https:\/\/modisprem.com\/wp-content\/uploads\/2024\/02\/pvc-ficha-210x300.jpg 210w, https:\/\/modisprem.com\/wp-content\/uploads\/2024\/02\/pvc-ficha-17x24.jpg 17w, https:\/\/modisprem.com\/wp-content\/uploads\/2024\/02\/pvc-ficha-25x36.jpg 25w, https:\/\/modisprem.com\/wp-content\/uploads\/2024\/02\/pvc-ficha-34x48.jpg 34w\" sizes=\"auto, (max-width: 700px) 100vw, 700px\" \/><\/a><\/div><div class=\"w-separator size_medium\"><\/div><div class=\"wpb_text_column us_custom_f6c4a9ef\"><div class=\"wpb_wrapper\"><p style=\"text-align: left;\">R\u00e9sistance \u00e0 l&rsquo;ozone<\/p>\n<\/div><\/div><div class=\"wpb_text_column us_custom_f6c4a9ef\"><div class=\"wpb_wrapper\"><p style=\"text-align: left;\">Inflammabilit\u00e9<\/p>\n<\/div><\/div><div class=\"wpb_text_column us_custom_f6c4a9ef\"><div class=\"wpb_wrapper\"><p style=\"text-align: left;\">Vieillissement<\/p>\n<\/div><\/div><\/div><\/div><\/div><\/div><\/section>\n","protected":false},"excerpt":{"rendered":"Il s\u2019agit de mousses de chlorure de polyvinyle \u00e0 cellules ferm\u00e9es. Elles r\u00e9sistent \u00e0 la plupart des r\u00e9actifs chimiques (peintures et d\u00e9tergents) et sont de bons isolants thermiques, \u00e9lectriques et acoustiques. Couleur: Noir, blanc. Densit\u00e9: 100-160 Kg\/m3 Duret\u00e9: 7-40 sh00 Allongement: 120 % R\u00e9sistance \u00e0 la traction: 150-200 KPa Description: Il s\u2019agit de mousses de...","protected":false},"author":1,"featured_media":3567,"parent":3842,"menu_order":0,"comment_status":"closed","ping_status":"closed","template":"","meta":{"footnotes":""},"class_list":["post-4092","page","type-page","status-publish","has-post-thumbnail","hentry"],"_links":{"self":[{"href":"https:\/\/modisprem.com\/fr\/wp-json\/wp\/v2\/pages\/4092","targetHints":{"allow":["GET"]}}],"collection":[{"href":"https:\/\/modisprem.com\/fr\/wp-json\/wp\/v2\/pages"}],"about":[{"href":"https:\/\/modisprem.com\/fr\/wp-json\/wp\/v2\/types\/page"}],"author":[{"embeddable":true,"href":"https:\/\/modisprem.com\/fr\/wp-json\/wp\/v2\/users\/1"}],"replies":[{"embeddable":true,"href":"https:\/\/modisprem.com\/fr\/wp-json\/wp\/v2\/comments?post=4092"}],"version-history":[{"count":1,"href":"https:\/\/modisprem.com\/fr\/wp-json\/wp\/v2\/pages\/4092\/revisions"}],"predecessor-version":[{"id":4096,"href":"https:\/\/modisprem.com\/fr\/wp-json\/wp\/v2\/pages\/4092\/revisions\/4096"}],"up":[{"embeddable":true,"href":"https:\/\/modisprem.com\/fr\/wp-json\/wp\/v2\/pages\/3842"}],"wp:featuredmedia":[{"embeddable":true,"href":"https:\/\/modisprem.com\/fr\/wp-json\/wp\/v2\/media\/3567"}],"wp:attachment":[{"href":"https:\/\/modisprem.com\/fr\/wp-json\/wp\/v2\/media?parent=4092"}],"curies":[{"name":"wp","href":"https:\/\/api.w.org\/{rel}","templated":true}]}}