{"id":4086,"date":"2024-02-14T17:08:16","date_gmt":"2024-02-14T16:08:16","guid":{"rendered":"http:\/\/modisprem.com\/materiales\/filtrante\/"},"modified":"2024-07-31T12:30:08","modified_gmt":"2024-07-31T10:30:08","slug":"filtrante","status":"publish","type":"page","link":"https:\/\/modisprem.com\/fr\/materiales\/filtrante\/","title":{"rendered":"Filtration"},"content":{"rendered":"<section class=\"l-section wpb_row height_medium with_img\"><div class=\"l-section-img\" role=\"img\" data-img-width=\"1920\" data-img-height=\"8000\" style=\"background-image: url(https:\/\/modisprem.com\/wp-content\/uploads\/2023\/04\/fondo-materiales.png);background-position: top center;\"><\/div><div class=\"l-section-h i-cf\"><div class=\"g-cols vc_row via_grid cols_2-1 laptops-cols_inherit tablets-cols_inherit mobiles-cols_1 valign_top type_default stacking_default\"><div class=\"wpb_column vc_column_container\"><div class=\"vc_column-inner\"><div class=\"wpb_text_column\"><div class=\"wpb_wrapper\"><div class=\"et_pb_module et_pb_text et_pb_text_8 et_pb_text_align_left et_pb_bg_layout_light\">\n<div class=\"et_pb_text_inner\">\n<div id=\"informacion\">\n<p>Nous disposons de toutes sortes de mat\u00e9riaux filtrants sous forme de rouleaux, de panneaux et de pi\u00e8ces finies.<\/p>\n<p>Les mat\u00e9riaux utilis\u00e9s sont des mousses de polyester (bonne r\u00e9action face aux solvants et aux huiles), de poly\u00e9ther (tr\u00e8s indiqu\u00e9es pour la filtration de l\u2019eau), et de non tiss\u00e9s (pour la filtration de l\u2019air).<\/p>\n<p>La filtration est la capacit\u00e9 d\u2019un mat\u00e9riau \u00e0 retenir certaines particules soumises \u00e0 des forces dynamiques, tout en permettant le passage de fluides. La fonction du filtre doit garantir sa stabilit\u00e9 hydraulique et pneumatique.<\/p>\n<h3>Les param\u00e8tres suivants doivent \u00eatre pris en compte:<\/h3>\n<ul>\n<li>Nombre de pores<\/li>\n<li>Ouverture effective des pores<\/li>\n<li>Perm\u00e9abilit\u00e9<\/li>\n<li>\u00c9paisseur du mat\u00e9riau filtrant<\/li>\n<\/ul>\n<h3>Format de livraison:<\/h3>\n<p>Nous pouvons livrer les mat\u00e9riaux filtrants avec diff\u00e9rentes g\u00e9om\u00e9tries et pertes de pression et m\u00eame effectuer des soudures longitudinales pour la livraison de coquilles.<\/p>\n<h3>Applications :<\/h3>\n<ul>\n<li>Climatisations<\/li>\n<li>Cabines de Peinture<\/li>\n<li>Machines agricoles<\/li>\n<li>Machines d\u2019\u00e9lectro-\u00e9rosion<\/li>\n<li>Compresseurs<\/li>\n<li>Station d\u00b4\u00e9puration et piscines<\/li>\n<li>Rev\u00eatement nautique<\/li>\n<\/ul>\n<\/div>\n<\/div>\n<\/div>\n<\/div><\/div><\/div><\/div><div class=\"wpb_column vc_column_container\"><div class=\"vc_column-inner\"><div class=\"w-image align_center\"><a ref=\"magnificPopup\" href=\"https:\/\/modisprem.com\/wp-content\/uploads\/2024\/07\/filtrante.jpg\" aria-label=\"filtrante\" class=\"w-image-h\"><img decoding=\"async\" width=\"1000\" height=\"1000\" src=\"https:\/\/modisprem.com\/wp-content\/uploads\/2024\/07\/filtrante.jpg\" class=\"attachment-full size-full\" alt=\"Filtrante\" loading=\"lazy\" srcset=\"https:\/\/modisprem.com\/wp-content\/uploads\/2024\/07\/filtrante.jpg 1000w, https:\/\/modisprem.com\/wp-content\/uploads\/2024\/07\/filtrante-300x300.jpg 300w, https:\/\/modisprem.com\/wp-content\/uploads\/2024\/07\/filtrante-150x150.jpg 150w, https:\/\/modisprem.com\/wp-content\/uploads\/2024\/07\/filtrante-24x24.jpg 24w, https:\/\/modisprem.com\/wp-content\/uploads\/2024\/07\/filtrante-36x36.jpg 36w, https:\/\/modisprem.com\/wp-content\/uploads\/2024\/07\/filtrante-48x48.jpg 48w\" sizes=\"auto, (max-width: 1000px) 100vw, 1000px\" \/><\/a><\/div><div class=\"w-separator size_medium\"><\/div><div class=\"wpb_text_column us_custom_f6c4a9ef\"><div class=\"wpb_wrapper\"><p style=\"text-align: left;\">R\u00e9sistance aux acides<\/p>\n<\/div><\/div><div class=\"wpb_text_column us_custom_f6c4a9ef\"><div class=\"wpb_wrapper\"><p style=\"text-align: left;\">Absorption acoustique<\/p>\n<\/div><\/div><\/div><\/div><\/div><\/div><\/section>\n","protected":false},"excerpt":{"rendered":"Nous disposons de toutes sortes de mat\u00e9riaux filtrants sous forme de rouleaux, de panneaux et de pi\u00e8ces finies. Les mat\u00e9riaux utilis\u00e9s sont des mousses de polyester (bonne r\u00e9action face aux solvants et aux huiles), de poly\u00e9ther (tr\u00e8s indiqu\u00e9es pour la filtration de l\u2019eau), et de non tiss\u00e9s (pour la filtration de l\u2019air). La filtration est...","protected":false},"author":1,"featured_media":3054,"parent":3842,"menu_order":0,"comment_status":"closed","ping_status":"closed","template":"","meta":{"footnotes":""},"class_list":["post-4086","page","type-page","status-publish","has-post-thumbnail","hentry"],"_links":{"self":[{"href":"https:\/\/modisprem.com\/fr\/wp-json\/wp\/v2\/pages\/4086","targetHints":{"allow":["GET"]}}],"collection":[{"href":"https:\/\/modisprem.com\/fr\/wp-json\/wp\/v2\/pages"}],"about":[{"href":"https:\/\/modisprem.com\/fr\/wp-json\/wp\/v2\/types\/page"}],"author":[{"embeddable":true,"href":"https:\/\/modisprem.com\/fr\/wp-json\/wp\/v2\/users\/1"}],"replies":[{"embeddable":true,"href":"https:\/\/modisprem.com\/fr\/wp-json\/wp\/v2\/comments?post=4086"}],"version-history":[{"count":2,"href":"https:\/\/modisprem.com\/fr\/wp-json\/wp\/v2\/pages\/4086\/revisions"}],"predecessor-version":[{"id":4899,"href":"https:\/\/modisprem.com\/fr\/wp-json\/wp\/v2\/pages\/4086\/revisions\/4899"}],"up":[{"embeddable":true,"href":"https:\/\/modisprem.com\/fr\/wp-json\/wp\/v2\/pages\/3842"}],"wp:featuredmedia":[{"embeddable":true,"href":"https:\/\/modisprem.com\/fr\/wp-json\/wp\/v2\/media\/3054"}],"wp:attachment":[{"href":"https:\/\/modisprem.com\/fr\/wp-json\/wp\/v2\/media?parent=4086"}],"curies":[{"name":"wp","href":"https:\/\/api.w.org\/{rel}","templated":true}]}}