{"id":4073,"date":"2024-02-14T13:41:35","date_gmt":"2024-02-14T12:41:35","guid":{"rendered":"http:\/\/modisprem.com\/materiales\/polieter\/"},"modified":"2024-07-31T12:25:06","modified_gmt":"2024-07-31T10:25:06","slug":"polieter","status":"publish","type":"page","link":"https:\/\/modisprem.com\/fr\/materiales\/polieter\/","title":{"rendered":"PUR-Ether \/ Poly\u00e9ther"},"content":{"rendered":"<section class=\"l-section wpb_row height_medium with_img\"><div class=\"l-section-img\" role=\"img\" data-img-width=\"1920\" data-img-height=\"8000\" style=\"background-image: url(https:\/\/modisprem.com\/wp-content\/uploads\/2023\/04\/fondo-materiales.png);background-position: top center;\"><\/div><div class=\"l-section-h i-cf\"><div class=\"g-cols vc_row via_grid cols_2-1 laptops-cols_inherit tablets-cols_inherit mobiles-cols_1 valign_top type_default stacking_default\"><div class=\"wpb_column vc_column_container\"><div class=\"vc_column-inner\"><div class=\"wpb_text_column\"><div class=\"wpb_wrapper\"><div class=\"et_pb_module et_pb_text et_pb_text_8 et_pb_text_align_left et_pb_bg_layout_light\">\n<div class=\"et_pb_text_inner\">\n<p>Mat\u00e9riau en mousse, g\u00e9n\u00e9ralement \u00e0 cellules ouvertes, offrant une faible r\u00e9sistance \u00e0 la compression et une r\u00e9cup\u00e9ration rapide \u00e0 base de poly\u00e9ther. Forte r\u00e9sistante \u00e0 l\u2019humidit\u00e9.<\/p>\n<ul>\n<li>Couleur:Noir, gris, blanc, rouge, jaune, vert, bleu\u2026<\/li>\n<li>Densit\u00e9 : 15-400 kg\/m3.<\/li>\n<li>R\u00e9sistance \u00e0 la traction : 50-800 KPa<\/li>\n<\/ul>\n<h2>Description:<\/h2>\n<p>Bonne r\u00e9cup\u00e9ration, confortable et grande r\u00e9sistance \u00e0 la fatigue et au feu (autoextinguible). Imperm\u00e9able \u00e0 l\u2019eau. Il peut se pr\u00e9senter sous une forme rigide, semi-rigide et flexible.<\/p>\n<p>Il peut \u00eatre soumis \u00e0 des processus de post-traitement tels que l\u2019impr\u00e9gnation, la densification ou la r\u00e9ticulation.<\/p>\n<h2>Applications:<\/h2>\n<ul>\n<li>Automobile : Pour la fabrication de bourrelets adh\u00e9sifs et de pi\u00e8ces d\u00e9coup\u00e9es pour les gaines de c\u00e2bles.<\/li>\n<li>Maison : L\u2019une des applications les plus populaires est celle des \u00e9ponges en polyur\u00e9thane utilis\u00e9es pour l\u2019hygi\u00e8ne personnelle et g\u00e9n\u00e9rale.<\/li>\n<li>Emballages : Production de pi\u00e8ces moul\u00e9es et d\u00e9coup\u00e9es pour l\u2019emballage de protection et la pr\u00e9sentation.<\/li>\n<\/ul>\n<h2>Format de livraison:<\/h2>\n<p>Par matri\u00e7age, d\u00e9coupe, al\u00e9sage, fraisage, moulage, soudage (\u00e9galement avec d\u2019autres mousses ou mat\u00e9riaux), adh\u00e9sif.<\/p>\n<\/div>\n<\/div>\n<\/div><\/div><\/div><\/div><div class=\"wpb_column vc_column_container\"><div class=\"vc_column-inner\"><div class=\"w-image align_center\"><a ref=\"magnificPopup\" href=\"https:\/\/modisprem.com\/wp-content\/uploads\/2024\/07\/PUR-Eter-Polieter.jpg\" aria-label=\"PUR-Eter-Polieter\" class=\"w-image-h\"><img decoding=\"async\" width=\"1238\" height=\"1238\" src=\"https:\/\/modisprem.com\/wp-content\/uploads\/2024\/07\/PUR-Eter-Polieter.jpg\" class=\"attachment-full size-full\" alt=\"PUR Eter Polieter\" loading=\"lazy\" srcset=\"https:\/\/modisprem.com\/wp-content\/uploads\/2024\/07\/PUR-Eter-Polieter.jpg 1238w, https:\/\/modisprem.com\/wp-content\/uploads\/2024\/07\/PUR-Eter-Polieter-300x300.jpg 300w, https:\/\/modisprem.com\/wp-content\/uploads\/2024\/07\/PUR-Eter-Polieter-1024x1024.jpg 1024w, https:\/\/modisprem.com\/wp-content\/uploads\/2024\/07\/PUR-Eter-Polieter-150x150.jpg 150w, https:\/\/modisprem.com\/wp-content\/uploads\/2024\/07\/PUR-Eter-Polieter-24x24.jpg 24w, https:\/\/modisprem.com\/wp-content\/uploads\/2024\/07\/PUR-Eter-Polieter-36x36.jpg 36w, https:\/\/modisprem.com\/wp-content\/uploads\/2024\/07\/PUR-Eter-Polieter-48x48.jpg 48w\" sizes=\"auto, (max-width: 1238px) 100vw, 1238px\" \/><\/a><\/div><div class=\"w-separator size_medium\"><\/div><div class=\"wpb_text_column us_custom_f6c4a9ef\"><div class=\"wpb_wrapper\"><p style=\"text-align: left;\">Vieillissement<\/p>\n<\/div><\/div><div class=\"wpb_text_column us_custom_f6c4a9ef\"><div class=\"wpb_wrapper\"><p style=\"text-align: left;\">Absorption acoustique<\/p>\n<\/div><\/div><\/div><\/div><\/div><\/div><\/section>\n","protected":false},"excerpt":{"rendered":"Mat\u00e9riau en mousse, g\u00e9n\u00e9ralement \u00e0 cellules ouvertes, offrant une faible r\u00e9sistance \u00e0 la compression et une r\u00e9cup\u00e9ration rapide \u00e0 base de poly\u00e9ther. Forte r\u00e9sistante \u00e0 l\u2019humidit\u00e9. Couleur:Noir, gris, blanc, rouge, jaune, vert, bleu\u2026 Densit\u00e9 : 15-400 kg\/m3. R\u00e9sistance \u00e0 la traction : 50-800 KPa Description: Bonne r\u00e9cup\u00e9ration, confortable et grande r\u00e9sistance \u00e0 la fatigue et...","protected":false},"author":1,"featured_media":4582,"parent":3842,"menu_order":0,"comment_status":"closed","ping_status":"closed","template":"","meta":{"footnotes":""},"class_list":["post-4073","page","type-page","status-publish","has-post-thumbnail","hentry"],"_links":{"self":[{"href":"https:\/\/modisprem.com\/fr\/wp-json\/wp\/v2\/pages\/4073","targetHints":{"allow":["GET"]}}],"collection":[{"href":"https:\/\/modisprem.com\/fr\/wp-json\/wp\/v2\/pages"}],"about":[{"href":"https:\/\/modisprem.com\/fr\/wp-json\/wp\/v2\/types\/page"}],"author":[{"embeddable":true,"href":"https:\/\/modisprem.com\/fr\/wp-json\/wp\/v2\/users\/1"}],"replies":[{"embeddable":true,"href":"https:\/\/modisprem.com\/fr\/wp-json\/wp\/v2\/comments?post=4073"}],"version-history":[{"count":2,"href":"https:\/\/modisprem.com\/fr\/wp-json\/wp\/v2\/pages\/4073\/revisions"}],"predecessor-version":[{"id":4893,"href":"https:\/\/modisprem.com\/fr\/wp-json\/wp\/v2\/pages\/4073\/revisions\/4893"}],"up":[{"embeddable":true,"href":"https:\/\/modisprem.com\/fr\/wp-json\/wp\/v2\/pages\/3842"}],"wp:featuredmedia":[{"embeddable":true,"href":"https:\/\/modisprem.com\/fr\/wp-json\/wp\/v2\/media\/4582"}],"wp:attachment":[{"href":"https:\/\/modisprem.com\/fr\/wp-json\/wp\/v2\/media?parent=4073"}],"curies":[{"name":"wp","href":"https:\/\/api.w.org\/{rel}","templated":true}]}}