{"id":4066,"date":"2024-02-14T13:38:30","date_gmt":"2024-02-14T12:38:30","guid":{"rendered":"http:\/\/modisprem.com\/materiales\/polietileno-no-reticulado\/"},"modified":"2024-07-31T12:23:18","modified_gmt":"2024-07-31T10:23:18","slug":"polietileno-no-reticulado","status":"publish","type":"page","link":"https:\/\/modisprem.com\/fr\/materiales\/polietileno-no-reticulado\/","title":{"rendered":"Poly\u00e9thyl\u00e8ne Non R\u00e9ticul\u00e9"},"content":{"rendered":"<section class=\"l-section wpb_row height_medium with_img\"><div class=\"l-section-img\" role=\"img\" data-img-width=\"1920\" data-img-height=\"8000\" style=\"background-image: url(https:\/\/modisprem.com\/wp-content\/uploads\/2023\/04\/fondo-materiales.png);background-position: top center;\"><\/div><div class=\"l-section-h i-cf\"><div class=\"g-cols vc_row via_grid cols_2-1 laptops-cols_inherit tablets-cols_inherit mobiles-cols_1 valign_top type_default stacking_default\"><div class=\"wpb_column vc_column_container\"><div class=\"vc_column-inner\"><div class=\"wpb_text_column\"><div class=\"wpb_wrapper\"><div class=\"et_pb_module et_pb_text et_pb_text_8 et_pb_text_align_left et_pb_bg_layout_light\">\n<div class=\"et_pb_text_inner\">\n<p>Les mousses non r\u00e9ticul\u00e9es permettent la r\u00e9duction, la r\u00e9utilisation et le recyclage (base de la directive europ\u00e9enne sur les emballages et les d\u00e9chets d\u2019emballages CEE\/94\/62)<\/p>\n<ul>\n<li>Couleur : Noir, blanc, bleu, rose.<\/li>\n<li>Densit\u00e9 : 24-140 kg\/m3.<\/li>\n<\/ul>\n<h2>Description:<\/h2>\n<p>Il s\u2019agit d\u2019une mousse de polyol\u00e9fine \u00e0 base de poly\u00e9thyl\u00e8ne obtenue en utilisant un gaz gonflant (isobutane). Il en r\u00e9sulte un poly\u00e9thyl\u00e8ne facilement recyclable.<\/p>\n<p>Bonne r\u00e9cup\u00e9ration, confortable et grande r\u00e9sistance \u00e0 la fatigue et au feu (autoextinguible).<\/p>\n<h2>Applications:<\/h2>\n<ul>\n<li>Emballages : C\u2019est l\u2019emballage le plus fiable pour tous vos envois en raison de sa grande capacit\u00e9 de r\u00e9cup\u00e9ration apr\u00e8s d\u2019\u00e9ventuels impacts. Id\u00e9al pour toute pr\u00e9sentation gr\u00e2ce \u00e0 sa flexibilit\u00e9 et sa polyvalence, permettant des designs de petit volume et d\u2019efficacit\u00e9 maximale. Excellente capacit\u00e9 d\u2019absorption des chocs et des vibrations. Mat\u00e9riau disponible avec des caract\u00e9ristiques antistatiques et de retardateur de flamme.<\/li>\n<li>Isolation acoustique : Mousse antichoc pour la pose sous parquet et sols flottants.<\/li>\n<li>Isolation thermique : Associ\u00e9 \u00e0 un film aluminis\u00e9, il permet de s\u00e9parer deux sources de chaleur.<\/li>\n<\/ul>\n<h2>Format de livraison:<\/h2>\n<p>Les mousses de poly\u00e9thyl\u00e8ne non r\u00e9ticul\u00e9 sont fournies sous forme de panneaux ou de pi\u00e8ces transform\u00e9es par d\u00e9coupage, coupe, per\u00e7age, fraisage, soudage et collage.<\/p>\n<\/div>\n<\/div>\n<\/div><\/div><\/div><\/div><div class=\"wpb_column vc_column_container\"><div class=\"vc_column-inner\"><div class=\"w-image align_center\"><a ref=\"magnificPopup\" href=\"https:\/\/modisprem.com\/wp-content\/uploads\/2024\/07\/ethafoam.jpg\" aria-label=\"ethafoam\" class=\"w-image-h\"><img decoding=\"async\" width=\"527\" height=\"527\" src=\"https:\/\/modisprem.com\/wp-content\/uploads\/2024\/07\/ethafoam.jpg\" class=\"attachment-full size-full\" alt=\"Ethafoam\" loading=\"lazy\" srcset=\"https:\/\/modisprem.com\/wp-content\/uploads\/2024\/07\/ethafoam.jpg 527w, https:\/\/modisprem.com\/wp-content\/uploads\/2024\/07\/ethafoam-300x300.jpg 300w, https:\/\/modisprem.com\/wp-content\/uploads\/2024\/07\/ethafoam-150x150.jpg 150w, https:\/\/modisprem.com\/wp-content\/uploads\/2024\/07\/ethafoam-24x24.jpg 24w, https:\/\/modisprem.com\/wp-content\/uploads\/2024\/07\/ethafoam-36x36.jpg 36w, https:\/\/modisprem.com\/wp-content\/uploads\/2024\/07\/ethafoam-48x48.jpg 48w\" sizes=\"auto, (max-width: 527px) 100vw, 527px\" \/><\/a><\/div><div class=\"w-separator size_medium\"><\/div><div class=\"wpb_text_column us_custom_f6c4a9ef\"><div class=\"wpb_wrapper\"><p style=\"text-align: left;\">R\u00e9sistance aux solvants<\/p>\n<\/div><\/div><div class=\"wpb_text_column us_custom_f6c4a9ef\"><div class=\"wpb_wrapper\"><p style=\"text-align: left;\">R\u00e9sistance aux acides<\/p>\n<\/div><\/div><div class=\"wpb_text_column us_custom_f6c4a9ef\"><div class=\"wpb_wrapper\"><p style=\"text-align: left;\">Isolation acoustique<\/p>\n<\/div><\/div><\/div><\/div><\/div><\/div><\/section>\n","protected":false},"excerpt":{"rendered":"Les mousses non r\u00e9ticul\u00e9es permettent la r\u00e9duction, la r\u00e9utilisation et le recyclage (base de la directive europ\u00e9enne sur les emballages et les d\u00e9chets d\u2019emballages CEE\/94\/62) Couleur : Noir, blanc, bleu, rose. Densit\u00e9 : 24-140 kg\/m3. Description: Il s\u2019agit d\u2019une mousse de polyol\u00e9fine \u00e0 base de poly\u00e9thyl\u00e8ne obtenue en utilisant un gaz gonflant (isobutane). Il en...","protected":false},"author":1,"featured_media":4465,"parent":3842,"menu_order":0,"comment_status":"closed","ping_status":"closed","template":"","meta":{"footnotes":""},"class_list":["post-4066","page","type-page","status-publish","has-post-thumbnail","hentry"],"_links":{"self":[{"href":"https:\/\/modisprem.com\/fr\/wp-json\/wp\/v2\/pages\/4066","targetHints":{"allow":["GET"]}}],"collection":[{"href":"https:\/\/modisprem.com\/fr\/wp-json\/wp\/v2\/pages"}],"about":[{"href":"https:\/\/modisprem.com\/fr\/wp-json\/wp\/v2\/types\/page"}],"author":[{"embeddable":true,"href":"https:\/\/modisprem.com\/fr\/wp-json\/wp\/v2\/users\/1"}],"replies":[{"embeddable":true,"href":"https:\/\/modisprem.com\/fr\/wp-json\/wp\/v2\/comments?post=4066"}],"version-history":[{"count":2,"href":"https:\/\/modisprem.com\/fr\/wp-json\/wp\/v2\/pages\/4066\/revisions"}],"predecessor-version":[{"id":4890,"href":"https:\/\/modisprem.com\/fr\/wp-json\/wp\/v2\/pages\/4066\/revisions\/4890"}],"up":[{"embeddable":true,"href":"https:\/\/modisprem.com\/fr\/wp-json\/wp\/v2\/pages\/3842"}],"wp:featuredmedia":[{"embeddable":true,"href":"https:\/\/modisprem.com\/fr\/wp-json\/wp\/v2\/media\/4465"}],"wp:attachment":[{"href":"https:\/\/modisprem.com\/fr\/wp-json\/wp\/v2\/media?parent=4066"}],"curies":[{"name":"wp","href":"https:\/\/api.w.org\/{rel}","templated":true}]}}