{"id":4054,"date":"2024-02-14T13:21:41","date_gmt":"2024-02-14T12:21:41","guid":{"rendered":"http:\/\/modisprem.com\/materiales\/poliestireno-xps\/"},"modified":"2024-07-31T12:10:01","modified_gmt":"2024-07-31T10:10:01","slug":"poliestireno-xps","status":"publish","type":"page","link":"https:\/\/modisprem.com\/fr\/materiales\/poliestireno-xps\/","title":{"rendered":"Polystyr\u00e8ne XPS"},"content":{"rendered":"<section class=\"l-section wpb_row height_medium with_img\"><div class=\"l-section-img\" role=\"img\" data-img-width=\"1920\" data-img-height=\"8000\" style=\"background-image: url(https:\/\/modisprem.com\/wp-content\/uploads\/2023\/04\/fondo-materiales.png);background-position: top center;\"><\/div><div class=\"l-section-h i-cf\"><div class=\"g-cols vc_row via_grid cols_2-1 laptops-cols_inherit tablets-cols_inherit mobiles-cols_1 valign_top type_default stacking_default\"><div class=\"wpb_column vc_column_container\"><div class=\"vc_column-inner\"><div class=\"wpb_text_column\"><div class=\"wpb_wrapper\"><div class=\"et_pb_module et_pb_text et_pb_text_8 et_pb_text_align_left et_pb_bg_layout_light\">\n<div class=\"et_pb_text_inner\">\n<p>Extrud\u00e9<br \/>\nIl s\u2019agit d\u2019un mat\u00e9riau obtenu par un processus d\u2019extrusion. Bonne r\u00e9action au feu. Peut \u00eatre recycl\u00e9 m\u00e9caniquement et chimiquement.<\/p>\n<ul>\n<li>Couleur: Bleu<\/li>\n<li>Densit\u00e9 : 30 Kg\/m3<\/li>\n<\/ul>\n<h2>Description:<\/h2>\n<p>Il s\u2019agit d\u2019un mat\u00e9riau obtenu par un processus d\u2019extrusion. Bonne r\u00e9action au feu. Les panneaux XPS sont tr\u00e8s r\u00e9sistants \u00e0 l\u2019absorption d\u2019eau et offrent une capillarit\u00e9 nulle. Ils sont aussi tr\u00e8s r\u00e9sistants \u00e0 la diffusion de vapeur d\u2019eau et ne sont pas affect\u00e9s par les cycles r\u00e9p\u00e9t\u00e9s de gel-d\u00e9gel. Ils ne favorisent pas la croissance des moisissures et n\u2019ont aucune valeur nutritive pour les insectes et les rongeurs. Ils peuvent \u00eatre recycl\u00e9s m\u00e9caniquement et chimiquement.<\/p>\n<h2>Applications:<\/h2>\n<ul>\n<li>Emballages de protection<\/li>\n<li>Isolation thermique<\/li>\n<\/ul>\n<h2>Livraison:<\/h2>\n<p>Le polystyr\u00e8ne extrud\u00e9 \u2013 XPS peut \u00eatre fourni sous forme de panneaux. Mais aussi en pi\u00e8ces coup\u00e9es, copi\u00e9es ou frais\u00e9es.<\/p>\n<\/div>\n<\/div>\n<\/div><\/div><\/div><\/div><div class=\"wpb_column vc_column_container\"><div class=\"vc_column-inner\"><div class=\"w-image align_center\"><a ref=\"magnificPopup\" href=\"https:\/\/modisprem.com\/wp-content\/uploads\/2024\/07\/Poliestireno-XPS.jpg\" aria-label=\"Poliestireno-XPS\" class=\"w-image-h\"><img decoding=\"async\" width=\"730\" height=\"730\" src=\"https:\/\/modisprem.com\/wp-content\/uploads\/2024\/07\/Poliestireno-XPS.jpg\" class=\"attachment-full size-full\" alt=\"Poliestireno XPS\" loading=\"lazy\" srcset=\"https:\/\/modisprem.com\/wp-content\/uploads\/2024\/07\/Poliestireno-XPS.jpg 730w, https:\/\/modisprem.com\/wp-content\/uploads\/2024\/07\/Poliestireno-XPS-300x300.jpg 300w, https:\/\/modisprem.com\/wp-content\/uploads\/2024\/07\/Poliestireno-XPS-150x150.jpg 150w, https:\/\/modisprem.com\/wp-content\/uploads\/2024\/07\/Poliestireno-XPS-24x24.jpg 24w, https:\/\/modisprem.com\/wp-content\/uploads\/2024\/07\/Poliestireno-XPS-36x36.jpg 36w, https:\/\/modisprem.com\/wp-content\/uploads\/2024\/07\/Poliestireno-XPS-48x48.jpg 48w\" sizes=\"auto, (max-width: 730px) 100vw, 730px\" \/><\/a><\/div><div class=\"w-separator size_medium\"><\/div><div class=\"wpb_text_column us_custom_f6c4a9ef\"><div class=\"wpb_wrapper\"><p style=\"text-align: left;\">R\u00e9sistance \u00e0 la compression<\/p>\n<\/div><\/div><div class=\"wpb_text_column us_custom_f6c4a9ef\"><div class=\"wpb_wrapper\"><p style=\"text-align: left;\">Inflammabilit\u00e9<\/p>\n<\/div><\/div><div class=\"wpb_text_column us_custom_f6c4a9ef\"><div class=\"wpb_wrapper\"><p style=\"text-align: left;\">Vieillissement<\/p>\n<\/div><\/div><\/div><\/div><\/div><\/div><\/section>\n","protected":false},"excerpt":{"rendered":"Extrud\u00e9 Il s\u2019agit d\u2019un mat\u00e9riau obtenu par un processus d\u2019extrusion. Bonne r\u00e9action au feu. Peut \u00eatre recycl\u00e9 m\u00e9caniquement et chimiquement. Couleur: Bleu Densit\u00e9 : 30 Kg\/m3 Description: Il s\u2019agit d\u2019un mat\u00e9riau obtenu par un processus d\u2019extrusion. Bonne r\u00e9action au feu. Les panneaux XPS sont tr\u00e8s r\u00e9sistants \u00e0 l\u2019absorption d\u2019eau et offrent une capillarit\u00e9 nulle. Ils...","protected":false},"author":1,"featured_media":4565,"parent":3842,"menu_order":0,"comment_status":"closed","ping_status":"closed","template":"","meta":{"footnotes":""},"class_list":["post-4054","page","type-page","status-publish","has-post-thumbnail","hentry"],"_links":{"self":[{"href":"https:\/\/modisprem.com\/fr\/wp-json\/wp\/v2\/pages\/4054","targetHints":{"allow":["GET"]}}],"collection":[{"href":"https:\/\/modisprem.com\/fr\/wp-json\/wp\/v2\/pages"}],"about":[{"href":"https:\/\/modisprem.com\/fr\/wp-json\/wp\/v2\/types\/page"}],"author":[{"embeddable":true,"href":"https:\/\/modisprem.com\/fr\/wp-json\/wp\/v2\/users\/1"}],"replies":[{"embeddable":true,"href":"https:\/\/modisprem.com\/fr\/wp-json\/wp\/v2\/comments?post=4054"}],"version-history":[{"count":2,"href":"https:\/\/modisprem.com\/fr\/wp-json\/wp\/v2\/pages\/4054\/revisions"}],"predecessor-version":[{"id":4884,"href":"https:\/\/modisprem.com\/fr\/wp-json\/wp\/v2\/pages\/4054\/revisions\/4884"}],"up":[{"embeddable":true,"href":"https:\/\/modisprem.com\/fr\/wp-json\/wp\/v2\/pages\/3842"}],"wp:featuredmedia":[{"embeddable":true,"href":"https:\/\/modisprem.com\/fr\/wp-json\/wp\/v2\/media\/4565"}],"wp:attachment":[{"href":"https:\/\/modisprem.com\/fr\/wp-json\/wp\/v2\/media?parent=4054"}],"curies":[{"name":"wp","href":"https:\/\/api.w.org\/{rel}","templated":true}]}}