{"id":4048,"date":"2024-02-14T13:17:11","date_gmt":"2024-02-14T12:17:11","guid":{"rendered":"http:\/\/modisprem.com\/materiales\/poliestireno-eps\/"},"modified":"2024-07-31T11:52:57","modified_gmt":"2024-07-31T09:52:57","slug":"poliestireno-eps","status":"publish","type":"page","link":"https:\/\/modisprem.com\/fr\/materiales\/poliestireno-eps\/","title":{"rendered":"Polystyr\u00e8ne EPS"},"content":{"rendered":"<section class=\"l-section wpb_row height_medium with_img\"><div class=\"l-section-img\" role=\"img\" data-img-width=\"1920\" data-img-height=\"8000\" style=\"background-image: url(https:\/\/modisprem.com\/wp-content\/uploads\/2023\/04\/fondo-materiales.png);background-position: top center;\"><\/div><div class=\"l-section-h i-cf\"><div class=\"g-cols vc_row via_grid cols_2-1 laptops-cols_inherit tablets-cols_inherit mobiles-cols_1 valign_top type_default stacking_default\"><div class=\"wpb_column vc_column_container\"><div class=\"vc_column-inner\"><div class=\"wpb_text_column\"><div class=\"wpb_wrapper\"><div class=\"et_pb_module et_pb_text et_pb_text_8 et_pb_text_align_left et_pb_bg_layout_light\">\n<div class=\"et_pb_text_inner\">\n<p>Moul\u00e9.<\/p>\n<p>Il s\u2019agit d\u2019un mat\u00e9riau en mousse \u00e0 base de polystyr\u00e8ne. Tr\u00e8s bon isolant thermique, il poss\u00e8de \u00e9galement une bonne r\u00e9sistance \u00e0 l\u2019humidit\u00e9. Il offre aussi une bonne r\u00e9sistance aux chocs. Et il est recyclable.<\/p>\n<ul>\n<li>Couleur: Blanc<\/li>\n<li>Densit\u00e9: 10-30 Kg\/m3<\/li>\n<\/ul>\n<div>\n<h2>Description:<\/h2>\n<p>Il s\u2019agit d\u2019un mat\u00e9riau en mousse \u00e0 base de polystyr\u00e8ne. Tr\u00e8s bon isolant thermique, il poss\u00e8de \u00e9galement une bonne r\u00e9sistance \u00e0 l\u2019humidit\u00e9. Il offre aussi une bonne r\u00e9sistance aux chocs. Et il est recyclable.<\/p>\n<h2>Aplicaciones:<\/h2>\n<ul>\n<li>Emballages de protection<\/li>\n<li><a href=\"https:\/\/modisprem.com\/fr\/batiment\/isolation-thermique\/\">Isolation thermique<\/a><\/li>\n<\/ul>\n<h2>Format de livraison:<\/h2>\n<p>Le polystyr\u00e8ne expans\u00e9 (EPS) peut \u00eatre fourni en panneaux ou en blocs. Mais aussi en pi\u00e8ces coup\u00e9es, copi\u00e9es ou frais\u00e9es.<\/p>\n<\/div>\n<\/div>\n<\/div>\n<\/div><\/div><\/div><\/div><div class=\"wpb_column vc_column_container\"><div class=\"vc_column-inner\"><div class=\"w-image align_center\"><a ref=\"magnificPopup\" href=\"https:\/\/modisprem.com\/wp-content\/uploads\/2024\/07\/poliestireno.jpg\" aria-label=\"poliestireno\" class=\"w-image-h\"><img decoding=\"async\" width=\"413\" height=\"413\" src=\"https:\/\/modisprem.com\/wp-content\/uploads\/2024\/07\/poliestireno.jpg\" class=\"attachment-full size-full\" alt=\"Poliestireno\" loading=\"lazy\" srcset=\"https:\/\/modisprem.com\/wp-content\/uploads\/2024\/07\/poliestireno.jpg 413w, https:\/\/modisprem.com\/wp-content\/uploads\/2024\/07\/poliestireno-300x300.jpg 300w, https:\/\/modisprem.com\/wp-content\/uploads\/2024\/07\/poliestireno-150x150.jpg 150w, https:\/\/modisprem.com\/wp-content\/uploads\/2024\/07\/poliestireno-24x24.jpg 24w, https:\/\/modisprem.com\/wp-content\/uploads\/2024\/07\/poliestireno-36x36.jpg 36w, https:\/\/modisprem.com\/wp-content\/uploads\/2024\/07\/poliestireno-48x48.jpg 48w\" sizes=\"auto, (max-width: 413px) 100vw, 413px\" \/><\/a><\/div><div class=\"w-separator size_medium\"><\/div><div class=\"wpb_text_column us_custom_f6c4a9ef\"><div class=\"wpb_wrapper\"><p style=\"text-align: left;\">Inflammabilit\u00e9<\/p>\n<\/div><\/div><div class=\"wpb_text_column us_custom_f6c4a9ef\"><div class=\"wpb_wrapper\"><p style=\"text-align: left;\">Vieillissement<\/p>\n<\/div><\/div><div class=\"wpb_text_column us_custom_f6c4a9ef\"><div class=\"wpb_wrapper\"><p style=\"text-align: left;\">Absorption de l&rsquo;eau<\/p>\n<\/div><\/div><\/div><\/div><\/div><\/div><\/section>\n","protected":false},"excerpt":{"rendered":"Moul\u00e9. Il s\u2019agit d\u2019un mat\u00e9riau en mousse \u00e0 base de polystyr\u00e8ne. Tr\u00e8s bon isolant thermique, il poss\u00e8de \u00e9galement une bonne r\u00e9sistance \u00e0 l\u2019humidit\u00e9. Il offre aussi une bonne r\u00e9sistance aux chocs. Et il est recyclable. Couleur: Blanc Densit\u00e9: 10-30 Kg\/m3 Description: Il s\u2019agit d\u2019un mat\u00e9riau en mousse \u00e0 base de polystyr\u00e8ne. Tr\u00e8s bon isolant thermique,...","protected":false},"author":1,"featured_media":4517,"parent":3842,"menu_order":0,"comment_status":"closed","ping_status":"closed","template":"","meta":{"footnotes":""},"class_list":["post-4048","page","type-page","status-publish","has-post-thumbnail","hentry"],"_links":{"self":[{"href":"https:\/\/modisprem.com\/fr\/wp-json\/wp\/v2\/pages\/4048","targetHints":{"allow":["GET"]}}],"collection":[{"href":"https:\/\/modisprem.com\/fr\/wp-json\/wp\/v2\/pages"}],"about":[{"href":"https:\/\/modisprem.com\/fr\/wp-json\/wp\/v2\/types\/page"}],"author":[{"embeddable":true,"href":"https:\/\/modisprem.com\/fr\/wp-json\/wp\/v2\/users\/1"}],"replies":[{"embeddable":true,"href":"https:\/\/modisprem.com\/fr\/wp-json\/wp\/v2\/comments?post=4048"}],"version-history":[{"count":2,"href":"https:\/\/modisprem.com\/fr\/wp-json\/wp\/v2\/pages\/4048\/revisions"}],"predecessor-version":[{"id":4881,"href":"https:\/\/modisprem.com\/fr\/wp-json\/wp\/v2\/pages\/4048\/revisions\/4881"}],"up":[{"embeddable":true,"href":"https:\/\/modisprem.com\/fr\/wp-json\/wp\/v2\/pages\/3842"}],"wp:featuredmedia":[{"embeddable":true,"href":"https:\/\/modisprem.com\/fr\/wp-json\/wp\/v2\/media\/4517"}],"wp:attachment":[{"href":"https:\/\/modisprem.com\/fr\/wp-json\/wp\/v2\/media?parent=4048"}],"curies":[{"name":"wp","href":"https:\/\/api.w.org\/{rel}","templated":true}]}}