{"id":4041,"date":"2024-02-14T13:14:37","date_gmt":"2024-02-14T12:14:37","guid":{"rendered":"http:\/\/modisprem.com\/materiales\/eva\/"},"modified":"2024-05-31T13:05:49","modified_gmt":"2024-05-31T11:05:49","slug":"eva","status":"publish","type":"page","link":"https:\/\/modisprem.com\/fr\/materiales\/eva\/","title":{"rendered":"EVA"},"content":{"rendered":"<section class=\"l-section wpb_row height_medium with_img\"><div class=\"l-section-img\" role=\"img\" data-img-width=\"1920\" data-img-height=\"8000\" style=\"background-image: url(https:\/\/modisprem.com\/wp-content\/uploads\/2023\/04\/fondo-materiales.png);background-position: top center;\"><\/div><div class=\"l-section-h i-cf\"><div class=\"g-cols vc_row via_grid cols_2-1 laptops-cols_inherit tablets-cols_inherit mobiles-cols_1 valign_top type_default stacking_default\"><div class=\"wpb_column vc_column_container\"><div class=\"vc_column-inner\"><div class=\"wpb_text_column\"><div class=\"wpb_wrapper\"><div class=\"et_pb_module et_pb_text et_pb_text_8 et_pb_text_align_left et_pb_bg_layout_light\">\n<div class=\"et_pb_text_inner\">\n<p>Mousse d\u2019\u00e9thyl\u00e8ne-ac\u00e9tate de vinyle \u00e0 cellules ferm\u00e9es avec une conductivit\u00e9 thermique minimale.<\/p>\n<ul>\n<li>Couleur : Noir, blanc, rouge, jaune, vert, bleu, orange, violet\u2026<\/li>\n<li>Densit\u00e9 : 90-220 Kg\/m3<\/li>\n<li>Duret\u00e9 : 15-40 shA<\/li>\n<li>Allongement : 100-150%<\/li>\n<li>R\u00e9sistance \u00e0 la traction : 1000-2600 KPa<\/li>\n<\/ul>\n<h2>Description de l\u2019EVA:<\/h2>\n<p>Il s\u2019agit d\u2019une mousse d\u2019\u00e9thyl\u00e8ne-ac\u00e9tate de vinyle \u00e0 cellules ferm\u00e9es dont la conductivit\u00e9 thermique est minimale. Tr\u00e8s r\u00e9sistante \u00e0 la d\u00e9chirure et difficile \u00e0 d\u00e9former. Absorption de liquides pratiquement nulle et s\u00e9rigraphie facile. Stable face aux rayons ultraviolets.<\/p>\n<h2>Applications de l\u2019EVA:<\/h2>\n<ul>\n<li>Articles de sport<\/li>\n<li>Articles publicitaires<\/li>\n<li>Semelles de chaussures<\/li>\n<\/ul>\n<h2>Format de livraison de l\u2019EVA:<\/h2>\n<p>Ce mat\u00e9riau peut \u00eatre fourni en panneaux ou en pi\u00e8ces d\u00e9coup\u00e9es \u00e0 l\u2019emporte-pi\u00e8ce dans la forme souhait\u00e9e par le client. Il peut \u00eatre adh\u00e9sif de mani\u00e8re \u00e0 pouvoir \u00eatre fix\u00e9 sur n\u2019importe quelle surface.<\/p>\n<\/div>\n<\/div>\n<\/div><\/div><\/div><\/div><div class=\"wpb_column vc_column_container\"><div class=\"vc_column-inner\"><div class=\"w-image align_none\"><a ref=\"magnificPopup\" href=\"https:\/\/modisprem.com\/wp-content\/uploads\/2024\/02\/eva-ficha.jpg\" aria-label=\"eva-ficha\" class=\"w-image-h\"><img decoding=\"async\" width=\"700\" height=\"1000\" src=\"https:\/\/modisprem.com\/wp-content\/uploads\/2024\/02\/eva-ficha.jpg\" class=\"attachment-large size-large\" alt=\"\" loading=\"lazy\" srcset=\"https:\/\/modisprem.com\/wp-content\/uploads\/2024\/02\/eva-ficha.jpg 700w, https:\/\/modisprem.com\/wp-content\/uploads\/2024\/02\/eva-ficha-210x300.jpg 210w, https:\/\/modisprem.com\/wp-content\/uploads\/2024\/02\/eva-ficha-17x24.jpg 17w, https:\/\/modisprem.com\/wp-content\/uploads\/2024\/02\/eva-ficha-25x36.jpg 25w, https:\/\/modisprem.com\/wp-content\/uploads\/2024\/02\/eva-ficha-34x48.jpg 34w\" sizes=\"auto, (max-width: 700px) 100vw, 700px\" \/><\/a><\/div><div class=\"w-separator size_medium\"><\/div><div class=\"wpb_text_column us_custom_f6c4a9ef\"><div class=\"wpb_wrapper\"><p style=\"text-align: left;\">R\u00e9sistance \u00e0 la compression<\/p>\n<\/div><\/div><div class=\"wpb_text_column us_custom_f6c4a9ef\"><div class=\"wpb_wrapper\"><p style=\"text-align: left;\">R\u00e9sistance \u00e0 l&rsquo;ozone<\/p>\n<\/div><\/div><div class=\"wpb_text_column us_custom_f6c4a9ef\"><div class=\"wpb_wrapper\"><p style=\"text-align: left;\">Vieillissement<\/p>\n<\/div><\/div><\/div><\/div><\/div><\/div><\/section>\n","protected":false},"excerpt":{"rendered":"Mousse d\u2019\u00e9thyl\u00e8ne-ac\u00e9tate de vinyle \u00e0 cellules ferm\u00e9es avec une conductivit\u00e9 thermique minimale. Couleur : Noir, blanc, rouge, jaune, vert, bleu, orange, violet\u2026 Densit\u00e9 : 90-220 Kg\/m3 Duret\u00e9 : 15-40 shA Allongement : 100-150% R\u00e9sistance \u00e0 la traction : 1000-2600 KPa Description de l\u2019EVA: Il s\u2019agit d\u2019une mousse d\u2019\u00e9thyl\u00e8ne-ac\u00e9tate de vinyle \u00e0 cellules ferm\u00e9es dont la...","protected":false},"author":1,"featured_media":3564,"parent":3842,"menu_order":0,"comment_status":"closed","ping_status":"closed","template":"","meta":{"footnotes":""},"class_list":["post-4041","page","type-page","status-publish","has-post-thumbnail","hentry"],"_links":{"self":[{"href":"https:\/\/modisprem.com\/fr\/wp-json\/wp\/v2\/pages\/4041","targetHints":{"allow":["GET"]}}],"collection":[{"href":"https:\/\/modisprem.com\/fr\/wp-json\/wp\/v2\/pages"}],"about":[{"href":"https:\/\/modisprem.com\/fr\/wp-json\/wp\/v2\/types\/page"}],"author":[{"embeddable":true,"href":"https:\/\/modisprem.com\/fr\/wp-json\/wp\/v2\/users\/1"}],"replies":[{"embeddable":true,"href":"https:\/\/modisprem.com\/fr\/wp-json\/wp\/v2\/comments?post=4041"}],"version-history":[{"count":1,"href":"https:\/\/modisprem.com\/fr\/wp-json\/wp\/v2\/pages\/4041\/revisions"}],"predecessor-version":[{"id":4045,"href":"https:\/\/modisprem.com\/fr\/wp-json\/wp\/v2\/pages\/4041\/revisions\/4045"}],"up":[{"embeddable":true,"href":"https:\/\/modisprem.com\/fr\/wp-json\/wp\/v2\/pages\/3842"}],"wp:featuredmedia":[{"embeddable":true,"href":"https:\/\/modisprem.com\/fr\/wp-json\/wp\/v2\/media\/3564"}],"wp:attachment":[{"href":"https:\/\/modisprem.com\/fr\/wp-json\/wp\/v2\/media?parent=4041"}],"curies":[{"name":"wp","href":"https:\/\/api.w.org\/{rel}","templated":true}]}}