{"id":4032,"date":"2024-02-14T13:11:24","date_gmt":"2024-02-14T12:11:24","guid":{"rendered":"http:\/\/modisprem.com\/materiales\/espuma-impregnada\/"},"modified":"2024-07-31T11:49:59","modified_gmt":"2024-07-31T09:49:59","slug":"espuma-impregnada","status":"publish","type":"page","link":"https:\/\/modisprem.com\/fr\/materiales\/espuma-impregnada\/","title":{"rendered":"Mousse Impr\u00e9gn\u00e9e"},"content":{"rendered":"<section class=\"l-section wpb_row height_medium with_img\"><div class=\"l-section-img\" role=\"img\" data-img-width=\"1920\" data-img-height=\"8000\" style=\"background-image: url(https:\/\/modisprem.com\/wp-content\/uploads\/2023\/04\/fondo-materiales.png);background-position: top center;\"><\/div><div class=\"l-section-h i-cf\"><div class=\"g-cols vc_row via_grid cols_2-1 laptops-cols_inherit tablets-cols_inherit mobiles-cols_1 valign_top type_default stacking_default\"><div class=\"wpb_column vc_column_container\"><div class=\"vc_column-inner\"><div class=\"wpb_text_column\"><div class=\"wpb_wrapper\"><h2>Firegen<\/h2>\n<p>Mousse impr\u00e9gn\u00e9e sp\u00e9cialement con\u00e7ue pour les rev\u00eatements de moteurs et de murs et les applications n\u00e9cessitant une r\u00e9action au feu M1.<\/p>\n<ul>\n<li>Couleur : Noir, rouge, jaune, bleu, vert<\/li>\n<li>Densit\u00e9\u00a0: 65-110 Kg\/m3<\/li>\n<li>R\u00e9sistance \u00e0 la traction : 130 %<\/li>\n<\/ul>\n<h2>Description:<\/h2>\n<p>Il s\u2019agit d\u2019un mat\u00e9riau absorbant form\u00e9 par l\u2019impr\u00e9gnation dans une solution vinylique d\u2019une mousse de polyur\u00e9thane, ce qui lui conf\u00e8re d\u2019excellentes propri\u00e9t\u00e9s de r\u00e9action au feu.<\/p>\n<h2>Applications:<\/h2>\n<p>Firegen peut \u00eatre utilis\u00e9 comme barri\u00e8re de tissus en mousse pour les rev\u00eatements muraux, les si\u00e8ges de cin\u00e9ma, les moquettes\u2026<\/p>\n<p>Rev\u00eatement mural d\u00e9coratif et fonctionnel. Il r\u00e9pond aux exigences esth\u00e9tiques et acoustiques et aux normes les plus exigeantes en mati\u00e8re de r\u00e9action au feu.<\/p>\n<h2>Format de livraison:<\/h2>\n<p>Ce mat\u00e9riau peut \u00eatre fourni sous forme de panneaux et de rouleaux de diff\u00e9rentes longueurs et d\u2019une largeur maximale de 1750\u00a0mm. La gamme d\u2019\u00e9paisseur s\u2019\u00e9tend de 5 \u00e0 30\u00a0mm.<\/p>\n<\/div><\/div><\/div><\/div><div class=\"wpb_column vc_column_container\"><div class=\"vc_column-inner\"><div class=\"w-image align_center\"><a ref=\"magnificPopup\" href=\"https:\/\/modisprem.com\/wp-content\/uploads\/2024\/07\/espuma-impregnada.jpg\" aria-label=\"espuma-impregnada\" class=\"w-image-h\"><img decoding=\"async\" width=\"867\" height=\"867\" src=\"https:\/\/modisprem.com\/wp-content\/uploads\/2024\/07\/espuma-impregnada.jpg\" class=\"attachment-full size-full\" alt=\"Espuma Impregnada\" loading=\"lazy\" srcset=\"https:\/\/modisprem.com\/wp-content\/uploads\/2024\/07\/espuma-impregnada.jpg 867w, https:\/\/modisprem.com\/wp-content\/uploads\/2024\/07\/espuma-impregnada-300x300.jpg 300w, https:\/\/modisprem.com\/wp-content\/uploads\/2024\/07\/espuma-impregnada-150x150.jpg 150w, https:\/\/modisprem.com\/wp-content\/uploads\/2024\/07\/espuma-impregnada-24x24.jpg 24w, https:\/\/modisprem.com\/wp-content\/uploads\/2024\/07\/espuma-impregnada-36x36.jpg 36w, https:\/\/modisprem.com\/wp-content\/uploads\/2024\/07\/espuma-impregnada-48x48.jpg 48w\" sizes=\"auto, (max-width: 867px) 100vw, 867px\" \/><\/a><\/div><div class=\"w-separator size_medium\"><\/div><div class=\"wpb_text_column us_custom_f6c4a9ef\"><div class=\"wpb_wrapper\"><p style=\"text-align: left;\">Absorption acoustique<\/p>\n<\/div><\/div><div class=\"wpb_text_column us_custom_f6c4a9ef\"><div class=\"wpb_wrapper\"><p style=\"text-align: left;\">R\u00e9sistance aux basses temp\u00e9ratures<\/p>\n<\/div><\/div><div class=\"wpb_text_column us_custom_f6c4a9ef\"><div class=\"wpb_wrapper\"><p style=\"text-align: left;\">Inflammabilit\u00e9<\/p>\n<\/div><\/div><\/div><\/div><\/div><\/div><\/section><section class=\"l-section wpb_row height_medium with_img\"><div class=\"l-section-img\" role=\"img\" data-img-width=\"1920\" data-img-height=\"8000\" style=\"background-image: url(https:\/\/modisprem.com\/wp-content\/uploads\/2023\/04\/fondo-materiales.png);background-position: top center;\"><\/div><div class=\"l-section-h i-cf\"><div class=\"g-cols vc_row via_grid cols_2-1 laptops-cols_inherit tablets-cols_inherit mobiles-cols_1 valign_top type_default stacking_default\"><div class=\"wpb_column vc_column_container\"><div class=\"vc_column-inner\"><div class=\"wpb_text_column\"><div class=\"wpb_wrapper\"><h2>Firegen<\/h2>\n<p>Mousse impr\u00e9gn\u00e9e sp\u00e9cialement con\u00e7ue pour les rev\u00eatements de moteurs et de murs et les applications n\u00e9cessitant une r\u00e9action au feu M1.<\/p>\n<ul>\n<li>Couleur : Noir, rouge, jaune, bleu, vert<\/li>\n<li>Densit\u00e9\u00a0: 65-110 Kg\/m3<\/li>\n<li>R\u00e9sistance \u00e0 la traction : 130 %<\/li>\n<\/ul>\n<h2>Description:<\/h2>\n<p>Il s\u2019agit d\u2019un mat\u00e9riau absorbant form\u00e9 par l\u2019impr\u00e9gnation dans une solution vinylique d\u2019une mousse de polyur\u00e9thane, ce qui lui conf\u00e8re d\u2019excellentes propri\u00e9t\u00e9s de r\u00e9action au feu.<\/p>\n<h2>Applications:<\/h2>\n<p>Firegen peut \u00eatre utilis\u00e9 comme barri\u00e8re de tissus en mousse pour les rev\u00eatements muraux, les si\u00e8ges de cin\u00e9ma, les moquettes\u2026<\/p>\n<p>Rev\u00eatement mural d\u00e9coratif et fonctionnel. Il r\u00e9pond aux exigences esth\u00e9tiques et acoustiques et aux normes les plus exigeantes en mati\u00e8re de r\u00e9action au feu.<\/p>\n<h2>Format de livraison:<\/h2>\n<p>Ce mat\u00e9riau peut \u00eatre fourni sous forme de panneaux et de rouleaux de diff\u00e9rentes longueurs et d\u2019une largeur maximale de 1750\u00a0mm. La gamme d\u2019\u00e9paisseur s\u2019\u00e9tend de 5 \u00e0 30\u00a0mm.<\/p>\n<\/div><\/div><\/div><\/div><div class=\"wpb_column vc_column_container\"><div class=\"vc_column-inner\"><div class=\"w-image align_none\"><a ref=\"magnificPopup\" href=\"https:\/\/modisprem.com\/wp-content\/uploads\/2024\/02\/Acrylgen.jpg\" aria-label=\"Acrylgen\" class=\"w-image-h\"><img decoding=\"async\" width=\"485\" height=\"485\" src=\"https:\/\/modisprem.com\/wp-content\/uploads\/2024\/02\/Acrylgen.jpg\" class=\"attachment-large size-large\" alt=\"\" loading=\"lazy\" srcset=\"https:\/\/modisprem.com\/wp-content\/uploads\/2024\/02\/Acrylgen.jpg 485w, https:\/\/modisprem.com\/wp-content\/uploads\/2024\/02\/Acrylgen-300x300.jpg 300w, https:\/\/modisprem.com\/wp-content\/uploads\/2024\/02\/Acrylgen-150x150.jpg 150w, https:\/\/modisprem.com\/wp-content\/uploads\/2024\/02\/Acrylgen-24x24.jpg 24w, https:\/\/modisprem.com\/wp-content\/uploads\/2024\/02\/Acrylgen-36x36.jpg 36w, https:\/\/modisprem.com\/wp-content\/uploads\/2024\/02\/Acrylgen-48x48.jpg 48w\" sizes=\"auto, (max-width: 485px) 100vw, 485px\" \/><\/a><\/div><div class=\"w-separator size_medium\"><\/div><div class=\"wpb_text_column us_custom_f6c4a9ef\"><div class=\"wpb_wrapper\"><p style=\"text-align: left;\">R\u00e9sistance aux basses temp\u00e9ratures<\/p>\n<\/div><\/div><div class=\"wpb_text_column us_custom_f6c4a9ef\"><div class=\"wpb_wrapper\"><p style=\"text-align: left;\">Absorption de l&rsquo;eau<\/p>\n<\/div><\/div><div class=\"wpb_text_column us_custom_f6c4a9ef\"><div class=\"wpb_wrapper\"><p style=\"text-align: left;\">Vieillissement<\/p>\n<\/div><\/div><\/div><\/div><\/div><\/div><\/section>\n","protected":false},"excerpt":{"rendered":"Firegen Mousse impr\u00e9gn\u00e9e sp\u00e9cialement con\u00e7ue pour les rev\u00eatements de moteurs et de murs et les applications n\u00e9cessitant une r\u00e9action au feu M1. Couleur : Noir, rouge, jaune, bleu, vert Densit\u00e9\u00a0: 65-110 Kg\/m3 R\u00e9sistance \u00e0 la traction : 130 % Description: Il s\u2019agit d\u2019un mat\u00e9riau absorbant form\u00e9 par l\u2019impr\u00e9gnation dans une solution vinylique d\u2019une mousse de...","protected":false},"author":1,"featured_media":4546,"parent":3842,"menu_order":0,"comment_status":"closed","ping_status":"closed","template":"","meta":{"footnotes":""},"class_list":["post-4032","page","type-page","status-publish","has-post-thumbnail","hentry"],"_links":{"self":[{"href":"https:\/\/modisprem.com\/fr\/wp-json\/wp\/v2\/pages\/4032","targetHints":{"allow":["GET"]}}],"collection":[{"href":"https:\/\/modisprem.com\/fr\/wp-json\/wp\/v2\/pages"}],"about":[{"href":"https:\/\/modisprem.com\/fr\/wp-json\/wp\/v2\/types\/page"}],"author":[{"embeddable":true,"href":"https:\/\/modisprem.com\/fr\/wp-json\/wp\/v2\/users\/1"}],"replies":[{"embeddable":true,"href":"https:\/\/modisprem.com\/fr\/wp-json\/wp\/v2\/comments?post=4032"}],"version-history":[{"count":3,"href":"https:\/\/modisprem.com\/fr\/wp-json\/wp\/v2\/pages\/4032\/revisions"}],"predecessor-version":[{"id":4878,"href":"https:\/\/modisprem.com\/fr\/wp-json\/wp\/v2\/pages\/4032\/revisions\/4878"}],"up":[{"embeddable":true,"href":"https:\/\/modisprem.com\/fr\/wp-json\/wp\/v2\/pages\/3842"}],"wp:featuredmedia":[{"embeddable":true,"href":"https:\/\/modisprem.com\/fr\/wp-json\/wp\/v2\/media\/4546"}],"wp:attachment":[{"href":"https:\/\/modisprem.com\/fr\/wp-json\/wp\/v2\/media?parent=4032"}],"curies":[{"name":"wp","href":"https:\/\/api.w.org\/{rel}","templated":true}]}}