{"id":4024,"date":"2024-02-14T13:00:54","date_gmt":"2024-02-14T12:00:54","guid":{"rendered":"http:\/\/modisprem.com\/materiales\/caucho-semicerrado\/"},"modified":"2024-07-31T11:43:11","modified_gmt":"2024-07-31T09:43:11","slug":"caucho-semicerrado","status":"publish","type":"page","link":"https:\/\/modisprem.com\/fr\/materiales\/caucho-semicerrado\/","title":{"rendered":"Caoutchouc Semi-ferm\u00e9"},"content":{"rendered":"<section class=\"l-section wpb_row height_medium with_img\"><div class=\"l-section-img\" role=\"img\" data-img-width=\"1920\" data-img-height=\"8000\" style=\"background-image: url(https:\/\/modisprem.com\/wp-content\/uploads\/2023\/04\/fondo-materiales.png);background-position: top center;\"><\/div><div class=\"l-section-h i-cf\"><div class=\"g-cols vc_row via_grid cols_2-1 laptops-cols_inherit tablets-cols_inherit mobiles-cols_1 valign_top type_default stacking_default\"><div class=\"wpb_column vc_column_container\"><div class=\"vc_column-inner\"><div class=\"wpb_text_column\"><div class=\"wpb_wrapper\"><div class=\"et_pb_module et_pb_text et_pb_text_8 et_pb_text_align_left et_pb_bg_layout_light\">\n<div class=\"et_pb_text_inner\">\n<p class=\"descMaterial\">Il s\u2019agit d\u2019une mousse \u00e9lastom\u00e8re \u00e0 base de caoutchouc synth\u00e9tique \u00e0 cellules semi-ferm\u00e9es. Gr\u00e2ce \u00e0 cette structure cellulaire, la mousse a une bonne flexibilit\u00e9, sans perdre ses caract\u00e9ristiques d\u2019\u00e9tanch\u00e9it\u00e9 lorsqu\u2019elle est comprim\u00e9e.<\/p>\n<ul>\n<li class=\"descMaterial\"><span class=\"titular\">Couleur<\/span>: Noir<\/li>\n<li class=\"descMaterial\"><span class=\"titular\">Densit\u00e9:<\/span> 95-150 Kg\/m3<\/li>\n<li class=\"descMaterial\"><span class=\"titular\">Allongement:<\/span>&lt;260-500%<\/li>\n<li class=\"descMaterial\"><span class=\"titular\">R\u00e9sistance \u00e0 la traction:<\/span> 90-360 KPa<\/li>\n<\/ul>\n<div id=\"informacion\">\n<h2>Description:<\/h2>\n<p class=\"descMaterial\">Mat\u00e9riau pr\u00e9sentant d\u2019excellentes qualit\u00e9s \u00e9lastiques et m\u00e9caniques (amortissement des chocs et des vibrations). Possibilit\u00e9 de renforcer sa r\u00e9sistance \u00e0 l\u2019ozone, aux huiles, \u00e0 la conductivit\u00e9 \u00e9lectrique, etc.<\/p>\n<p class=\"descMaterial\">Les caoutchoucs ont une excellente r\u00e9action au feu et sont tr\u00e8s r\u00e9sistants aux travaux \u00e0 haute temp\u00e9rature. Comme ils sont exempts de CFC et de HCFC, ils peuvent \u00eatre recycl\u00e9s.<\/p>\n<p class=\"descMaterial\">Selon leur composition, on peut distinguer:<\/p>\n<ul>\n<li>EPDM<\/li>\n<li>Chloropr\u00e8ne ou n\u00e9opr\u00e8ne<\/li>\n<li>SBR<\/li>\n<\/ul>\n<h2>Applications:<\/h2>\n<ul>\n<li><strong>Automobile:<\/strong>Joints d\u2019\u00e9tanch\u00e9it\u00e9.<\/li>\n<li><strong>Industrie:<\/strong> Pour l\u2019isolation thermique et acoustique des conduits de climatisation m\u00e9talliques.<\/li>\n<\/ul>\n<h2><strong>Format de livraison:<\/strong><\/h2>\n<p class=\"descMaterial\">Il peut \u00eatre fourni sous forme de panneaux de diff\u00e9rentes \u00e9paisseurs, de rouleaux, de coupe-bise, de coquilles de diff\u00e9rents diam\u00e8tres ou en pi\u00e8ces finies selon les sp\u00e9cifications et les plans fournis par nos clients.<\/p>\n<p class=\"descMaterial\">Tous nos produits peuvent \u00eatre adh\u00e9sifs si l\u2019application l\u2019exige.<\/p>\n<\/div>\n<\/div>\n<\/div>\n<\/div><\/div><\/div><\/div><div class=\"wpb_column vc_column_container\"><div class=\"vc_column-inner\"><div class=\"w-image align_center\"><a ref=\"magnificPopup\" href=\"https:\/\/modisprem.com\/wp-content\/uploads\/2024\/07\/caucho-semicerrado.jpg\" aria-label=\"caucho-semicerrado\" class=\"w-image-h\"><img decoding=\"async\" width=\"650\" height=\"650\" src=\"https:\/\/modisprem.com\/wp-content\/uploads\/2024\/07\/caucho-semicerrado.jpg\" class=\"attachment-full size-full\" alt=\"Caucho Semicerrado\" loading=\"lazy\" srcset=\"https:\/\/modisprem.com\/wp-content\/uploads\/2024\/07\/caucho-semicerrado.jpg 650w, https:\/\/modisprem.com\/wp-content\/uploads\/2024\/07\/caucho-semicerrado-300x300.jpg 300w, https:\/\/modisprem.com\/wp-content\/uploads\/2024\/07\/caucho-semicerrado-150x150.jpg 150w, https:\/\/modisprem.com\/wp-content\/uploads\/2024\/07\/caucho-semicerrado-24x24.jpg 24w, https:\/\/modisprem.com\/wp-content\/uploads\/2024\/07\/caucho-semicerrado-36x36.jpg 36w, https:\/\/modisprem.com\/wp-content\/uploads\/2024\/07\/caucho-semicerrado-48x48.jpg 48w\" sizes=\"auto, (max-width: 650px) 100vw, 650px\" \/><\/a><\/div><div class=\"w-separator size_medium\"><\/div><div class=\"wpb_text_column us_custom_f6c4a9ef\"><div class=\"wpb_wrapper\"><p style=\"text-align: left;\">R\u00e9sistance \u00e0 l&rsquo;ozone<\/p>\n<\/div><\/div><div class=\"wpb_text_column us_custom_f6c4a9ef\"><div class=\"wpb_wrapper\"><p style=\"text-align: left;\">Inflammabilit\u00e9<\/p>\n<\/div><\/div><div class=\"wpb_text_column us_custom_f6c4a9ef\"><div class=\"wpb_wrapper\"><p style=\"text-align: left;\">Vieillissement<\/p>\n<\/div><\/div><\/div><\/div><\/div><\/div><\/section>\n","protected":false},"excerpt":{"rendered":"Il s\u2019agit d\u2019une mousse \u00e9lastom\u00e8re \u00e0 base de caoutchouc synth\u00e9tique \u00e0 cellules semi-ferm\u00e9es. Gr\u00e2ce \u00e0 cette structure cellulaire, la mousse a une bonne flexibilit\u00e9, sans perdre ses caract\u00e9ristiques d\u2019\u00e9tanch\u00e9it\u00e9 lorsqu\u2019elle est comprim\u00e9e. Couleur: Noir Densit\u00e9: 95-150 Kg\/m3 Allongement:&lt;260-500% R\u00e9sistance \u00e0 la traction: 90-360 KPa Description: Mat\u00e9riau pr\u00e9sentant d\u2019excellentes qualit\u00e9s \u00e9lastiques et m\u00e9caniques (amortissement des chocs...","protected":false},"author":1,"featured_media":4508,"parent":3842,"menu_order":0,"comment_status":"closed","ping_status":"closed","template":"","meta":{"footnotes":""},"class_list":["post-4024","page","type-page","status-publish","has-post-thumbnail","hentry"],"_links":{"self":[{"href":"https:\/\/modisprem.com\/fr\/wp-json\/wp\/v2\/pages\/4024","targetHints":{"allow":["GET"]}}],"collection":[{"href":"https:\/\/modisprem.com\/fr\/wp-json\/wp\/v2\/pages"}],"about":[{"href":"https:\/\/modisprem.com\/fr\/wp-json\/wp\/v2\/types\/page"}],"author":[{"embeddable":true,"href":"https:\/\/modisprem.com\/fr\/wp-json\/wp\/v2\/users\/1"}],"replies":[{"embeddable":true,"href":"https:\/\/modisprem.com\/fr\/wp-json\/wp\/v2\/comments?post=4024"}],"version-history":[{"count":3,"href":"https:\/\/modisprem.com\/fr\/wp-json\/wp\/v2\/pages\/4024\/revisions"}],"predecessor-version":[{"id":4874,"href":"https:\/\/modisprem.com\/fr\/wp-json\/wp\/v2\/pages\/4024\/revisions\/4874"}],"up":[{"embeddable":true,"href":"https:\/\/modisprem.com\/fr\/wp-json\/wp\/v2\/pages\/3842"}],"wp:featuredmedia":[{"embeddable":true,"href":"https:\/\/modisprem.com\/fr\/wp-json\/wp\/v2\/media\/4508"}],"wp:attachment":[{"href":"https:\/\/modisprem.com\/fr\/wp-json\/wp\/v2\/media?parent=4024"}],"curies":[{"name":"wp","href":"https:\/\/api.w.org\/{rel}","templated":true}]}}