{"id":4009,"date":"2024-02-14T12:45:39","date_gmt":"2024-02-14T11:45:39","guid":{"rendered":"http:\/\/modisprem.com\/materiales\/caucho-cerrado\/"},"modified":"2024-07-31T11:38:25","modified_gmt":"2024-07-31T09:38:25","slug":"caucho-cerrado","status":"publish","type":"page","link":"https:\/\/modisprem.com\/fr\/materiales\/caucho-cerrado\/","title":{"rendered":"Caoutchouc Ferm\u00e9"},"content":{"rendered":"<section class=\"l-section wpb_row height_medium with_img\"><div class=\"l-section-img\" role=\"img\" data-img-width=\"1920\" data-img-height=\"8000\" style=\"background-image: url(https:\/\/modisprem.com\/wp-content\/uploads\/2023\/04\/fondo-materiales.png);background-position: top center;\"><\/div><div class=\"l-section-h i-cf\"><div class=\"g-cols vc_row via_grid cols_2-1 laptops-cols_inherit tablets-cols_inherit mobiles-cols_1 valign_top type_default stacking_default\"><div class=\"wpb_column vc_column_container\"><div class=\"vc_column-inner\"><div class=\"wpb_text_column\"><div class=\"wpb_wrapper\"><div class=\"et_pb_module et_pb_text et_pb_text_8 et_pb_text_align_left et_pb_bg_layout_light\">\n<div class=\"et_pb_text_inner\">\n<p>Il s\u2019agit d\u2019une mousse \u00e9lastom\u00e8re \u00e0 base de caoutchouc synth\u00e9tique. Bonne r\u00e9action au feu et excellente \u00e9tanch\u00e9it\u00e9.<\/p>\n<ul>\n<li>Couleur : Noir<\/li>\n<li>Densit\u00e9 : 70-350 kg\/m3<\/li>\n<li>Duret\u00e9 : 30-65 (sh 00)<\/li>\n<li>Allongement : &gt; 150 %<\/li>\n<li>R\u00e9sistance \u00e0 la traction : 300-1600 KPa<\/li>\n<\/ul>\n<h2>Description:<\/h2>\n<p>Mat\u00e9riau pr\u00e9sentant d\u2019excellentes qualit\u00e9s \u00e9lastiques et m\u00e9caniques (amortissement des chocs et des vibrations). Possibilit\u00e9 de renforcer sa r\u00e9sistance \u00e0 l\u2019ozone, aux huiles, \u00e0 la conductivit\u00e9 \u00e9lectrique, etc.<\/p>\n<p>Les caoutchoucs ont une excellente r\u00e9action au feu et sont tr\u00e8s r\u00e9sistants aux travaux \u00e0 haute temp\u00e9rature. Comme ils sont exempts de CFC et de HCFC, ils peuvent \u00eatre recycl\u00e9s.<\/p>\n<p>Selon leur composition, on peut distinguer:<\/p>\n<ul>\n<li>EPDM<\/li>\n<li>Chloropr\u00e8ne ou n\u00e9opr\u00e8ne<\/li>\n<li>SBR<\/li>\n<\/ul>\n<h2>Applications:<\/h2>\n<ul>\n<li>Automobile : Joints d\u2019\u00e9tanch\u00e9it\u00e9.<\/li>\n<li>Industrie : Ce caoutchouc mousse est appliqu\u00e9 sous forme de bourrelet adh\u00e9sif, joint d\u2019\u00e9tanch\u00e9it\u00e9 dans les bo\u00eetiers \u00e9lectriques ou les fermetures m\u00e9talliques, et dans toute application n\u00e9cessitant une \u00e9tanch\u00e9it\u00e9, une r\u00e9sistance \u00e0 la compression intermittente ou une r\u00e9sistance au vieillissement.<\/li>\n<\/ul>\n<h2>Format de livraison:<\/h2>\n<p>Ils peuvent \u00eatre fournis sous forme de panneaux de diff\u00e9rentes \u00e9paisseurs, en rouleaux, en coupe-bise ou en pi\u00e8ces finies selon les sp\u00e9cifications et les plans fournis par nos clients.<\/p>\n<p>Tous nos produits peuvent \u00eatre adh\u00e9sifs si l\u2019application l\u2019exige.<\/p>\n<\/div>\n<\/div>\n<\/div><\/div><\/div><\/div><div class=\"wpb_column vc_column_container\"><div class=\"vc_column-inner\"><div class=\"w-image align_center\"><a ref=\"magnificPopup\" href=\"https:\/\/modisprem.com\/wp-content\/uploads\/2024\/07\/caucho-cerrado-1.jpg\" aria-label=\"caucho-cerrado\" class=\"w-image-h\"><img decoding=\"async\" width=\"1008\" height=\"1008\" src=\"https:\/\/modisprem.com\/wp-content\/uploads\/2024\/07\/caucho-cerrado-1.jpg\" class=\"attachment-full size-full\" alt=\"Caucho Cerrado\" loading=\"lazy\" srcset=\"https:\/\/modisprem.com\/wp-content\/uploads\/2024\/07\/caucho-cerrado-1.jpg 1008w, https:\/\/modisprem.com\/wp-content\/uploads\/2024\/07\/caucho-cerrado-1-300x300.jpg 300w, https:\/\/modisprem.com\/wp-content\/uploads\/2024\/07\/caucho-cerrado-1-150x150.jpg 150w, https:\/\/modisprem.com\/wp-content\/uploads\/2024\/07\/caucho-cerrado-1-24x24.jpg 24w, https:\/\/modisprem.com\/wp-content\/uploads\/2024\/07\/caucho-cerrado-1-36x36.jpg 36w, https:\/\/modisprem.com\/wp-content\/uploads\/2024\/07\/caucho-cerrado-1-48x48.jpg 48w\" sizes=\"auto, (max-width: 1008px) 100vw, 1008px\" \/><\/a><\/div><div class=\"w-separator size_medium\"><\/div><div class=\"wpb_text_column us_custom_f6c4a9ef\"><div class=\"wpb_wrapper\"><p style=\"text-align: left;\">R\u00e9sistance aux solvants<\/p>\n<\/div><\/div><div class=\"wpb_text_column us_custom_f6c4a9ef\"><div class=\"wpb_wrapper\"><p style=\"text-align: left;\">R\u00e9sistance aux acides<\/p>\n<\/div><\/div><div class=\"wpb_text_column us_custom_f6c4a9ef\"><div class=\"wpb_wrapper\"><p style=\"text-align: left;\">Vieillissement<\/p>\n<\/div><\/div><\/div><\/div><\/div><\/div><\/section>\n","protected":false},"excerpt":{"rendered":"Il s\u2019agit d\u2019une mousse \u00e9lastom\u00e8re \u00e0 base de caoutchouc synth\u00e9tique. Bonne r\u00e9action au feu et excellente \u00e9tanch\u00e9it\u00e9. Couleur : Noir Densit\u00e9 : 70-350 kg\/m3 Duret\u00e9 : 30-65 (sh 00) Allongement : &gt; 150 % R\u00e9sistance \u00e0 la traction : 300-1600 KPa Description: Mat\u00e9riau pr\u00e9sentant d\u2019excellentes qualit\u00e9s \u00e9lastiques et m\u00e9caniques (amortissement des chocs et des vibrations)....","protected":false},"author":1,"featured_media":4626,"parent":3842,"menu_order":0,"comment_status":"closed","ping_status":"closed","template":"","meta":{"footnotes":""},"class_list":["post-4009","page","type-page","status-publish","has-post-thumbnail","hentry"],"_links":{"self":[{"href":"https:\/\/modisprem.com\/fr\/wp-json\/wp\/v2\/pages\/4009","targetHints":{"allow":["GET"]}}],"collection":[{"href":"https:\/\/modisprem.com\/fr\/wp-json\/wp\/v2\/pages"}],"about":[{"href":"https:\/\/modisprem.com\/fr\/wp-json\/wp\/v2\/types\/page"}],"author":[{"embeddable":true,"href":"https:\/\/modisprem.com\/fr\/wp-json\/wp\/v2\/users\/1"}],"replies":[{"embeddable":true,"href":"https:\/\/modisprem.com\/fr\/wp-json\/wp\/v2\/comments?post=4009"}],"version-history":[{"count":3,"href":"https:\/\/modisprem.com\/fr\/wp-json\/wp\/v2\/pages\/4009\/revisions"}],"predecessor-version":[{"id":4871,"href":"https:\/\/modisprem.com\/fr\/wp-json\/wp\/v2\/pages\/4009\/revisions\/4871"}],"up":[{"embeddable":true,"href":"https:\/\/modisprem.com\/fr\/wp-json\/wp\/v2\/pages\/3842"}],"wp:featuredmedia":[{"embeddable":true,"href":"https:\/\/modisprem.com\/fr\/wp-json\/wp\/v2\/media\/4626"}],"wp:attachment":[{"href":"https:\/\/modisprem.com\/fr\/wp-json\/wp\/v2\/media?parent=4009"}],"curies":[{"name":"wp","href":"https:\/\/api.w.org\/{rel}","templated":true}]}}