{"id":4001,"date":"2024-02-14T12:42:03","date_gmt":"2024-02-14T11:42:03","guid":{"rendered":"http:\/\/modisprem.com\/materiales\/basotect\/"},"modified":"2026-02-27T18:10:11","modified_gmt":"2026-02-27T17:10:11","slug":"basotect","status":"publish","type":"page","link":"https:\/\/modisprem.com\/fr\/materiales\/basotect\/","title":{"rendered":"Basotect"},"content":{"rendered":"<section class=\"l-section wpb_row height_medium with_img\"><div class=\"l-section-img\" role=\"img\" data-img-width=\"1920\" data-img-height=\"8000\" style=\"background-image: url(https:\/\/modisprem.com\/wp-content\/uploads\/2023\/04\/fondo-materiales.png);background-position: top center;\"><\/div><div class=\"l-section-h i-cf\"><div class=\"g-cols vc_row via_grid cols_2-1 laptops-cols_inherit tablets-cols_inherit mobiles-cols_1 valign_top type_default stacking_default\"><div class=\"wpb_column vc_column_container\"><div class=\"vc_column-inner\"><div class=\"wpb_text_column\"><div class=\"wpb_wrapper\"><p>Mousse \u00e0 cellules ouvertes Basotect, fabriqu\u00e9e \u00e0 base de r\u00e9sine de m\u00e9lamine. Sa structure filamenteuse lui donne des caract\u00e9ristiques acoustiques exceptionnelles.<\/p>\n<ul>\n<li>Couleur: Blanc, Gris perle, Gris anthracite<\/li>\n<li>Densit\u00e9: 8 \u2013 11 Kg\/m3<\/li>\n<li>Allongement: &gt; 10%<\/li>\n<\/ul>\n<h2>Description:<\/h2>\n<p>Mousse \u00e0 cellules ouvertes, fabriqu\u00e9e \u00e0 base de r\u00e9sine de m\u00e9lamine. Excellent comportement au feu, haute stabilit\u00e9 thermique, poids tr\u00e8s l\u00e9ger. Le parfaite isolant acoustique.<\/p>\n<h2>Applications comme absorbeurs acoustiques dans:<\/h2>\n<ul>\n<li>Isolation des conduits de climatisation<\/li>\n<li>Compartiment moteur<\/li>\n<li>Salles des machines<\/li>\n<li>Tiroirs enveloppants pour stores<\/li>\n<li>Murs et plafonds enregistrables<\/li>\n<li>Mat\u00e9riau adapt\u00e9 aux rev\u00eatements int\u00e9rieurs, assurant une isolation thermique et acoustique dans les compresseurs et les groupes \u00e9lectrog\u00e8nes. R\u00e9sistant aux hautes temp\u00e9ratures. Conforme \u00e0 la norme UL94 (inflammabilit\u00e9).<\/li>\n<\/ul>\n<h2>Format de livraison:<\/h2>\n<p>La m\u00e9lamine peut \u00eatre livr\u00e9e en plaques de diff\u00e9rentes \u00e9paisseurs, avec des finitions en forme de pyramide ou ondul\u00e9e. Elle peut \u00eatre adh\u00e9sive selon les besoins du client. Elle peut aussi \u00eatre livr\u00e9e avec des formes sp\u00e9cifiques et innovatrices pour les murs et les plafonds suspendus. Il peut m\u00eame \u00eatre peint.<\/p>\n<\/div><\/div><\/div><\/div><div class=\"wpb_column vc_column_container\"><div class=\"vc_column-inner\"><div class=\"w-image align_center\"><a ref=\"magnificPopup\" href=\"https:\/\/modisprem.com\/wp-content\/uploads\/2024\/07\/basotec.jpg\" aria-label=\"basotec\" class=\"w-image-h\"><img decoding=\"async\" width=\"1000\" height=\"1000\" src=\"https:\/\/modisprem.com\/wp-content\/uploads\/2024\/07\/basotec.jpg\" class=\"attachment-full size-full\" alt=\"Basotec\" loading=\"lazy\" srcset=\"https:\/\/modisprem.com\/wp-content\/uploads\/2024\/07\/basotec.jpg 1000w, https:\/\/modisprem.com\/wp-content\/uploads\/2024\/07\/basotec-300x300.jpg 300w, https:\/\/modisprem.com\/wp-content\/uploads\/2024\/07\/basotec-150x150.jpg 150w, https:\/\/modisprem.com\/wp-content\/uploads\/2024\/07\/basotec-24x24.jpg 24w, https:\/\/modisprem.com\/wp-content\/uploads\/2024\/07\/basotec-36x36.jpg 36w, https:\/\/modisprem.com\/wp-content\/uploads\/2024\/07\/basotec-48x48.jpg 48w\" sizes=\"auto, (max-width: 1000px) 100vw, 1000px\" \/><\/a><\/div><div class=\"w-separator size_medium\"><\/div><div class=\"wpb_text_column us_custom_f6c4a9ef\"><div class=\"wpb_wrapper\"><p style=\"text-align: left;\">R\u00e9sistance aux basses temp\u00e9ratures<\/p>\n<\/div><\/div><div class=\"wpb_text_column us_custom_f6c4a9ef\"><div class=\"wpb_wrapper\"><p style=\"text-align: left;\">Absorption acoustique<\/p>\n<\/div><\/div><div class=\"wpb_text_column us_custom_f6c4a9ef\"><div class=\"wpb_wrapper\"><p style=\"text-align: left;\">Inflammabilit\u00e9<\/p>\n<\/div><\/div><\/div><\/div><\/div><\/div><\/section>\n","protected":false},"excerpt":{"rendered":"Mousse \u00e0 cellules ouvertes Basotect, fabriqu\u00e9e \u00e0 base de r\u00e9sine de m\u00e9lamine. Sa structure filamenteuse lui donne des caract\u00e9ristiques acoustiques exceptionnelles. Couleur: Blanc, Gris perle, Gris anthracite Densit\u00e9: 8 \u2013 11 Kg\/m3 Allongement: &gt; 10% Description: Mousse \u00e0 cellules ouvertes, fabriqu\u00e9e \u00e0 base de r\u00e9sine de m\u00e9lamine. Excellent comportement au feu, haute stabilit\u00e9 thermique, poids...","protected":false},"author":1,"featured_media":4499,"parent":3842,"menu_order":0,"comment_status":"closed","ping_status":"closed","template":"","meta":{"footnotes":""},"class_list":["post-4001","page","type-page","status-publish","has-post-thumbnail","hentry"],"_links":{"self":[{"href":"https:\/\/modisprem.com\/fr\/wp-json\/wp\/v2\/pages\/4001","targetHints":{"allow":["GET"]}}],"collection":[{"href":"https:\/\/modisprem.com\/fr\/wp-json\/wp\/v2\/pages"}],"about":[{"href":"https:\/\/modisprem.com\/fr\/wp-json\/wp\/v2\/types\/page"}],"author":[{"embeddable":true,"href":"https:\/\/modisprem.com\/fr\/wp-json\/wp\/v2\/users\/1"}],"replies":[{"embeddable":true,"href":"https:\/\/modisprem.com\/fr\/wp-json\/wp\/v2\/comments?post=4001"}],"version-history":[{"count":5,"href":"https:\/\/modisprem.com\/fr\/wp-json\/wp\/v2\/pages\/4001\/revisions"}],"predecessor-version":[{"id":6212,"href":"https:\/\/modisprem.com\/fr\/wp-json\/wp\/v2\/pages\/4001\/revisions\/6212"}],"up":[{"embeddable":true,"href":"https:\/\/modisprem.com\/fr\/wp-json\/wp\/v2\/pages\/3842"}],"wp:featuredmedia":[{"embeddable":true,"href":"https:\/\/modisprem.com\/fr\/wp-json\/wp\/v2\/media\/4499"}],"wp:attachment":[{"href":"https:\/\/modisprem.com\/fr\/wp-json\/wp\/v2\/media?parent=4001"}],"curies":[{"name":"wp","href":"https:\/\/api.w.org\/{rel}","templated":true}]}}