{"id":3992,"date":"2024-02-14T12:33:22","date_gmt":"2024-02-14T11:33:22","guid":{"rendered":"http:\/\/modisprem.com\/materiales\/whisper\/"},"modified":"2024-07-31T11:28:42","modified_gmt":"2024-07-31T09:28:42","slug":"whisper","status":"publish","type":"page","link":"https:\/\/modisprem.com\/fr\/materiales\/whisper\/","title":{"rendered":"Whisper"},"content":{"rendered":"<section class=\"l-section wpb_row height_medium with_img\"><div class=\"l-section-img\" role=\"img\" data-img-width=\"1920\" data-img-height=\"8000\" style=\"background-image: url(https:\/\/modisprem.com\/wp-content\/uploads\/2023\/04\/fondo-materiales.png);background-position: top center;\"><\/div><div class=\"l-section-h i-cf\"><div class=\"g-cols vc_row via_grid cols_2-1 laptops-cols_inherit tablets-cols_inherit mobiles-cols_1 valign_top type_default stacking_default\"><div class=\"wpb_column vc_column_container\"><div class=\"vc_column-inner\"><div class=\"wpb_text_column\"><div class=\"wpb_wrapper\"><div class=\"et_pb_module et_pb_text et_pb_text_8 et_pb_text_align_left et_pb_bg_layout_light\">\n<div class=\"et_pb_text_inner\">\n<p>Il s\u2019agit de la nouvelle mousse de poly\u00e9thyl\u00e8ne \u00e0 cellules ferm\u00e9es dot\u00e9e de propri\u00e9t\u00e9s acoustiques.<\/p>\n<ul>\n<li>Couleur : Blanc ou noir<\/li>\n<li>Densit\u00e9 : 30 Kg\/m3<\/li>\n<li>Allongement : 50%<\/li>\n<li>R\u00e9sistance \u00e0 la traction : 140 kPa<\/li>\n<\/ul>\n<p>Ethafoam \u00ae Whisper \u2122 est une mousse de poly\u00e9thyl\u00e8ne \u00e0 cellules ferm\u00e9es, dont les cellules ont \u00e9t\u00e9 ouvertes dans un processus de post-fabrication pour obtenir un mat\u00e9riau tr\u00e8s efficace en termes d\u2019isolation acoustique, avec les avantages uniques du poly\u00e9thyl\u00e8ne : poids, prix, dur\u00e9e, etc. par rapport \u00e0 d\u2019autres mat\u00e9riaux.<\/p>\n<p>Elle est r\u00e9sistante \u00e0 l\u2019eau et \u00e0 l\u2019humidit\u00e9.<\/p>\n<p>L\u2019une des principales caract\u00e9ristiques de la mousse Ethafoam\u00ae Whisper \u2122 est sa capacit\u00e9 \u00e0 rester pratiquement intacte lorsqu\u2019elle est expos\u00e9e \u00e0 l\u2019eau ou \u00e0 l\u2019humidit\u00e9. Les performances acoustiques du produit restent constantes.<\/p>\n<p>Les tests de la mousse Ethafoam \u00ae Whisper \u2122 ont \u00e9t\u00e9 effectu\u00e9s \u00e0 l\u2019Institut Giardani en Italie, selon la norme ISO EN 354 : 2003. Mesure du coefficient d\u2019absorption acoustique dans une pi\u00e8ce avec r\u00e9verb\u00e9ration.<\/p>\n<p>Lors de tests internes r\u00e9guliers avec le tube d\u2019imp\u00e9dance de Sealed Air pour qualifier les performances acoustiques de l\u2019Ethafoam\u00ae Whisper \u2122.<\/p>\n<\/div>\n<\/div>\n<\/div><\/div><\/div><\/div><div class=\"wpb_column vc_column_container\"><div class=\"vc_column-inner\"><div class=\"w-image align_center\"><a ref=\"magnificPopup\" href=\"https:\/\/modisprem.com\/wp-content\/uploads\/2024\/07\/whisper2.jpg\" aria-label=\"whisper2\" class=\"w-image-h\"><img decoding=\"async\" width=\"1257\" height=\"1257\" src=\"https:\/\/modisprem.com\/wp-content\/uploads\/2024\/07\/whisper2.jpg\" class=\"attachment-full size-full\" alt=\"Whisper\" loading=\"lazy\" srcset=\"https:\/\/modisprem.com\/wp-content\/uploads\/2024\/07\/whisper2.jpg 1257w, https:\/\/modisprem.com\/wp-content\/uploads\/2024\/07\/whisper2-300x300.jpg 300w, https:\/\/modisprem.com\/wp-content\/uploads\/2024\/07\/whisper2-1024x1024.jpg 1024w, https:\/\/modisprem.com\/wp-content\/uploads\/2024\/07\/whisper2-150x150.jpg 150w, https:\/\/modisprem.com\/wp-content\/uploads\/2024\/07\/whisper2-24x24.jpg 24w, https:\/\/modisprem.com\/wp-content\/uploads\/2024\/07\/whisper2-36x36.jpg 36w, https:\/\/modisprem.com\/wp-content\/uploads\/2024\/07\/whisper2-48x48.jpg 48w\" sizes=\"auto, (max-width: 1257px) 100vw, 1257px\" \/><\/a><\/div><div class=\"w-separator size_medium\"><\/div><div class=\"wpb_text_column us_custom_f6c4a9ef\"><div class=\"wpb_wrapper\"><p style=\"text-align: left;\">R\u00e9sistance aux solvants<\/p>\n<\/div><\/div><div class=\"wpb_text_column us_custom_f6c4a9ef\"><div class=\"wpb_wrapper\"><p style=\"text-align: left;\">R\u00e9sistance aux acides<\/p>\n<\/div><\/div><div class=\"wpb_text_column us_custom_f6c4a9ef\"><div class=\"wpb_wrapper\"><p style=\"text-align: left;\">Absorption acoustique<\/p>\n<\/div><\/div><\/div><\/div><\/div><\/div><\/section>\n","protected":false},"excerpt":{"rendered":"Il s\u2019agit de la nouvelle mousse de poly\u00e9thyl\u00e8ne \u00e0 cellules ferm\u00e9es dot\u00e9e de propri\u00e9t\u00e9s acoustiques. Couleur : Blanc ou noir Densit\u00e9 : 30 Kg\/m3 Allongement : 50% R\u00e9sistance \u00e0 la traction : 140 kPa Ethafoam \u00ae Whisper \u2122 est une mousse de poly\u00e9thyl\u00e8ne \u00e0 cellules ferm\u00e9es, dont les cellules ont \u00e9t\u00e9 ouvertes dans un processus...","protected":false},"author":1,"featured_media":2460,"parent":3842,"menu_order":0,"comment_status":"closed","ping_status":"closed","template":"","meta":{"footnotes":""},"class_list":["post-3992","page","type-page","status-publish","has-post-thumbnail","hentry"],"_links":{"self":[{"href":"https:\/\/modisprem.com\/fr\/wp-json\/wp\/v2\/pages\/3992","targetHints":{"allow":["GET"]}}],"collection":[{"href":"https:\/\/modisprem.com\/fr\/wp-json\/wp\/v2\/pages"}],"about":[{"href":"https:\/\/modisprem.com\/fr\/wp-json\/wp\/v2\/types\/page"}],"author":[{"embeddable":true,"href":"https:\/\/modisprem.com\/fr\/wp-json\/wp\/v2\/users\/1"}],"replies":[{"embeddable":true,"href":"https:\/\/modisprem.com\/fr\/wp-json\/wp\/v2\/comments?post=3992"}],"version-history":[{"count":3,"href":"https:\/\/modisprem.com\/fr\/wp-json\/wp\/v2\/pages\/3992\/revisions"}],"predecessor-version":[{"id":4865,"href":"https:\/\/modisprem.com\/fr\/wp-json\/wp\/v2\/pages\/3992\/revisions\/4865"}],"up":[{"embeddable":true,"href":"https:\/\/modisprem.com\/fr\/wp-json\/wp\/v2\/pages\/3842"}],"wp:featuredmedia":[{"embeddable":true,"href":"https:\/\/modisprem.com\/fr\/wp-json\/wp\/v2\/media\/2460"}],"wp:attachment":[{"href":"https:\/\/modisprem.com\/fr\/wp-json\/wp\/v2\/media?parent=3992"}],"curies":[{"name":"wp","href":"https:\/\/api.w.org\/{rel}","templated":true}]}}