{"id":3978,"date":"2024-02-14T17:26:01","date_gmt":"2024-02-14T16:26:01","guid":{"rendered":"http:\/\/modisprem.com\/materiales\/fieltro\/"},"modified":"2024-05-31T18:12:58","modified_gmt":"2024-05-31T16:12:58","slug":"fieltro","status":"publish","type":"page","link":"https:\/\/modisprem.com\/fr\/materiales\/fieltro\/","title":{"rendered":"Feutres"},"content":{"rendered":"<section class=\"l-section wpb_row height_medium with_img\"><div class=\"l-section-img\" role=\"img\" data-img-width=\"1920\" data-img-height=\"8000\" style=\"background-image: url(https:\/\/modisprem.com\/wp-content\/uploads\/2023\/04\/fondo-materiales.png);background-position: top center;\"><\/div><div class=\"l-section-h i-cf\"><div class=\"g-cols vc_row via_grid cols_2-1 laptops-cols_inherit tablets-cols_inherit mobiles-cols_1 valign_top type_default stacking_default\"><div class=\"wpb_column vc_column_container\"><div class=\"vc_column-inner\"><div class=\"wpb_text_column\"><div class=\"wpb_wrapper\"><div class=\"et_pb_module et_pb_text et_pb_text_8 et_pb_text_align_left et_pb_bg_layout_light\">\n<div class=\"et_pb_text_inner\">\n<p>Les feutres sont des tissus dont la principale caract\u00e9ristique est de ne pas \u00eatre tiss\u00e9s. Pour ce faire, il est n\u00e9cessaire de conglom\u00e9rer plusieurs couches au moyen de vapeur et de pression.<\/p>\n<ul>\n<li>Couleur : Noir, Naturel<\/li>\n<li>Densit\u00e9 : 160-400 gr\/m2<\/li>\n<\/ul>\n<h2>Description:<\/h2>\n<p>Les feutres sont obtenus par un processus de conglom\u00e9ration de couches de diff\u00e9rents textiles. Ceux-ci peuvent \u00eatre d\u2019origine animale ou artificielle. Au cours de ce processus, ces additifs sont ajout\u00e9s aux textiles pour obtenir diff\u00e9rentes finitions et des produits retardateurs de flamme.<\/p>\n<h2>Applications:<\/h2>\n<p>Les feutres sont principalement utilis\u00e9s dans l\u2019industrie automobile. Leurs caract\u00e9ristiques d\u2019absorption du bruit et des chocs les rendent particuli\u00e8rement utiles dans des pi\u00e8ces antivibrations. De plus, le feutre est un mat\u00e9riau qui peut se fabriquer en petites \u00e9paisseurs et avec diff\u00e9rents grammages, ce qui est parfait pour les petits espaces.<\/p>\n<h2>Format de livraison:<\/h2>\n<p>Les mat\u00e9riaux peuvent \u00eatre transform\u00e9s au moyen de proc\u00e9d\u00e9s de d\u00e9coupe ou d\u2019estampage.Nous pouvons \u00e9galement appliquer des adh\u00e9sifs sur demande de nos clients.<\/p>\n<p>Nous disposons de feutres d\u2019\u00e9paisseurs et de poids diff\u00e9rents pour chaque application.<\/p>\n<\/div>\n<\/div>\n<\/div><\/div><\/div><\/div><div class=\"wpb_column vc_column_container\"><div class=\"vc_column-inner\"><div class=\"w-image align_none\"><a ref=\"magnificPopup\" href=\"https:\/\/modisprem.com\/wp-content\/uploads\/2024\/02\/vellon-ficha.jpg\" aria-label=\"fieltro\" class=\"w-image-h\"><img decoding=\"async\" width=\"700\" height=\"1000\" src=\"https:\/\/modisprem.com\/wp-content\/uploads\/2024\/02\/vellon-ficha.jpg\" class=\"attachment-large size-large\" alt=\"\" loading=\"lazy\" srcset=\"https:\/\/modisprem.com\/wp-content\/uploads\/2024\/02\/vellon-ficha.jpg 700w, https:\/\/modisprem.com\/wp-content\/uploads\/2024\/02\/vellon-ficha-210x300.jpg 210w, https:\/\/modisprem.com\/wp-content\/uploads\/2024\/02\/vellon-ficha-17x24.jpg 17w, https:\/\/modisprem.com\/wp-content\/uploads\/2024\/02\/vellon-ficha-25x36.jpg 25w, https:\/\/modisprem.com\/wp-content\/uploads\/2024\/02\/vellon-ficha-34x48.jpg 34w\" sizes=\"auto, (max-width: 700px) 100vw, 700px\" \/><\/a><\/div><div class=\"w-separator size_medium\"><\/div><div class=\"wpb_text_column us_custom_f6c4a9ef\"><div class=\"wpb_wrapper\"><p style=\"text-align: left;\">R\u00e9sistance aux basses temp\u00e9ratures<\/p>\n<\/div><\/div><div class=\"wpb_text_column us_custom_f6c4a9ef\"><div class=\"wpb_wrapper\"><p style=\"text-align: left;\">Inflammabilit\u00e9<\/p>\n<\/div><\/div><div class=\"wpb_text_column us_custom_f6c4a9ef\"><div class=\"wpb_wrapper\"><p style=\"text-align: left;\">Absorption acoustique<\/p>\n<\/div><\/div><\/div><\/div><\/div><\/div><\/section>\n","protected":false},"excerpt":{"rendered":"Les feutres sont des tissus dont la principale caract\u00e9ristique est de ne pas \u00eatre tiss\u00e9s. Pour ce faire, il est n\u00e9cessaire de conglom\u00e9rer plusieurs couches au moyen de vapeur et de pression. Couleur : Noir, Naturel Densit\u00e9 : 160-400 gr\/m2 Description: Les feutres sont obtenus par un processus de conglom\u00e9ration de couches de diff\u00e9rents textiles....","protected":false},"author":1,"featured_media":3570,"parent":3842,"menu_order":0,"comment_status":"closed","ping_status":"closed","template":"","meta":{"footnotes":""},"class_list":["post-3978","page","type-page","status-publish","has-post-thumbnail","hentry"],"_links":{"self":[{"href":"https:\/\/modisprem.com\/fr\/wp-json\/wp\/v2\/pages\/3978","targetHints":{"allow":["GET"]}}],"collection":[{"href":"https:\/\/modisprem.com\/fr\/wp-json\/wp\/v2\/pages"}],"about":[{"href":"https:\/\/modisprem.com\/fr\/wp-json\/wp\/v2\/types\/page"}],"author":[{"embeddable":true,"href":"https:\/\/modisprem.com\/fr\/wp-json\/wp\/v2\/users\/1"}],"replies":[{"embeddable":true,"href":"https:\/\/modisprem.com\/fr\/wp-json\/wp\/v2\/comments?post=3978"}],"version-history":[{"count":4,"href":"https:\/\/modisprem.com\/fr\/wp-json\/wp\/v2\/pages\/3978\/revisions"}],"predecessor-version":[{"id":4106,"href":"https:\/\/modisprem.com\/fr\/wp-json\/wp\/v2\/pages\/3978\/revisions\/4106"}],"up":[{"embeddable":true,"href":"https:\/\/modisprem.com\/fr\/wp-json\/wp\/v2\/pages\/3842"}],"wp:featuredmedia":[{"embeddable":true,"href":"https:\/\/modisprem.com\/fr\/wp-json\/wp\/v2\/media\/3570"}],"wp:attachment":[{"href":"https:\/\/modisprem.com\/fr\/wp-json\/wp\/v2\/media?parent=3978"}],"curies":[{"name":"wp","href":"https:\/\/api.w.org\/{rel}","templated":true}]}}