{"id":3970,"date":"2024-02-14T12:24:35","date_gmt":"2024-02-14T11:24:35","guid":{"rendered":"http:\/\/modisprem.com\/materiales\/aglomerado\/"},"modified":"2024-07-31T11:23:13","modified_gmt":"2024-07-31T09:23:13","slug":"aglomerado","status":"publish","type":"page","link":"https:\/\/modisprem.com\/fr\/materiales\/aglomerado\/","title":{"rendered":"Agglom\u00e9rat"},"content":{"rendered":"<section class=\"l-section wpb_row height_medium with_img\"><div class=\"l-section-img\" role=\"img\" data-img-width=\"1920\" data-img-height=\"8000\" style=\"background-image: url(https:\/\/modisprem.com\/wp-content\/uploads\/2023\/04\/fondo-materiales.png);background-position: top center;\"><\/div><div class=\"l-section-h i-cf\"><div class=\"g-cols vc_row via_grid cols_2-1 laptops-cols_inherit tablets-cols_inherit mobiles-cols_1 valign_top type_default stacking_default\"><div class=\"wpb_column vc_column_container\"><div class=\"vc_column-inner\"><div class=\"wpb_text_column\"><div class=\"wpb_wrapper\"><p>Il s\u2019agit d\u2019un m\u00e9lange h\u00e9t\u00e9rog\u00e8ne de mousses de polyur\u00e9thane \u00e0 base de poly\u00e9ther et de polyester reli\u00e9es par une colle polyur\u00e9thane<\/p>\n<ul>\n<li>Couleur : M\u00e9lange h\u00e9t\u00e9rog\u00e8ne de couleurs<\/li>\n<li>Densit\u00e9 : 60-200 Kg\/m3<\/li>\n<li>Allongement : 50 % \u2013 100 %<\/li>\n<li>R\u00e9sistance \u00e0 la traction : 0.5-1.5 Kg\/m2<\/li>\n<\/ul>\n<h2>Description:<\/h2>\n<p>Il s\u2019agit d\u2019un m\u00e9lange h\u00e9t\u00e9rog\u00e8ne de mousses de polyur\u00e9thane \u00e0 base de poly\u00e9ther et de polyester reli\u00e9es par une colle polyur\u00e9thane. On peut trouver des mousses agglom\u00e9r\u00e9es avec ou sans retardateurs de flamme.<\/p>\n<h2>Applications:<\/h2>\n<ul>\n<li>Absorbeurs acoustiques<\/li>\n<li>Isolation acoustique<\/li>\n<li>Isolation des impacts<\/li>\n<li>Protections sportives<\/li>\n<\/ul>\n<h2>Format de livraison<\/h2>\n<p>Ce type de mat\u00e9riau peut \u00eatre fourni en panneaux, en blocs ou en pi\u00e8ces d\u00e9coup\u00e9es dans la forme souhait\u00e9e par le client. Il peut \u00eatre adh\u00e9sif pour \u00eatre fix\u00e9 sur n\u2019importe quelle surface et m\u00eame incorporer des textiles pour de meilleures finitions.<\/p>\n<\/div><\/div><\/div><\/div><div class=\"wpb_column vc_column_container\"><div class=\"vc_column-inner\"><div class=\"w-image align_center\"><a ref=\"magnificPopup\" href=\"https:\/\/modisprem.com\/wp-content\/uploads\/2024\/07\/aglomerado.jpg\" aria-label=\"aglomerado\" class=\"w-image-h\"><img decoding=\"async\" width=\"1816\" height=\"1892\" src=\"https:\/\/modisprem.com\/wp-content\/uploads\/2024\/07\/aglomerado.jpg\" class=\"attachment-full size-full\" alt=\"Aglomerado\" loading=\"lazy\" srcset=\"https:\/\/modisprem.com\/wp-content\/uploads\/2024\/07\/aglomerado.jpg 1816w, https:\/\/modisprem.com\/wp-content\/uploads\/2024\/07\/aglomerado-288x300.jpg 288w, https:\/\/modisprem.com\/wp-content\/uploads\/2024\/07\/aglomerado-983x1024.jpg 983w, https:\/\/modisprem.com\/wp-content\/uploads\/2024\/07\/aglomerado-24x24.jpg 24w, https:\/\/modisprem.com\/wp-content\/uploads\/2024\/07\/aglomerado-46x48.jpg 46w\" sizes=\"auto, (max-width: 1816px) 100vw, 1816px\" \/><\/a><\/div><div class=\"w-separator size_medium\"><\/div><div class=\"wpb_text_column us_custom_f6c4a9ef\"><div class=\"wpb_wrapper\"><p style=\"text-align: left;\">Vieillissement<\/p>\n<\/div><\/div><div class=\"wpb_text_column us_custom_f6c4a9ef\"><div class=\"wpb_wrapper\"><p style=\"text-align: left;\">Isolation acoustique<\/p>\n<\/div><\/div><\/div><\/div><\/div><\/div><\/section>\n","protected":false},"excerpt":{"rendered":"Il s\u2019agit d\u2019un m\u00e9lange h\u00e9t\u00e9rog\u00e8ne de mousses de polyur\u00e9thane \u00e0 base de poly\u00e9ther et de polyester reli\u00e9es par une colle polyur\u00e9thane Couleur : M\u00e9lange h\u00e9t\u00e9rog\u00e8ne de couleurs Densit\u00e9 : 60-200 Kg\/m3 Allongement : 50 % \u2013 100 % R\u00e9sistance \u00e0 la traction : 0.5-1.5 Kg\/m2 Description: Il s\u2019agit d\u2019un m\u00e9lange h\u00e9t\u00e9rog\u00e8ne de mousses de polyur\u00e9thane...","protected":false},"author":1,"featured_media":4474,"parent":3842,"menu_order":0,"comment_status":"closed","ping_status":"closed","template":"","meta":{"footnotes":""},"class_list":["post-3970","page","type-page","status-publish","has-post-thumbnail","hentry"],"_links":{"self":[{"href":"https:\/\/modisprem.com\/fr\/wp-json\/wp\/v2\/pages\/3970","targetHints":{"allow":["GET"]}}],"collection":[{"href":"https:\/\/modisprem.com\/fr\/wp-json\/wp\/v2\/pages"}],"about":[{"href":"https:\/\/modisprem.com\/fr\/wp-json\/wp\/v2\/types\/page"}],"author":[{"embeddable":true,"href":"https:\/\/modisprem.com\/fr\/wp-json\/wp\/v2\/users\/1"}],"replies":[{"embeddable":true,"href":"https:\/\/modisprem.com\/fr\/wp-json\/wp\/v2\/comments?post=3970"}],"version-history":[{"count":2,"href":"https:\/\/modisprem.com\/fr\/wp-json\/wp\/v2\/pages\/3970\/revisions"}],"predecessor-version":[{"id":4862,"href":"https:\/\/modisprem.com\/fr\/wp-json\/wp\/v2\/pages\/3970\/revisions\/4862"}],"up":[{"embeddable":true,"href":"https:\/\/modisprem.com\/fr\/wp-json\/wp\/v2\/pages\/3842"}],"wp:featuredmedia":[{"embeddable":true,"href":"https:\/\/modisprem.com\/fr\/wp-json\/wp\/v2\/media\/4474"}],"wp:attachment":[{"href":"https:\/\/modisprem.com\/fr\/wp-json\/wp\/v2\/media?parent=3970"}],"curies":[{"name":"wp","href":"https:\/\/api.w.org\/{rel}","templated":true}]}}