{"id":3963,"date":"2024-02-14T12:21:51","date_gmt":"2024-02-14T11:21:51","guid":{"rendered":"http:\/\/modisprem.com\/materiales\/ethafoam\/"},"modified":"2024-07-31T11:20:19","modified_gmt":"2024-07-31T09:20:19","slug":"ethafoam","status":"publish","type":"page","link":"https:\/\/modisprem.com\/fr\/materiales\/ethafoam\/","title":{"rendered":"Ethafoam"},"content":{"rendered":"<section class=\"l-section wpb_row height_medium with_img\"><div class=\"l-section-img\" role=\"img\" data-img-width=\"1920\" data-img-height=\"8000\" style=\"background-image: url(https:\/\/modisprem.com\/wp-content\/uploads\/2023\/04\/fondo-materiales.png);background-position: top center;\"><\/div><div class=\"l-section-h i-cf\"><div class=\"g-cols vc_row via_grid cols_2-1 laptops-cols_inherit tablets-cols_inherit mobiles-cols_1 valign_top type_default stacking_default\"><div class=\"wpb_column vc_column_container\"><div class=\"vc_column-inner\"><div class=\"wpb_text_column\"><div class=\"wpb_wrapper\"><p>Il s\u2019agit d\u2019une mousse de poly\u00e9thyl\u00e8ne extrud\u00e9 non r\u00e9ticul\u00e9e et enti\u00e8rement recyclable. C\u2019est le produit num\u00e9ro un pour les emballages de protection.<\/p>\n<ul>\n<li>Couleur : Blanc, noir et rose<\/li>\n<li>Densit\u00e9 : 25-148 Kg\/m3<\/li>\n<li>Allongement : 40-60 %<\/li>\n<li>R\u00e9sistance \u00e0 la traction : 300-750 KPa<\/li>\n<\/ul>\n<p>L\u2019homog\u00e9n\u00e9it\u00e9 de la structure de la mousse, associ\u00e9e \u00e0 un processus de contr\u00f4le qualit\u00e9 rigoureux lors de la fabrication, permet aux propri\u00e9t\u00e9s techniques des produits ETHAFOAM de fournir les garanties maximales en cas d\u2019impacts multiples ou de vibrations.<\/p>\n<p>Les produits ETHAFOAM sont \u00e9tudi\u00e9s par un r\u00e9seau europ\u00e9en de licences qui consacre ses efforts \u00e0 offrir \u00e0 ses clients d\u2019excellentes solutions, tout en minimisant les co\u00fbts.<\/p>\n<p>Nous sommes des TRANSFORMATEURS AGR\u00c9ES, ce qui nous permet de vous offrir :<\/p>\n<ul>\n<li>Une assurance qualit\u00e9.<\/li>\n<li>Une \u00e9tude d\u2019excellentes solutions personnalis\u00e9es.<\/li>\n<li>Une minimisation des co\u00fbts d\u2019emballage, de transport et de stockage, et donc du volume utilis\u00e9.<\/li>\n<\/ul>\n<p>AVANTAGES COMP\u00c9TITIFS d\u2019Ethafoam par rapport \u00e0 d\u2019autres mat\u00e9riaux:<\/p>\n<p>&nbsp;<\/p>\n<ul>\n<li>L\u00e9ger<\/li>\n<li>Plastique (permet des tol\u00e9rances face aux manipulations).<\/li>\n<li>R\u00e9sistant \u00e0 l\u2019eau, \u00e0 l\u2019usure, au vieillissement et aux agents chimiques.<\/li>\n<li>Maintient la r\u00e9silience, la force et la r\u00e9sistance \u00e0 la d\u00e9chirure et \u00e0 l\u2019abrasion.<\/li>\n<li>Bilan environnemental tr\u00e8s favorable.<\/li>\n<\/ul>\n<\/div><\/div><\/div><\/div><div class=\"wpb_column vc_column_container\"><div class=\"vc_column-inner\"><div class=\"w-image align_center\"><a ref=\"magnificPopup\" href=\"https:\/\/modisprem.com\/wp-content\/uploads\/2024\/07\/ethafoam.jpg\" aria-label=\"ethafoam\" class=\"w-image-h\"><img decoding=\"async\" width=\"527\" height=\"527\" src=\"https:\/\/modisprem.com\/wp-content\/uploads\/2024\/07\/ethafoam.jpg\" class=\"attachment-full size-full\" alt=\"Ethafoam\" loading=\"lazy\" srcset=\"https:\/\/modisprem.com\/wp-content\/uploads\/2024\/07\/ethafoam.jpg 527w, https:\/\/modisprem.com\/wp-content\/uploads\/2024\/07\/ethafoam-300x300.jpg 300w, https:\/\/modisprem.com\/wp-content\/uploads\/2024\/07\/ethafoam-150x150.jpg 150w, https:\/\/modisprem.com\/wp-content\/uploads\/2024\/07\/ethafoam-24x24.jpg 24w, https:\/\/modisprem.com\/wp-content\/uploads\/2024\/07\/ethafoam-36x36.jpg 36w, https:\/\/modisprem.com\/wp-content\/uploads\/2024\/07\/ethafoam-48x48.jpg 48w\" sizes=\"auto, (max-width: 527px) 100vw, 527px\" \/><\/a><\/div><div class=\"w-separator size_medium\"><\/div><div class=\"wpb_text_column us_custom_f6c4a9ef\"><div class=\"wpb_wrapper\"><p style=\"text-align: left;\">R\u00e9sistance aux solvants<\/p>\n<\/div><\/div><div class=\"wpb_text_column us_custom_f6c4a9ef\"><div class=\"wpb_wrapper\"><p style=\"text-align: left;\">R\u00e9sistance aux acides<\/p>\n<\/div><\/div><div class=\"wpb_text_column us_custom_f6c4a9ef\"><div class=\"wpb_wrapper\"><p style=\"text-align: left;\">Vieillissement<\/p>\n<\/div><\/div><\/div><\/div><\/div><\/div><\/section><section class=\"l-section wpb_row height_medium with_img\"><div class=\"l-section-img\" role=\"img\" data-img-width=\"1920\" data-img-height=\"8000\" style=\"background-image: url(https:\/\/modisprem.com\/wp-content\/uploads\/2023\/04\/fondo-materiales.png);background-position: top center;\"><\/div><div class=\"l-section-h i-cf\"><div class=\"g-cols vc_row via_grid cols_2-1 laptops-cols_inherit tablets-cols_inherit mobiles-cols_1 valign_top type_default stacking_default\"><div class=\"wpb_column vc_column_container\"><div class=\"vc_column-inner\"><div class=\"wpb_text_column\"><div class=\"wpb_wrapper\"><h2>Synergy<\/h2>\n<\/div><\/div><div class=\"w-separator size_small\"><\/div><div class=\"wpb_text_column\"><div class=\"wpb_wrapper\"><div class=\"et_pb_module et_pb_text et_pb_text_10 et_pb_text_align_left et_pb_bg_layout_light\">\n<div class=\"et_pb_text_inner\">\n<p>Il s\u2019agit d\u2019une mousse de poly\u00e9thyl\u00e8ne extrud\u00e9 non r\u00e9ticul\u00e9e et enti\u00e8rement recyclable qui associe douceur \u00ab soft \u00bb, r\u00e9silience et r\u00e9sistance.<\/p>\n<ul>\n<li>Couleur : Blanc, noir<\/li>\n<li>Densit\u00e9 : 33-64 Kg\/m3<\/li>\n<li>Allongement : 44-55 %<\/li>\n<li>R\u00e9sistance \u00e0 la traction : 280-400 KPa<\/li>\n<\/ul>\n<p>Les produits SYNERGY poss\u00e8dent des propri\u00e9t\u00e9s cl\u00e9s qui les rendent id\u00e9aux pour la manipulation des produits, c\u2019est-\u00e0-dire qu\u2019ils sont protecteurs et doux, r\u00e9utilisables et recyclables.<\/p>\n<p>La mousse SYNERGY est une excellente alternative en mati\u00e8re de rapport qualit\u00e9-prix, compar\u00e9e aux produits existants sur le march\u00e9.<\/p>\n<p>Les mat\u00e9riaux SYNERGY con\u00e7us pour la protection des surfaces avec des finitions de classe A sont id\u00e9aux pour transporter les pi\u00e8ces les plus d\u00e9licates avec des surfaces rev\u00eatues ou peintes. En outre, ils poss\u00e8dent des propri\u00e9t\u00e9s de faible abrasion.<\/p>\n<p>Nous sommes des TRANSFORMATEURS AGR\u00c9ES, ce qui nous permet de vous offrir :<\/p>\n<ul>\n<li>Une assurance qualit\u00e9.<\/li>\n<li>Une \u00e9tude d\u2019excellentes solutions personnalis\u00e9es.<\/li>\n<li>Une minimisation des co\u00fbts d\u2019emballage, de transport et de stockage, et donc du volume utilis\u00e9.<\/li>\n<\/ul>\n<p>AVANTAGES COMP\u00c9TITIFS par rapport \u00e0 d\u2019autres mat\u00e9riaux:<\/p>\n<ul>\n<li>L\u00e9ger<\/li>\n<li>Plastique (permet des tol\u00e9rances face aux manipulations).<\/li>\n<li>R\u00e9sistant \u00e0 l\u2019eau, \u00e0 l\u2019usure, au vieillissement et aux agents chimiques.<\/li>\n<li>Maintient la r\u00e9silience, la force et la r\u00e9sistance \u00e0 la d\u00e9chirure et \u00e0 l\u2019abrasion.<\/li>\n<li>Bilan environnemental tr\u00e8s favorable.<\/li>\n<\/ul>\n<\/div>\n<\/div>\n<\/div><\/div><\/div><\/div><div class=\"wpb_column vc_column_container\"><div class=\"vc_column-inner\"><div class=\"w-image align_none\"><a ref=\"magnificPopup\" href=\"https:\/\/modisprem.com\/wp-content\/uploads\/2024\/02\/MD_Synergy_01.jpg\" aria-label=\"Synergy\" class=\"w-image-h\"><img decoding=\"async\" width=\"165\" height=\"165\" src=\"https:\/\/modisprem.com\/wp-content\/uploads\/2024\/02\/MD_Synergy_01.jpg\" class=\"attachment-large size-large\" alt=\"\" loading=\"lazy\" srcset=\"https:\/\/modisprem.com\/wp-content\/uploads\/2024\/02\/MD_Synergy_01.jpg 165w, https:\/\/modisprem.com\/wp-content\/uploads\/2024\/02\/MD_Synergy_01-150x150.jpg 150w, https:\/\/modisprem.com\/wp-content\/uploads\/2024\/02\/MD_Synergy_01-24x24.jpg 24w, https:\/\/modisprem.com\/wp-content\/uploads\/2024\/02\/MD_Synergy_01-36x36.jpg 36w, https:\/\/modisprem.com\/wp-content\/uploads\/2024\/02\/MD_Synergy_01-48x48.jpg 48w\" sizes=\"auto, (max-width: 165px) 100vw, 165px\" \/><\/a><\/div><div class=\"w-separator size_medium\"><\/div><div class=\"wpb_text_column us_custom_f6c4a9ef\"><div class=\"wpb_wrapper\"><p style=\"text-align: left;\">R\u00e9sistance aux solvants<\/p>\n<\/div><\/div><div class=\"wpb_text_column us_custom_f6c4a9ef\"><div class=\"wpb_wrapper\"><p style=\"text-align: left;\">R\u00e9sistance aux acides<\/p>\n<\/div><\/div><div class=\"wpb_text_column us_custom_f6c4a9ef\"><div class=\"wpb_wrapper\"><p style=\"text-align: left;\">Vieillissement<\/p>\n<\/div><\/div><\/div><\/div><\/div><\/div><\/section>\n","protected":false},"excerpt":{"rendered":"Il s\u2019agit d\u2019une mousse de poly\u00e9thyl\u00e8ne extrud\u00e9 non r\u00e9ticul\u00e9e et enti\u00e8rement recyclable. C\u2019est le produit num\u00e9ro un pour les emballages de protection. Couleur : Blanc, noir et rose Densit\u00e9 : 25-148 Kg\/m3 Allongement : 40-60 % R\u00e9sistance \u00e0 la traction : 300-750 KPa L\u2019homog\u00e9n\u00e9it\u00e9 de la structure de la mousse, associ\u00e9e \u00e0 un processus de...","protected":false},"author":1,"featured_media":4465,"parent":3842,"menu_order":0,"comment_status":"closed","ping_status":"closed","template":"","meta":{"footnotes":""},"class_list":["post-3963","page","type-page","status-publish","has-post-thumbnail","hentry"],"_links":{"self":[{"href":"https:\/\/modisprem.com\/fr\/wp-json\/wp\/v2\/pages\/3963","targetHints":{"allow":["GET"]}}],"collection":[{"href":"https:\/\/modisprem.com\/fr\/wp-json\/wp\/v2\/pages"}],"about":[{"href":"https:\/\/modisprem.com\/fr\/wp-json\/wp\/v2\/types\/page"}],"author":[{"embeddable":true,"href":"https:\/\/modisprem.com\/fr\/wp-json\/wp\/v2\/users\/1"}],"replies":[{"embeddable":true,"href":"https:\/\/modisprem.com\/fr\/wp-json\/wp\/v2\/comments?post=3963"}],"version-history":[{"count":3,"href":"https:\/\/modisprem.com\/fr\/wp-json\/wp\/v2\/pages\/3963\/revisions"}],"predecessor-version":[{"id":4859,"href":"https:\/\/modisprem.com\/fr\/wp-json\/wp\/v2\/pages\/3963\/revisions\/4859"}],"up":[{"embeddable":true,"href":"https:\/\/modisprem.com\/fr\/wp-json\/wp\/v2\/pages\/3842"}],"wp:featuredmedia":[{"embeddable":true,"href":"https:\/\/modisprem.com\/fr\/wp-json\/wp\/v2\/media\/4465"}],"wp:attachment":[{"href":"https:\/\/modisprem.com\/fr\/wp-json\/wp\/v2\/media?parent=3963"}],"curies":[{"name":"wp","href":"https:\/\/api.w.org\/{rel}","templated":true}]}}