{"id":3901,"date":"2023-02-23T13:48:47","date_gmt":"2023-02-23T12:48:47","guid":{"rendered":"http:\/\/modisprem.com\/industria\/"},"modified":"2024-09-23T18:34:22","modified_gmt":"2024-09-23T16:34:22","slug":"industria","status":"publish","type":"page","link":"https:\/\/modisprem.com\/fr\/industria\/","title":{"rendered":"Industrie"},"content":{"rendered":"<section class=\"l-section wpb_row height_auto\"><div class=\"l-section-h i-cf\"><div class=\"g-cols vc_row via_grid cols_1 laptops-cols_inherit tablets-cols_inherit mobiles-cols_1 valign_top type_default stacking_default\"><div class=\"wpb_column vc_column_container\"><div class=\"vc_column-inner\">\n\t\t\t<!-- START Industria REVOLUTION SLIDER 6.6.19 --><p class=\"rs-p-wp-fix\"><\/p>\n\t\t\t<rs-module-wrap id=\"rev_slider_12_1_wrapper\" data-source=\"gallery\" style=\"visibility:hidden;background:transparent;padding:0;margin:0px auto;margin-top:0;margin-bottom:0;\">\n\t\t\t\t<rs-module id=\"rev_slider_12_1\" style=\"\" data-version=\"6.6.19\">\n\t\t\t\t\t<rs-slides style=\"overflow: hidden; position: absolute;\">\n\t\t\t\t\t\t<rs-slide style=\"position: absolute;\" data-key=\"rs-27\" data-title=\"Slide\" data-in=\"o:0;\" data-out=\"a:false;\">\n\t\t\t\t\t\t\t<img decoding=\"async\" src=\"\/\/modisprem.com\/wp-content\/plugins\/revslider\/public\/assets\/assets\/dummy.png\" alt=\"Industria\" title=\"Industria\" width=\"1920\" height=\"748\" class=\"rev-slidebg tp-rs-img rs-lazyload\" data-lazyload=\"\/\/modisprem.com\/wp-content\/uploads\/2023\/08\/fondo-industria.jpg\" data-panzoom=\"d:10000;ss:100;se:120%;\" data-no-retina>\n<!---->\t\t\t\t\t\t<\/rs-slide>\n\t\t\t\t\t<\/rs-slides>\n\t\t\t\t<\/rs-module>\n\t\t\t\t<script>\n\t\t\t\t\tsetREVStartSize({c: 'rev_slider_12_1',rl:[1240,1024,778,480],el:[550],gw:[1240],gh:[550],type:'standard',justify:'',layout:'fullwidth',mh:\"0\"});if (window.RS_MODULES!==undefined && window.RS_MODULES.modules!==undefined && window.RS_MODULES.modules[\"revslider121\"]!==undefined) {window.RS_MODULES.modules[\"revslider121\"].once = false;window.revapi12 = undefined;if (window.RS_MODULES.checkMinimal!==undefined) window.RS_MODULES.checkMinimal()}\n\t\t\t\t<\/script>\n\t\t\t<\/rs-module-wrap>\n\t\t\t<!-- END REVOLUTION SLIDER -->\n<\/div><\/div><\/div><\/div><\/section><section class=\"l-section wpb_row height_auto\"><div class=\"l-section-overlay\" style=\"background:#d8d148\"><\/div><div class=\"l-section-h i-cf\"><div class=\"g-cols vc_row via_grid cols_1 laptops-cols_inherit tablets-cols_inherit mobiles-cols_1 valign_top type_default stacking_default\"><div class=\"wpb_column vc_column_container\"><div class=\"vc_column-inner\"><div class=\"w-separator size_custom\" style=\"height:20px\"><\/div><\/div><\/div><\/div><\/div><\/section><section class=\"l-section wpb_row height_small\"><div class=\"l-section-h i-cf\"><div class=\"g-cols vc_row via_grid cols_1 laptops-cols_inherit tablets-cols_inherit mobiles-cols_1 valign_top type_default stacking_default\"><div class=\"wpb_column vc_column_container\"><div class=\"vc_column-inner\"><div class=\"w-separator size_medium\"><\/div><div class=\"wpb_text_column us_custom_2e567bb4 has_text_color\"><div class=\"wpb_wrapper\"><p style=\"text-align: center;\"><strong>SOLUTIONS POUR L&rsquo;INDUSTRIE<\/strong><\/p>\n<\/div><\/div><div class=\"w-separator size_small\"><\/div><div class=\"wpb_text_column us_custom_1b2ad669\"><div class=\"wpb_wrapper\"><p>Solutions pour le secteur industriel :<\/p>\n<\/div><\/div><div class=\"w-separator size_medium\"><\/div><\/div><\/div><\/div><\/div><\/section><section class=\"l-section wpb_row height_small\"><div class=\"l-section-h i-cf\"><div class=\"g-cols vc_row via_grid cols_3 laptops-cols_inherit tablets-cols_inherit mobiles-cols_1 valign_top type_default stacking_default\"><div class=\"wpb_column vc_column_container\"><div class=\"vc_column-inner\"><div class=\"w-iconbox us_custom_c333c40f has_text_color us_animate_this iconpos_top style_default color_primary align_center no_text icontype_img\"><a title=\"Embalaje presentaci\u00f3n\" href=\"bienes-de-equipo\/\" class=\"w-iconbox-link\" aria-label=\"BIENS D&rsquo;\u00c9QUIPEMENT\"><div class=\"w-iconbox-icon\" style=\"font-size:100px;\"><img loading=\"lazy\" decoding=\"async\" width=\"126\" height=\"126\" src=\"https:\/\/modisprem.com\/wp-content\/uploads\/2023\/08\/bienes-de-equipo.png\" class=\"attachment-full size-full\" alt=\"Bienes de equipo\" srcset=\"https:\/\/modisprem.com\/wp-content\/uploads\/2023\/08\/bienes-de-equipo.png 126w, https:\/\/modisprem.com\/wp-content\/uploads\/2023\/08\/bienes-de-equipo-24x24.png 24w, https:\/\/modisprem.com\/wp-content\/uploads\/2023\/08\/bienes-de-equipo-36x36.png 36w, https:\/\/modisprem.com\/wp-content\/uploads\/2023\/08\/bienes-de-equipo-48x48.png 48w\" sizes=\"auto, (max-width: 126px) 100vw, 126px\" \/><\/div><\/a><div class=\"w-iconbox-meta\"><a title=\"Embalaje presentaci\u00f3n\" href=\"bienes-de-equipo\/\" class=\"w-iconbox-link\" aria-label=\"BIENS D&rsquo;\u00c9QUIPEMENT\"><div class=\"w-iconbox-title\" style=\"font-size:28px;\">BIENS D&rsquo;\u00c9QUIPEMENT<\/div><\/a><\/div><\/div><div class=\"wpb_text_column\"><div class=\"wpb_wrapper\"><p style=\"text-align: center;\">Solution pour l&rsquo;industrie<\/p>\n<\/div><\/div><\/div><\/div><div class=\"wpb_column vc_column_container\"><div class=\"vc_column-inner\"><div class=\"w-iconbox us_custom_b34e1a1e has_text_color us_animate_this iconpos_top style_default color_primary align_center no_text icontype_img\"><a title=\"Embalaje presentaci\u00f3n\" href=\"electrodomesticos\/\" class=\"w-iconbox-link\" aria-label=\"APPAREILS \u00c9LECTROM\u00c9NAGERS\"><div class=\"w-iconbox-icon\" style=\"font-size:100px;\"><img loading=\"lazy\" decoding=\"async\" width=\"126\" height=\"125\" src=\"https:\/\/modisprem.com\/wp-content\/uploads\/2023\/08\/electrodomesticos.png\" class=\"attachment-full size-full\" alt=\"Electrodom\u00e9sticos\" srcset=\"https:\/\/modisprem.com\/wp-content\/uploads\/2023\/08\/electrodomesticos.png 126w, https:\/\/modisprem.com\/wp-content\/uploads\/2023\/08\/electrodomesticos-24x24.png 24w, https:\/\/modisprem.com\/wp-content\/uploads\/2023\/08\/electrodomesticos-36x36.png 36w, https:\/\/modisprem.com\/wp-content\/uploads\/2023\/08\/electrodomesticos-48x48.png 48w\" sizes=\"auto, (max-width: 126px) 100vw, 126px\" \/><\/div><\/a><div class=\"w-iconbox-meta\"><a title=\"Embalaje presentaci\u00f3n\" href=\"electrodomesticos\/\" class=\"w-iconbox-link\" aria-label=\"APPAREILS \u00c9LECTROM\u00c9NAGERS\"><div class=\"w-iconbox-title\" style=\"font-size:28px;\">APPAREILS \u00c9LECTROM\u00c9NAGERS<\/div><\/a><\/div><\/div><div class=\"wpb_text_column\"><div class=\"wpb_wrapper\"><p style=\"text-align: center;\">Solution pour l&rsquo;industrie<\/p>\n<\/div><\/div><\/div><\/div><div class=\"wpb_column vc_column_container\"><div class=\"vc_column-inner\"><div class=\"w-iconbox us_custom_5bfbd05d has_text_color us_animate_this iconpos_top style_default color_primary align_center no_text icontype_img\"><a title=\"Embalaje presentaci\u00f3n\" href=\"energias-renovables\/\" class=\"w-iconbox-link\" aria-label=\"\u00c9NERGIES RENOUVELABLES\"><div class=\"w-iconbox-icon\" style=\"font-size:100px;\"><img loading=\"lazy\" decoding=\"async\" width=\"126\" height=\"126\" src=\"https:\/\/modisprem.com\/wp-content\/uploads\/2023\/08\/energias-renovables.png\" class=\"attachment-full size-full\" alt=\"Energ\u00edas Renovables\" srcset=\"https:\/\/modisprem.com\/wp-content\/uploads\/2023\/08\/energias-renovables.png 126w, https:\/\/modisprem.com\/wp-content\/uploads\/2023\/08\/energias-renovables-24x24.png 24w, https:\/\/modisprem.com\/wp-content\/uploads\/2023\/08\/energias-renovables-36x36.png 36w, https:\/\/modisprem.com\/wp-content\/uploads\/2023\/08\/energias-renovables-48x48.png 48w\" sizes=\"auto, (max-width: 126px) 100vw, 126px\" \/><\/div><\/a><div class=\"w-iconbox-meta\"><a title=\"Embalaje presentaci\u00f3n\" href=\"energias-renovables\/\" class=\"w-iconbox-link\" aria-label=\"\u00c9NERGIES RENOUVELABLES\"><div class=\"w-iconbox-title\" style=\"font-size:28px;\">\u00c9NERGIES RENOUVELABLES<\/div><\/a><\/div><\/div><div class=\"wpb_text_column\"><div class=\"wpb_wrapper\"><p style=\"text-align: center;\">Solution pour l&rsquo;industrie<\/p>\n<\/div><\/div><\/div><\/div><\/div><\/div><\/section><section class=\"l-section wpb_row us_custom_97dd6e03 has_text_color height_small\"><div class=\"l-section-h i-cf\"><div class=\"g-cols vc_row via_grid cols_3 laptops-cols_inherit tablets-cols_inherit mobiles-cols_1 valign_top type_default stacking_default\"><div class=\"wpb_column vc_column_container\"><div class=\"vc_column-inner\"><div class=\"w-iconbox us_custom_0397699c has_text_color us_animate_this iconpos_top style_default color_primary align_center no_text icontype_img\"><a title=\"Embalaje presentaci\u00f3n\" href=\"sector-aeronautico\/\" class=\"w-iconbox-link\" aria-label=\"SECTEUR A\u00c9RONAUTIQUE\"><div class=\"w-iconbox-icon\" style=\"font-size:100px;\"><img loading=\"lazy\" decoding=\"async\" width=\"126\" height=\"126\" src=\"https:\/\/modisprem.com\/wp-content\/uploads\/2023\/08\/sector-aeronautico.png\" class=\"attachment-full size-full\" alt=\"Sector Aerona\u00fatico\" srcset=\"https:\/\/modisprem.com\/wp-content\/uploads\/2023\/08\/sector-aeronautico.png 126w, https:\/\/modisprem.com\/wp-content\/uploads\/2023\/08\/sector-aeronautico-24x24.png 24w, https:\/\/modisprem.com\/wp-content\/uploads\/2023\/08\/sector-aeronautico-36x36.png 36w, https:\/\/modisprem.com\/wp-content\/uploads\/2023\/08\/sector-aeronautico-48x48.png 48w\" sizes=\"auto, (max-width: 126px) 100vw, 126px\" \/><\/div><\/a><div class=\"w-iconbox-meta\"><a title=\"Embalaje presentaci\u00f3n\" href=\"sector-aeronautico\/\" class=\"w-iconbox-link\" aria-label=\"SECTEUR A\u00c9RONAUTIQUE\"><div class=\"w-iconbox-title\" style=\"font-size:28px;\">SECTEUR A\u00c9RONAUTIQUE<\/div><\/a><\/div><\/div><div class=\"wpb_text_column us_custom_ae99f6aa has_text_color\"><div class=\"wpb_wrapper\"><p style=\"text-align: center;\">Solution pour l&rsquo;industrie<\/p>\n<\/div><\/div><\/div><\/div><div class=\"wpb_column vc_column_container\"><div class=\"vc_column-inner\"><div class=\"w-iconbox us_custom_51e1429a has_text_color us_animate_this iconpos_top style_default color_primary align_center no_text icontype_img\"><a title=\"Embalaje presentaci\u00f3n\" href=\"sector-ferroviario\/\" class=\"w-iconbox-link\" aria-label=\"INDUSTRIE FERROVIAIRE\"><div class=\"w-iconbox-icon\" style=\"font-size:100px;\"><img loading=\"lazy\" decoding=\"async\" width=\"126\" height=\"125\" src=\"https:\/\/modisprem.com\/wp-content\/uploads\/2023\/08\/sector-ferroviario.png\" class=\"attachment-full size-full\" alt=\"Sector Ferroviario\" srcset=\"https:\/\/modisprem.com\/wp-content\/uploads\/2023\/08\/sector-ferroviario.png 126w, https:\/\/modisprem.com\/wp-content\/uploads\/2023\/08\/sector-ferroviario-24x24.png 24w, https:\/\/modisprem.com\/wp-content\/uploads\/2023\/08\/sector-ferroviario-36x36.png 36w, https:\/\/modisprem.com\/wp-content\/uploads\/2023\/08\/sector-ferroviario-48x48.png 48w\" sizes=\"auto, (max-width: 126px) 100vw, 126px\" \/><\/div><\/a><div class=\"w-iconbox-meta\"><a title=\"Embalaje presentaci\u00f3n\" href=\"sector-ferroviario\/\" class=\"w-iconbox-link\" aria-label=\"INDUSTRIE FERROVIAIRE\"><div class=\"w-iconbox-title\" style=\"font-size:28px;\">INDUSTRIE FERROVIAIRE<\/div><\/a><\/div><\/div><div class=\"wpb_text_column us_custom_ae99f6aa has_text_color\"><div class=\"wpb_wrapper\"><p style=\"text-align: center;\">Solution pour l&rsquo;industrie<\/p>\n<\/div><\/div><\/div><\/div><div class=\"wpb_column vc_column_container\"><div class=\"vc_column-inner\"><div class=\"w-iconbox us_custom_714cfc03 has_text_color us_animate_this iconpos_top style_default color_primary align_center no_text icontype_img\"><a title=\"Embalaje presentaci\u00f3n\" href=\"sector-limpieza-e-higiene\/\" class=\"w-iconbox-link\" aria-label=\"SECTEUR DU NETTOYAGE ET DE L&rsquo;HYGI\u00c8NE\"><div class=\"w-iconbox-icon\" style=\"font-size:100px;\"><img loading=\"lazy\" decoding=\"async\" width=\"126\" height=\"126\" src=\"https:\/\/modisprem.com\/wp-content\/uploads\/2023\/08\/sector-limpieza-e-higiene.png\" class=\"attachment-full size-full\" alt=\"Sector Limpieza e Higiene\" srcset=\"https:\/\/modisprem.com\/wp-content\/uploads\/2023\/08\/sector-limpieza-e-higiene.png 126w, https:\/\/modisprem.com\/wp-content\/uploads\/2023\/08\/sector-limpieza-e-higiene-24x24.png 24w, https:\/\/modisprem.com\/wp-content\/uploads\/2023\/08\/sector-limpieza-e-higiene-36x36.png 36w, https:\/\/modisprem.com\/wp-content\/uploads\/2023\/08\/sector-limpieza-e-higiene-48x48.png 48w\" sizes=\"auto, (max-width: 126px) 100vw, 126px\" \/><\/div><\/a><div class=\"w-iconbox-meta\"><a title=\"Embalaje presentaci\u00f3n\" href=\"sector-limpieza-e-higiene\/\" class=\"w-iconbox-link\" aria-label=\"SECTEUR DU NETTOYAGE ET DE L&rsquo;HYGI\u00c8NE\"><div class=\"w-iconbox-title\" style=\"font-size:28px;\">SECTEUR DU NETTOYAGE ET DE L&rsquo;HYGI\u00c8NE<\/div><\/a><\/div><\/div><div class=\"wpb_text_column us_custom_ae99f6aa has_text_color\"><div class=\"wpb_wrapper\"><p style=\"text-align: center;\">Solution pour l&rsquo;industrie<\/p>\n<\/div><\/div><\/div><\/div><\/div><\/div><\/section><section class=\"l-section wpb_row us_custom_4e0cc4c3 height_medium with_img parallax_ver\"><div class=\"l-section-img\" role=\"img\" data-img-width=\"1920\" data-img-height=\"1080\" style=\"background-image: url(https:\/\/modisprem.com\/wp-content\/uploads\/2023\/08\/fondo-industria-1.jpg);\"><\/div><div class=\"l-section-overlay\" style=\"background:linear-gradient(180deg,rgba(216,209,72,0.20),#d8d148)\"><\/div><div class=\"l-section-h i-cf\"><div class=\"g-cols vc_row via_grid cols_2 laptops-cols_inherit tablets-cols_inherit mobiles-cols_1 valign_middle type_default stacking_default\"><div class=\"wpb_column vc_column_container\"><div class=\"vc_column-inner\"><div class=\"w-grid type_carousel layout_89\" id=\"us_grid_1\" style=\"--gap:30px;\"><style>.layout_89 .w-grid-item-h{}.layout_89 .usg_post_image_1{transition-duration:0.3s;transform-origin:50% 50%;transform:scale(0.65) translate(0%,0%)}.layout_89 .w-grid-item-h:hover .usg_post_image_1{transform:scale(0.8) translate(0%,0%);opacity:0.85}<\/style><div class=\"w-grid-list owl-carousel valign_middle dotstyle_circle navstyle_circle navpos_inside owl-responsive-2000 with_arrows\" style=\"--transition-duration:350ms;--arrows-size:1.5rem;\">\t<article class=\"w-grid-item post-3468 attachment type-attachment status-inherit hentry\" data-id=\"3468\">\r\n\t\t<div class=\"w-grid-item-h\">\r\n\t\t\t\t\t\t<div class=\"w-post-elm post_image usg_post_image_1 stretched\"><img loading=\"lazy\" decoding=\"async\" width=\"1024\" height=\"681\" src=\"https:\/\/modisprem.com\/wp-content\/uploads\/2024\/02\/ferroviario-1.jpg\" class=\"attachment-full size-full\" alt=\"\" srcset=\"https:\/\/modisprem.com\/wp-content\/uploads\/2024\/02\/ferroviario-1.jpg 1024w, https:\/\/modisprem.com\/wp-content\/uploads\/2024\/02\/ferroviario-1-300x200.jpg 300w, https:\/\/modisprem.com\/wp-content\/uploads\/2024\/02\/ferroviario-1-24x16.jpg 24w, https:\/\/modisprem.com\/wp-content\/uploads\/2024\/02\/ferroviario-1-36x24.jpg 36w, https:\/\/modisprem.com\/wp-content\/uploads\/2024\/02\/ferroviario-1-48x32.jpg 48w\" sizes=\"auto, (max-width: 1024px) 100vw, 1024px\" \/><\/div>\t\t<\/div>\r\n\t\t\t<\/article>\r\n\t<article class=\"w-grid-item post-3438 attachment type-attachment status-inherit hentry\" data-id=\"3438\">\r\n\t\t<div class=\"w-grid-item-h\">\r\n\t\t\t\t\t\t<div class=\"w-post-elm post_image usg_post_image_1 stretched\"><img loading=\"lazy\" decoding=\"async\" width=\"768\" height=\"512\" src=\"https:\/\/modisprem.com\/wp-content\/uploads\/2024\/02\/aeronautico.jpg\" class=\"attachment-full size-full\" alt=\"\" srcset=\"https:\/\/modisprem.com\/wp-content\/uploads\/2024\/02\/aeronautico.jpg 768w, https:\/\/modisprem.com\/wp-content\/uploads\/2024\/02\/aeronautico-300x200.jpg 300w, https:\/\/modisprem.com\/wp-content\/uploads\/2024\/02\/aeronautico-24x16.jpg 24w, https:\/\/modisprem.com\/wp-content\/uploads\/2024\/02\/aeronautico-36x24.jpg 36w, https:\/\/modisprem.com\/wp-content\/uploads\/2024\/02\/aeronautico-48x32.jpg 48w\" sizes=\"auto, (max-width: 768px) 100vw, 768px\" \/><\/div>\t\t<\/div>\r\n\t\t\t<\/article>\r\n\t<article class=\"w-grid-item post-3429 attachment type-attachment status-inherit hentry\" data-id=\"3429\">\r\n\t\t<div class=\"w-grid-item-h\">\r\n\t\t\t\t\t\t<div class=\"w-post-elm post_image usg_post_image_1 stretched\"><img loading=\"lazy\" decoding=\"async\" width=\"1024\" height=\"680\" src=\"https:\/\/modisprem.com\/wp-content\/uploads\/2024\/02\/energias-renovables-1.jpg\" class=\"attachment-full size-full\" alt=\"\" srcset=\"https:\/\/modisprem.com\/wp-content\/uploads\/2024\/02\/energias-renovables-1.jpg 1024w, https:\/\/modisprem.com\/wp-content\/uploads\/2024\/02\/energias-renovables-1-300x199.jpg 300w, https:\/\/modisprem.com\/wp-content\/uploads\/2024\/02\/energias-renovables-1-24x16.jpg 24w, https:\/\/modisprem.com\/wp-content\/uploads\/2024\/02\/energias-renovables-1-36x24.jpg 36w, https:\/\/modisprem.com\/wp-content\/uploads\/2024\/02\/energias-renovables-1-48x32.jpg 48w\" sizes=\"auto, (max-width: 1024px) 100vw, 1024px\" \/><\/div>\t\t<\/div>\r\n\t\t\t<\/article>\r\n<\/div>\t<div class=\"g-preloader type_1\">\r\n\t\t<div><\/div>\r\n\t<\/div>\r\n\t\t<div class=\"w-grid-json hidden\" onclick='return {&quot;action&quot;:&quot;us_ajax_grid&quot;,&quot;infinite_scroll&quot;:0,&quot;max_num_pages&quot;:1,&quot;pagination&quot;:&quot;none&quot;,&quot;template_vars&quot;:{&quot;columns&quot;:&quot;&quot;,&quot;exclude_items&quot;:&quot;none&quot;,&quot;img_size&quot;:&quot;default&quot;,&quot;ignore_items_size&quot;:0,&quot;items_layout&quot;:&quot;89&quot;,&quot;items_offset&quot;:&quot;0px&quot;,&quot;load_animation&quot;:&quot;none&quot;,&quot;overriding_link&quot;:&quot;%7B%22url%22%3A%22%22%7D&quot;,&quot;post_id&quot;:0,&quot;query_args&quot;:{&quot;post_type&quot;:[&quot;attachment&quot;],&quot;post__in&quot;:[&quot;1863&quot;,&quot;1880&quot;,&quot;1868&quot;],&quot;post_status&quot;:&quot;inherit&quot;,&quot;post_mime_type&quot;:&quot;image&quot;,&quot;posts_per_page&quot;:&quot;10&quot;},&quot;orderby_query_args&quot;:{&quot;orderby&quot;:{&quot;date&quot;:&quot;DESC&quot;}},&quot;type&quot;:&quot;carousel&quot;,&quot;us_grid_post_type&quot;:&quot;attachment&quot;,&quot;us_grid_ajax_index&quot;:1,&quot;us_grid_filter_query_string&quot;:null,&quot;us_grid_index&quot;:1,&quot;page_args&quot;:[],&quot;lang&quot;:&quot;fr&quot;},&quot;carousel_settings&quot;:{&quot;aria_labels&quot;:{&quot;prev&quot;:&quot;Pr\\u00e9c\\u00e9dent&quot;,&quot;next&quot;:&quot;Suivant&quot;},&quot;autoplayContinual&quot;:false,&quot;autoplayHoverPause&quot;:false,&quot;autoplayTimeout&quot;:3000,&quot;fluidSpeed&quot;:350,&quot;margin&quot;:0,&quot;mouseDrag&quot;:true,&quot;rtl&quot;:false,&quot;slideBy&quot;:&quot;1&quot;,&quot;touchDrag&quot;:true,&quot;slideTransition&quot;:&quot;&quot;,&quot;animateIn&quot;:&quot;fadeIn&quot;,&quot;animateOut&quot;:&quot;fadeOut&quot;,&quot;responsive&quot;:{&quot;0&quot;:{&quot;autoHeight&quot;:false,&quot;autoplay&quot;:false,&quot;autoWidth&quot;:false,&quot;center&quot;:false,&quot;dots&quot;:false,&quot;items&quot;:1,&quot;loop&quot;:false,&quot;nav&quot;:false,&quot;stagePadding&quot;:0},&quot;601&quot;:{&quot;items&quot;:1,&quot;autoplay&quot;:true,&quot;center&quot;:false,&quot;dots&quot;:false,&quot;nav&quot;:true,&quot;autoHeight&quot;:false,&quot;autoWidth&quot;:false,&quot;loop&quot;:true,&quot;stagePadding&quot;:0}}}}'><\/div>\r\n\t<\/div><\/div><\/div><div class=\"wpb_column vc_column_container\"><div class=\"vc_column-inner\"><div class=\"wpb_text_column us_custom_e4066a86 has_text_color\"><div class=\"wpb_wrapper\"><p style=\"text-align: center;\">SOLUTIONS POUR L&rsquo;INDUSTRIE<\/p>\n<\/div><\/div><div class=\"w-separator size_small\"><\/div><div class=\"wpb_text_column us_custom_abda806c has_text_color\"><div class=\"wpb_wrapper\"><p>Ce n&rsquo;est qu&rsquo;un \u00e9chantillon des solutions pour le secteur industriel que vous trouverez chez Modisprem.<\/p>\n<\/div><\/div><\/div><\/div><\/div><\/div><\/section>\n","protected":false},"excerpt":{"rendered":"<p>Materiales para el embalaje de protecci\u00f3n, t\u00e9cnico y antiest\u00e1tico.<\/p>\n","protected":false},"author":1,"featured_media":2589,"parent":0,"menu_order":3,"comment_status":"closed","ping_status":"closed","template":"","meta":{"footnotes":""},"class_list":["post-3901","page","type-page","status-publish","has-post-thumbnail","hentry"],"_links":{"self":[{"href":"https:\/\/modisprem.com\/fr\/wp-json\/wp\/v2\/pages\/3901","targetHints":{"allow":["GET"]}}],"collection":[{"href":"https:\/\/modisprem.com\/fr\/wp-json\/wp\/v2\/pages"}],"about":[{"href":"https:\/\/modisprem.com\/fr\/wp-json\/wp\/v2\/types\/page"}],"author":[{"embeddable":true,"href":"https:\/\/modisprem.com\/fr\/wp-json\/wp\/v2\/users\/1"}],"replies":[{"embeddable":true,"href":"https:\/\/modisprem.com\/fr\/wp-json\/wp\/v2\/comments?post=3901"}],"version-history":[{"count":5,"href":"https:\/\/modisprem.com\/fr\/wp-json\/wp\/v2\/pages\/3901\/revisions"}],"predecessor-version":[{"id":5048,"href":"https:\/\/modisprem.com\/fr\/wp-json\/wp\/v2\/pages\/3901\/revisions\/5048"}],"wp:featuredmedia":[{"embeddable":true,"href":"https:\/\/modisprem.com\/fr\/wp-json\/wp\/v2\/media\/2589"}],"wp:attachment":[{"href":"https:\/\/modisprem.com\/fr\/wp-json\/wp\/v2\/media?parent=3901"}],"curies":[{"name":"wp","href":"https:\/\/api.w.org\/{rel}","templated":true}]}}