{"id":3803,"date":"2023-02-23T13:51:46","date_gmt":"2023-02-23T12:51:46","guid":{"rendered":"http:\/\/modisprem.com\/construccion\/"},"modified":"2024-09-23T18:32:41","modified_gmt":"2024-09-23T16:32:41","slug":"construccion","status":"publish","type":"page","link":"https:\/\/modisprem.com\/fr\/construccion\/","title":{"rendered":"B\u00e2timent"},"content":{"rendered":"<section class=\"l-section wpb_row height_auto\"><div class=\"l-section-h i-cf\"><div class=\"g-cols vc_row via_grid cols_1 laptops-cols_inherit tablets-cols_inherit mobiles-cols_1 valign_top type_default stacking_default\"><div class=\"wpb_column vc_column_container\"><div class=\"vc_column-inner\">\n\t\t\t<!-- START Construcci\u00f3n REVOLUTION SLIDER 6.6.19 --><p class=\"rs-p-wp-fix\"><\/p>\n\t\t\t<rs-module-wrap id=\"rev_slider_11_1_wrapper\" data-source=\"gallery\" style=\"visibility:hidden;background:transparent;padding:0;margin:0px auto;margin-top:0;margin-bottom:0;\">\n\t\t\t\t<rs-module id=\"rev_slider_11_1\" style=\"\" data-version=\"6.6.19\">\n\t\t\t\t\t<rs-slides style=\"overflow: hidden; position: absolute;\">\n\t\t\t\t\t\t<rs-slide style=\"position: absolute;\" data-key=\"rs-71\" data-title=\"Construccion\" data-in=\"o:0;\" data-out=\"a:false;\">\n\t\t\t\t\t\t\t<img decoding=\"async\" src=\"\/\/modisprem.com\/wp-content\/plugins\/revslider\/public\/assets\/assets\/dummy.png\" alt=\"Construcci\u00f3n\" title=\"Construcci\u00f3n\" width=\"1920\" height=\"960\" class=\"rev-slidebg tp-rs-img rs-lazyload\" data-lazyload=\"\/\/modisprem.com\/wp-content\/uploads\/2024\/01\/construccion.jpg\" data-panzoom=\"d:10000;ss:100;se:130%;\" data-no-retina>\n<!---->\t\t\t\t\t\t<\/rs-slide>\n\t\t\t\t\t\t<rs-slide style=\"position: absolute;\" data-key=\"rs-74\" data-title=\"Cocina\" data-in=\"o:0;\" data-out=\"a:false;\">\n\t\t\t\t\t\t\t<img decoding=\"async\" src=\"\/\/modisprem.com\/wp-content\/plugins\/revslider\/public\/assets\/assets\/dummy.png\" alt=\"Construcci\u00f3n\" title=\"Construcci\u00f3n\" width=\"1936\" height=\"1292\" class=\"rev-slidebg tp-rs-img rs-lazyload\" data-lazyload=\"\/\/modisprem.com\/wp-content\/uploads\/2024\/01\/construccion.png\" data-panzoom=\"d:10000;ss:100;se:130%;\" data-no-retina>\n<!---->\t\t\t\t\t\t<\/rs-slide>\n\t\t\t\t\t<\/rs-slides>\n\t\t\t\t<\/rs-module>\n\t\t\t\t<script>\n\t\t\t\t\tsetREVStartSize({c: 'rev_slider_11_1',rl:[1240,1024,778,480],el:[550],gw:[1240],gh:[550],type:'standard',justify:'',layout:'fullwidth',mh:\"0\"});if (window.RS_MODULES!==undefined && window.RS_MODULES.modules!==undefined && window.RS_MODULES.modules[\"revslider111\"]!==undefined) {window.RS_MODULES.modules[\"revslider111\"].once = false;window.revapi11 = undefined;if (window.RS_MODULES.checkMinimal!==undefined) window.RS_MODULES.checkMinimal()}\n\t\t\t\t<\/script>\n\t\t\t<\/rs-module-wrap>\n\t\t\t<!-- END REVOLUTION SLIDER -->\n<\/div><\/div><\/div><\/div><\/section><section class=\"l-section wpb_row height_auto\"><div class=\"l-section-overlay\" style=\"background:#b48d55\"><\/div><div class=\"l-section-h i-cf\"><div class=\"g-cols vc_row via_grid cols_1 laptops-cols_inherit tablets-cols_inherit mobiles-cols_1 valign_top type_default stacking_default\"><div class=\"wpb_column vc_column_container\"><div class=\"vc_column-inner\"><div class=\"w-separator size_custom\" style=\"height:20px\"><\/div><\/div><\/div><\/div><\/div><\/section><section class=\"l-section wpb_row height_medium with_img parallax_ver\"><div class=\"l-section-img\" role=\"img\" data-img-width=\"1920\" data-img-height=\"1201\" style=\"background-image: url(https:\/\/modisprem.com\/wp-content\/uploads\/2024\/01\/fondo-blanco-abstracto-reducido.jpg);\"><\/div><div class=\"l-section-overlay\" style=\"background:linear-gradient(180deg,rgba(255,255,255,0.00),#ffffff)\"><\/div><div class=\"l-section-h i-cf\"><div class=\"g-cols vc_row via_grid cols_2 laptops-cols_inherit tablets-cols_inherit mobiles-cols_1 valign_top type_default stacking_default\"><div class=\"wpb_column vc_column_container\"><div class=\"vc_column-inner\"><div class=\"w-image us_custom_7e20fa79 us_animate_this align_center\"><div class=\"w-image-h\"><img decoding=\"async\" width=\"672\" height=\"545\" src=\"https:\/\/modisprem.com\/wp-content\/uploads\/2023\/08\/casa-construccion.png\" class=\"attachment-full size-full\" alt=\"\" loading=\"lazy\" srcset=\"https:\/\/modisprem.com\/wp-content\/uploads\/2023\/08\/casa-construccion.png 672w, https:\/\/modisprem.com\/wp-content\/uploads\/2023\/08\/casa-construccion-300x243.png 300w, https:\/\/modisprem.com\/wp-content\/uploads\/2023\/08\/casa-construccion-24x19.png 24w, https:\/\/modisprem.com\/wp-content\/uploads\/2023\/08\/casa-construccion-36x29.png 36w, https:\/\/modisprem.com\/wp-content\/uploads\/2023\/08\/casa-construccion-48x39.png 48w\" sizes=\"auto, (max-width: 672px) 100vw, 672px\" \/><\/div><\/div><\/div><\/div><div class=\"wpb_column vc_column_container us_custom_47474b22 us_animate_this\"><div class=\"vc_column-inner\"><div class=\"w-tabs layout_hor style_trendy switch_click has_scrolling\" style=\"--sections-title-size:1em\"><div class=\"w-tabs-list items_3 align_none\"><div class=\"w-tabs-list-h\"><button class=\"w-tabs-item active\" aria-controls=\"content-h101\" aria-expanded=\"false\"><span class=\"w-tabs-item-title\">1. Murs et plafonds<\/span><\/button><button class=\"w-tabs-item\" aria-controls=\"content-h42c\" aria-expanded=\"false\"><span class=\"w-tabs-item-title\">2. Plafond<\/span><\/button><button class=\"w-tabs-item\" aria-controls=\"content-d6ec\" aria-expanded=\"false\"><span class=\"w-tabs-item-title\">3. Sol<\/span><\/button><\/div><\/div><div class=\"w-tabs-sections titles-align_none icon_chevron cpos_right\"><div class=\"w-tabs-section active\" id=\"h101\"><button class=\"w-tabs-section-header active\" aria-controls=\"content-h101\" aria-expanded=\"true\"><div class=\"w-tabs-section-title\">1. Murs et plafonds<\/div><div class=\"w-tabs-section-control\"><\/div><\/button><div  class=\"w-tabs-section-content\" id=\"content-h101\"><div class=\"w-tabs-section-content-h i-cf\"><div class=\"g-cols wpb_row via_grid cols_1 laptops-cols_inherit tablets-cols_inherit mobiles-cols_1 valign_top type_default stacking_default\" style=\"--gap:3rem;\"><div class=\"wpb_column vc_column_container\"><div class=\"vc_column-inner\"><div class=\"wpb_text_column\"><div class=\"wpb_wrapper\"><p>Protection des murs et des colonnes.<br \/>\nJoints pour absorption des vibrations.<br \/>\nJoints de dilatation.<br \/>\nJoints pour rupture de pont thermique.<br \/>\nBandages et coupe-froid pour l&rsquo;\u00e9tanch\u00e9it\u00e9.<br \/>\nIsolation acoustique des murs et plafonds.<\/p>\n<\/div><\/div><\/div><\/div><\/div><\/div><\/div><\/div><div class=\"w-tabs-section\" id=\"h42c\"><button class=\"w-tabs-section-header\" aria-controls=\"content-h42c\" aria-expanded=\"false\"><div class=\"w-tabs-section-title\">2. Plafond<\/div><div class=\"w-tabs-section-control\"><\/div><\/button><div  class=\"w-tabs-section-content\" id=\"content-h42c\"><div class=\"w-tabs-section-content-h i-cf\"><div class=\"wpb_text_column\"><div class=\"wpb_wrapper\"><p>Solutions d&rsquo;isolation pour conduits de climatisation.<br \/>\nPanneaux de plafond acoustiques.<br \/>\nFa\u00eeti\u00e8res pour sceller les goutti\u00e8res sous abri.<\/p>\n<\/div><\/div><\/div><\/div><\/div><div class=\"w-tabs-section\" id=\"d6ec\"><button class=\"w-tabs-section-header\" aria-controls=\"content-d6ec\" aria-expanded=\"false\"><div class=\"w-tabs-section-title\">3. Sol<\/div><div class=\"w-tabs-section-control\"><\/div><\/button><div  class=\"w-tabs-section-content\" id=\"content-d6ec\"><div class=\"w-tabs-section-content-h i-cf\"><div class=\"wpb_text_column\"><div class=\"wpb_wrapper\"><p>Protection anti-impact.<br \/>\nFeuilles pour l&rsquo;absorption des vibrations.<\/p>\n<\/div><\/div><\/div><\/div><\/div><\/div><\/div><\/div><\/div><\/div><\/div><\/section><section class=\"l-section wpb_row height_small\"><div class=\"l-section-h i-cf\"><div class=\"g-cols vc_row via_grid cols_1 laptops-cols_inherit tablets-cols_inherit mobiles-cols_1 valign_top type_default stacking_default\"><div class=\"wpb_column vc_column_container\"><div class=\"vc_column-inner\"><div class=\"wpb_text_column us_custom_2e567bb4 has_text_color\"><div class=\"wpb_wrapper\"><p style=\"text-align: center;\"><strong>SOLUTIONS DE CONSTRUCTION<\/strong><\/p>\n<\/div><\/div><div class=\"w-separator size_small\"><\/div><div class=\"wpb_text_column us_custom_1b2ad669\"><div class=\"wpb_wrapper\"><p>Solutions pour le secteur\u00a0<strong>de la Construction<\/strong>\u00a0:<\/p>\n<\/div><\/div><div class=\"w-separator size_medium\"><\/div><\/div><\/div><\/div><\/div><\/section><section class=\"l-section wpb_row height_small\"><div class=\"l-section-h i-cf\"><div class=\"g-cols vc_row via_grid cols_3 laptops-cols_inherit tablets-cols_inherit mobiles-cols_1 valign_top type_default stacking_default\"><div class=\"wpb_column vc_column_container\"><div class=\"vc_column-inner\"><div class=\"w-iconbox us_custom_c333c40f has_text_color us_animate_this iconpos_top style_default color_primary align_center no_text icontype_img\"><a title=\"Embalaje presentaci\u00f3n\" href=\"aislamiento-termico\/\" class=\"w-iconbox-link\" aria-label=\"ISOLATION THERMIQUE\"><div class=\"w-iconbox-icon\" style=\"font-size:100px;\"><img loading=\"lazy\" decoding=\"async\" width=\"125\" height=\"126\" src=\"https:\/\/modisprem.com\/wp-content\/uploads\/2023\/08\/ignifugo.png\" class=\"attachment-full size-full\" alt=\"Aislamiento T\u00e9rmico\" srcset=\"https:\/\/modisprem.com\/wp-content\/uploads\/2023\/08\/ignifugo.png 125w, https:\/\/modisprem.com\/wp-content\/uploads\/2023\/08\/ignifugo-24x24.png 24w, https:\/\/modisprem.com\/wp-content\/uploads\/2023\/08\/ignifugo-36x36.png 36w, https:\/\/modisprem.com\/wp-content\/uploads\/2023\/08\/ignifugo-48x48.png 48w\" sizes=\"auto, (max-width: 125px) 100vw, 125px\" \/><\/div><\/a><div class=\"w-iconbox-meta\"><a title=\"Embalaje presentaci\u00f3n\" href=\"aislamiento-termico\/\" class=\"w-iconbox-link\" aria-label=\"ISOLATION THERMIQUE\"><div class=\"w-iconbox-title\" style=\"font-size:28px;\">ISOLATION THERMIQUE<\/div><\/a><\/div><\/div><div class=\"wpb_text_column\"><div class=\"wpb_wrapper\"><p style=\"text-align: center;\">Solution de construction<\/p>\n<\/div><\/div><\/div><\/div><div class=\"wpb_column vc_column_container\"><div class=\"vc_column-inner\"><div class=\"w-iconbox us_custom_b34e1a1e has_text_color us_animate_this iconpos_top style_default color_primary align_center no_text icontype_img\"><a title=\"Embalaje presentaci\u00f3n\" href=\"climatizacion\/\" class=\"w-iconbox-link\" aria-label=\"CLIMATISATION\"><div class=\"w-iconbox-icon\" style=\"font-size:100px;\"><img loading=\"lazy\" decoding=\"async\" width=\"126\" height=\"126\" src=\"https:\/\/modisprem.com\/wp-content\/uploads\/2023\/08\/resistente_frio.png\" class=\"attachment-full size-full\" alt=\"Climatizaci\u00f3n\" srcset=\"https:\/\/modisprem.com\/wp-content\/uploads\/2023\/08\/resistente_frio.png 126w, https:\/\/modisprem.com\/wp-content\/uploads\/2023\/08\/resistente_frio-24x24.png 24w, https:\/\/modisprem.com\/wp-content\/uploads\/2023\/08\/resistente_frio-36x36.png 36w, https:\/\/modisprem.com\/wp-content\/uploads\/2023\/08\/resistente_frio-48x48.png 48w\" sizes=\"auto, (max-width: 126px) 100vw, 126px\" \/><\/div><\/a><div class=\"w-iconbox-meta\"><a title=\"Embalaje presentaci\u00f3n\" href=\"climatizacion\/\" class=\"w-iconbox-link\" aria-label=\"CLIMATISATION\"><div class=\"w-iconbox-title\" style=\"font-size:28px;\">CLIMATISATION<\/div><\/a><\/div><\/div><div class=\"wpb_text_column\"><div class=\"wpb_wrapper\"><p style=\"text-align: center;\">Solution de construction<\/p>\n<\/div><\/div><\/div><\/div><div class=\"wpb_column vc_column_container\"><div class=\"vc_column-inner\"><div class=\"w-iconbox us_custom_5bfbd05d has_text_color us_animate_this iconpos_top style_default color_primary align_center no_text icontype_img\"><a title=\"Embalaje presentaci\u00f3n\" href=\"burletes-y-sellamiento\/\" class=\"w-iconbox-link\" aria-label=\"\u00c9TIRAGE ET SCELLEMENT\"><div class=\"w-iconbox-icon\" style=\"font-size:100px;\"><img loading=\"lazy\" decoding=\"async\" width=\"125\" height=\"125\" src=\"https:\/\/modisprem.com\/wp-content\/uploads\/2023\/08\/Marca_blanca.png\" class=\"attachment-full size-full\" alt=\"Burletes y Sellamiento\" srcset=\"https:\/\/modisprem.com\/wp-content\/uploads\/2023\/08\/Marca_blanca.png 125w, https:\/\/modisprem.com\/wp-content\/uploads\/2023\/08\/Marca_blanca-24x24.png 24w, https:\/\/modisprem.com\/wp-content\/uploads\/2023\/08\/Marca_blanca-36x36.png 36w, https:\/\/modisprem.com\/wp-content\/uploads\/2023\/08\/Marca_blanca-48x48.png 48w\" sizes=\"auto, (max-width: 125px) 100vw, 125px\" \/><\/div><\/a><div class=\"w-iconbox-meta\"><a title=\"Embalaje presentaci\u00f3n\" href=\"burletes-y-sellamiento\/\" class=\"w-iconbox-link\" aria-label=\"\u00c9TIRAGE ET SCELLEMENT\"><div class=\"w-iconbox-title\" style=\"font-size:28px;\">\u00c9TIRAGE ET SCELLEMENT<\/div><\/a><\/div><\/div><div class=\"wpb_text_column\"><div class=\"wpb_wrapper\"><p style=\"text-align: center;\">Solution de construction<\/p>\n<\/div><\/div><\/div><\/div><\/div><\/div><\/section><section class=\"l-section wpb_row us_custom_97dd6e03 has_text_color height_small\"><div class=\"l-section-h i-cf\"><div class=\"g-cols vc_row via_grid cols_3 laptops-cols_inherit tablets-cols_inherit mobiles-cols_1 valign_top type_default stacking_default\"><div class=\"wpb_column vc_column_container\"><div class=\"vc_column-inner\"><\/div><\/div><div class=\"wpb_column vc_column_container\"><div class=\"vc_column-inner\"><div class=\"w-iconbox us_custom_0397699c has_text_color us_animate_this iconpos_top style_default color_primary align_center no_text icontype_img\"><a title=\"Embalaje presentaci\u00f3n\" href=\"aislamiento-acustico\/\" class=\"w-iconbox-link\" aria-label=\"ISOLATION ACOUSTIQUE\"><div class=\"w-iconbox-icon\" style=\"font-size:100px;\"><img loading=\"lazy\" decoding=\"async\" width=\"126\" height=\"126\" src=\"https:\/\/modisprem.com\/wp-content\/uploads\/2023\/08\/Acustica.png\" class=\"attachment-full size-full\" alt=\"Aislamiento Ac\u00fastico\" srcset=\"https:\/\/modisprem.com\/wp-content\/uploads\/2023\/08\/Acustica.png 126w, https:\/\/modisprem.com\/wp-content\/uploads\/2023\/08\/Acustica-24x24.png 24w, https:\/\/modisprem.com\/wp-content\/uploads\/2023\/08\/Acustica-36x36.png 36w, https:\/\/modisprem.com\/wp-content\/uploads\/2023\/08\/Acustica-48x48.png 48w\" sizes=\"auto, (max-width: 126px) 100vw, 126px\" \/><\/div><\/a><div class=\"w-iconbox-meta\"><a title=\"Embalaje presentaci\u00f3n\" href=\"aislamiento-acustico\/\" class=\"w-iconbox-link\" aria-label=\"ISOLATION ACOUSTIQUE\"><div class=\"w-iconbox-title\" style=\"font-size:28px;\">ISOLATION ACOUSTIQUE<\/div><\/a><\/div><\/div><div class=\"wpb_text_column us_custom_ae99f6aa has_text_color\"><div class=\"wpb_wrapper\"><p style=\"text-align: center;\">Solution de construction<\/p>\n<\/div><\/div><\/div><\/div><div class=\"wpb_column vc_column_container\"><div class=\"vc_column-inner\"><\/div><\/div><\/div><\/div><\/section><section class=\"l-section wpb_row us_custom_4e0cc4c3 height_medium with_img parallax_ver\"><div class=\"l-section-img\" role=\"img\" data-img-width=\"1920\" data-img-height=\"1080\" style=\"background-image: url(https:\/\/modisprem.com\/wp-content\/uploads\/2023\/08\/fondo-construccion.jpg);\"><\/div><div class=\"l-section-overlay\" style=\"background:linear-gradient(180deg,rgba(180,141,85,0.00),#b48d55)\"><\/div><div class=\"l-section-h i-cf\"><div class=\"g-cols vc_row via_grid cols_2 laptops-cols_inherit tablets-cols_inherit mobiles-cols_1 valign_middle type_default stacking_default\"><div class=\"wpb_column vc_column_container\"><div class=\"vc_column-inner\"><div class=\"w-grid type_carousel layout_89\" id=\"us_grid_1\" style=\"--gap:30px;\"><style>.layout_89 .w-grid-item-h{}.layout_89 .usg_post_image_1{transition-duration:0.3s;transform-origin:50% 50%;transform:scale(0.65) translate(0%,0%)}.layout_89 .w-grid-item-h:hover .usg_post_image_1{transform:scale(0.8) translate(0%,0%);opacity:0.85}<\/style><div class=\"w-grid-list owl-carousel valign_middle dotstyle_circle navstyle_circle navpos_inside owl-responsive-2000 with_arrows\" style=\"--transition-duration:350ms;--arrows-size:1.5rem;\">\t<article class=\"w-grid-item post-3387 attachment type-attachment status-inherit hentry\" data-id=\"3387\">\r\n\t\t<div class=\"w-grid-item-h\">\r\n\t\t\t\t\t\t<div class=\"w-post-elm post_image usg_post_image_1 stretched\"><img loading=\"lazy\" decoding=\"async\" width=\"1024\" height=\"768\" src=\"https:\/\/modisprem.com\/wp-content\/uploads\/2024\/02\/aislamiento-acustico-3.jpg\" class=\"attachment-full size-full\" alt=\"\" srcset=\"https:\/\/modisprem.com\/wp-content\/uploads\/2024\/02\/aislamiento-acustico-3.jpg 1024w, https:\/\/modisprem.com\/wp-content\/uploads\/2024\/02\/aislamiento-acustico-3-300x225.jpg 300w, https:\/\/modisprem.com\/wp-content\/uploads\/2024\/02\/aislamiento-acustico-3-24x18.jpg 24w, https:\/\/modisprem.com\/wp-content\/uploads\/2024\/02\/aislamiento-acustico-3-36x27.jpg 36w, https:\/\/modisprem.com\/wp-content\/uploads\/2024\/02\/aislamiento-acustico-3-48x36.jpg 48w\" sizes=\"auto, (max-width: 1024px) 100vw, 1024px\" \/><\/div>\t\t<\/div>\r\n\t\t\t<\/article>\r\n\t<article class=\"w-grid-item post-3372 attachment type-attachment status-inherit hentry\" data-id=\"3372\">\r\n\t\t<div class=\"w-grid-item-h\">\r\n\t\t\t\t\t\t<div class=\"w-post-elm post_image usg_post_image_1 stretched\"><img loading=\"lazy\" decoding=\"async\" width=\"1024\" height=\"683\" src=\"https:\/\/modisprem.com\/wp-content\/uploads\/2024\/02\/burletes-2.jpg\" class=\"attachment-full size-full\" alt=\"\" srcset=\"https:\/\/modisprem.com\/wp-content\/uploads\/2024\/02\/burletes-2.jpg 1024w, https:\/\/modisprem.com\/wp-content\/uploads\/2024\/02\/burletes-2-300x200.jpg 300w, https:\/\/modisprem.com\/wp-content\/uploads\/2024\/02\/burletes-2-24x16.jpg 24w, https:\/\/modisprem.com\/wp-content\/uploads\/2024\/02\/burletes-2-36x24.jpg 36w, https:\/\/modisprem.com\/wp-content\/uploads\/2024\/02\/burletes-2-48x32.jpg 48w\" sizes=\"auto, (max-width: 1024px) 100vw, 1024px\" \/><\/div>\t\t<\/div>\r\n\t\t\t<\/article>\r\n\t<article class=\"w-grid-item post-3357 attachment type-attachment status-inherit hentry\" data-id=\"3357\">\r\n\t\t<div class=\"w-grid-item-h\">\r\n\t\t\t\t\t\t<div class=\"w-post-elm post_image usg_post_image_1 stretched\"><img loading=\"lazy\" decoding=\"async\" width=\"1024\" height=\"683\" src=\"https:\/\/modisprem.com\/wp-content\/uploads\/2024\/02\/climatizacion-2.jpg\" class=\"attachment-full size-full\" alt=\"\" srcset=\"https:\/\/modisprem.com\/wp-content\/uploads\/2024\/02\/climatizacion-2.jpg 1024w, https:\/\/modisprem.com\/wp-content\/uploads\/2024\/02\/climatizacion-2-300x200.jpg 300w, https:\/\/modisprem.com\/wp-content\/uploads\/2024\/02\/climatizacion-2-24x16.jpg 24w, https:\/\/modisprem.com\/wp-content\/uploads\/2024\/02\/climatizacion-2-36x24.jpg 36w, https:\/\/modisprem.com\/wp-content\/uploads\/2024\/02\/climatizacion-2-48x32.jpg 48w\" sizes=\"auto, (max-width: 1024px) 100vw, 1024px\" \/><\/div>\t\t<\/div>\r\n\t\t\t<\/article>\r\n\t<article class=\"w-grid-item post-3351 attachment type-attachment status-inherit hentry\" data-id=\"3351\">\r\n\t\t<div class=\"w-grid-item-h\">\r\n\t\t\t\t\t\t<div class=\"w-post-elm post_image usg_post_image_1 stretched\"><img loading=\"lazy\" decoding=\"async\" width=\"1024\" height=\"768\" src=\"https:\/\/modisprem.com\/wp-content\/uploads\/2024\/02\/climatizacion.jpg\" class=\"attachment-full size-full\" alt=\"\" srcset=\"https:\/\/modisprem.com\/wp-content\/uploads\/2024\/02\/climatizacion.jpg 1024w, https:\/\/modisprem.com\/wp-content\/uploads\/2024\/02\/climatizacion-300x225.jpg 300w, https:\/\/modisprem.com\/wp-content\/uploads\/2024\/02\/climatizacion-24x18.jpg 24w, https:\/\/modisprem.com\/wp-content\/uploads\/2024\/02\/climatizacion-36x27.jpg 36w, https:\/\/modisprem.com\/wp-content\/uploads\/2024\/02\/climatizacion-48x36.jpg 48w\" sizes=\"auto, (max-width: 1024px) 100vw, 1024px\" \/><\/div>\t\t<\/div>\r\n\t\t\t<\/article>\r\n<\/div>\t<div class=\"g-preloader type_1\">\r\n\t\t<div><\/div>\r\n\t<\/div>\r\n\t\t<div class=\"w-grid-json hidden\" onclick='return {&quot;action&quot;:&quot;us_ajax_grid&quot;,&quot;infinite_scroll&quot;:0,&quot;max_num_pages&quot;:1,&quot;pagination&quot;:&quot;none&quot;,&quot;template_vars&quot;:{&quot;columns&quot;:&quot;&quot;,&quot;exclude_items&quot;:&quot;none&quot;,&quot;img_size&quot;:&quot;default&quot;,&quot;ignore_items_size&quot;:0,&quot;items_layout&quot;:&quot;89&quot;,&quot;items_offset&quot;:&quot;0px&quot;,&quot;load_animation&quot;:&quot;none&quot;,&quot;overriding_link&quot;:&quot;%7B%22url%22%3A%22%22%7D&quot;,&quot;post_id&quot;:0,&quot;query_args&quot;:{&quot;post_type&quot;:[&quot;attachment&quot;],&quot;post__in&quot;:[&quot;1827&quot;,&quot;1808&quot;,&quot;1810&quot;,&quot;1819&quot;],&quot;post_status&quot;:&quot;inherit&quot;,&quot;post_mime_type&quot;:&quot;image&quot;,&quot;posts_per_page&quot;:&quot;10&quot;},&quot;orderby_query_args&quot;:{&quot;orderby&quot;:{&quot;date&quot;:&quot;DESC&quot;}},&quot;type&quot;:&quot;carousel&quot;,&quot;us_grid_post_type&quot;:&quot;attachment&quot;,&quot;us_grid_ajax_index&quot;:1,&quot;us_grid_filter_query_string&quot;:null,&quot;us_grid_index&quot;:1,&quot;page_args&quot;:[],&quot;lang&quot;:&quot;fr&quot;},&quot;carousel_settings&quot;:{&quot;aria_labels&quot;:{&quot;prev&quot;:&quot;Pr\\u00e9c\\u00e9dent&quot;,&quot;next&quot;:&quot;Suivant&quot;},&quot;autoplayContinual&quot;:false,&quot;autoplayHoverPause&quot;:false,&quot;autoplayTimeout&quot;:3000,&quot;fluidSpeed&quot;:350,&quot;margin&quot;:0,&quot;mouseDrag&quot;:true,&quot;rtl&quot;:false,&quot;slideBy&quot;:&quot;1&quot;,&quot;touchDrag&quot;:true,&quot;slideTransition&quot;:&quot;&quot;,&quot;animateIn&quot;:&quot;fadeIn&quot;,&quot;animateOut&quot;:&quot;fadeOut&quot;,&quot;responsive&quot;:{&quot;0&quot;:{&quot;autoHeight&quot;:false,&quot;autoplay&quot;:false,&quot;autoWidth&quot;:false,&quot;center&quot;:false,&quot;dots&quot;:false,&quot;items&quot;:1,&quot;loop&quot;:false,&quot;nav&quot;:false,&quot;stagePadding&quot;:0},&quot;601&quot;:{&quot;items&quot;:1,&quot;autoplay&quot;:true,&quot;center&quot;:false,&quot;dots&quot;:false,&quot;nav&quot;:true,&quot;autoHeight&quot;:false,&quot;autoWidth&quot;:false,&quot;loop&quot;:true,&quot;stagePadding&quot;:0}}}}'><\/div>\r\n\t<\/div><\/div><\/div><div class=\"wpb_column vc_column_container\"><div class=\"vc_column-inner\"><div class=\"wpb_text_column us_custom_a42a2b71 has_text_color\"><div class=\"wpb_wrapper\"><p style=\"text-align: center;\">SOLUTIONS DE CONSTRUCTION<\/p>\n<\/div><\/div><div class=\"w-separator size_small\"><\/div><div class=\"wpb_text_column us_custom_ff95e2f0 has_text_color\"><div class=\"wpb_wrapper\"><p>Ceci est un \u00e9chantillon de quelques-unes des\u00a0<strong>solutions pour le secteur de la construction<\/strong>\u00a0que vous trouverez chez Modisprem.<\/p>\n<\/div><\/div><\/div><\/div><\/div><\/div><\/section>\n","protected":false},"excerpt":{"rendered":"<p>Materiales para el embalaje de protecci\u00f3n, t\u00e9cnico y antiest\u00e1tico.<\/p>\n","protected":false},"author":1,"featured_media":2595,"parent":0,"menu_order":1,"comment_status":"closed","ping_status":"closed","template":"","meta":{"footnotes":""},"class_list":["post-3803","page","type-page","status-publish","has-post-thumbnail","hentry"],"_links":{"self":[{"href":"https:\/\/modisprem.com\/fr\/wp-json\/wp\/v2\/pages\/3803","targetHints":{"allow":["GET"]}}],"collection":[{"href":"https:\/\/modisprem.com\/fr\/wp-json\/wp\/v2\/pages"}],"about":[{"href":"https:\/\/modisprem.com\/fr\/wp-json\/wp\/v2\/types\/page"}],"author":[{"embeddable":true,"href":"https:\/\/modisprem.com\/fr\/wp-json\/wp\/v2\/users\/1"}],"replies":[{"embeddable":true,"href":"https:\/\/modisprem.com\/fr\/wp-json\/wp\/v2\/comments?post=3803"}],"version-history":[{"count":5,"href":"https:\/\/modisprem.com\/fr\/wp-json\/wp\/v2\/pages\/3803\/revisions"}],"predecessor-version":[{"id":5047,"href":"https:\/\/modisprem.com\/fr\/wp-json\/wp\/v2\/pages\/3803\/revisions\/5047"}],"wp:featuredmedia":[{"embeddable":true,"href":"https:\/\/modisprem.com\/fr\/wp-json\/wp\/v2\/media\/2595"}],"wp:attachment":[{"href":"https:\/\/modisprem.com\/fr\/wp-json\/wp\/v2\/media?parent=3803"}],"curies":[{"name":"wp","href":"https:\/\/api.w.org\/{rel}","templated":true}]}}