{"id":3800,"date":"2023-03-17T12:23:18","date_gmt":"2023-03-17T11:23:18","guid":{"rendered":"http:\/\/modisprem.com\/foamnews\/"},"modified":"2023-03-17T12:23:18","modified_gmt":"2023-03-17T11:23:18","slug":"foamnews","status":"publish","type":"page","link":"https:\/\/modisprem.com\/fr\/foamnews\/","title":{"rendered":"FOAMNews"},"content":{"rendered":"<section class=\"l-section wpb_row height_medium with_img\"><div class=\"l-section-img\" role=\"img\" data-img-width=\"1300\" data-img-height=\"864\" style=\"background-image: url(https:\/\/modisprem.com\/wp-content\/uploads\/2024\/02\/basotect-2.jpg);background-position: top center;\"><\/div><div class=\"l-section-h i-cf\"><div class=\"g-cols vc_row via_grid cols_1 laptops-cols_inherit tablets-cols_inherit mobiles-cols_1 valign_top type_default stacking_default\"><div class=\"wpb_column vc_column_container\"><div class=\"vc_column-inner\"><div class=\"w-separator size_huge\"><\/div><div class=\"w-separator size_huge\"><\/div><div class=\"wpb_text_column us_custom_4a862f18 has_text_color\"><div class=\"wpb_wrapper\"><p style=\"text-align: center;\">FOAMNews<\/p>\n<\/div><\/div><\/div><\/div><\/div><\/div><\/section><section class=\"l-section wpb_row height_medium with_img\"><div class=\"l-section-img\" role=\"img\" data-img-width=\"1920\" data-img-height=\"1080\" style=\"background-image: url(https:\/\/modisprem.com\/wp-content\/uploads\/2024\/01\/fondo-blanco-abstracto-alternativo.jpg);\"><\/div><div class=\"l-section-overlay\" style=\"background:linear-gradient(180deg,rgba(224,224,224,0.88271484375),rgba(255,255,255,0.85))\"><\/div><div class=\"l-section-h i-cf\"><div class=\"g-cols vc_row via_grid cols_1 laptops-cols_inherit tablets-cols_inherit mobiles-cols_1 valign_top type_default stacking_default\"><div class=\"wpb_column vc_column_container\"><div class=\"vc_column-inner\"><div class=\"w-grid type_grid layout_1425 cols_3 pagination_regular overflow_hidden\" id=\"us_grid_1\" style=\"--gap:1.5rem;\" data-filterable=\"true\"><style>@media (max-width:1024px){#us_grid_1 .w-grid-item{width:50%}}@media (max-width:600px){#us_grid_1 .w-grid-list{margin:0}#us_grid_1 .w-grid-item{width:100%;padding:0;margin-bottom:var(--gap,0px)}}.layout_1425 .w-grid-item-h{background:var(--color-content-bg);color:var(--color-content-text);border-radius:0.3rem;box-shadow:0 0.03rem 0.06rem rgba(0,0,0,0.1),0 0.1rem 0.3rem rgba(0,0,0,0.1);transition-duration:0.3s}.no-touch .layout_1425 .w-grid-item-h:hover{box-shadow:0 0.1rem 0.2rem rgba(0,0,0,0.1),0 0.33rem 1rem rgba(0,0,0,0.15);z-index:4}.layout_1425 .usg_post_image_1{transition-duration:0.3s;transform-origin:50% 50%;transform:scale(1) translate(0%,0%)}.layout_1425 .w-grid-item-h:hover .usg_post_image_1{transform:scale(1.05) translate(0%,0%);opacity:0.9}.layout_1425 .usg_post_image_1{margin-bottom:-2rem!important;border-bottom-width:5px!important;border-color:#8ec222!important;border-bottom-style:solid!important}.layout_1425 .usg_post_title_1{font-size:24px!important;line-height:20px!important;font-family:Roboto Condensed!important;font-weight:800!important}.layout_1425 .usg_vwrapper_1{margin-top:2rem!important;padding:9% 11% 11% 11%!important}.layout_1425 .usg_hwrapper_1{color:var(--color-content-faded)!important;font-size:0.9rem!important}@media (max-width:600px){.layout_1425 .usg_post_title_1{font-size:1.2rem!important}}<\/style><div class=\"w-grid-list\">\t<article class=\"w-grid-item size_1x1 post-5884 post type-post status-publish format-standard has-post-thumbnail hentry category-corporativas-fr\" data-id=\"5884\">\r\n\t\t<div class=\"w-grid-item-h\">\r\n\t\t\t\t\t\t<div class=\"w-post-elm post_image usg_post_image_1 stretched\"><a href=\"https:\/\/modisprem.com\/fr\/ix-campana-de-recogida-de-material-escolar\/\" aria-label=\"Modisprem IXe CAMPAGNE DE COLLECTE DE MAT\u00c9RIEL SCOLAIRE POUR LES ENFANTS\"><img loading=\"lazy\" decoding=\"async\" width=\"881\" height=\"790\" src=\"https:\/\/modisprem.com\/wp-content\/uploads\/2025\/10\/lapices-y-sonrisas.png\" class=\"attachment-full size-full wp-post-image\" alt=\"lapices y sonrisas\" srcset=\"https:\/\/modisprem.com\/wp-content\/uploads\/2025\/10\/lapices-y-sonrisas.png 881w, https:\/\/modisprem.com\/wp-content\/uploads\/2025\/10\/lapices-y-sonrisas-300x269.png 300w, https:\/\/modisprem.com\/wp-content\/uploads\/2025\/10\/lapices-y-sonrisas-24x22.png 24w, https:\/\/modisprem.com\/wp-content\/uploads\/2025\/10\/lapices-y-sonrisas-36x32.png 36w, https:\/\/modisprem.com\/wp-content\/uploads\/2025\/10\/lapices-y-sonrisas-48x43.png 48w\" sizes=\"auto, (max-width: 881px) 100vw, 881px\" \/><\/a><\/div><div class=\"w-vwrapper usg_vwrapper_1 align_none valign_top\"><h3 class=\"w-post-elm post_title usg_post_title_1 entry-title color_link_inherit\"><a href=\"https:\/\/modisprem.com\/fr\/ix-campana-de-recogida-de-material-escolar\/\">Modisprem IXe CAMPAGNE DE COLLECTE DE MAT\u00c9RIEL SCOLAIRE POUR LES ENFANTS<\/a><\/h3><div class=\"w-hwrapper usg_hwrapper_1 has_text_color align_none valign_top wrap\"><time class=\"w-post-elm post_date usg_post_date_1 entry-date published\" datetime=\"2025-10-08T19:28:04+02:00\" title=\"8 octobre 2025 \u00e0 19:28:04 Europe\/Madrid\">il y a 6 mois<\/time><\/div><div class=\"w-post-elm post_content usg_post_content_1\">Modisprem S.A., motiv\u00e9e par le cluster automobile CAAR auquel elle appartient,\u00a0 a collabor\u00e9 en septembre dernier \u00e0 la IXe CAMPAGNE\u2026<\/div><\/div>\t\t<\/div>\r\n\t\t\t<\/article>\r\n\t<article class=\"w-grid-item size_1x1 post-5865 post type-post status-publish format-standard has-post-thumbnail hentry category-corporativas-fr\" data-id=\"5865\">\r\n\t\t<div class=\"w-grid-item-h\">\r\n\t\t\t\t\t\t<div class=\"w-post-elm post_image usg_post_image_1 stretched\"><a href=\"https:\/\/modisprem.com\/fr\/sostenibilidad-para-impulsar-la-competitividad-empresarial\/\" aria-label=\"Modisprem \u00ab La durabilit\u00e9 pour stimuler la comp\u00e9titivit\u00e9 des entreprises \u00bb\"><img loading=\"lazy\" decoding=\"async\" width=\"881\" height=\"790\" src=\"https:\/\/modisprem.com\/wp-content\/uploads\/2025\/10\/empresas-aragon.png\" class=\"attachment-full size-full wp-post-image\" alt=\"empresas aragon\" srcset=\"https:\/\/modisprem.com\/wp-content\/uploads\/2025\/10\/empresas-aragon.png 881w, https:\/\/modisprem.com\/wp-content\/uploads\/2025\/10\/empresas-aragon-300x269.png 300w, https:\/\/modisprem.com\/wp-content\/uploads\/2025\/10\/empresas-aragon-24x22.png 24w, https:\/\/modisprem.com\/wp-content\/uploads\/2025\/10\/empresas-aragon-36x32.png 36w, https:\/\/modisprem.com\/wp-content\/uploads\/2025\/10\/empresas-aragon-48x43.png 48w\" sizes=\"auto, (max-width: 881px) 100vw, 881px\" \/><\/a><\/div><div class=\"w-vwrapper usg_vwrapper_1 align_none valign_top\"><h3 class=\"w-post-elm post_title usg_post_title_1 entry-title color_link_inherit\"><a href=\"https:\/\/modisprem.com\/fr\/sostenibilidad-para-impulsar-la-competitividad-empresarial\/\">Modisprem \u00ab La durabilit\u00e9 pour stimuler la comp\u00e9titivit\u00e9 des entreprises \u00bb<\/a><\/h3><div class=\"w-hwrapper usg_hwrapper_1 has_text_color align_none valign_top wrap\"><time class=\"w-post-elm post_date usg_post_date_1 entry-date published\" datetime=\"2025-10-06T18:48:13+02:00\" title=\"6 octobre 2025 \u00e0 18:48:13 Europe\/Madrid\">il y a 6 mois<\/time><\/div><div class=\"w-post-elm post_content usg_post_content_1\">\u201cModisprem S.A. assiste et participe \u00e0 l&rsquo;\u00e9v\u00e9nement \u00ab La durabilit\u00e9 pour stimuler la comp\u00e9titivit\u00e9 des entreprises \u00bb, o\u00f9 le Pacte\u2026<\/div><\/div>\t\t<\/div>\r\n\t\t\t<\/article>\r\n\t<article class=\"w-grid-item size_1x1 post-5816 post type-post status-publish format-standard has-post-thumbnail hentry category-catalogo-fr category-corporativas-fr\" data-id=\"5816\">\r\n\t\t<div class=\"w-grid-item-h\">\r\n\t\t\t\t\t\t<div class=\"w-post-elm post_image usg_post_image_1 stretched\"><a href=\"https:\/\/modisprem.com\/fr\/modisprem-green-foam\/\" aria-label=\"Modisprem GREEN FOAM\"><img loading=\"lazy\" decoding=\"async\" width=\"881\" height=\"790\" src=\"https:\/\/modisprem.com\/wp-content\/uploads\/2025\/06\/green-foam.png\" class=\"attachment-full size-full wp-post-image\" alt=\"GREEN FOAM\" srcset=\"https:\/\/modisprem.com\/wp-content\/uploads\/2025\/06\/green-foam.png 881w, https:\/\/modisprem.com\/wp-content\/uploads\/2025\/06\/green-foam-300x269.png 300w, https:\/\/modisprem.com\/wp-content\/uploads\/2025\/06\/green-foam-24x22.png 24w, https:\/\/modisprem.com\/wp-content\/uploads\/2025\/06\/green-foam-36x32.png 36w, https:\/\/modisprem.com\/wp-content\/uploads\/2025\/06\/green-foam-48x43.png 48w\" sizes=\"auto, (max-width: 881px) 100vw, 881px\" \/><\/a><\/div><div class=\"w-vwrapper usg_vwrapper_1 align_none valign_top\"><h3 class=\"w-post-elm post_title usg_post_title_1 entry-title color_link_inherit\"><a href=\"https:\/\/modisprem.com\/fr\/modisprem-green-foam\/\">Modisprem GREEN FOAM<\/a><\/h3><div class=\"w-hwrapper usg_hwrapper_1 has_text_color align_none valign_top wrap\"><time class=\"w-post-elm post_date usg_post_date_1 entry-date published\" datetime=\"2025-06-11T11:19:38+02:00\" title=\"11 juin 2025 \u00e0 11:19:38 Europe\/Madrid\">il y a 10 mois<\/time><\/div><div class=\"w-post-elm post_content usg_post_content_1\">Prot\u00e9ger et \u00eatre durable \u00e0 la fois ? Avec GREEN FOAM, la r\u00e9ponse est oui. Chez Modisprem, nous comprenons que\u2026<\/div><\/div>\t\t<\/div>\r\n\t\t\t<\/article>\r\n\t<article class=\"w-grid-item size_1x1 post-5794 post type-post status-publish format-standard has-post-thumbnail hentry category-corporativas-fr\" data-id=\"5794\">\r\n\t\t<div class=\"w-grid-item-h\">\r\n\t\t\t\t\t\t<div class=\"w-post-elm post_image usg_post_image_1 stretched\"><a href=\"https:\/\/modisprem.com\/fr\/modisprem-en-autorevista\/\" aria-label=\"Modisprem dans AutoRevista\"><img loading=\"lazy\" decoding=\"async\" width=\"881\" height=\"790\" src=\"https:\/\/modisprem.com\/wp-content\/uploads\/2025\/05\/revista-de-prensa1.jpg\" class=\"attachment-full size-full wp-post-image\" alt=\"revista-de-prensa\" srcset=\"https:\/\/modisprem.com\/wp-content\/uploads\/2025\/05\/revista-de-prensa1.jpg 881w, https:\/\/modisprem.com\/wp-content\/uploads\/2025\/05\/revista-de-prensa1-300x269.jpg 300w, https:\/\/modisprem.com\/wp-content\/uploads\/2025\/05\/revista-de-prensa1-24x22.jpg 24w, https:\/\/modisprem.com\/wp-content\/uploads\/2025\/05\/revista-de-prensa1-36x32.jpg 36w, https:\/\/modisprem.com\/wp-content\/uploads\/2025\/05\/revista-de-prensa1-48x43.jpg 48w\" sizes=\"auto, (max-width: 881px) 100vw, 881px\" \/><\/a><\/div><div class=\"w-vwrapper usg_vwrapper_1 align_none valign_top\"><h3 class=\"w-post-elm post_title usg_post_title_1 entry-title color_link_inherit\"><a href=\"https:\/\/modisprem.com\/fr\/modisprem-en-autorevista\/\">Modisprem dans AutoRevista<\/a><\/h3><div class=\"w-hwrapper usg_hwrapper_1 has_text_color align_none valign_top wrap\"><time class=\"w-post-elm post_date usg_post_date_1 entry-date published\" datetime=\"2025-05-27T13:13:37+02:00\" title=\"27 mai 2025 \u00e0 13:13:37 Europe\/Madrid\">il y a 11 mois<\/time><\/div><div class=\"w-post-elm post_content usg_post_content_1\">Modisprem dans AutoRevista : notre vision de l&rsquo;avenir de l&rsquo;industrie automobile Le secteur automobile conna\u00eet une transformation profonde. L&rsquo;\u00e9lectrification, l&rsquo;efficacit\u00e9\u2026<\/div><\/div>\t\t<\/div>\r\n\t\t\t<\/article>\r\n\t<article class=\"w-grid-item size_1x1 post-5734 post type-post status-publish format-standard has-post-thumbnail hentry category-corporativas-fr\" data-id=\"5734\">\r\n\t\t<div class=\"w-grid-item-h\">\r\n\t\t\t\t\t\t<div class=\"w-post-elm post_image usg_post_image_1 stretched\"><a href=\"https:\/\/modisprem.com\/fr\/modisprem-en-feindef-2025-soluciones-tecnicas-para-el-sector-defensa\/\" aria-label=\"MODISPREM AU FEINDEF 2025 : MOUSSES TECHNIQUES POUR LE SECTEUR DE LA D\u00c9FENSE\"><img loading=\"lazy\" decoding=\"async\" width=\"881\" height=\"790\" src=\"https:\/\/modisprem.com\/wp-content\/uploads\/2025\/05\/Feria.png\" class=\"attachment-full size-full wp-post-image\" alt=\"Feria\" srcset=\"https:\/\/modisprem.com\/wp-content\/uploads\/2025\/05\/Feria.png 881w, https:\/\/modisprem.com\/wp-content\/uploads\/2025\/05\/Feria-300x269.png 300w, https:\/\/modisprem.com\/wp-content\/uploads\/2025\/05\/Feria-24x22.png 24w, https:\/\/modisprem.com\/wp-content\/uploads\/2025\/05\/Feria-36x32.png 36w, https:\/\/modisprem.com\/wp-content\/uploads\/2025\/05\/Feria-48x43.png 48w\" sizes=\"auto, (max-width: 881px) 100vw, 881px\" \/><\/a><\/div><div class=\"w-vwrapper usg_vwrapper_1 align_none valign_top\"><h3 class=\"w-post-elm post_title usg_post_title_1 entry-title color_link_inherit\"><a href=\"https:\/\/modisprem.com\/fr\/modisprem-en-feindef-2025-soluciones-tecnicas-para-el-sector-defensa\/\">MODISPREM AU FEINDEF 2025 : MOUSSES TECHNIQUES POUR LE SECTEUR DE LA D\u00c9FENSE<\/a><\/h3><div class=\"w-hwrapper usg_hwrapper_1 has_text_color align_none valign_top wrap\"><time class=\"w-post-elm post_date usg_post_date_1 entry-date published\" datetime=\"2025-05-12T12:01:27+02:00\" title=\"12 mai 2025 \u00e0 12:01:27 Europe\/Madrid\">il y a 11 mois<\/time><\/div><div class=\"w-post-elm post_content usg_post_content_1\">MODISPREM est pr\u00e9sent au FEINDEF 2025, exposant sur le stand 10G50 ses comp\u00e9tences en transformation de mousses techniques pour des\u2026<\/div><\/div>\t\t<\/div>\r\n\t\t\t<\/article>\r\n\t<article class=\"w-grid-item size_1x1 post-5254 post type-post status-publish format-standard has-post-thumbnail hentry category-corporativas-fr\" data-id=\"5254\">\r\n\t\t<div class=\"w-grid-item-h\">\r\n\t\t\t\t\t\t<div class=\"w-post-elm post_image usg_post_image_1 stretched\"><a href=\"https:\/\/modisprem.com\/fr\/modisprem-renforce-sa-presence-dans-le-vehicule-electrique-avec-des-materiaux-techniques-hautes-performances\/\" aria-label=\"MODISPREM RENFORCE SA PR\u00c9SENCE DANS LE V\u00c9HICULE \u00c9LECTRIQUE AVEC DES MAT\u00c9RIAUX TECHNIQUES HAUTES PERFORMANCES\"><img loading=\"lazy\" decoding=\"async\" width=\"881\" height=\"790\" src=\"https:\/\/modisprem.com\/wp-content\/uploads\/2025\/03\/coche2.png\" class=\"attachment-full size-full wp-post-image\" alt=\"coche2\" srcset=\"https:\/\/modisprem.com\/wp-content\/uploads\/2025\/03\/coche2.png 881w, https:\/\/modisprem.com\/wp-content\/uploads\/2025\/03\/coche2-300x269.png 300w, https:\/\/modisprem.com\/wp-content\/uploads\/2025\/03\/coche2-24x22.png 24w, https:\/\/modisprem.com\/wp-content\/uploads\/2025\/03\/coche2-36x32.png 36w, https:\/\/modisprem.com\/wp-content\/uploads\/2025\/03\/coche2-48x43.png 48w\" sizes=\"auto, (max-width: 881px) 100vw, 881px\" \/><\/a><\/div><div class=\"w-vwrapper usg_vwrapper_1 align_none valign_top\"><h3 class=\"w-post-elm post_title usg_post_title_1 entry-title color_link_inherit\"><a href=\"https:\/\/modisprem.com\/fr\/modisprem-renforce-sa-presence-dans-le-vehicule-electrique-avec-des-materiaux-techniques-hautes-performances\/\">MODISPREM RENFORCE SA PR\u00c9SENCE DANS LE V\u00c9HICULE \u00c9LECTRIQUE AVEC DES MAT\u00c9RIAUX TECHNIQUES HAUTES PERFORMANCES<\/a><\/h3><div class=\"w-hwrapper usg_hwrapper_1 has_text_color align_none valign_top wrap\"><time class=\"w-post-elm post_date usg_post_date_1 entry-date published\" datetime=\"2025-03-27T17:57:36+01:00\" title=\"27 mars 2025 \u00e0 17:57:36 Europe\/Madrid\">il y a 1 an<\/time><\/div><div class=\"w-post-elm post_content usg_post_content_1\">MODISPREM est de plus en plus pr\u00e9sent sur le march\u00e9 des v\u00e9hicules \u00e9lectriques, fournissant des solutions techniques en mousse pour\u2026<\/div><\/div>\t\t<\/div>\r\n\t\t\t<\/article>\r\n\t<article class=\"w-grid-item size_1x1 post-5230 post type-post status-publish format-standard has-post-thumbnail hentry category-corporativas-fr category-reconocimientos-fr\" data-id=\"5230\">\r\n\t\t<div class=\"w-grid-item-h\">\r\n\t\t\t\t\t\t<div class=\"w-post-elm post_image usg_post_image_1 stretched\"><a href=\"https:\/\/modisprem.com\/fr\/modisprem-finaliste-des-prix-de-ladea-pour-la-promotion-a-letranger-2024\/\" aria-label=\"MODISPREM, FINALISTE DES PRIX DE L&rsquo;ADEA POUR LA PROMOTION \u00c0 L&rsquo;\u00c9TRANGER 2024\"><img loading=\"lazy\" decoding=\"async\" width=\"881\" height=\"790\" src=\"https:\/\/modisprem.com\/wp-content\/uploads\/2025\/03\/adea.jpg\" class=\"attachment-full size-full wp-post-image\" alt=\"ADEA\" srcset=\"https:\/\/modisprem.com\/wp-content\/uploads\/2025\/03\/adea.jpg 881w, https:\/\/modisprem.com\/wp-content\/uploads\/2025\/03\/adea-300x269.jpg 300w, https:\/\/modisprem.com\/wp-content\/uploads\/2025\/03\/adea-24x22.jpg 24w, https:\/\/modisprem.com\/wp-content\/uploads\/2025\/03\/adea-36x32.jpg 36w, https:\/\/modisprem.com\/wp-content\/uploads\/2025\/03\/adea-48x43.jpg 48w\" sizes=\"auto, (max-width: 881px) 100vw, 881px\" \/><\/a><\/div><div class=\"w-vwrapper usg_vwrapper_1 align_none valign_top\"><h3 class=\"w-post-elm post_title usg_post_title_1 entry-title color_link_inherit\"><a href=\"https:\/\/modisprem.com\/fr\/modisprem-finaliste-des-prix-de-ladea-pour-la-promotion-a-letranger-2024\/\">MODISPREM, FINALISTE DES PRIX DE L&rsquo;ADEA POUR LA PROMOTION \u00c0 L&rsquo;\u00c9TRANGER 2024<\/a><\/h3><div class=\"w-hwrapper usg_hwrapper_1 has_text_color align_none valign_top wrap\"><time class=\"w-post-elm post_date usg_post_date_1 entry-date published\" datetime=\"2024-11-25T19:32:39+01:00\" title=\"25 novembre 2024 \u00e0 19:32:39 Europe\/Madrid\">il y a 1 an<\/time><\/div><div class=\"w-post-elm post_content usg_post_content_1\">MODISPREM a \u00e9t\u00e9 reconnue comme finaliste de la XVe \u00e9dition des Prix ADEA, dans la cat\u00e9gorie Promotion Internationale, pour son\u2026<\/div><\/div>\t\t<\/div>\r\n\t\t\t<\/article>\r\n\t<article class=\"w-grid-item size_1x1 post-5092 post type-post status-publish format-standard has-post-thumbnail hentry category-corporativas-fr\" data-id=\"5092\">\r\n\t\t<div class=\"w-grid-item-h\">\r\n\t\t\t\t\t\t<div class=\"w-post-elm post_image usg_post_image_1 stretched\"><a href=\"https:\/\/modisprem.com\/fr\/ampliamos-nuestras-instalaciones-en-la-fabrica-de-zuera-espana\/\" aria-label=\"NOUS AUGMENTONS NOS INSTALLATIONS DANS L&rsquo;USINE DE ZUERA (ESPAGNE)\"><img loading=\"lazy\" decoding=\"async\" width=\"881\" height=\"790\" src=\"https:\/\/modisprem.com\/wp-content\/uploads\/2024\/10\/noticia-zuera2.jpg\" class=\"attachment-full size-full wp-post-image\" alt=\"Ampliaci\u00f3n Modisprem\" srcset=\"https:\/\/modisprem.com\/wp-content\/uploads\/2024\/10\/noticia-zuera2.jpg 881w, https:\/\/modisprem.com\/wp-content\/uploads\/2024\/10\/noticia-zuera2-300x269.jpg 300w, https:\/\/modisprem.com\/wp-content\/uploads\/2024\/10\/noticia-zuera2-24x22.jpg 24w, https:\/\/modisprem.com\/wp-content\/uploads\/2024\/10\/noticia-zuera2-36x32.jpg 36w, https:\/\/modisprem.com\/wp-content\/uploads\/2024\/10\/noticia-zuera2-48x43.jpg 48w\" sizes=\"auto, (max-width: 881px) 100vw, 881px\" \/><\/a><\/div><div class=\"w-vwrapper usg_vwrapper_1 align_none valign_top\"><h3 class=\"w-post-elm post_title usg_post_title_1 entry-title color_link_inherit\"><a href=\"https:\/\/modisprem.com\/fr\/ampliamos-nuestras-instalaciones-en-la-fabrica-de-zuera-espana\/\">NOUS AUGMENTONS NOS INSTALLATIONS DANS L&rsquo;USINE DE ZUERA (ESPAGNE)<\/a><\/h3><div class=\"w-hwrapper usg_hwrapper_1 has_text_color align_none valign_top wrap\"><time class=\"w-post-elm post_date usg_post_date_1 entry-date published\" datetime=\"2024-10-07T17:19:41+02:00\" title=\"7 octobre 2024 \u00e0 17:19:41 Europe\/Madrid\">il y a 2 ans<\/time><\/div><div class=\"w-post-elm post_content usg_post_content_1\">Nous avons agrandi nos installations dans l&rsquo;usine de Zuera de 5 000 m2. Nous avons construit un nouvel entrep\u00f4t de\u2026<\/div><\/div>\t\t<\/div>\r\n\t\t\t<\/article>\r\n\t<article class=\"w-grid-item size_1x1 post-5077 post type-post status-publish format-standard has-post-thumbnail hentry category-corporativas-fr\" data-id=\"5077\">\r\n\t\t<div class=\"w-grid-item-h\">\r\n\t\t\t\t\t\t<div class=\"w-post-elm post_image usg_post_image_1 stretched\"><a href=\"https:\/\/modisprem.com\/fr\/comprometidos-con-la-salud-y-el-deporte-a-traves-del-patrocinio\/\" aria-label=\"ENGAG\u00c9 POUR LA SANT\u00c9 ET LE SPORT \u00c0 TRAVERS LE M\u00c9C\u00c9NAT\"><img loading=\"lazy\" decoding=\"async\" width=\"881\" height=\"790\" src=\"https:\/\/modisprem.com\/wp-content\/uploads\/2024\/10\/noticia-zuera.jpg\" class=\"attachment-full size-full wp-post-image\" alt=\"Deporte Zuera\" srcset=\"https:\/\/modisprem.com\/wp-content\/uploads\/2024\/10\/noticia-zuera.jpg 881w, https:\/\/modisprem.com\/wp-content\/uploads\/2024\/10\/noticia-zuera-300x269.jpg 300w, https:\/\/modisprem.com\/wp-content\/uploads\/2024\/10\/noticia-zuera-24x22.jpg 24w, https:\/\/modisprem.com\/wp-content\/uploads\/2024\/10\/noticia-zuera-36x32.jpg 36w, https:\/\/modisprem.com\/wp-content\/uploads\/2024\/10\/noticia-zuera-48x43.jpg 48w\" sizes=\"auto, (max-width: 881px) 100vw, 881px\" \/><\/a><\/div><div class=\"w-vwrapper usg_vwrapper_1 align_none valign_top\"><h3 class=\"w-post-elm post_title usg_post_title_1 entry-title color_link_inherit\"><a href=\"https:\/\/modisprem.com\/fr\/comprometidos-con-la-salud-y-el-deporte-a-traves-del-patrocinio\/\">ENGAG\u00c9 POUR LA SANT\u00c9 ET LE SPORT \u00c0 TRAVERS LE M\u00c9C\u00c9NAT<\/a><\/h3><div class=\"w-hwrapper usg_hwrapper_1 has_text_color align_none valign_top wrap\"><time class=\"w-post-elm post_date usg_post_date_1 entry-date published\" datetime=\"2024-10-07T13:54:04+02:00\" title=\"7 octobre 2024 \u00e0 13:54:04 Europe\/Madrid\">il y a 2 ans<\/time><\/div><div class=\"w-post-elm post_content usg_post_content_1\">Chez Modisprem nous sommes convaincus de l&rsquo;importance du sport pour la sant\u00e9 des personnes. Nous pensons qu&rsquo;en plus d&rsquo;am\u00e9liorer la\u2026<\/div><\/div>\t\t<\/div>\r\n\t\t\t<\/article>\r\n\t<article class=\"w-grid-item size_1x1 post-4905 post type-post status-publish format-standard has-post-thumbnail hentry category-corporativas category-reconocimientos\" data-id=\"4905\">\r\n\t\t<div class=\"w-grid-item-h\">\r\n\t\t\t\t\t\t<div class=\"w-post-elm post_image usg_post_image_1 stretched\"><a href=\"https:\/\/modisprem.com\/fr\/modisprem-sello-de-plata-a-la-excelencia-empresarial-en-aragon\/\" aria-label=\"MODISPREM, SCEAU D&rsquo;ARGENT POUR L&rsquo;EXCELLENCE COMMERCIALE EN ARAGON\"><img loading=\"lazy\" decoding=\"async\" width=\"881\" height=\"790\" src=\"https:\/\/modisprem.com\/wp-content\/uploads\/2023\/03\/sello-de-plata-a-la-excelencia-empresarial.png\" class=\"attachment-full size-full wp-post-image\" alt=\"\" srcset=\"https:\/\/modisprem.com\/wp-content\/uploads\/2023\/03\/sello-de-plata-a-la-excelencia-empresarial.png 881w, https:\/\/modisprem.com\/wp-content\/uploads\/2023\/03\/sello-de-plata-a-la-excelencia-empresarial-300x269.png 300w, https:\/\/modisprem.com\/wp-content\/uploads\/2023\/03\/sello-de-plata-a-la-excelencia-empresarial-24x22.png 24w, https:\/\/modisprem.com\/wp-content\/uploads\/2023\/03\/sello-de-plata-a-la-excelencia-empresarial-36x32.png 36w, https:\/\/modisprem.com\/wp-content\/uploads\/2023\/03\/sello-de-plata-a-la-excelencia-empresarial-48x43.png 48w\" sizes=\"auto, (max-width: 881px) 100vw, 881px\" \/><\/a><\/div><div class=\"w-vwrapper usg_vwrapper_1 align_none valign_top\"><h3 class=\"w-post-elm post_title usg_post_title_1 entry-title color_link_inherit\"><a href=\"https:\/\/modisprem.com\/fr\/modisprem-sello-de-plata-a-la-excelencia-empresarial-en-aragon\/\">MODISPREM, SCEAU D&rsquo;ARGENT POUR L&rsquo;EXCELLENCE COMMERCIALE EN ARAGON<\/a><\/h3><div class=\"w-hwrapper usg_hwrapper_1 has_text_color align_none valign_top wrap\"><time class=\"w-post-elm post_date usg_post_date_1 entry-date published\" datetime=\"2023-03-17T12:32:38+01:00\" title=\"17 mars 2023 \u00e0 12:32:38 Europe\/Madrid\">il y a 3 ans<\/time><\/div><div class=\"w-post-elm post_content usg_post_content_1\">Notre coll\u00e8gue M\u00f3nica Iba\u00f1ez, responsable de la qualit\u00e9, a re\u00e7u hier le Sceau d&rsquo;argent pour l&rsquo;excellence commerciale en Aragon des\u2026<\/div><\/div>\t\t<\/div>\r\n\t\t\t<\/article>\r\n<\/div><div class=\"w-grid-preloader\">\t<div class=\"g-preloader type_1\">\r\n\t\t<div><\/div>\r\n\t<\/div>\r\n\t<\/div>\t\t\t<nav class=\"pagination navigation\" role=\"navigation\">\r\n\t\t\t\t<div class=\"nav-links\">\r\n\t\t\t\t\t<span aria-current=\"page\" class=\"page-numbers current\"><span>1<\/span><\/span>\n<a class=\"page-numbers\" href=\"https:\/\/modisprem.com\/fr\/wp-json\/wp\/v2\/pages\/3800\/page\/2\/\"><span>2<\/span><\/a>\n<a class=\"next page-numbers\" href=\"https:\/\/modisprem.com\/fr\/wp-json\/wp\/v2\/pages\/3800\/page\/2\/\"><span>Suivant<\/span><\/a>\t\t\t\t<\/div>\r\n\t\t\t<\/nav>\r\n\t\t\t\t<div class=\"w-grid-json hidden\" onclick='return {&quot;action&quot;:&quot;us_ajax_grid&quot;,&quot;infinite_scroll&quot;:0,&quot;max_num_pages&quot;:2,&quot;pagination&quot;:&quot;regular&quot;,&quot;template_vars&quot;:{&quot;columns&quot;:&quot;3&quot;,&quot;exclude_items&quot;:&quot;none&quot;,&quot;img_size&quot;:&quot;default&quot;,&quot;ignore_items_size&quot;:0,&quot;items_layout&quot;:&quot;1425&quot;,&quot;items_offset&quot;:&quot;1&quot;,&quot;load_animation&quot;:&quot;none&quot;,&quot;overriding_link&quot;:&quot;{\\&quot;url\\&quot;:\\&quot;\\&quot;}&quot;,&quot;post_id&quot;:0,&quot;query_args&quot;:{&quot;post_type&quot;:[&quot;post&quot;],&quot;post_status&quot;:[&quot;publish&quot;],&quot;posts_per_page&quot;:&quot;10&quot;},&quot;orderby_query_args&quot;:{&quot;orderby&quot;:{&quot;date&quot;:&quot;DESC&quot;}},&quot;type&quot;:&quot;grid&quot;,&quot;us_grid_post_type&quot;:&quot;post&quot;,&quot;us_grid_ajax_index&quot;:1,&quot;us_grid_filter_query_string&quot;:null,&quot;us_grid_index&quot;:1,&quot;page_args&quot;:[],&quot;lang&quot;:&quot;fr&quot;}}'><\/div>\r\n\t<\/div><\/div><\/div><\/div><\/div><\/section>\n","protected":false},"excerpt":{"rendered":"Notre coll\u00e8gue M\u00f3nica Iba\u00f1ez, responsable de la qualit\u00e9, a re\u00e7u hier le Sceau d'argent pour l'excellence commerciale en Aragon des mains du vice-pr\u00e9sident du gouvernement d'Aragon, Arturo Aliaga. Ce prix est d\u00e9cern\u00e9 par le Gouvernement d'Aragon, \u00e0 travers l'Institut Aragonais de D\u00e9veloppement. Nous l'avons atteint, apr\u00e8s notre participation au Plan d'excellence commerciale Aragon 2021 et...","protected":false},"author":1,"featured_media":2448,"parent":0,"menu_order":0,"comment_status":"closed","ping_status":"closed","template":"","meta":{"footnotes":""},"class_list":["post-3800","page","type-page","status-publish","has-post-thumbnail","hentry"],"_links":{"self":[{"href":"https:\/\/modisprem.com\/fr\/wp-json\/wp\/v2\/pages\/3800","targetHints":{"allow":["GET"]}}],"collection":[{"href":"https:\/\/modisprem.com\/fr\/wp-json\/wp\/v2\/pages"}],"about":[{"href":"https:\/\/modisprem.com\/fr\/wp-json\/wp\/v2\/types\/page"}],"author":[{"embeddable":true,"href":"https:\/\/modisprem.com\/fr\/wp-json\/wp\/v2\/users\/1"}],"replies":[{"embeddable":true,"href":"https:\/\/modisprem.com\/fr\/wp-json\/wp\/v2\/comments?post=3800"}],"version-history":[{"count":0,"href":"https:\/\/modisprem.com\/fr\/wp-json\/wp\/v2\/pages\/3800\/revisions"}],"wp:featuredmedia":[{"embeddable":true,"href":"https:\/\/modisprem.com\/fr\/wp-json\/wp\/v2\/media\/2448"}],"wp:attachment":[{"href":"https:\/\/modisprem.com\/fr\/wp-json\/wp\/v2\/media?parent=3800"}],"curies":[{"name":"wp","href":"https:\/\/api.w.org\/{rel}","templated":true}]}}