{"id":3790,"date":"2024-02-28T19:02:39","date_gmt":"2024-02-28T18:02:39","guid":{"rendered":"http:\/\/modisprem.com\/modisprem-en-cifras\/"},"modified":"2024-07-29T10:27:09","modified_gmt":"2024-07-29T08:27:09","slug":"modisprem-en-cifras","status":"publish","type":"page","link":"https:\/\/modisprem.com\/fr\/modisprem-en-cifras\/","title":{"rendered":"Modisprem in chiffres"},"content":{"rendered":"<section class=\"l-section wpb_row us_custom_6d566ed5 height_small with_img parallax_ver with_shape\"><div class=\"l-section-img\" role=\"img\" data-img-width=\"1920\" data-img-height=\"1500\" style=\"background-image: url(https:\/\/modisprem.com\/wp-content\/uploads\/2023\/04\/rsz_1equipo-modisprem.jpg);\"><\/div><div class=\"l-section-overlay\" style=\"background:linear-gradient(90deg,rgba(142,194,34,0.67744140625),rgba(135,181,38,0.85244140625))\"><\/div><div class=\"l-section-shape type_wave pos_bottom\" style=\"height:5vmin;color:#ffffff\"><svg xmlns=\"http:\/\/www.w3.org\/2000\/svg\" viewBox=\"0 4 64 4\" preserveAspectRatio=\"none\" width=\"100%\" height=\"100%\">\r\n\t<path fill=\"currentColor\" d=\"M64 6 C32 0 32 12 0 6 L0 8 L64 8 Z\"\/>\r\n<\/svg><\/div><div class=\"l-section-h i-cf\"><div class=\"g-cols vc_row via_grid cols_1 laptops-cols_inherit tablets-cols_inherit mobiles-cols_1 valign_top type_default stacking_default\"><div class=\"wpb_column vc_column_container\"><div class=\"vc_column-inner\"><div class=\"w-separator size_medium\"><\/div><div class=\"wpb_text_column us_custom_29f17b68 has_text_color\"><div class=\"wpb_wrapper\"><p style=\"text-align: center;\">MODISPREM EN CHIFFRES<\/p>\n<\/div><\/div><div class=\"w-separator size_medium\"><\/div><div class=\"w-separator size_medium\"><\/div><\/div><\/div><\/div><\/div><\/section><section class=\"l-section wpb_row height_medium with_img\"><div class=\"l-section-img\" role=\"img\" data-img-width=\"2500\" data-img-height=\"1500\" style=\"background-image: url(https:\/\/modisprem.com\/wp-content\/uploads\/2023\/01\/fondo-gris-claro.jpg);\"><\/div><div class=\"l-section-overlay\" style=\"background:linear-gradient(180deg,#ffffff,rgba(255,255,255,0.00))\"><\/div><div class=\"l-section-h i-cf\"><div class=\"g-cols vc_row via_grid cols_1 laptops-cols_inherit tablets-cols_inherit mobiles-cols_1 valign_top type_default stacking_default\"><div class=\"wpb_column vc_column_container\"><div class=\"vc_column-inner\"><div class=\"g-cols wpb_row via_grid cols_3 laptops-cols_inherit tablets-cols_inherit mobiles-cols_1 valign_top type_default stacking_default\" style=\"--gap:3rem;\"><div class=\"wpb_column vc_column_container\"><div class=\"vc_column-inner\"><div class=\"w-counter color_primary align_center\" data-duration=\"3\"><div class=\"w-counter-value\"><span class=\"w-counter-value-part type_text\" data-final=\"\"><\/span><span class=\"w-counter-value-part type_number\" data-final=\"20.000\">19.000<\/span><span class=\"w-counter-value-part type_text\" data-final=\"\"><\/span><\/div><h6 class=\"w-counter-title\">M\u00e8tres carr\u00e9s de surface<\/h6><\/div><\/div><\/div><div class=\"wpb_column vc_column_container\"><div class=\"vc_column-inner\"><div class=\"w-counter color_primary align_center\" data-duration=\"4\"><div class=\"w-counter-value\"><span class=\"w-counter-value-part type_text\" data-final=\"\"><\/span><span class=\"w-counter-value-part type_number\" data-final=\"100\">90<\/span><span class=\"w-counter-value-part type_text\" data-final=\"M\">M<\/span><\/div><h6 class=\"w-counter-title\">Pi\u00e8ces annuelles fabriqu\u00e9es<\/h6><\/div><\/div><\/div><div class=\"wpb_column vc_column_container\"><div class=\"vc_column-inner\"><div class=\"w-counter color_primary align_center\" data-duration=\"2\"><div class=\"w-counter-value\"><span class=\"w-counter-value-part type_text\" data-final=\"\"><\/span><span class=\"w-counter-value-part type_number\" data-final=\"4,5\">1,5<\/span><span class=\"w-counter-value-part type_text\" data-final=\"%\">%<\/span><\/div><h6 class=\"w-counter-title\">Des investissements destin\u00e9s \u00e0 l&rsquo;innovation<\/h6><\/div><\/div><\/div><\/div><div class=\"w-separator size_medium\"><\/div><div class=\"g-cols wpb_row via_grid cols_3 laptops-cols_inherit tablets-cols_inherit mobiles-cols_1 valign_top type_default stacking_default\" style=\"--gap:3rem;\"><div class=\"wpb_column vc_column_container\"><div class=\"vc_column-inner\"><div class=\"w-counter color_primary align_center\" data-duration=\"3\"><div class=\"w-counter-value\"><span class=\"w-counter-value-part type_text\" data-final=\"+\">+<\/span><span class=\"w-counter-value-part type_number\" data-final=\"100\">50<\/span><span class=\"w-counter-value-part type_text\" data-final=\"\"><\/span><\/div><h6 class=\"w-counter-title\">\u00c9quipe de travail<\/h6><\/div><\/div><\/div><div class=\"wpb_column vc_column_container\"><div class=\"vc_column-inner\"><div class=\"w-counter color_primary align_center\" data-duration=\"4\"><div class=\"w-counter-value\"><span class=\"w-counter-value-part type_text\" data-final=\"+\">+<\/span><span class=\"w-counter-value-part type_number\" data-final=\"25\">15<\/span><span class=\"w-counter-value-part type_text\" data-final=\"\"><\/span><\/div><h6 class=\"w-counter-title\">Pays touch\u00e9s<\/h6><\/div><\/div><\/div><div class=\"wpb_column vc_column_container\"><div class=\"vc_column-inner\"><div class=\"w-counter color_primary align_center\" data-duration=\"3\"><div class=\"w-counter-value\"><span class=\"w-counter-value-part type_text\" data-final=\"+\">+<\/span><span class=\"w-counter-value-part type_number\" data-final=\"109\">50<\/span><span class=\"w-counter-value-part type_text\" data-final=\"Tn\">Tn<\/span><\/div><h6 class=\"w-counter-title\">\u00c9missions de CO2 \u00e9vit\u00e9es dans l\u2019atmosph\u00e8re chaque ann\u00e9e (Empreinte Carbone)<\/h6><\/div><\/div><\/div><\/div><div class=\"w-image us_custom_7e20fa79 us_animate_this align_center\"><div class=\"w-image-h\"><img decoding=\"async\" width=\"1080\" height=\"602\" src=\"https:\/\/modisprem.com\/wp-content\/uploads\/2023\/04\/mapa-modisprem.png\" class=\"attachment-full size-full\" alt=\"\" loading=\"lazy\" srcset=\"https:\/\/modisprem.com\/wp-content\/uploads\/2023\/04\/mapa-modisprem.png 1080w, https:\/\/modisprem.com\/wp-content\/uploads\/2023\/04\/mapa-modisprem-300x167.png 300w, https:\/\/modisprem.com\/wp-content\/uploads\/2023\/04\/mapa-modisprem-1024x571.png 1024w, https:\/\/modisprem.com\/wp-content\/uploads\/2023\/04\/mapa-modisprem-24x13.png 24w, https:\/\/modisprem.com\/wp-content\/uploads\/2023\/04\/mapa-modisprem-36x20.png 36w, https:\/\/modisprem.com\/wp-content\/uploads\/2023\/04\/mapa-modisprem-48x27.png 48w\" sizes=\"auto, (max-width: 1080px) 100vw, 1080px\" \/><\/div><\/div><div class=\"w-separator size_medium\"><\/div><\/div><\/div><\/div><\/div><\/section>\n","protected":false},"excerpt":{"rendered":"MODISPREM EN CHIFFRES 19.000M\u00e8tres carr\u00e9s de surface90MPi\u00e8ces annuelles fabriqu\u00e9es1,5%Des investissements destin\u00e9s \u00e0 l&rsquo;innovation+50\u00c9quipe de travail+15Pays touch\u00e9s+50Tn\u00c9missions de CO2 \u00e9vit\u00e9es dans l\u2019atmosph\u00e8re chaque ann\u00e9e (Empreinte Carbone)","protected":false},"author":1,"featured_media":0,"parent":0,"menu_order":0,"comment_status":"closed","ping_status":"closed","template":"","meta":{"footnotes":""},"class_list":["post-3790","page","type-page","status-publish","hentry"],"_links":{"self":[{"href":"https:\/\/modisprem.com\/fr\/wp-json\/wp\/v2\/pages\/3790","targetHints":{"allow":["GET"]}}],"collection":[{"href":"https:\/\/modisprem.com\/fr\/wp-json\/wp\/v2\/pages"}],"about":[{"href":"https:\/\/modisprem.com\/fr\/wp-json\/wp\/v2\/types\/page"}],"author":[{"embeddable":true,"href":"https:\/\/modisprem.com\/fr\/wp-json\/wp\/v2\/users\/1"}],"replies":[{"embeddable":true,"href":"https:\/\/modisprem.com\/fr\/wp-json\/wp\/v2\/comments?post=3790"}],"version-history":[{"count":3,"href":"https:\/\/modisprem.com\/fr\/wp-json\/wp\/v2\/pages\/3790\/revisions"}],"predecessor-version":[{"id":4689,"href":"https:\/\/modisprem.com\/fr\/wp-json\/wp\/v2\/pages\/3790\/revisions\/4689"}],"wp:attachment":[{"href":"https:\/\/modisprem.com\/fr\/wp-json\/wp\/v2\/media?parent=3790"}],"curies":[{"name":"wp","href":"https:\/\/api.w.org\/{rel}","templated":true}]}}