{"id":3781,"date":"2024-02-28T19:01:58","date_gmt":"2024-02-28T18:01:58","guid":{"rendered":"http:\/\/modisprem.com\/nuestro-equipo\/"},"modified":"2024-07-29T10:25:45","modified_gmt":"2024-07-29T08:25:45","slug":"nuestro-equipo","status":"publish","type":"page","link":"https:\/\/modisprem.com\/fr\/nuestro-equipo\/","title":{"rendered":"Notre \u00c9quipe"},"content":{"rendered":"<section class=\"l-section wpb_row us_custom_6d566ed5 height_small with_img parallax_ver with_shape\"><div class=\"l-section-img\" role=\"img\" data-img-width=\"1920\" data-img-height=\"1500\" style=\"background-image: url(https:\/\/modisprem.com\/wp-content\/uploads\/2023\/04\/rsz_1equipo-modisprem.jpg);\"><\/div><div class=\"l-section-overlay\" style=\"background:linear-gradient(90deg,rgba(142,194,34,0.67744140625),rgba(135,181,38,0.85244140625))\"><\/div><div class=\"l-section-shape type_wave pos_bottom\" style=\"height:5vmin;color:#ffffff\"><svg xmlns=\"http:\/\/www.w3.org\/2000\/svg\" viewBox=\"0 4 64 4\" preserveAspectRatio=\"none\" width=\"100%\" height=\"100%\">\r\n\t<path fill=\"currentColor\" d=\"M64 6 C32 0 32 12 0 6 L0 8 L64 8 Z\"\/>\r\n<\/svg><\/div><div class=\"l-section-h i-cf\"><div class=\"g-cols vc_row via_grid cols_1 laptops-cols_inherit tablets-cols_inherit mobiles-cols_1 valign_top type_default stacking_default\"><div class=\"wpb_column vc_column_container\"><div class=\"vc_column-inner\"><div class=\"w-separator size_medium\"><\/div><div class=\"wpb_text_column us_custom_29f17b68 has_text_color\"><div class=\"wpb_wrapper\"><p style=\"text-align: center;\">NOTRE \u00c9QUIPE<\/p>\n<\/div><\/div><div class=\"w-separator size_medium\"><\/div><div class=\"w-separator size_medium\"><\/div><\/div><\/div><\/div><\/div><\/section><section class=\"l-section wpb_row height_medium\"><div class=\"l-section-h i-cf\"><div class=\"g-cols vc_row via_grid cols_1 laptops-cols_inherit tablets-cols_inherit mobiles-cols_1 valign_top type_default stacking_default\"><div class=\"wpb_column vc_column_container\"><div class=\"vc_column-inner\"><div class=\"wpb_text_column us_custom_559de774\"><div class=\"wpb_wrapper\"><p>L\u2019\u00e9quipe de Modisprem est la base de son succ\u00e8s: son professionalisme, son engagement avec l\u2019am\u00e9lioration continue, son initiative et sa motivation garantissent la qualit\u00e9 de ses produits et une satisfaction maximale de nos clients.<\/p>\n<p>Notre \u00e9quipe est form\u00e9e par plus de 100 professionnels et la cr\u00e9ation d\u2019emplois est constante depuis la fondation de l\u2019entreprise.<\/p>\n<p>Nous travaillons dans un environnement qui permet le d\u00e9veloppementde la carri\u00e9re professionnelle des employ\u00e9s.<\/p>\n<\/div><\/div><\/div><\/div><\/div><\/div><\/section><section class=\"l-section wpb_row height_medium\"><div class=\"l-section-h i-cf\"><div class=\"g-cols vc_row via_grid cols_2 laptops-cols_inherit tablets-cols_inherit mobiles-cols_1 valign_top type_default stacking_default\"><div class=\"wpb_column vc_column_container us_custom_3e023ad6 has_bg_color\"><div class=\"vc_column-overlay\" style=\"background:linear-gradient(180deg,rgba(255,255,255,0.71708984375),rgba(255,255,255,0.89833984375))\"><\/div><div class=\"vc_column-inner\"><div class=\"wpb_text_column us_custom_1f38ac72\"><div class=\"wpb_wrapper\"><p style=\"text-align: center;\">Nous appr\u00e9cions votre talent.<br \/>\nTravaillez avec nous!.<br \/>\nFaites-nous parvenir votre curriculum et maintenez vos donn\u00e9es actualis\u00e9es!.<\/p>\n<\/div><\/div><div class=\"w-separator size_small\"><\/div><div class=\"w-btn-wrapper align_center\"><a class=\"w-btn us-btn-style_1\" href=\"mailto:info@modisprem.com?subject=Solicitud empleo Modisprem\"><span class=\"w-btn-label\">Envoyez-nous votre CV<\/span><\/a><\/div><\/div><\/div><div class=\"wpb_column vc_column_container us_custom_ed166f03\"><div class=\"vc_column-inner\"><div class=\"wpb_text_column us_custom_1f38ac72\"><div class=\"wpb_wrapper\"><p style=\"text-align: center;\">Demander ou Signaler la conformit\u00e9 aux Crit\u00e8res Minimaux pour une Entreprise Responsable<br \/>\nCanal confidentiel<\/p>\n<\/div><\/div><div class=\"w-separator size_small\"><\/div><div class=\"w-btn-wrapper align_center\"><a class=\"w-btn us-btn-style_1\" href=\"mailto:info@modisprem.com?subject=Solicitud empleo Modisprem\"><span class=\"w-btn-label\">Envoyer<\/span><\/a><\/div><\/div><\/div><\/div><\/div><\/section>\n","protected":false},"excerpt":{"rendered":"NOTRE \u00c9QUIPE L\u2019\u00e9quipe de Modisprem est la base de son succ\u00e8s: son professionalisme, son engagement avec l\u2019am\u00e9lioration continue, son initiative et sa motivation garantissent la qualit\u00e9 de ses produits et une satisfaction maximale de nos clients. Notre \u00e9quipe est form\u00e9e par plus de 100 professionnels et la cr\u00e9ation d\u2019emplois est constante depuis la fondation de...","protected":false},"author":1,"featured_media":0,"parent":0,"menu_order":0,"comment_status":"closed","ping_status":"closed","template":"","meta":{"footnotes":""},"class_list":["post-3781","page","type-page","status-publish","hentry"],"_links":{"self":[{"href":"https:\/\/modisprem.com\/fr\/wp-json\/wp\/v2\/pages\/3781","targetHints":{"allow":["GET"]}}],"collection":[{"href":"https:\/\/modisprem.com\/fr\/wp-json\/wp\/v2\/pages"}],"about":[{"href":"https:\/\/modisprem.com\/fr\/wp-json\/wp\/v2\/types\/page"}],"author":[{"embeddable":true,"href":"https:\/\/modisprem.com\/fr\/wp-json\/wp\/v2\/users\/1"}],"replies":[{"embeddable":true,"href":"https:\/\/modisprem.com\/fr\/wp-json\/wp\/v2\/comments?post=3781"}],"version-history":[{"count":3,"href":"https:\/\/modisprem.com\/fr\/wp-json\/wp\/v2\/pages\/3781\/revisions"}],"predecessor-version":[{"id":4686,"href":"https:\/\/modisprem.com\/fr\/wp-json\/wp\/v2\/pages\/3781\/revisions\/4686"}],"wp:attachment":[{"href":"https:\/\/modisprem.com\/fr\/wp-json\/wp\/v2\/media?parent=3781"}],"curies":[{"name":"wp","href":"https:\/\/api.w.org\/{rel}","templated":true}]}}