{"id":3772,"date":"2024-02-28T19:01:05","date_gmt":"2024-02-28T18:01:05","guid":{"rendered":"http:\/\/modisprem.com\/nuestra-historia\/"},"modified":"2025-12-05T18:19:19","modified_gmt":"2025-12-05T17:19:19","slug":"nuestra-historia","status":"publish","type":"page","link":"https:\/\/modisprem.com\/fr\/nuestra-historia\/","title":{"rendered":"Historie"},"content":{"rendered":"<section class=\"l-section wpb_row us_custom_6d566ed5 height_small with_video with_shape\"><div id=\"us_bg_video_n120\" class=\"l-section-video\"><script>!function(w){var node = document.getElementById( 'us_bg_video_n120' );if ( w.innerWidth <= 10 ) { node.remove() }}(window);<\/script><style>@media(max-width:10px){#us_bg_video_n120{display:none!important}}<\/style><video  autoplay loop muted playsinline preload=\"auto\"><source type=\"video\/mp4\" src=\"http:\/\/modisprem.com\/wp-content\/uploads\/2024\/07\/modisprem-historia.mp4\" \/><\/video><\/div><div class=\"l-section-shape type_wave pos_bottom\" style=\"height:5vmin;color:#ffffff\"><svg xmlns=\"http:\/\/www.w3.org\/2000\/svg\" viewBox=\"0 4 64 4\" preserveAspectRatio=\"none\" width=\"100%\" height=\"100%\">\r\n\t<path fill=\"currentColor\" d=\"M64 6 C32 0 32 12 0 6 L0 8 L64 8 Z\"\/>\r\n<\/svg><\/div><div class=\"l-section-h i-cf\"><div class=\"g-cols vc_row via_grid cols_1 laptops-cols_inherit tablets-cols_inherit mobiles-cols_1 valign_top type_default stacking_default\"><div class=\"wpb_column vc_column_container\"><div class=\"vc_column-inner\"><div class=\"w-separator size_huge\"><\/div><div class=\"w-separator size_huge\"><\/div><\/div><\/div><\/div><\/div><\/section><section class=\"l-section wpb_row height_medium\"><div class=\"l-section-h i-cf\"><div class=\"g-cols vc_row via_grid cols_1 laptops-cols_inherit tablets-cols_inherit mobiles-cols_1 valign_top type_default stacking_default\"><div class=\"wpb_column vc_column_container\"><div class=\"vc_column-inner\"><div class=\"wpb_text_column us_custom_9c7e79d5\"><div class=\"wpb_wrapper\"><p style=\"text-align: center;\">HISTOIRE<\/p>\n<\/div><\/div><div class=\"w-separator size_small\"><\/div><div class=\"wpb_text_column us_custom_1ff6d203 has_text_color\"><div class=\"wpb_wrapper\"><p style=\"text-align: center;\">D\u2019UN PETIT ENTREP\u00d4T&#8230;\u00c0 UNE GRANDE ENTREPRISE INTERNATIONALE<\/p>\n<\/div><\/div><div class=\"w-separator size_medium\"><\/div><div class=\"wpb_text_column\"><div class=\"wpb_wrapper\"><p><strong>MODISPREM<\/strong> est n\u00e9e en 1.973 dans un petit entrep\u00f4t situ\u00e9 dans le quartier de Villamayor (Zaragoza). C\u2019est l\u00e0 que Mr. Antonio Fa\u00f1anas a comenc\u00e9 \u00e0 transformer la mouse de polyur\u00e9thane, en fabriquant des \u00e9paulettes pour l\u2019industrie textile.<\/p>\n<p>Actuellement, MODISPREM est une r\u00e9f\u00e9rence internationale dans la conversi\u00f3n de mousses plastiques et de produits textiles pour tout le secteur industriel, et en particulier, pour l\u2019industrie automobile.<\/p>\n<\/div><\/div><\/div><\/div><\/div><\/div><\/section><section class=\"l-section wpb_row height_medium with_img parallax_ver\"><div class=\"l-section-img\" role=\"img\" data-img-width=\"1920\" data-img-height=\"1201\" style=\"background-image: url(https:\/\/modisprem.com\/wp-content\/uploads\/2024\/01\/fondo-blanco-abstracto-reducido.jpg);\"><\/div><div class=\"l-section-overlay\" style=\"background:linear-gradient(180deg,rgba(255,255,255,0.00),#ffffff)\"><\/div><div class=\"l-section-h i-cf\"><div class=\"g-cols vc_row via_grid cols_1-4-1 laptops-cols_inherit tablets-cols_inherit mobiles-cols_1 valign_top type_default stacking_default\"><div class=\"wpb_column vc_column_container\"><div class=\"vc_column-inner\"><\/div><\/div><div class=\"wpb_column vc_column_container\"><div class=\"vc_column-inner\"><div class=\"g-cols wpb_row via_grid cols_2 laptops-cols_inherit tablets-cols_inherit mobiles-cols_1 valign_middle type_default stacking_default\" style=\"--gap:3rem;\"><div class=\"wpb_column vc_column_container\"><div class=\"vc_column-inner\"><div class=\"w-image us_custom_570dfb8c style_shadow-1 align_center\"><div class=\"w-image-h\"><img decoding=\"async\" width=\"720\" height=\"400\" src=\"https:\/\/modisprem.com\/wp-content\/uploads\/2024\/01\/1973.jpg\" class=\"attachment-full size-full\" alt=\"\" loading=\"lazy\" srcset=\"https:\/\/modisprem.com\/wp-content\/uploads\/2024\/01\/1973.jpg 720w, https:\/\/modisprem.com\/wp-content\/uploads\/2024\/01\/1973-300x167.jpg 300w, https:\/\/modisprem.com\/wp-content\/uploads\/2024\/01\/1973-24x13.jpg 24w, https:\/\/modisprem.com\/wp-content\/uploads\/2024\/01\/1973-36x20.jpg 36w, https:\/\/modisprem.com\/wp-content\/uploads\/2024\/01\/1973-48x27.jpg 48w\" sizes=\"auto, (max-width: 720px) 100vw, 720px\" \/><\/div><\/div><div class=\"w-separator size_small\"><\/div><div class=\"wpb_text_column us_custom_60e9caca us_animate_this\"><div class=\"wpb_wrapper\"><h2 style=\"text-align: center;\">1.972<\/h2>\n<\/div><\/div><\/div><\/div><div class=\"wpb_column vc_column_container\"><div class=\"vc_column-inner\"><div class=\"w-image us_custom_570dfb8c style_shadow-1 align_center\"><div class=\"w-image-h\"><img decoding=\"async\" width=\"720\" height=\"400\" src=\"https:\/\/modisprem.com\/wp-content\/uploads\/2024\/01\/1979.jpg\" class=\"attachment-full size-full\" alt=\"\" loading=\"lazy\" srcset=\"https:\/\/modisprem.com\/wp-content\/uploads\/2024\/01\/1979.jpg 720w, https:\/\/modisprem.com\/wp-content\/uploads\/2024\/01\/1979-300x167.jpg 300w, https:\/\/modisprem.com\/wp-content\/uploads\/2024\/01\/1979-24x13.jpg 24w, https:\/\/modisprem.com\/wp-content\/uploads\/2024\/01\/1979-36x20.jpg 36w, https:\/\/modisprem.com\/wp-content\/uploads\/2024\/01\/1979-48x27.jpg 48w\" sizes=\"auto, (max-width: 720px) 100vw, 720px\" \/><\/div><\/div><div class=\"w-separator size_small\"><\/div><div class=\"wpb_text_column us_custom_3683a75f us_animate_this\"><div class=\"wpb_wrapper\"><h2 style=\"text-align: center;\">1.979<\/h2>\n<\/div><\/div><\/div><\/div><\/div><div class=\"w-separator size_small\"><\/div><div class=\"w-image us_custom_570dfb8c style_shadow-1 align_center\"><div class=\"w-image-h\"><img decoding=\"async\" width=\"1907\" height=\"384\" src=\"https:\/\/modisprem.com\/wp-content\/uploads\/2024\/01\/2022.jpg\" class=\"attachment-full size-full\" alt=\"\" loading=\"lazy\" srcset=\"https:\/\/modisprem.com\/wp-content\/uploads\/2024\/01\/2022.jpg 1907w, https:\/\/modisprem.com\/wp-content\/uploads\/2024\/01\/2022-300x60.jpg 300w, https:\/\/modisprem.com\/wp-content\/uploads\/2024\/01\/2022-1024x206.jpg 1024w, https:\/\/modisprem.com\/wp-content\/uploads\/2024\/01\/2022-24x5.jpg 24w, https:\/\/modisprem.com\/wp-content\/uploads\/2024\/01\/2022-36x7.jpg 36w, https:\/\/modisprem.com\/wp-content\/uploads\/2024\/01\/2022-48x10.jpg 48w\" sizes=\"auto, (max-width: 1907px) 100vw, 1907px\" \/><\/div><\/div><div class=\"w-separator size_small\"><\/div><div class=\"wpb_text_column us_custom_60e9caca us_animate_this\"><div class=\"wpb_wrapper\"><h2 style=\"text-align: center;\">2.022<\/h2>\n<\/div><\/div><div class=\"w-separator size_medium\"><\/div><div class=\"w-image align_none\"><div class=\"w-image-h\"><img decoding=\"async\" width=\"1024\" height=\"768\" src=\"https:\/\/modisprem.com\/wp-content\/uploads\/2025\/10\/Modisprem-desde-el-aire-2.jpeg\" class=\"attachment-large size-large\" alt=\"Modisprem desde el aire 2\" loading=\"lazy\" srcset=\"https:\/\/modisprem.com\/wp-content\/uploads\/2025\/10\/Modisprem-desde-el-aire-2.jpeg 1024w, https:\/\/modisprem.com\/wp-content\/uploads\/2025\/10\/Modisprem-desde-el-aire-2-300x225.jpeg 300w, https:\/\/modisprem.com\/wp-content\/uploads\/2025\/10\/Modisprem-desde-el-aire-2-24x18.jpeg 24w, https:\/\/modisprem.com\/wp-content\/uploads\/2025\/10\/Modisprem-desde-el-aire-2-36x27.jpeg 36w, https:\/\/modisprem.com\/wp-content\/uploads\/2025\/10\/Modisprem-desde-el-aire-2-48x36.jpeg 48w\" sizes=\"auto, (max-width: 1024px) 100vw, 1024px\" \/><\/div><\/div><div class=\"w-separator size_medium\"><\/div><div class=\"wpb_text_column us_custom_60e9caca us_animate_this\"><div class=\"wpb_wrapper\"><h2 style=\"text-align: center;\">2.025<\/h2>\n<\/div><\/div><\/div><\/div><div class=\"wpb_column vc_column_container\"><div class=\"vc_column-inner\"><\/div><\/div><\/div><\/div><\/section><section class=\"l-section wpb_row height_medium\"><div class=\"l-section-h i-cf\"><div class=\"g-cols vc_row via_grid cols_1 laptops-cols_inherit tablets-cols_inherit mobiles-cols_1 valign_top type_default stacking_default\"><div class=\"wpb_column vc_column_container\"><div class=\"vc_column-inner\"><div class=\"smile-icon-timeline-wrap csstime   tl-animation-slide-out\"  data-time_sep_bg_color=&quot;#8ec222&quot; data-time_block_bg_color=&quot;#ffffff&quot; data-time_sep_color=&quot;#0a0a0a&quot; style=\"\"><div class=\"timeline-line \" style=\"border-right-color:#adadad;\"><span><\/span><\/div><div class=\"timeline-wrapper\"><div class=\"timeline-block \"><div class=\"timeline-dot\"><\/div><div class=\"ult-timeline-arrow\"><s><\/s><l><\/l><\/div><div class=\"timeline-icon-block\"><div class=\"ult-timeline-icon tl-icon-no-bg\" style=\"   \"><\/div> <!-- icon --><\/div><div class=\"timeline-header-block\" >\n\t\t\t\t\t\t\t<div id=\"timeline-item-1841\" class=\"timeline-header\" style=\"\"><h3 class=\"ult-timeline-title ult-responsive\"  data-ultimate-target='#timeline-item-1841 .ult-timeline-title'  data-responsive-json-new='{\"font-size\":\"desktop:24px;\",\"line-height\":\"desktop:28px;\"}'  style=\"font-weight:bold;color:#000000;\">Transfert Zuera. (1.979)<\/h3><div class=\"ult-responsive timeline-item-spt\"  data-ultimate-target='#timeline-item-1841 .timeline-item-spt'  data-responsive-json-new='{\"font-size\":\"desktop:18px;\",\"line-height\":\"desktop:20px;\"}'  style=\"color:#0a0a0a;\">Transfert de nos installations \u00e0 un ancien moulin \u00e0 farine situ\u00e9 \u00e0 Zuera (Zaragoza), de 5.000 m2 de surface. Les march\u00e9s et les mat\u00e9riaux se diversifient en d\u00e9veloppant une gamme de produits m\u00e9nagers.<\/div><\/div> <!-- header --><\/div><\/div><div class=\"timeline-block \"><div class=\"timeline-dot\"><\/div><div class=\"ult-timeline-arrow\"><s><\/s><l><\/l><\/div><div class=\"timeline-icon-block\"><div class=\"ult-timeline-icon tl-icon-no-bg\" style=\"   \"><\/div> <!-- icon --><\/div><div class=\"timeline-header-block\" >\n\t\t\t\t\t\t\t<div id=\"timeline-item-6470\" class=\"timeline-header\" style=\"\"><h3 class=\"ult-timeline-title ult-responsive\"  data-ultimate-target='#timeline-item-6470 .ult-timeline-title'  data-responsive-json-new='{\"font-size\":\"desktop:24px;\",\"line-height\":\"desktop:28px;\"}'  style=\"font-weight:bold;color:#000000;\">(1.987) Croissance continue.<\/h3><div class=\"ult-responsive timeline-item-spt\"  data-ultimate-target='#timeline-item-6470 .timeline-item-spt'  data-responsive-json-new='{\"font-size\":\"desktop:18px;\",\"line-height\":\"desktop:20px;\"}'  style=\"color:#0a0a0a;\">Cela nous am\u00e8ne \u00e0 nouveau \u00e0 d\u00e9placer l&rsquo;usine vers son emplacement actuel, en agrandissant l&rsquo;installation \u00e0 15 000 m2 et en construisant plus de 8 000 m2.<\/div><\/div> <!-- header --><\/div><\/div><div class=\"timeline-block \"><div class=\"timeline-dot\"><\/div><div class=\"ult-timeline-arrow\"><s><\/s><l><\/l><\/div><div class=\"timeline-icon-block\"><div class=\"ult-timeline-icon tl-icon-no-bg\" style=\"   \"><\/div> <!-- icon --><\/div><div class=\"timeline-header-block\" >\n\t\t\t\t\t\t\t<div id=\"timeline-item-5794\" class=\"timeline-header\" style=\"\"><h3 class=\"ult-timeline-title ult-responsive\"  data-ultimate-target='#timeline-item-5794 .ult-timeline-title'  data-responsive-json-new='{\"font-size\":\"desktop:24px;\",\"line-height\":\"desktop:28px;\"}'  style=\"font-weight:bold;color:#000000;\">Premi\u00e8re Certification. (1.998)<\/h3><div class=\"ult-responsive timeline-item-spt\"  data-ultimate-target='#timeline-item-5794 .timeline-item-spt'  data-responsive-json-new='{\"font-size\":\"desktop:18px;\",\"line-height\":\"desktop:20px;\"}'  style=\"color:#0a0a0a;\">La diversit\u00e9 des marches et la demande de nos clients nous m\u00e8nent \u00e0 \u00eatre certifi\u00e9s para les normes de qualit\u00e9 UNE-EN-ISO 9002\/1994.<\/div><\/div> <!-- header --><\/div><\/div><div class=\"timeline-block \"><div class=\"timeline-dot\"><\/div><div class=\"ult-timeline-arrow\"><s><\/s><l><\/l><\/div><div class=\"timeline-icon-block\"><div class=\"ult-timeline-icon tl-icon-no-bg\" style=\"   \"><\/div> <!-- icon --><\/div><div class=\"timeline-header-block\" >\n\t\t\t\t\t\t\t<div id=\"timeline-item-4155\" class=\"timeline-header\" style=\"\"><h3 class=\"ult-timeline-title ult-responsive\"  data-ultimate-target='#timeline-item-4155 .ult-timeline-title'  data-responsive-json-new='{\"font-size\":\"desktop:24px;\",\"line-height\":\"desktop:28px;\"}'  style=\"font-weight:bold;color:#000000;\">(2002) Nouvelles installations.<\/h3><div class=\"ult-responsive timeline-item-spt\"  data-ultimate-target='#timeline-item-4155 .timeline-item-spt'  data-responsive-json-new='{\"font-size\":\"desktop:18px;\",\"line-height\":\"desktop:20px;\"}'  style=\"color:#0a0a0a;\">Nous avons acquis le dernier terrain disponible dans la zone industrielle, d&rsquo;une superficie de 20 000 m2. Nous avons construit 2 100 m2 de nouvelles installations et d\u00e9velopp\u00e9 un proc\u00e9d\u00e9 de transformation des mousses par moulage et thermoformage.<\/div><\/div> <!-- header --><\/div><\/div><div class=\"timeline-block \"><div class=\"timeline-dot\"><\/div><div class=\"ult-timeline-arrow\"><s><\/s><l><\/l><\/div><div class=\"timeline-icon-block\"><div class=\"ult-timeline-icon tl-icon-no-bg\" style=\"   \"><\/div> <!-- icon --><\/div><div class=\"timeline-header-block\" >\n\t\t\t\t\t\t\t<div id=\"timeline-item-2900\" class=\"timeline-header\" style=\"\"><h3 class=\"ult-timeline-title ult-responsive\"  data-ultimate-target='#timeline-item-2900 .ult-timeline-title'  data-responsive-json-new='{\"font-size\":\"desktop:24px;\",\"line-height\":\"desktop:28px;\"}'  style=\"font-weight:bold;color:#000000;\">Obtention de la Certification UNE-EN-ISO 9001:2000. (2.003)<\/h3><div class=\"ult-responsive timeline-item-spt\"  data-ultimate-target='#timeline-item-2900 .timeline-item-spt'  data-responsive-json-new='{\"font-size\":\"desktop:18px;\",\"line-height\":\"desktop:20px;\"}'  style=\"color:#0a0a0a;\"><\/div><\/div> <!-- header --><\/div><\/div><div class=\"timeline-block \"><div class=\"timeline-dot\"><\/div><div class=\"ult-timeline-arrow\"><s><\/s><l><\/l><\/div><div class=\"timeline-icon-block\"><div class=\"ult-timeline-icon tl-icon-no-bg\" style=\"   \"><\/div> <!-- icon --><\/div><div class=\"timeline-header-block\" >\n\t\t\t\t\t\t\t<div id=\"timeline-item-8825\" class=\"timeline-header\" style=\"\"><h3 class=\"ult-timeline-title ult-responsive\"  data-ultimate-target='#timeline-item-8825 .ult-timeline-title'  data-responsive-json-new='{\"font-size\":\"desktop:24px;\",\"line-height\":\"desktop:28px;\"}'  style=\"font-weight:bold;color:#000000;\">(2.008) Nous obtenons la Certification UNE-EN-ISO 9001:2008.<\/h3><div class=\"ult-responsive timeline-item-spt\"  data-ultimate-target='#timeline-item-8825 .timeline-item-spt'  data-responsive-json-new='{\"font-size\":\"desktop:18px;\",\"line-height\":\"desktop:20px;\"}'  style=\"color:#0a0a0a;\"><\/div><\/div> <!-- header --><\/div><\/div><div class=\"timeline-block \"><div class=\"timeline-dot\"><\/div><div class=\"ult-timeline-arrow\"><s><\/s><l><\/l><\/div><div class=\"timeline-icon-block\"><div class=\"ult-timeline-icon tl-icon-no-bg\" style=\"   \"><\/div> <!-- icon --><\/div><div class=\"timeline-header-block\" >\n\t\t\t\t\t\t\t<div id=\"timeline-item-3970\" class=\"timeline-header\" style=\"\"><h3 class=\"ult-timeline-title ult-responsive\"  data-ultimate-target='#timeline-item-3970 .ult-timeline-title'  data-responsive-json-new='{\"font-size\":\"desktop:24px;\",\"line-height\":\"desktop:28px;\"}'  style=\"font-weight:bold;color:#000000;\">Nouvelle extensi\u00f3n. (2.014)<\/h3><div class=\"ult-responsive timeline-item-spt\"  data-ultimate-target='#timeline-item-3970 .timeline-item-spt'  data-responsive-json-new='{\"font-size\":\"desktop:18px;\",\"line-height\":\"desktop:20px;\"}'  style=\"color:#0a0a0a;\">Extension des installations logistiques de 1.700 m2, en atteignant un total de 20.000 m2, dont 11.980 m2 construits.<\/div><\/div> <!-- header --><\/div><\/div><div class=\"timeline-block \"><div class=\"timeline-dot\"><\/div><div class=\"ult-timeline-arrow\"><s><\/s><l><\/l><\/div><div class=\"timeline-icon-block\"><div class=\"ult-timeline-icon tl-icon-no-bg\" style=\"   \"><\/div> <!-- icon --><\/div><div class=\"timeline-header-block\" >\n\t\t\t\t\t\t\t<div id=\"timeline-item-5272\" class=\"timeline-header\" style=\"\"><h3 class=\"ult-timeline-title ult-responsive\"  data-ultimate-target='#timeline-item-5272 .ult-timeline-title'  data-responsive-json-new='{\"font-size\":\"desktop:24px;\",\"line-height\":\"desktop:28px;\"}'  style=\"font-weight:bold;color:#000000;\">(2.015) Nous obtenons la Certification ISO\/TS 16949. e ISO 9001:2015.<\/h3><div class=\"ult-responsive timeline-item-spt\"  data-ultimate-target='#timeline-item-5272 .timeline-item-spt'  data-responsive-json-new='{\"font-size\":\"desktop:18px;\",\"line-height\":\"desktop:20px;\"}'  style=\"color:#0a0a0a;\"><\/div><\/div> <!-- header --><\/div><\/div><div class=\"timeline-block \"><div class=\"timeline-dot\"><\/div><div class=\"ult-timeline-arrow\"><s><\/s><l><\/l><\/div><div class=\"timeline-icon-block\"><div class=\"ult-timeline-icon tl-icon-no-bg\" style=\"   \"><\/div> <!-- icon --><\/div><div class=\"timeline-header-block\" >\n\t\t\t\t\t\t\t<div id=\"timeline-item-2781\" class=\"timeline-header\" style=\"\"><h3 class=\"ult-timeline-title ult-responsive\"  data-ultimate-target='#timeline-item-2781 .ult-timeline-title'  data-responsive-json-new='{\"font-size\":\"desktop:24px;\",\"line-height\":\"desktop:28px;\"}'  style=\"font-weight:bold;color:#000000;\">Nous obtenons avec succ\u00e8s la Certification IATF et VDA. (2.018)<\/h3><div class=\"ult-responsive timeline-item-spt\"  data-ultimate-target='#timeline-item-2781 .timeline-item-spt'  data-responsive-json-new='{\"font-size\":\"desktop:18px;\",\"line-height\":\"desktop:20px;\"}'  style=\"color:#0a0a0a;\"><\/div><\/div> <!-- header --><\/div><\/div><div class=\"timeline-block \"><div class=\"timeline-dot\"><\/div><div class=\"ult-timeline-arrow\"><s><\/s><l><\/l><\/div><div class=\"timeline-icon-block\"><div class=\"ult-timeline-icon tl-icon-no-bg\" style=\"   \"><\/div> <!-- icon --><\/div><div class=\"timeline-header-block\" >\n\t\t\t\t\t\t\t<div id=\"timeline-item-9144\" class=\"timeline-header\" style=\"\"><h3 class=\"ult-timeline-title ult-responsive\"  data-ultimate-target='#timeline-item-9144 .ult-timeline-title'  data-responsive-json-new='{\"font-size\":\"desktop:24px;\",\"line-height\":\"desktop:28px;\"}'  style=\"font-weight:bold;color:#000000;\">(2.020) COVID-19<\/h3><div class=\"ult-responsive timeline-item-spt\"  data-ultimate-target='#timeline-item-9144 .timeline-item-spt'  data-responsive-json-new='{\"font-size\":\"desktop:18px;\",\"line-height\":\"desktop:20px;\"}'  style=\"color:#0a0a0a;\">Malgr\u00e9 la situation caus\u00e9e par le COVID-19, Modisprem maintient sa position de leader, cl\u00f4turant l&rsquo;ann\u00e9e sur des chiffres positifs.<\/div><\/div> <!-- header --><\/div><\/div><div class=\"timeline-block \"><div class=\"timeline-dot\"><\/div><div class=\"ult-timeline-arrow\"><s><\/s><l><\/l><\/div><div class=\"timeline-icon-block\"><div class=\"ult-timeline-icon tl-icon-no-bg\" style=\"   \"><\/div> <!-- icon --><\/div><div class=\"timeline-header-block\" >\n\t\t\t\t\t\t\t<div id=\"timeline-item-8725\" class=\"timeline-header\" style=\"\"><h3 class=\"ult-timeline-title ult-responsive\"  data-ultimate-target='#timeline-item-8725 .ult-timeline-title'  data-responsive-json-new='{\"font-size\":\"desktop:24px;\",\"line-height\":\"desktop:28px;\"}'  style=\"font-weight:bold;color:#000000;\">Nous obtenons avec succ\u00e8s la Certification ISO 14001 (2.023)<\/h3><div class=\"ult-responsive timeline-item-spt\"  data-ultimate-target='#timeline-item-8725 .timeline-item-spt'  data-responsive-json-new='{\"font-size\":\"desktop:18px;\",\"line-height\":\"desktop:20px;\"}'  style=\"color:#0a0a0a;\">Engag\u00e9s dans un syst\u00e8me de gestion environnementale efficace, nous sommes certifi\u00e9s ISO 14001.<\/div><\/div> <!-- header --><\/div><\/div><div class=\"timeline-block \"><div class=\"timeline-dot\"><\/div><div class=\"ult-timeline-arrow\"><s><\/s><l><\/l><\/div><div class=\"timeline-icon-block\"><div class=\"ult-timeline-icon tl-icon-no-bg\" style=\"   \"><\/div> <!-- icon --><\/div><div class=\"timeline-header-block\" >\n\t\t\t\t\t\t\t<div id=\"timeline-item-1297\" class=\"timeline-header\" style=\"\"><h3 class=\"ult-timeline-title ult-responsive\"  data-ultimate-target='#timeline-item-1297 .ult-timeline-title'  data-responsive-json-new='{\"font-size\":\"desktop:24px;\",\"line-height\":\"desktop:28px;\"}'  style=\"font-weight:bold;color:#000000;\">(2.024) Nouvelle extension.<\/h3><div class=\"ult-responsive timeline-item-spt\"  data-ultimate-target='#timeline-item-1297 .timeline-item-spt'  data-responsive-json-new='{\"font-size\":\"desktop:18px;\",\"line-height\":\"desktop:20px;\"}'  style=\"color:#0a0a0a;\">Nous avons construit un nouvel entrep\u00f4t de 1.800 m\u00b2, d\u00e9passant les 13 600 m\u00b2 couverts.<\/div><\/div> <!-- header --><\/div><\/div><\/div><\/div><\/div><\/div><\/div><\/div><\/section>\n","protected":false},"excerpt":{"rendered":"HISTOIRE D\u2019UN PETIT ENTREP\u00d4T&#8230;\u00c0 UNE GRANDE ENTREPRISE INTERNATIONALE MODISPREM est n\u00e9e en 1.973 dans un petit entrep\u00f4t situ\u00e9 dans le quartier de Villamayor (Zaragoza). C\u2019est l\u00e0 que Mr. Antonio Fa\u00f1anas a comenc\u00e9 \u00e0 transformer la mouse de polyur\u00e9thane, en fabriquant des \u00e9paulettes pour l\u2019industrie textile. Actuellement, MODISPREM est une r\u00e9f\u00e9rence internationale dans la conversi\u00f3n de...","protected":false},"author":1,"featured_media":0,"parent":0,"menu_order":0,"comment_status":"closed","ping_status":"closed","template":"","meta":{"footnotes":""},"class_list":["post-3772","page","type-page","status-publish","hentry"],"_links":{"self":[{"href":"https:\/\/modisprem.com\/fr\/wp-json\/wp\/v2\/pages\/3772","targetHints":{"allow":["GET"]}}],"collection":[{"href":"https:\/\/modisprem.com\/fr\/wp-json\/wp\/v2\/pages"}],"about":[{"href":"https:\/\/modisprem.com\/fr\/wp-json\/wp\/v2\/types\/page"}],"author":[{"embeddable":true,"href":"https:\/\/modisprem.com\/fr\/wp-json\/wp\/v2\/users\/1"}],"replies":[{"embeddable":true,"href":"https:\/\/modisprem.com\/fr\/wp-json\/wp\/v2\/comments?post=3772"}],"version-history":[{"count":10,"href":"https:\/\/modisprem.com\/fr\/wp-json\/wp\/v2\/pages\/3772\/revisions"}],"predecessor-version":[{"id":6057,"href":"https:\/\/modisprem.com\/fr\/wp-json\/wp\/v2\/pages\/3772\/revisions\/6057"}],"wp:attachment":[{"href":"https:\/\/modisprem.com\/fr\/wp-json\/wp\/v2\/media?parent=3772"}],"curies":[{"name":"wp","href":"https:\/\/api.w.org\/{rel}","templated":true}]}}