{"id":3715,"date":"2024-02-28T19:03:37","date_gmt":"2024-02-28T18:03:37","guid":{"rendered":"http:\/\/modisprem.com\/compliance\/"},"modified":"2024-08-01T11:51:12","modified_gmt":"2024-08-01T09:51:12","slug":"compliance","status":"publish","type":"page","link":"https:\/\/modisprem.com\/fr\/compliance\/","title":{"rendered":"Compliance"},"content":{"rendered":"<section class=\"l-section wpb_row us_custom_6d566ed5 height_small with_img parallax_ver with_shape\"><div class=\"l-section-img\" role=\"img\" data-img-width=\"1920\" data-img-height=\"1280\" style=\"background-image: url(https:\/\/modisprem.com\/wp-content\/uploads\/2024\/04\/compromiso.jpg);\"><\/div><div class=\"l-section-overlay\" style=\"background:linear-gradient(90deg,rgba(142,194,34,0.40244140625),rgba(135,181,38,0.74619140625))\"><\/div><div class=\"l-section-shape type_wave pos_bottom\" style=\"height:5vmin;color:#ffffff\"><svg xmlns=\"http:\/\/www.w3.org\/2000\/svg\" viewBox=\"0 4 64 4\" preserveAspectRatio=\"none\" width=\"100%\" height=\"100%\">\r\n\t<path fill=\"currentColor\" d=\"M64 6 C32 0 32 12 0 6 L0 8 L64 8 Z\"\/>\r\n<\/svg><\/div><div class=\"l-section-h i-cf\"><div class=\"g-cols vc_row via_grid cols_1 laptops-cols_inherit tablets-cols_inherit mobiles-cols_1 valign_top type_default stacking_default\"><div class=\"wpb_column vc_column_container\"><div class=\"vc_column-inner\"><div class=\"w-separator size_medium\"><\/div><div class=\"wpb_text_column us_custom_29f17b68 has_text_color\"><div class=\"wpb_wrapper\"><p style=\"text-align: center;\">COMPLIANCE<\/p>\n<\/div><\/div><div class=\"w-separator size_medium\"><\/div><div class=\"w-separator size_medium\"><\/div><\/div><\/div><\/div><\/div><\/section><section class=\"l-section wpb_row height_medium\"><div class=\"l-section-h i-cf\"><div class=\"g-cols vc_row via_grid cols_custom laptops-cols_inherit tablets-cols_inherit mobiles-cols_1 valign_top type_default stacking_default\" style=\"--custom-columns:1fr 2fr 1fr 2fr \"><div class=\"wpb_column vc_column_container\"><div class=\"vc_column-inner\"><div class=\"w-image align_center\"><div class=\"w-image-h\"><img decoding=\"async\" width=\"218\" height=\"326\" src=\"https:\/\/modisprem.com\/wp-content\/uploads\/2024\/02\/miniatura-politica-calidad.jpg\" class=\"attachment-full size-full\" alt=\"\" loading=\"lazy\" srcset=\"https:\/\/modisprem.com\/wp-content\/uploads\/2024\/02\/miniatura-politica-calidad.jpg 218w, https:\/\/modisprem.com\/wp-content\/uploads\/2024\/02\/miniatura-politica-calidad-201x300.jpg 201w, https:\/\/modisprem.com\/wp-content\/uploads\/2024\/02\/miniatura-politica-calidad-16x24.jpg 16w, https:\/\/modisprem.com\/wp-content\/uploads\/2024\/02\/miniatura-politica-calidad-24x36.jpg 24w, https:\/\/modisprem.com\/wp-content\/uploads\/2024\/02\/miniatura-politica-calidad-32x48.jpg 32w\" sizes=\"auto, (max-width: 218px) 100vw, 218px\" \/><\/div><\/div><\/div><\/div><div class=\"wpb_column vc_column_container\"><div class=\"vc_column-inner\"><div class=\"wpb_text_column\"><div class=\"wpb_wrapper\"><p><strong>Politique de qualit\u00e9.<\/strong> (<a href=\"solicitud-compliance\/\">PDF<\/a>).<\/p>\n<p>Un syst\u00e8me de gestion de la qualit\u00e9 a \u00e9t\u00e9 \u00e9tabli sur la base de la norme UNE-EN-ISO 9001:2015 et IATF 16494.<\/p>\n<p>Il envisage la gestion de la qualit\u00e9 dans la structure et l&rsquo;organisation de toute l&rsquo;entreprise pour le d\u00e9veloppement, le contr\u00f4le de la qualit\u00e9, la production, le stockage et la conservation, la commercialisation et le service apr\u00e8s-vente.<\/p>\n<\/div><\/div><\/div><\/div><div class=\"wpb_column vc_column_container\"><div class=\"vc_column-inner\"><div class=\"w-image align_center\"><div class=\"w-image-h\"><img decoding=\"async\" width=\"218\" height=\"326\" src=\"https:\/\/modisprem.com\/wp-content\/uploads\/2024\/02\/miniatura-seguridad-informacion.jpg\" class=\"attachment-full size-full\" alt=\"\" loading=\"lazy\" srcset=\"https:\/\/modisprem.com\/wp-content\/uploads\/2024\/02\/miniatura-seguridad-informacion.jpg 218w, https:\/\/modisprem.com\/wp-content\/uploads\/2024\/02\/miniatura-seguridad-informacion-201x300.jpg 201w, https:\/\/modisprem.com\/wp-content\/uploads\/2024\/02\/miniatura-seguridad-informacion-16x24.jpg 16w, https:\/\/modisprem.com\/wp-content\/uploads\/2024\/02\/miniatura-seguridad-informacion-24x36.jpg 24w, https:\/\/modisprem.com\/wp-content\/uploads\/2024\/02\/miniatura-seguridad-informacion-32x48.jpg 32w\" sizes=\"auto, (max-width: 218px) 100vw, 218px\" \/><\/div><\/div><\/div><\/div><div class=\"wpb_column vc_column_container\"><div class=\"vc_column-inner\"><div class=\"wpb_text_column\"><div class=\"wpb_wrapper\"><p><strong>S\u00e9curit\u00e9 des informations.<\/strong> (<a href=\"solicitud-compliance\/\">PDF<\/a>).<\/p>\n<p>Nous connaissons l\u2019importance de prot\u00e9ger les informations et travaillons pour garantir la confidentialit\u00e9, l\u2019int\u00e9grit\u00e9 et la disponibilit\u00e9 de tous les actifs informationnels.<\/p>\n<\/div><\/div><\/div><\/div><\/div><\/div><\/section><section class=\"l-section wpb_row height_medium\"><div class=\"l-section-overlay\" style=\"background:var(--color-alt-content-bg)\"><\/div><div class=\"l-section-h i-cf\"><div class=\"g-cols vc_row via_grid cols_custom laptops-cols_inherit tablets-cols_inherit mobiles-cols_1 valign_top type_default stacking_default\" style=\"--custom-columns:1fr 2fr 1fr 2fr \"><div class=\"wpb_column vc_column_container\"><div class=\"vc_column-inner\"><div class=\"w-image align_center\"><div class=\"w-image-h\"><img decoding=\"async\" width=\"207\" height=\"293\" src=\"https:\/\/modisprem.com\/wp-content\/uploads\/2024\/02\/Principio-pacto-mundial.jpg\" class=\"attachment-full size-full\" alt=\"\" loading=\"lazy\" srcset=\"https:\/\/modisprem.com\/wp-content\/uploads\/2024\/02\/Principio-pacto-mundial.jpg 207w, https:\/\/modisprem.com\/wp-content\/uploads\/2024\/02\/Principio-pacto-mundial-17x24.jpg 17w, https:\/\/modisprem.com\/wp-content\/uploads\/2024\/02\/Principio-pacto-mundial-25x36.jpg 25w, https:\/\/modisprem.com\/wp-content\/uploads\/2024\/02\/Principio-pacto-mundial-34x48.jpg 34w\" sizes=\"auto, (max-width: 207px) 100vw, 207px\" \/><\/div><\/div><\/div><\/div><div class=\"wpb_column vc_column_container\"><div class=\"vc_column-inner\"><div class=\"wpb_text_column\"><div class=\"wpb_wrapper\"><p><strong>Principe du pacte mondial.<\/strong> (<a href=\"solicitud-compliance\/\">PDF<\/a>).<\/p>\n<p>Nous travaillons pour garantir les droits de l&rsquo;homme dans notre activit\u00e9 commerciale et c&rsquo;est pourquoi nous nous sommes align\u00e9s sur l&rsquo;agenda 2030.<\/p>\n<\/div><\/div><\/div><\/div><div class=\"wpb_column vc_column_container\"><div class=\"vc_column-inner\"><div class=\"w-image align_center\"><div class=\"w-image-h\"><img decoding=\"async\" width=\"207\" height=\"293\" src=\"https:\/\/modisprem.com\/wp-content\/uploads\/2024\/02\/Politica-de-DD.HH_.jpg\" class=\"attachment-full size-full\" alt=\"\" loading=\"lazy\" srcset=\"https:\/\/modisprem.com\/wp-content\/uploads\/2024\/02\/Politica-de-DD.HH_.jpg 207w, https:\/\/modisprem.com\/wp-content\/uploads\/2024\/02\/Politica-de-DD.HH_-17x24.jpg 17w, https:\/\/modisprem.com\/wp-content\/uploads\/2024\/02\/Politica-de-DD.HH_-25x36.jpg 25w, https:\/\/modisprem.com\/wp-content\/uploads\/2024\/02\/Politica-de-DD.HH_-34x48.jpg 34w\" sizes=\"auto, (max-width: 207px) 100vw, 207px\" \/><\/div><\/div><\/div><\/div><div class=\"wpb_column vc_column_container\"><div class=\"vc_column-inner\"><div class=\"wpb_text_column\"><div class=\"wpb_wrapper\"><p><strong>Politique DD. H H<\/strong>. (<a href=\"solicitud-compliance\/\">PDF<\/a>).<\/p>\n<p>&nbsp;<\/p>\n<p><strong>\u00a0<\/strong><\/p>\n<\/div><\/div><\/div><\/div><\/div><\/div><\/section><section class=\"l-section wpb_row height_medium\"><div class=\"l-section-h i-cf\"><div class=\"g-cols vc_row via_grid cols_custom laptops-cols_inherit tablets-cols_inherit mobiles-cols_1 valign_top type_default stacking_default\" style=\"--custom-columns:1fr 2fr 1fr 2fr \"><div class=\"wpb_column vc_column_container\"><div class=\"vc_column-inner\"><div class=\"w-image align_center\"><div class=\"w-image-h\"><img decoding=\"async\" width=\"207\" height=\"293\" src=\"https:\/\/modisprem.com\/wp-content\/uploads\/2024\/02\/Politica-de-Prevencion.jpg\" class=\"attachment-full size-full\" alt=\"\" loading=\"lazy\" srcset=\"https:\/\/modisprem.com\/wp-content\/uploads\/2024\/02\/Politica-de-Prevencion.jpg 207w, https:\/\/modisprem.com\/wp-content\/uploads\/2024\/02\/Politica-de-Prevencion-17x24.jpg 17w, https:\/\/modisprem.com\/wp-content\/uploads\/2024\/02\/Politica-de-Prevencion-25x36.jpg 25w, https:\/\/modisprem.com\/wp-content\/uploads\/2024\/02\/Politica-de-Prevencion-34x48.jpg 34w\" sizes=\"auto, (max-width: 207px) 100vw, 207px\" \/><\/div><\/div><\/div><\/div><div class=\"wpb_column vc_column_container\"><div class=\"vc_column-inner\"><div class=\"wpb_text_column\"><div class=\"wpb_wrapper\"><p><strong>Environnement de travail s\u00e9curitaire<\/strong>. (PD<a href=\"solicitud-compliance\/\">PDF<\/a>F).<\/p>\n<p>Nous nous engageons envers la s\u00e9curit\u00e9 et la sant\u00e9 au travail des personnes qui travaillent chez MODISPREM afin qu&rsquo;elles effectuent leur travail dans un environnement s\u00fbr et sain.<\/p>\n<\/div><\/div><\/div><\/div><div class=\"wpb_column vc_column_container\"><div class=\"vc_column-inner\"><div class=\"w-image align_center\"><div class=\"w-image-h\"><img decoding=\"async\" width=\"207\" height=\"292\" src=\"https:\/\/modisprem.com\/wp-content\/uploads\/2024\/02\/Codigo-etico-y-de-conducta-2.jpg\" class=\"attachment-full size-full\" alt=\"\" loading=\"lazy\" srcset=\"https:\/\/modisprem.com\/wp-content\/uploads\/2024\/02\/Codigo-etico-y-de-conducta-2.jpg 207w, https:\/\/modisprem.com\/wp-content\/uploads\/2024\/02\/Codigo-etico-y-de-conducta-2-17x24.jpg 17w, https:\/\/modisprem.com\/wp-content\/uploads\/2024\/02\/Codigo-etico-y-de-conducta-2-26x36.jpg 26w, https:\/\/modisprem.com\/wp-content\/uploads\/2024\/02\/Codigo-etico-y-de-conducta-2-34x48.jpg 34w\" sizes=\"auto, (max-width: 207px) 100vw, 207px\" \/><\/div><\/div><\/div><\/div><div class=\"wpb_column vc_column_container\"><div class=\"vc_column-inner\"><div class=\"wpb_text_column\"><div class=\"wpb_wrapper\"><p><strong>Honn\u00eatet\u00e9 et transparence<\/strong>. (<a href=\"solicitud-compliance\/\">PDF<\/a>).<\/p>\n<p>Chez Modisprem, la prise de d\u00e9cision est toujours soutenue par notre Code d&rsquo;\u00e9thique et de conduite, qui est notre guide de comportement.<\/p>\n<\/div><\/div><\/div><\/div><\/div><\/div><\/section>\n","protected":false},"excerpt":{"rendered":"COMPLIANCE Politique de qualit\u00e9. (PDF). Un syst\u00e8me de gestion de la qualit\u00e9 a \u00e9t\u00e9 \u00e9tabli sur la base de la norme UNE-EN-ISO 9001:2015 et IATF 16494. Il envisage la gestion de la qualit\u00e9 dans la structure et l&rsquo;organisation de toute l&rsquo;entreprise pour le d\u00e9veloppement, le contr\u00f4le de la qualit\u00e9, la production, le stockage et la...","protected":false},"author":1,"featured_media":0,"parent":0,"menu_order":0,"comment_status":"closed","ping_status":"closed","template":"","meta":{"footnotes":""},"class_list":["post-3715","page","type-page","status-publish","hentry"],"_links":{"self":[{"href":"https:\/\/modisprem.com\/fr\/wp-json\/wp\/v2\/pages\/3715","targetHints":{"allow":["GET"]}}],"collection":[{"href":"https:\/\/modisprem.com\/fr\/wp-json\/wp\/v2\/pages"}],"about":[{"href":"https:\/\/modisprem.com\/fr\/wp-json\/wp\/v2\/types\/page"}],"author":[{"embeddable":true,"href":"https:\/\/modisprem.com\/fr\/wp-json\/wp\/v2\/users\/1"}],"replies":[{"embeddable":true,"href":"https:\/\/modisprem.com\/fr\/wp-json\/wp\/v2\/comments?post=3715"}],"version-history":[{"count":4,"href":"https:\/\/modisprem.com\/fr\/wp-json\/wp\/v2\/pages\/3715\/revisions"}],"predecessor-version":[{"id":4989,"href":"https:\/\/modisprem.com\/fr\/wp-json\/wp\/v2\/pages\/3715\/revisions\/4989"}],"wp:attachment":[{"href":"https:\/\/modisprem.com\/fr\/wp-json\/wp\/v2\/media?parent=3715"}],"curies":[{"name":"wp","href":"https:\/\/api.w.org\/{rel}","templated":true}]}}