{"id":4977,"date":"2024-08-01T11:34:18","date_gmt":"2024-08-01T09:34:18","guid":{"rendered":"https:\/\/modisprem.com\/solicitud-compliance\/"},"modified":"2024-08-01T11:44:10","modified_gmt":"2024-08-01T09:44:10","slug":"solicitud-compliance","status":"publish","type":"page","link":"https:\/\/modisprem.com\/de\/solicitud-compliance\/","title":{"rendered":"Compliance-Anfrage"},"content":{"rendered":"<section class=\"l-section wpb_row height_medium\"><div class=\"l-section-h i-cf\"><div class=\"g-cols vc_row via_grid cols_1 laptops-cols_inherit tablets-cols_inherit mobiles-cols_1 valign_top type_default stacking_default\"><div class=\"wpb_column vc_column_container\"><div class=\"vc_column-inner\"><div class=\"w-image align_center\"><div class=\"w-image-h\"><img decoding=\"async\" width=\"100\" height=\"100\" src=\"https:\/\/modisprem.com\/wp-content\/uploads\/2024\/08\/icono-info.png\" class=\"attachment-full size-full\" alt=\"Icono info\" loading=\"lazy\" srcset=\"https:\/\/modisprem.com\/wp-content\/uploads\/2024\/08\/icono-info.png 100w, https:\/\/modisprem.com\/wp-content\/uploads\/2024\/08\/icono-info-24x24.png 24w, https:\/\/modisprem.com\/wp-content\/uploads\/2024\/08\/icono-info-36x36.png 36w, https:\/\/modisprem.com\/wp-content\/uploads\/2024\/08\/icono-info-48x48.png 48w\" sizes=\"auto, (max-width: 100px) 100vw, 100px\" \/><\/div><\/div><div class=\"w-separator size_small\"><\/div><div class=\"wpb_text_column\"><div class=\"wpb_wrapper\"><h3 style=\"text-align: center;\">Sie sind nicht berechtigt, das Dokument anzuzeigen.<\/h3>\n<\/div><\/div><div class=\"w-separator size_medium\"><\/div><div class=\"wpb_text_column\"><div class=\"wpb_wrapper\"><p style=\"text-align: center;\">Fordern Sie das Dokument, das Sie einsehen m\u00f6chten, \u00fcber das folgende Formular an:<\/p>\n<\/div><\/div><div class=\"w-separator size_medium\"><\/div><div class=\"wpb_text_column\"><div class=\"wpb_wrapper\">\n<div class=\"wpcf7 no-js\" id=\"wpcf7-f4963-o1\" lang=\"es-ES\" dir=\"ltr\" data-wpcf7-id=\"4963\">\n<div class=\"screen-reader-response\"><p role=\"status\" aria-live=\"polite\" aria-atomic=\"true\"><\/p> <ul><\/ul><\/div>\n<form action=\"\/de\/wp-json\/wp\/v2\/pages\/4977#wpcf7-f4963-o1\" method=\"post\" class=\"wpcf7-form init\" aria-label=\"Formulario de contacto\" novalidate=\"novalidate\" data-status=\"init\">\n<fieldset class=\"hidden-fields-container\"><input type=\"hidden\" name=\"_wpcf7\" value=\"4963\" \/><input type=\"hidden\" name=\"_wpcf7_version\" value=\"6.1.5\" \/><input type=\"hidden\" name=\"_wpcf7_locale\" value=\"es_ES\" \/><input type=\"hidden\" name=\"_wpcf7_unit_tag\" value=\"wpcf7-f4963-o1\" \/><input type=\"hidden\" name=\"_wpcf7_container_post\" value=\"0\" \/><input type=\"hidden\" name=\"_wpcf7_posted_data_hash\" value=\"\" \/>\n<\/fieldset>\n<p><label> Tu nombre<br \/>\n<span class=\"wpcf7-form-control-wrap\" data-name=\"your-name\"><input size=\"40\" maxlength=\"400\" class=\"wpcf7-form-control wpcf7-text wpcf7-validates-as-required\" autocomplete=\"name\" aria-required=\"true\" aria-invalid=\"false\" value=\"\" type=\"text\" name=\"your-name\" \/><\/span> <\/label>\n<\/p>\n<p><label> Tu correo electr\u00f3nico<br \/>\n<span class=\"wpcf7-form-control-wrap\" data-name=\"your-email\"><input size=\"40\" maxlength=\"400\" class=\"wpcf7-form-control wpcf7-email wpcf7-validates-as-required wpcf7-text wpcf7-validates-as-email\" autocomplete=\"email\" aria-required=\"true\" aria-invalid=\"false\" value=\"\" type=\"email\" name=\"your-email\" \/><\/span> <\/label>\n<\/p>\n<p><span class=\"wpcf7-form-control-wrap\" data-name=\"menu-128\"><select class=\"wpcf7-form-control wpcf7-select wpcf7-validates-as-required\" aria-required=\"true\" aria-invalid=\"false\" name=\"menu-128\"><option value=\"Pol\u00edtica de Calidad\">Pol\u00edtica de Calidad<\/option><option value=\"Seguridad de la informaci\u00f3n\">Seguridad de la informaci\u00f3n<\/option><option value=\"Principio del pacto mundial\">Principio del pacto mundial<\/option><option value=\"Pol\u00edtica de DD. HH.\">Pol\u00edtica de DD. HH.<\/option><option value=\"Entorno laboral seguro\">Entorno laboral seguro<\/option><option value=\"Responsabilidad mediambiental: Huella verde\">Responsabilidad mediambiental: Huella verde<\/option><option value=\"Honestidad y transparencia\">Honestidad y transparencia<\/option><option value=\"Sostenibilidad para Proveedores\">Sostenibilidad para Proveedores<\/option><option value=\"Pol\u00edtica Medioambiental\">Pol\u00edtica Medioambiental<\/option><\/select><\/span>\n<\/p>\n<p><label> Tu mensaje (opcional)<br \/>\n<span class=\"wpcf7-form-control-wrap\" data-name=\"your-message\"><textarea cols=\"40\" rows=\"10\" maxlength=\"2000\" class=\"wpcf7-form-control wpcf7-textarea\" aria-invalid=\"false\" name=\"your-message\"><\/textarea><\/span> <\/label>\n<\/p>\n<p><span class=\"wpcf7-form-control-wrap\" data-name=\"acceptance-72\"><span class=\"wpcf7-form-control wpcf7-acceptance\"><span class=\"wpcf7-list-item\"><label><input type=\"checkbox\" name=\"acceptance-72\" value=\"1\" aria-invalid=\"false\" \/><span class=\"wpcf7-list-item-label\">Enviando este formulario acepto la <a href=\"politica-privacidad\/\" target=\"_blank\">pol\u00edtica de privacidad<\/a> y de <a href=\"politica-de-cookies-ue\/\" target=\"_blank\">cookies<\/a>.<\/span><\/label><\/span><\/span><\/span>\n<\/p>\n<p><input class=\"wpcf7-form-control wpcf7-submit has-spinner\" type=\"submit\" value=\"Enviar\" \/>\n<\/p><p style=\"display: none !important;\" class=\"akismet-fields-container\" data-prefix=\"_wpcf7_ak_\"><label>&#916;<textarea name=\"_wpcf7_ak_hp_textarea\" cols=\"45\" rows=\"8\" maxlength=\"100\"><\/textarea><\/label><input type=\"hidden\" id=\"ak_js_1\" name=\"_wpcf7_ak_js\" value=\"127\"\/><script>document.getElementById( \"ak_js_1\" ).setAttribute( \"value\", ( new Date() ).getTime() );<\/script><\/p><div class=\"wpcf7-response-output\" aria-hidden=\"true\"><\/div>\n<\/form>\n<\/div>\n\n<\/div><\/div><\/div><\/div><\/div><\/div><\/section>\n","protected":false},"excerpt":{"rendered":"Sie sind nicht berechtigt, das Dokument anzuzeigen. Fordern Sie das Dokument, das Sie einsehen m\u00f6chten, \u00fcber das folgende Formular an: Tu nombre Tu correo electr\u00f3nico Pol\u00edtica de CalidadSeguridad de la informaci\u00f3nPrincipio del pacto mundialPol\u00edtica de DD. HH.Entorno laboral seguroResponsabilidad mediambiental: Huella verdeHonestidad y transparenciaSostenibilidad para ProveedoresPol\u00edtica Medioambiental Tu mensaje (opcional) Enviando este formulario acepto la...","protected":false},"author":1,"featured_media":3694,"parent":0,"menu_order":0,"comment_status":"closed","ping_status":"closed","template":"","meta":{"footnotes":""},"class_list":["post-4977","page","type-page","status-publish","has-post-thumbnail","hentry"],"_links":{"self":[{"href":"https:\/\/modisprem.com\/de\/wp-json\/wp\/v2\/pages\/4977","targetHints":{"allow":["GET"]}}],"collection":[{"href":"https:\/\/modisprem.com\/de\/wp-json\/wp\/v2\/pages"}],"about":[{"href":"https:\/\/modisprem.com\/de\/wp-json\/wp\/v2\/types\/page"}],"author":[{"embeddable":true,"href":"https:\/\/modisprem.com\/de\/wp-json\/wp\/v2\/users\/1"}],"replies":[{"embeddable":true,"href":"https:\/\/modisprem.com\/de\/wp-json\/wp\/v2\/comments?post=4977"}],"version-history":[{"count":2,"href":"https:\/\/modisprem.com\/de\/wp-json\/wp\/v2\/pages\/4977\/revisions"}],"predecessor-version":[{"id":4983,"href":"https:\/\/modisprem.com\/de\/wp-json\/wp\/v2\/pages\/4977\/revisions\/4983"}],"wp:featuredmedia":[{"embeddable":true,"href":"https:\/\/modisprem.com\/de\/wp-json\/wp\/v2\/media\/3694"}],"wp:attachment":[{"href":"https:\/\/modisprem.com\/de\/wp-json\/wp\/v2\/media?parent=4977"}],"curies":[{"name":"wp","href":"https:\/\/api.w.org\/{rel}","templated":true}]}}