{"id":4362,"date":"2024-03-08T14:49:20","date_gmt":"2024-03-08T13:49:20","guid":{"rendered":"http:\/\/modisprem.com\/entorno-gobernanza\/"},"modified":"2024-06-14T11:44:31","modified_gmt":"2024-06-14T09:44:31","slug":"entorno-gobernanza","status":"publish","type":"page","link":"https:\/\/modisprem.com\/de\/entorno-gobernanza\/","title":{"rendered":"Umwelt Governance"},"content":{"rendered":"<section class=\"l-section wpb_row height_large parallax_ver\"><div class=\"l-section-overlay\" style=\"background:linear-gradient(180deg,#ebebeb,rgba(0,0,0,0))\"><\/div><div class=\"l-section-h i-cf\"><div class=\"g-cols vc_row via_grid cols_1 laptops-cols_inherit tablets-cols_inherit mobiles-cols_1 valign_top type_default stacking_default\"><div class=\"wpb_column vc_column_container\"><div class=\"vc_column-inner\"><div class=\"wpb_text_column us_custom_559de774\"><div class=\"wpb_wrapper\"><p>Die Nachhaltigkeit ist Teil einer der strategischen Achsen von Modisprem. Durch den Entwurf, die Entwicklung und die Herstellung von nachhaltigen Produkten f\u00fcr ihre sp\u00e4tere Anwendung, die auf dem heutigen Markt sehr vielf\u00e4ltig ist. Aus diesem Grund f\u00fchrt Modisprem Politiken, Managementsysteme und Verfahren ein, die es dem Unternehmen erm\u00f6glichen, eine gr\u00f6\u00dfere positive Wirkung auf die drei Dimensionen der Nachhaltigkeit zu erzielen: Umwelt, Governance und Soziales.<\/p>\n<p>Unsere Ziele basieren auf der Schaffung dauerhafter Werte, guten Arbeitsbedingungen, der Schonung von Ressourcen und der Umwelt. Auf die gleiche Weise f\u00f6rdert Modisprem die Verringerung negativer Auswirkungen, die bei der Entwicklung seines Produktionsprozesses entstehen k\u00f6nnen.<\/p>\n<p>ESG-Themen (Umwelt, Soziales und Governance) haben bei Modisprem immer Priorit\u00e4t, um unsere Prozesse in einem klaren, pr\u00e4zisen und strukturierten Format zu kommunizieren und offenzulegen.<\/p>\n<\/div><\/div><\/div><\/div><\/div><\/div><\/section><section class=\"l-section wpb_row height_large with_img parallax_ver\"><div class=\"l-section-img\" role=\"img\" data-img-width=\"1920\" data-img-height=\"700\" style=\"background-image: url(https:\/\/modisprem.com\/wp-content\/uploads\/revslider\/video-media\/fondo-abstracto_28.jpeg);\"><\/div><div class=\"l-section-h i-cf\"><div class=\"g-cols vc_row via_grid cols_1 laptops-cols_inherit tablets-cols_inherit mobiles-cols_1 valign_top type_default stacking_default\"><div class=\"wpb_column vc_column_container\"><div class=\"vc_column-inner\"><div class=\"wpb_text_column us_custom_559de774\"><div class=\"wpb_wrapper\"><p>GOVERNANCE-UMFELD<\/p>\n<p>Modisprem h\u00e4lt sich an die geltenden Gesetze und setzt h\u00f6chste Ma\u00dfst\u00e4be f\u00fcr Ethik, soziale Verantwortung und Transparenz. Das Unternehmen h\u00e4lt sich in seinen Gesch\u00e4ftsbeziehungen stets an die Grunds\u00e4tze der Integrit\u00e4t und lehnt unlauteren Wettbewerb, Korruption, Bestechung und Interessenkonflikte ab.<\/p>\n<p>Zu diesem Zweck erstellt MODISPREM einen Verhaltenskodex und eine Politik der Gesch\u00e4ftsethik, die eingehalten und aktualisiert werden.<\/p>\n<\/div><\/div><\/div><\/div><\/div><\/div><\/section>\n","protected":false},"excerpt":{"rendered":"Die Nachhaltigkeit ist Teil einer der strategischen Achsen von Modisprem. Durch den Entwurf, die Entwicklung und die Herstellung von nachhaltigen Produkten f\u00fcr ihre sp\u00e4tere Anwendung, die auf dem heutigen Markt sehr vielf\u00e4ltig ist. Aus diesem Grund f\u00fchrt Modisprem Politiken, Managementsysteme und Verfahren ein, die es dem Unternehmen erm\u00f6glichen, eine gr\u00f6\u00dfere positive Wirkung auf die drei...","protected":false},"author":1,"featured_media":0,"parent":0,"menu_order":0,"comment_status":"closed","ping_status":"closed","template":"","meta":{"footnotes":""},"class_list":["post-4362","page","type-page","status-publish","hentry"],"_links":{"self":[{"href":"https:\/\/modisprem.com\/de\/wp-json\/wp\/v2\/pages\/4362","targetHints":{"allow":["GET"]}}],"collection":[{"href":"https:\/\/modisprem.com\/de\/wp-json\/wp\/v2\/pages"}],"about":[{"href":"https:\/\/modisprem.com\/de\/wp-json\/wp\/v2\/types\/page"}],"author":[{"embeddable":true,"href":"https:\/\/modisprem.com\/de\/wp-json\/wp\/v2\/users\/1"}],"replies":[{"embeddable":true,"href":"https:\/\/modisprem.com\/de\/wp-json\/wp\/v2\/comments?post=4362"}],"version-history":[{"count":1,"href":"https:\/\/modisprem.com\/de\/wp-json\/wp\/v2\/pages\/4362\/revisions"}],"predecessor-version":[{"id":4384,"href":"https:\/\/modisprem.com\/de\/wp-json\/wp\/v2\/pages\/4362\/revisions\/4384"}],"wp:attachment":[{"href":"https:\/\/modisprem.com\/de\/wp-json\/wp\/v2\/media?parent=4362"}],"curies":[{"name":"wp","href":"https:\/\/api.w.org\/{rel}","templated":true}]}}