{"id":4164,"date":"2024-02-14T11:28:07","date_gmt":"2024-02-14T10:28:07","guid":{"rendered":"http:\/\/modisprem.com\/deportes\/tatamis-y-colchonetas\/"},"modified":"2025-03-03T19:54:41","modified_gmt":"2025-03-03T18:54:41","slug":"tatamis-y-colchonetas","status":"publish","type":"page","link":"https:\/\/modisprem.com\/de\/deportes\/tatamis-y-colchonetas\/","title":{"rendered":"Tatamis und Matten"},"content":{"rendered":"<section class=\"l-section wpb_row height_medium with_img parallax_ver\"><div class=\"l-section-img\" role=\"img\" data-img-width=\"1920\" data-img-height=\"1035\" style=\"background-image: url(https:\/\/modisprem.com\/wp-content\/uploads\/2023\/02\/embalaje-fondo.jpg);\"><\/div><div class=\"l-section-overlay\" style=\"background:linear-gradient(180deg,rgba(255,255,255,0.00),#ffffff)\"><\/div><div class=\"l-section-h i-cf\"><div class=\"g-cols vc_row via_grid cols_1-3 laptops-cols_inherit tablets-cols_inherit mobiles-cols_1 valign_top type_default stacking_default\"><div class=\"wpb_column vc_column_container\"><div class=\"vc_column-inner\"><div class=\"w-image us_custom_7e20fa79 us_animate_this align_center\"><div class=\"w-image-h\"><img decoding=\"async\" width=\"1024\" height=\"682\" src=\"https:\/\/modisprem.com\/wp-content\/uploads\/2024\/02\/tatamis.jpg\" class=\"attachment-full size-full\" alt=\"\" loading=\"lazy\" srcset=\"https:\/\/modisprem.com\/wp-content\/uploads\/2024\/02\/tatamis.jpg 1024w, https:\/\/modisprem.com\/wp-content\/uploads\/2024\/02\/tatamis-300x200.jpg 300w, https:\/\/modisprem.com\/wp-content\/uploads\/2024\/02\/tatamis-24x16.jpg 24w, https:\/\/modisprem.com\/wp-content\/uploads\/2024\/02\/tatamis-36x24.jpg 36w, https:\/\/modisprem.com\/wp-content\/uploads\/2024\/02\/tatamis-48x32.jpg 48w\" sizes=\"auto, (max-width: 1024px) 100vw, 1024px\" \/><\/div><\/div><\/div><\/div><div class=\"wpb_column vc_column_container\"><div class=\"vc_column-inner\"><div class=\"wpb_text_column us_custom_47474b22 us_animate_this\"><div class=\"wpb_wrapper\"><div class=\"et_pb_module et_pb_text et_pb_text_8 et_pb_text_align_left et_pb_bg_layout_light\">\n<div class=\"et_pb_text_inner\">\n<div id=\"informacion\">\n<div id=\"informacion\">\n<div id=\"informacion\">\n<p>Gro\u00dfe Auswahl an rutschfesten Matten und Matten f\u00fcr Yoga, Fitness, Meditation und Pilates aus PE-Schaumstoff.<\/p>\n<p>Materialien sehr geeignet f\u00fcr die Praxis dieser Bereiche dank ihrer:<\/p>\n<div id=\"informacion\">\n<ul>\n<li style=\"list-style-type: none;\">\n<ul>\n<li>Komfort f\u00fcr Gelenke, R\u00fccken und Ges\u00e4\u00df<\/li>\n<li>M\u00f6glichkeit zur Durchf\u00fchrung von Mehrzweck\u00fcbungen: Bauchmuskeln, Dehnung, Sturz usw.<\/li>\n<li>Hochwertige, langlebige Materialien.<\/li>\n<li>Leicht zu warten und zu reinigen.<\/li>\n<li>Sehr leichte, preiswerte Materialien.<\/li>\n<\/ul>\n<\/li>\n<\/ul>\n<p>Die Tatamiplatte wird in einer Puzzleform f\u00fcr aufeinanderfolgende Verbindungen und Erweiterungen, in den Standardma\u00dfen 1500x1000x30 mm in <strong>blau<\/strong> geliefert.<\/p>\n<p>M\u00f6glichkeit der Lieferung von Teppichen von 2000\u00d71000 mm mit zu bestimmender Dicke, in PUR-Agglomerat-Typ Copoprem oder Agglorex in Dichten zwischen 60 und 200 kg\/m3.<\/p>\n<\/div>\n<\/div>\n<\/div>\n<\/div>\n<\/div>\n<\/div>\n<\/div><\/div><\/div><\/div><\/div><\/div><\/section><section class=\"l-section wpb_row height_auto\"><div class=\"l-section-h i-cf\"><div class=\"g-cols vc_row via_grid cols_1 laptops-cols_inherit tablets-cols_inherit mobiles-cols_1 valign_top type_default stacking_default\"><div class=\"wpb_column vc_column_container\"><div class=\"vc_column-inner\"><div class=\"w-grid us_custom_4fb9e5a3 type_grid layout_855 cols_3 valign_center with_css_animation\" id=\"us_grid_1\" style=\"--gap:1.5rem;\" data-filterable=\"true\"><style>@media (max-width:1024px){#us_grid_1 .w-grid-item{width:50%}}@media (max-width:600px){#us_grid_1 .w-grid-list{margin:0}#us_grid_1 .w-grid-item{width:100%;padding:0;margin-bottom:var(--gap,0px)}}.layout_855 .w-grid-item-h{}.layout_855 .usg_post_image_1{transition-duration:0.3s;transform-origin:50% 50%;transform:scale(1) translate(0%,0%)}.layout_855 .w-grid-item-h:hover .usg_post_image_1{transform:scale(1.05) translate(0%,0%);opacity:1}.layout_855 .usg_post_image_1{position:static!important}<\/style><div class=\"w-grid-list\">\t<article class=\"w-grid-item us_animate_afc size_1x1 post-3520 attachment type-attachment status-inherit hentry\" data-id=\"3520\" style=\"animation-delay:0s\">\r\n\t\t<div class=\"w-grid-item-h\">\r\n\t\t\t\t\t\t\t<a ref=\"magnificPopupGrid\" href=\"https:\/\/modisprem.com\/wp-content\/uploads\/2024\/02\/tatami-1.jpg\" class=\"w-grid-item-anchor\" aria-label=\"tatamis\"><\/a>\r\n\t\t\t\t\t\t<div class=\"w-post-elm post_image usg_post_image_1 stretched\"><img loading=\"lazy\" decoding=\"async\" width=\"1124\" height=\"1391\" src=\"https:\/\/modisprem.com\/wp-content\/uploads\/2024\/02\/tatami-1.jpg\" class=\"attachment-full size-full\" alt=\"\" srcset=\"https:\/\/modisprem.com\/wp-content\/uploads\/2024\/02\/tatami-1.jpg 1124w, https:\/\/modisprem.com\/wp-content\/uploads\/2024\/02\/tatami-1-242x300.jpg 242w, https:\/\/modisprem.com\/wp-content\/uploads\/2024\/02\/tatami-1-827x1024.jpg 827w, https:\/\/modisprem.com\/wp-content\/uploads\/2024\/02\/tatami-1-19x24.jpg 19w, https:\/\/modisprem.com\/wp-content\/uploads\/2024\/02\/tatami-1-29x36.jpg 29w, https:\/\/modisprem.com\/wp-content\/uploads\/2024\/02\/tatami-1-39x48.jpg 39w\" sizes=\"auto, (max-width: 1124px) 100vw, 1124px\" \/><\/div>\t\t<\/div>\r\n\t\t\t<\/article>\r\n\t<article class=\"w-grid-item us_animate_afc size_1x1 post-3523 attachment type-attachment status-inherit hentry\" data-id=\"3523\" style=\"animation-delay:0.1s\">\r\n\t\t<div class=\"w-grid-item-h\">\r\n\t\t\t\t\t\t\t<a ref=\"magnificPopupGrid\" href=\"https:\/\/modisprem.com\/wp-content\/uploads\/2024\/02\/tatamis-1.jpg\" class=\"w-grid-item-anchor\" aria-label=\"tatamis\"><\/a>\r\n\t\t\t\t\t\t<div class=\"w-post-elm post_image usg_post_image_1 stretched\"><img loading=\"lazy\" decoding=\"async\" width=\"1024\" height=\"469\" src=\"https:\/\/modisprem.com\/wp-content\/uploads\/2024\/02\/tatamis-1.jpg\" class=\"attachment-full size-full\" alt=\"\" srcset=\"https:\/\/modisprem.com\/wp-content\/uploads\/2024\/02\/tatamis-1.jpg 1024w, https:\/\/modisprem.com\/wp-content\/uploads\/2024\/02\/tatamis-1-300x137.jpg 300w, https:\/\/modisprem.com\/wp-content\/uploads\/2024\/02\/tatamis-1-24x11.jpg 24w, https:\/\/modisprem.com\/wp-content\/uploads\/2024\/02\/tatamis-1-36x16.jpg 36w, https:\/\/modisprem.com\/wp-content\/uploads\/2024\/02\/tatamis-1-48x22.jpg 48w\" sizes=\"auto, (max-width: 1024px) 100vw, 1024px\" \/><\/div>\t\t<\/div>\r\n\t\t\t<\/article>\r\n\t<article class=\"w-grid-item us_animate_afc size_1x1 post-3526 attachment type-attachment status-inherit hentry\" data-id=\"3526\" style=\"animation-delay:0.2s\">\r\n\t\t<div class=\"w-grid-item-h\">\r\n\t\t\t\t\t\t\t<a ref=\"magnificPopupGrid\" href=\"https:\/\/modisprem.com\/wp-content\/uploads\/2024\/02\/tatamis-2.jpg\" class=\"w-grid-item-anchor\" aria-label=\"tatamis\"><\/a>\r\n\t\t\t\t\t\t<div class=\"w-post-elm post_image usg_post_image_1 stretched\"><img loading=\"lazy\" decoding=\"async\" width=\"1024\" height=\"962\" src=\"https:\/\/modisprem.com\/wp-content\/uploads\/2024\/02\/tatamis-2.jpg\" class=\"attachment-full size-full\" alt=\"\" srcset=\"https:\/\/modisprem.com\/wp-content\/uploads\/2024\/02\/tatamis-2.jpg 1024w, https:\/\/modisprem.com\/wp-content\/uploads\/2024\/02\/tatamis-2-300x282.jpg 300w, https:\/\/modisprem.com\/wp-content\/uploads\/2024\/02\/tatamis-2-24x24.jpg 24w, https:\/\/modisprem.com\/wp-content\/uploads\/2024\/02\/tatamis-2-36x34.jpg 36w, https:\/\/modisprem.com\/wp-content\/uploads\/2024\/02\/tatamis-2-48x45.jpg 48w\" sizes=\"auto, (max-width: 1024px) 100vw, 1024px\" \/><\/div>\t\t<\/div>\r\n\t\t\t<\/article>\r\n\t<article class=\"w-grid-item us_animate_afc size_1x1 post-5174 attachment type-attachment status-inherit hentry\" data-id=\"5174\" style=\"animation-delay:0.3s\">\r\n\t\t<div class=\"w-grid-item-h\">\r\n\t\t\t\t\t\t\t<a ref=\"magnificPopupGrid\" href=\"https:\/\/modisprem.com\/wp-content\/uploads\/2025\/03\/embalaje-nueva2-1.png\" class=\"w-grid-item-anchor\" aria-label=\"Tatamis y Colchonetas\"><\/a>\r\n\t\t\t\t\t\t<div class=\"w-post-elm post_image usg_post_image_1 stretched\"><img loading=\"lazy\" decoding=\"async\" width=\"600\" height=\"450\" src=\"https:\/\/modisprem.com\/wp-content\/uploads\/2025\/03\/embalaje-nueva2-1.png\" class=\"attachment-full size-full\" alt=\"Tatamis y Colchonetas\" srcset=\"https:\/\/modisprem.com\/wp-content\/uploads\/2025\/03\/embalaje-nueva2-1.png 600w, https:\/\/modisprem.com\/wp-content\/uploads\/2025\/03\/embalaje-nueva2-1-300x225.png 300w, https:\/\/modisprem.com\/wp-content\/uploads\/2025\/03\/embalaje-nueva2-1-24x18.png 24w, https:\/\/modisprem.com\/wp-content\/uploads\/2025\/03\/embalaje-nueva2-1-36x27.png 36w, https:\/\/modisprem.com\/wp-content\/uploads\/2025\/03\/embalaje-nueva2-1-48x36.png 48w\" sizes=\"auto, (max-width: 600px) 100vw, 600px\" \/><\/div>\t\t<\/div>\r\n\t\t\t<\/article>\r\n<\/div><div class=\"w-grid-preloader\">\t<div class=\"g-preloader type_1\">\r\n\t\t<div><\/div>\r\n\t<\/div>\r\n\t<\/div>\t<div class=\"w-grid-json hidden\" onclick='return {&quot;action&quot;:&quot;us_ajax_grid&quot;,&quot;infinite_scroll&quot;:0,&quot;max_num_pages&quot;:1,&quot;pagination&quot;:&quot;none&quot;,&quot;template_vars&quot;:{&quot;columns&quot;:&quot;3&quot;,&quot;exclude_items&quot;:&quot;none&quot;,&quot;img_size&quot;:&quot;default&quot;,&quot;ignore_items_size&quot;:0,&quot;items_layout&quot;:&quot;855&quot;,&quot;items_offset&quot;:&quot;1&quot;,&quot;load_animation&quot;:&quot;afc&quot;,&quot;overriding_link&quot;:&quot;%7B%22type%22%3A%22popup_image%22%7D&quot;,&quot;post_id&quot;:0,&quot;query_args&quot;:{&quot;post_type&quot;:[&quot;attachment&quot;],&quot;post__in&quot;:[&quot;1911&quot;,&quot;1912&quot;,&quot;1913&quot;,&quot;5174&quot;],&quot;post_status&quot;:&quot;inherit&quot;,&quot;post_mime_type&quot;:&quot;image&quot;,&quot;posts_per_page&quot;:&quot;10&quot;},&quot;orderby_query_args&quot;:{&quot;orderby&quot;:{&quot;post__in&quot;:&quot;ASC&quot;},&quot;order&quot;:&quot;ASC&quot;},&quot;type&quot;:&quot;grid&quot;,&quot;us_grid_post_type&quot;:&quot;attachment&quot;,&quot;us_grid_ajax_index&quot;:1,&quot;us_grid_filter_query_string&quot;:null,&quot;us_grid_index&quot;:1,&quot;page_args&quot;:[],&quot;lang&quot;:&quot;de&quot;}}'><\/div>\r\n\t<\/div><div class=\"w-separator size_large\"><\/div><\/div><\/div><\/div><\/div><\/section><section class=\"l-section wpb_row height_small\"><div class=\"l-section-overlay\" style=\"background:linear-gradient(90deg,#8ec222,#87b526)\"><\/div><div class=\"l-section-h i-cf\"><div class=\"g-cols vc_row via_grid cols_1 laptops-cols_inherit tablets-cols_inherit mobiles-cols_1 valign_top type_default stacking_default\"><div class=\"wpb_column vc_column_container\"><div class=\"vc_column-inner\"><div class=\"g-cols wpb_row via_grid cols_2-1 laptops-cols_inherit tablets-cols_inherit mobiles-cols_1 valign_top type_default stacking_default\" style=\"--gap:3rem;\"><div class=\"wpb_column vc_column_container\"><div class=\"vc_column-inner\"><div class=\"wpb_text_column us_custom_339c69c8 has_text_color\"><div class=\"wpb_wrapper\"><p style=\"text-align: center;\">Verwandte Materialien<\/p>\n<\/div><\/div><\/div><\/div><div class=\"wpb_column vc_column_container\"><div class=\"vc_column-inner\"><div class=\"w-btn-wrapper align_center\"><a class=\"w-btn us-btn-style_6 icon_atleft\" title=\"Embalaje\" href=\"http:\/\/modisprem.com\/materiales\/\"><i class=\"fas fa-angle-double-left\"><\/i><span class=\"w-btn-label\">Siehe Materialien<\/span><\/a><\/div><\/div><\/div><\/div><\/div><\/div><\/div><\/div><\/section><section class=\"l-section wpb_row us_custom_2c6bbd47 height_medium with_img\"><div class=\"l-section-img\" role=\"img\" data-img-width=\"1920\" data-img-height=\"700\" style=\"background-image: url(https:\/\/modisprem.com\/wp-content\/uploads\/2023\/02\/luz-central.jpg);\"><\/div><div class=\"l-section-h i-cf\"><div class=\"g-cols vc_row via_grid cols_3 laptops-cols_inherit tablets-cols_inherit mobiles-cols_1 valign_top type_default stacking_default\"><div class=\"wpb_column vc_column_container\"><div class=\"vc_column-inner\"><\/div><\/div><div class=\"wpb_column vc_column_container\"><div class=\"vc_column-inner\"><div class=\"w-grid type_grid layout_1184\" id=\"us_grid_2\" style=\"--gap:1.5rem;\" data-filterable=\"true\"><style>.layout_1184 .w-grid-item-h{}.layout_1184 .usg_post_image_1{transition-duration:0.3s;transform-origin:50% 50%;transform:scale(0.65) translate(0%,0%)}.layout_1184 .w-grid-item-h:hover .usg_post_image_1{transform:scale(0.85) translate(0%,0%);opacity:0.6;background:#f39200!important;color:#f39200!important}.layout_1184 .usg_post_image_1{border-radius:50%!important;border:1px solid rgba(0,0,0,0.82)!important;box-shadow:3px 3px 10px 5px rgba(0,0,0,0.21)!important}<\/style><div class=\"w-grid-list\">\t<article class=\"w-grid-item size_1x1 post-2665 attachment type-attachment status-inherit hentry\" data-id=\"2665\">\r\n\t\t<div class=\"w-grid-item-h\">\r\n\t\t\t\t\t\t\t<a href=\"https:\/\/modisprem.com\/materiales\/polietileno-reticulado\/\" class=\"w-grid-item-anchor\" aria-label=\"PE Reticulado\"><\/a>\r\n\t\t\t\t\t\t<div class=\"w-post-elm post_image usg_post_image_1 stretched\"><img loading=\"lazy\" decoding=\"async\" width=\"165\" height=\"165\" src=\"https:\/\/modisprem.com\/wp-content\/uploads\/2023\/03\/MD_Polietileno_PE_Reticulado.jpg\" class=\"attachment-full size-full\" alt=\"\" srcset=\"https:\/\/modisprem.com\/wp-content\/uploads\/2023\/03\/MD_Polietileno_PE_Reticulado.jpg 165w, https:\/\/modisprem.com\/wp-content\/uploads\/2023\/03\/MD_Polietileno_PE_Reticulado-150x150.jpg 150w, https:\/\/modisprem.com\/wp-content\/uploads\/2023\/03\/MD_Polietileno_PE_Reticulado-24x24.jpg 24w, https:\/\/modisprem.com\/wp-content\/uploads\/2023\/03\/MD_Polietileno_PE_Reticulado-36x36.jpg 36w, https:\/\/modisprem.com\/wp-content\/uploads\/2023\/03\/MD_Polietileno_PE_Reticulado-48x48.jpg 48w\" sizes=\"auto, (max-width: 165px) 100vw, 165px\" \/><\/div>\t\t<\/div>\r\n\t\t\t<\/article>\r\n<\/div><div class=\"w-grid-preloader\">\t<div class=\"g-preloader type_1\">\r\n\t\t<div><\/div>\r\n\t<\/div>\r\n\t<\/div>\t<div class=\"w-grid-json hidden\" onclick='return {&quot;action&quot;:&quot;us_ajax_grid&quot;,&quot;infinite_scroll&quot;:0,&quot;max_num_pages&quot;:1,&quot;pagination&quot;:&quot;none&quot;,&quot;template_vars&quot;:{&quot;columns&quot;:&quot;1&quot;,&quot;exclude_items&quot;:&quot;none&quot;,&quot;img_size&quot;:&quot;default&quot;,&quot;ignore_items_size&quot;:0,&quot;items_layout&quot;:&quot;1184&quot;,&quot;items_offset&quot;:&quot;1&quot;,&quot;load_animation&quot;:&quot;none&quot;,&quot;overriding_link&quot;:&quot;%7B%22url%22%3A%22https%3A%2F%2Fmodisprem.com%2Fmateriales%2Fpolietileno-reticulado%2F%22%7D&quot;,&quot;post_id&quot;:0,&quot;query_args&quot;:{&quot;post_type&quot;:[&quot;attachment&quot;],&quot;post__in&quot;:[&quot;758&quot;],&quot;post_status&quot;:&quot;inherit&quot;,&quot;post_mime_type&quot;:&quot;image&quot;,&quot;posts_per_page&quot;:&quot;1&quot;},&quot;orderby_query_args&quot;:{&quot;orderby&quot;:{&quot;date&quot;:&quot;DESC&quot;}},&quot;type&quot;:&quot;grid&quot;,&quot;us_grid_post_type&quot;:&quot;attachment&quot;,&quot;us_grid_ajax_index&quot;:2,&quot;us_grid_filter_query_string&quot;:null,&quot;us_grid_index&quot;:2,&quot;page_args&quot;:[],&quot;lang&quot;:&quot;de&quot;}}'><\/div>\r\n\t<\/div><div class=\"wpb_text_column us_custom_c76e6fba has_text_color\"><div class=\"wpb_wrapper\"><p style=\"text-align: center;\">PE Rasterung<\/p>\n<\/div><\/div><div class=\"w-separator size_small\"><\/div><div class=\"wpb_text_column\"><div class=\"wpb_wrapper\"><div class=\"et_pb_blurb_description\">\n<p>Nat\u00fcrliche oder synthetische Substanz, gekennzeichnet durch Elastizit\u00e4t, Brandverhalten, Wasserabweisung und elektrischen Widerstand.<\/p>\n<\/div>\n<\/div><\/div><div class=\"w-separator size_small\"><\/div><div class=\"wpb_text_column us_custom_d62cd708\"><div class=\"wpb_wrapper\"><p style=\"text-align: left;\">L\u00f6sungsmittelbest\u00e4ndigkeit<\/p>\n<\/div><\/div><div class=\"wpb_text_column us_custom_d62cd708\"><div class=\"wpb_wrapper\"><p style=\"text-align: left;\">S\u00e4urebest\u00e4ndigkeit<\/p>\n<\/div><\/div><div class=\"wpb_text_column us_custom_d62cd708\"><div class=\"wpb_wrapper\"><p style=\"text-align: left;\">Akustische Isolation<\/p>\n<\/div><\/div><div class=\"w-separator size_small\"><\/div><div class=\"w-btn-wrapper align_center\"><a class=\"w-btn us-btn-style_1\" href=\"https:\/\/modisprem.com\/materiales\/polietileno-reticulado\/\"><span class=\"w-btn-label\">Siehe Produkt<\/span><\/a><\/div><\/div><\/div><div class=\"wpb_column vc_column_container\"><div class=\"vc_column-inner\"><\/div><\/div><\/div><\/div><\/section><section class=\"l-section wpb_row height_small\"><div class=\"l-section-overlay\" style=\"background:linear-gradient(90deg,#8ec222,#87b526)\"><\/div><div class=\"l-section-h i-cf\"><div class=\"g-cols vc_row via_grid cols_1 laptops-cols_inherit tablets-cols_inherit mobiles-cols_1 valign_top type_default stacking_default\"><div class=\"wpb_column vc_column_container\"><div class=\"vc_column-inner\"><div class=\"g-cols wpb_row via_grid cols_2-1 laptops-cols_inherit tablets-cols_inherit mobiles-cols_1 valign_top type_default stacking_default\" style=\"--gap:3rem;\"><div class=\"wpb_column vc_column_container\"><div class=\"vc_column-inner\"><div class=\"wpb_text_column us_custom_339c69c8 has_text_color\"><div class=\"wpb_wrapper\"><p style=\"text-align: center;\">Andere Sportl\u00f6sungen<\/p>\n<\/div><\/div><\/div><\/div><div class=\"wpb_column vc_column_container\"><div class=\"vc_column-inner\"><div class=\"w-btn-wrapper align_center\"><a class=\"w-btn us-btn-style_6 icon_atleft\" title=\"Embalaje\" href=\"https:\/\/modisprem.com\/deportes\/\"><i class=\"fas fa-angle-double-left\"><\/i><span class=\"w-btn-label\">Zur\u00fcck zum Sport<\/span><\/a><\/div><\/div><\/div><\/div><\/div><\/div><\/div><\/div><\/section><section class=\"l-section wpb_row height_medium with_img parallax_ver\"><div class=\"l-section-img\" role=\"img\" data-img-width=\"1920\" data-img-height=\"951\" style=\"background-image: url(https:\/\/modisprem.com\/wp-content\/uploads\/2023\/02\/embalaje-fila.jpg);\"><\/div><div class=\"l-section-overlay\" style=\"background:linear-gradient(180deg,rgba(0,146,119,0.70),rgba(0,146,119,0.90))\"><\/div><div class=\"l-section-h i-cf\"><div class=\"g-cols vc_row via_grid cols_4 laptops-cols_inherit tablets-cols_inherit mobiles-cols_1 valign_top type_default stacking_default\"><div class=\"wpb_column vc_column_container\"><div class=\"vc_column-inner\"><div class=\"g-cols wpb_row via_grid cols_1 laptops-cols_inherit tablets-cols_inherit mobiles-cols_1 valign_top type_default stacking_default\" style=\"--gap:3rem;\"><div class=\"wpb_column vc_column_container\"><div class=\"vc_column-inner\"><div class=\"w-grid us_custom_62697790 us_animate_this type_grid layout_89\" id=\"us_grid_3\" style=\"--gap:1.5rem;\" data-filterable=\"true\"><style>.layout_89 .w-grid-item-h{}.layout_89 .usg_post_image_1{transition-duration:0.3s;transform-origin:50% 50%;transform:scale(0.65) translate(0%,0%)}.layout_89 .w-grid-item-h:hover .usg_post_image_1{transform:scale(0.8) translate(0%,0%);opacity:0.85}<\/style><div class=\"w-grid-list\">\t<article class=\"w-grid-item size_1x1 post-2971 attachment type-attachment status-inherit hentry\" data-id=\"2971\">\r\n\t\t<div class=\"w-grid-item-h\">\r\n\t\t\t\t\t\t\t<a href=\"https:\/\/modisprem.com\/deportes\/piscina\/\" class=\"w-grid-item-anchor\" aria-label=\"Piscina\"><\/a>\r\n\t\t\t\t\t\t<div class=\"w-post-elm post_image usg_post_image_1 stretched\"><img loading=\"lazy\" decoding=\"async\" width=\"126\" height=\"126\" src=\"https:\/\/modisprem.com\/wp-content\/uploads\/2023\/08\/Piscina.png\" class=\"attachment-full size-full\" alt=\"\" srcset=\"https:\/\/modisprem.com\/wp-content\/uploads\/2023\/08\/Piscina.png 126w, https:\/\/modisprem.com\/wp-content\/uploads\/2023\/08\/Piscina-24x24.png 24w, https:\/\/modisprem.com\/wp-content\/uploads\/2023\/08\/Piscina-36x36.png 36w, https:\/\/modisprem.com\/wp-content\/uploads\/2023\/08\/Piscina-48x48.png 48w\" sizes=\"auto, (max-width: 126px) 100vw, 126px\" \/><\/div>\t\t<\/div>\r\n\t\t\t<\/article>\r\n<\/div><div class=\"w-grid-preloader\">\t<div class=\"g-preloader type_1\">\r\n\t\t<div><\/div>\r\n\t<\/div>\r\n\t<\/div>\t<div class=\"w-grid-json hidden\" onclick='return {&quot;action&quot;:&quot;us_ajax_grid&quot;,&quot;infinite_scroll&quot;:0,&quot;max_num_pages&quot;:1,&quot;pagination&quot;:&quot;none&quot;,&quot;template_vars&quot;:{&quot;columns&quot;:&quot;1&quot;,&quot;exclude_items&quot;:&quot;none&quot;,&quot;img_size&quot;:&quot;default&quot;,&quot;ignore_items_size&quot;:0,&quot;items_layout&quot;:&quot;89&quot;,&quot;items_offset&quot;:&quot;1&quot;,&quot;load_animation&quot;:&quot;none&quot;,&quot;overriding_link&quot;:&quot;%7B%22url%22%3A%22https%3A%2F%2Fmodisprem.com%2Fdeportes%2Fpiscina%2F%22%7D&quot;,&quot;post_id&quot;:0,&quot;query_args&quot;:{&quot;post_type&quot;:[&quot;attachment&quot;],&quot;post__in&quot;:[&quot;1372&quot;],&quot;post_status&quot;:&quot;inherit&quot;,&quot;post_mime_type&quot;:&quot;image&quot;,&quot;posts_per_page&quot;:&quot;1&quot;},&quot;orderby_query_args&quot;:{&quot;orderby&quot;:{&quot;date&quot;:&quot;DESC&quot;}},&quot;type&quot;:&quot;grid&quot;,&quot;us_grid_post_type&quot;:&quot;attachment&quot;,&quot;us_grid_ajax_index&quot;:3,&quot;us_grid_filter_query_string&quot;:null,&quot;us_grid_index&quot;:3,&quot;page_args&quot;:[],&quot;lang&quot;:&quot;de&quot;}}'><\/div>\r\n\t<\/div><div class=\"wpb_text_column us_custom_56dd57ff has_text_color\"><div class=\"wpb_wrapper\"><h5 style=\"text-align: center;\"><span style=\"color: #ffffff;\"><a style=\"color: #ffffff;\" href=\"https:\/\/modisprem.com\/deportes\/piscina\/\"><strong>PISCINA<\/strong><\/a><\/span><\/h5>\n<\/div><\/div><\/div><\/div><\/div><\/div><\/div><div class=\"wpb_column vc_column_container\"><div class=\"vc_column-inner\"><div class=\"g-cols wpb_row via_grid cols_1 laptops-cols_inherit tablets-cols_inherit mobiles-cols_1 valign_top type_default stacking_default\" style=\"--gap:3rem;\"><div class=\"wpb_column vc_column_container\"><div class=\"vc_column-inner\"><div class=\"w-grid us_custom_62697790 us_animate_this type_grid layout_89\" id=\"us_grid_4\" style=\"--gap:1.5rem;\" data-filterable=\"true\"><div class=\"w-grid-list\">\t<article class=\"w-grid-item size_1x1 post-2977 attachment type-attachment status-inherit hentry\" data-id=\"2977\">\r\n\t\t<div class=\"w-grid-item-h\">\r\n\t\t\t\t\t\t\t<a href=\"https:\/\/modisprem.com\/deportes\/tiro-con-arco\/\" class=\"w-grid-item-anchor\" aria-label=\"Tiro con arco\"><\/a>\r\n\t\t\t\t\t\t<div class=\"w-post-elm post_image usg_post_image_1 stretched\"><img loading=\"lazy\" decoding=\"async\" width=\"126\" height=\"126\" src=\"https:\/\/modisprem.com\/wp-content\/uploads\/2023\/08\/tiro-con-arco.png\" class=\"attachment-full size-full\" alt=\"\" srcset=\"https:\/\/modisprem.com\/wp-content\/uploads\/2023\/08\/tiro-con-arco.png 126w, https:\/\/modisprem.com\/wp-content\/uploads\/2023\/08\/tiro-con-arco-24x24.png 24w, https:\/\/modisprem.com\/wp-content\/uploads\/2023\/08\/tiro-con-arco-36x36.png 36w, https:\/\/modisprem.com\/wp-content\/uploads\/2023\/08\/tiro-con-arco-48x48.png 48w\" sizes=\"auto, (max-width: 126px) 100vw, 126px\" \/><\/div>\t\t<\/div>\r\n\t\t\t<\/article>\r\n<\/div><div class=\"w-grid-preloader\">\t<div class=\"g-preloader type_1\">\r\n\t\t<div><\/div>\r\n\t<\/div>\r\n\t<\/div>\t<div class=\"w-grid-json hidden\" onclick='return {&quot;action&quot;:&quot;us_ajax_grid&quot;,&quot;infinite_scroll&quot;:0,&quot;max_num_pages&quot;:1,&quot;pagination&quot;:&quot;none&quot;,&quot;template_vars&quot;:{&quot;columns&quot;:&quot;1&quot;,&quot;exclude_items&quot;:&quot;none&quot;,&quot;img_size&quot;:&quot;default&quot;,&quot;ignore_items_size&quot;:0,&quot;items_layout&quot;:&quot;89&quot;,&quot;items_offset&quot;:&quot;1&quot;,&quot;load_animation&quot;:&quot;none&quot;,&quot;overriding_link&quot;:&quot;%7B%22url%22%3A%22https%3A%2F%2Fmodisprem.com%2Fdeportes%2Ftiro-con-arco%2F%22%7D&quot;,&quot;post_id&quot;:0,&quot;query_args&quot;:{&quot;post_type&quot;:[&quot;attachment&quot;],&quot;post__in&quot;:[&quot;1374&quot;],&quot;post_status&quot;:&quot;inherit&quot;,&quot;post_mime_type&quot;:&quot;image&quot;,&quot;posts_per_page&quot;:&quot;1&quot;},&quot;orderby_query_args&quot;:{&quot;orderby&quot;:{&quot;date&quot;:&quot;DESC&quot;}},&quot;type&quot;:&quot;grid&quot;,&quot;us_grid_post_type&quot;:&quot;attachment&quot;,&quot;us_grid_ajax_index&quot;:4,&quot;us_grid_filter_query_string&quot;:null,&quot;us_grid_index&quot;:4,&quot;page_args&quot;:[],&quot;lang&quot;:&quot;de&quot;}}'><\/div>\r\n\t<\/div><div class=\"wpb_text_column us_custom_56dd57ff has_text_color\"><div class=\"wpb_wrapper\"><h5 style=\"text-align: center;\"><span style=\"color: #ffffff;\"><a style=\"color: #ffffff;\" href=\"https:\/\/modisprem.com\/deportes\/tiro-con-arco\/\"><strong>TIRO CON ARCO<\/strong><\/a><\/span><\/h5>\n<\/div><\/div><\/div><\/div><\/div><\/div><\/div><div class=\"wpb_column vc_column_container\"><div class=\"vc_column-inner\"><\/div><\/div><div class=\"wpb_column vc_column_container\"><div class=\"vc_column-inner\"><\/div><\/div><\/div><\/div><\/section>\n","protected":false},"excerpt":{"rendered":"","protected":false},"author":1,"featured_media":2482,"parent":3914,"menu_order":0,"comment_status":"closed","ping_status":"closed","template":"","meta":{"footnotes":""},"class_list":["post-4164","page","type-page","status-publish","has-post-thumbnail","hentry"],"_links":{"self":[{"href":"https:\/\/modisprem.com\/de\/wp-json\/wp\/v2\/pages\/4164","targetHints":{"allow":["GET"]}}],"collection":[{"href":"https:\/\/modisprem.com\/de\/wp-json\/wp\/v2\/pages"}],"about":[{"href":"https:\/\/modisprem.com\/de\/wp-json\/wp\/v2\/types\/page"}],"author":[{"embeddable":true,"href":"https:\/\/modisprem.com\/de\/wp-json\/wp\/v2\/users\/1"}],"replies":[{"embeddable":true,"href":"https:\/\/modisprem.com\/de\/wp-json\/wp\/v2\/comments?post=4164"}],"version-history":[{"count":3,"href":"https:\/\/modisprem.com\/de\/wp-json\/wp\/v2\/pages\/4164\/revisions"}],"predecessor-version":[{"id":5194,"href":"https:\/\/modisprem.com\/de\/wp-json\/wp\/v2\/pages\/4164\/revisions\/5194"}],"up":[{"embeddable":true,"href":"https:\/\/modisprem.com\/de\/wp-json\/wp\/v2\/pages\/3914"}],"wp:featuredmedia":[{"embeddable":true,"href":"https:\/\/modisprem.com\/de\/wp-json\/wp\/v2\/media\/2482"}],"wp:attachment":[{"href":"https:\/\/modisprem.com\/de\/wp-json\/wp\/v2\/media?parent=4164"}],"curies":[{"name":"wp","href":"https:\/\/api.w.org\/{rel}","templated":true}]}}