{"id":4110,"date":"2023-02-01T19:58:41","date_gmt":"2023-02-01T18:58:41","guid":{"rendered":"http:\/\/modisprem.com\/materiales\/guata-taca\/"},"modified":"2024-05-31T18:17:50","modified_gmt":"2024-05-31T16:17:50","slug":"guata-taca","status":"publish","type":"page","link":"https:\/\/modisprem.com\/de\/materiales\/guata-taca\/","title":{"rendered":"Watte\/Verkleidung"},"content":{"rendered":"<section class=\"l-section wpb_row height_medium with_img\"><div class=\"l-section-img\" role=\"img\" data-img-width=\"1920\" data-img-height=\"8000\" style=\"background-image: url(https:\/\/modisprem.com\/wp-content\/uploads\/2023\/04\/fondo-materiales.png);background-position: top center;\"><\/div><div class=\"l-section-h i-cf\"><div class=\"g-cols vc_row via_grid cols_2-1 laptops-cols_inherit tablets-cols_inherit mobiles-cols_1 valign_top type_default stacking_default\"><div class=\"wpb_column vc_column_container\"><div class=\"vc_column-inner\"><div class=\"wpb_text_column\"><div class=\"wpb_wrapper\"><p><strong>Schallschutz und W\u00e4rmed\u00e4mmung f\u00fcr den Bau- und Automobilsektor.<\/strong><\/p>\n<ul>\n<li>Grammgewicht: 600-3000 g\/m +\/-10 %.<\/li>\n<li>Dicke: 7-40 mm +\/-2<\/li>\n<\/ul>\n<h2>Beschreibung:<\/h2>\n<p>Filz aus Baumwollpflanzenfasern. Ausschlie\u00dflich zusammengesetzt aus industrialisierten Pflanzenfasern mit einem Mindestanteil von 80 % Baumwolle. Fasern in verschiedenen Farben werden mit einem normalerweise feuerfesten, thermisch best\u00e4ndigen Harz gebunden. Dadurch entsteht ein Material mit einem viel h\u00f6heren Elastizit\u00e4tsmodul als andere Materialien. Es verschlechtert sich beim Biegen nicht und hat eine hohe Zugfestigkeit. Diese Art von Filz wird verwendet als: Schalld\u00e4mmung, und wo ein feuerfestes Material erforderlich ist. Seine wichtigsten Merkmale sind:<\/p>\n<ul>\n<li>Ausgezeichnete Schalld\u00e4mmung.<\/li>\n<li>D\u00e4mmung an Orten mit hohen baulichen Anforderungen und einem hohen akustischen Korrekturfaktor.<\/li>\n<li>Schall- und W\u00e4rmed\u00e4mmung f\u00fcr den Bau- und Automobilsektor mit hohem Gehalt an feuerhemmenden Stoffen.<\/li>\n<\/ul>\n<h2>Anwendungen:<\/h2>\n<ul>\n<li><em>Automotive<\/em>: Au\u00dfenfront, Motorseiten, Instrumententafel, Radk\u00e4sten usw.<\/li>\n<li><em>Konstruktion:<\/em> Filz zur Schalld\u00e4mmung und Geb\u00e4udeisolierung.<\/li>\n<li><em>Haushaltsger\u00e4te.<\/em><\/li>\n<li><em>Andere.<\/em><\/li>\n<\/ul>\n<h2>Lieferart:<\/h2>\n<p>Optional mit Vlysseline-Finish, geklebt, verst\u00e4rkt etc. Sie k\u00f6nnen in Klebeteilen (auf einer oder zwei Seiten), mit Fransen (auf einer oder zwei Seiten) und auch gestanzt hergestellt werden. Gewicht: Von 600 bis 2500 gr\/m2 Aufmachung: in Polyethylen-Plattenballen oder in Rollen.<\/p>\n<\/div><\/div><\/div><\/div><div class=\"wpb_column vc_column_container\"><div class=\"vc_column-inner\"><div class=\"w-image align_none\"><a ref=\"magnificPopup\" href=\"https:\/\/modisprem.com\/wp-content\/uploads\/2023\/02\/taca-ficha.jpg\" aria-label=\"Taca ficha\" class=\"w-image-h\"><img decoding=\"async\" width=\"700\" height=\"1000\" src=\"https:\/\/modisprem.com\/wp-content\/uploads\/2023\/02\/taca-ficha.jpg\" class=\"attachment-large size-large\" alt=\"\" loading=\"lazy\" srcset=\"https:\/\/modisprem.com\/wp-content\/uploads\/2023\/02\/taca-ficha.jpg 700w, https:\/\/modisprem.com\/wp-content\/uploads\/2023\/02\/taca-ficha-210x300.jpg 210w, https:\/\/modisprem.com\/wp-content\/uploads\/2023\/02\/taca-ficha-17x24.jpg 17w, https:\/\/modisprem.com\/wp-content\/uploads\/2023\/02\/taca-ficha-25x36.jpg 25w, https:\/\/modisprem.com\/wp-content\/uploads\/2023\/02\/taca-ficha-34x48.jpg 34w\" sizes=\"auto, (max-width: 700px) 100vw, 700px\" \/><\/a><\/div><div class=\"w-separator size_medium\"><\/div><div class=\"wpb_text_column us_custom_f6c4a9ef\"><div class=\"wpb_wrapper\"><p style=\"text-align: left;\">Niedriger Temperaturwiderstand<\/p>\n<\/div><\/div><div class=\"wpb_text_column us_custom_f6c4a9ef\"><div class=\"wpb_wrapper\"><p style=\"text-align: left;\">Entflammbarkeit<\/p>\n<\/div><\/div><div class=\"wpb_text_column us_custom_f6c4a9ef\"><div class=\"wpb_wrapper\"><p style=\"text-align: left;\">Schallabsorption<\/p>\n<\/div><\/div><\/div><\/div><\/div><\/div><\/section>\n","protected":false},"excerpt":{"rendered":"Schallschutz und W\u00e4rmed\u00e4mmung f\u00fcr den Bau- und Automobilsektor. Grammgewicht: 600-3000 g\/m +\/-10 %. Dicke: 7-40 mm +\/-2 Beschreibung: Filz aus Baumwollpflanzenfasern. Ausschlie\u00dflich zusammengesetzt aus industrialisierten Pflanzenfasern mit einem Mindestanteil von 80 % Baumwolle. Fasern in verschiedenen Farben werden mit einem normalerweise feuerfesten, thermisch best\u00e4ndigen Harz gebunden. Dadurch entsteht ein Material mit einem viel h\u00f6heren Elastizit\u00e4tsmodul...","protected":false},"author":1,"featured_media":2464,"parent":3843,"menu_order":0,"comment_status":"closed","ping_status":"closed","template":"","meta":{"footnotes":""},"class_list":["post-4110","page","type-page","status-publish","has-post-thumbnail","hentry"],"_links":{"self":[{"href":"https:\/\/modisprem.com\/de\/wp-json\/wp\/v2\/pages\/4110","targetHints":{"allow":["GET"]}}],"collection":[{"href":"https:\/\/modisprem.com\/de\/wp-json\/wp\/v2\/pages"}],"about":[{"href":"https:\/\/modisprem.com\/de\/wp-json\/wp\/v2\/types\/page"}],"author":[{"embeddable":true,"href":"https:\/\/modisprem.com\/de\/wp-json\/wp\/v2\/users\/1"}],"replies":[{"embeddable":true,"href":"https:\/\/modisprem.com\/de\/wp-json\/wp\/v2\/comments?post=4110"}],"version-history":[{"count":2,"href":"https:\/\/modisprem.com\/de\/wp-json\/wp\/v2\/pages\/4110\/revisions"}],"predecessor-version":[{"id":4115,"href":"https:\/\/modisprem.com\/de\/wp-json\/wp\/v2\/pages\/4110\/revisions\/4115"}],"up":[{"embeddable":true,"href":"https:\/\/modisprem.com\/de\/wp-json\/wp\/v2\/pages\/3843"}],"wp:featuredmedia":[{"embeddable":true,"href":"https:\/\/modisprem.com\/de\/wp-json\/wp\/v2\/media\/2464"}],"wp:attachment":[{"href":"https:\/\/modisprem.com\/de\/wp-json\/wp\/v2\/media?parent=4110"}],"curies":[{"name":"wp","href":"https:\/\/api.w.org\/{rel}","templated":true}]}}