{"id":4100,"date":"2024-02-14T17:22:29","date_gmt":"2024-02-14T16:22:29","guid":{"rendered":"http:\/\/modisprem.com\/materiales\/nonwovens\/"},"modified":"2024-05-31T13:54:29","modified_gmt":"2024-05-31T11:54:29","slug":"nonwovens","status":"publish","type":"page","link":"https:\/\/modisprem.com\/de\/materiales\/nonwovens\/","title":{"rendered":"NoVliesstoffe"},"content":{"rendered":"<section class=\"l-section wpb_row height_medium with_img\"><div class=\"l-section-img\" role=\"img\" data-img-width=\"1920\" data-img-height=\"8000\" style=\"background-image: url(https:\/\/modisprem.com\/wp-content\/uploads\/2023\/04\/fondo-materiales.png);background-position: top center;\"><\/div><div class=\"l-section-h i-cf\"><div class=\"g-cols vc_row via_grid cols_2-1 laptops-cols_inherit tablets-cols_inherit mobiles-cols_1 valign_top type_default stacking_default\"><div class=\"wpb_column vc_column_container\"><div class=\"vc_column-inner\"><div class=\"wpb_text_column\"><div class=\"wpb_wrapper\"><div class=\"et_pb_module et_pb_text et_pb_text_8 et_pb_text_align_left et_pb_bg_layout_light\">\n<div class=\"et_pb_text_inner\">\n<p>Vliesstoffe sind Natur- oder Chemiefasern, die durch mechanische, thermische oder chemische Prozesse miteinander verwebt und verbunden, aber nicht gewebt werden.<\/p>\n<ul>\n<li>Farbe: Wei\u00df<\/li>\n<li>Dichte: 100-600 gr\/m2<\/li>\n<\/ul>\n<h2>Beschreibung:<\/h2>\n<p>Vliesstoffe bestehen aus nat\u00fcrlichen oder k\u00fcnstlichen Faserfilamenten, ausgenommen Papier. Zur Herstellung dieser Bahnen aus miteinander verwobenen Textilien k\u00f6nnen verschiedene Methoden angewendet werden:<\/p>\n<ul>\n<li>Chemikalien, Hinzuf\u00fcgen von Klebstoffkomponenten<\/li>\n<li>Thermisch, Verschmelzen der Fasern mit Hitze<\/li>\n<li>Mechanik, Erstellen von Dreiecken<\/li>\n<\/ul>\n<h2>Anwendungen:<\/h2>\n<p>Aufgrund ihrer unordentlichen, aber por\u00f6sen Struktur sind Vliesstoffe ausgezeichnete thermische und akustische Absorber. Dar\u00fcber hinaus k\u00f6nnen sie Fl\u00fcssigkeiten und Gase absorbieren. Diese Eigenschaften f\u00fchren dazu, dass diese absorbierenden Materialien zunehmend in folgenden Bereichen eingesetzt werden:<\/p>\n<ul>\n<li>Automobil: bei Dachverkleidungen, Motorhauben, Innenverkleidungen\u2026<\/li>\n<li>Bauwesen: Entw\u00e4sserungsmaterialien sowie akustische und thermische<\/li>\n<li>Absorber. Filtration: als Vorfilter und Anti-Pollenfilter, die einen konstanten Luftstrom und -fluss erm\u00f6glichen.<\/li>\n<\/ul>\n<h2>LIEFERART:<\/h2>\n<p>Vliesstoffe k\u00f6nnen nach den Spezifikationen und Pl\u00e4nen unserer Kunden in Rollen, Bahnen unterschiedlicher Dicke oder als fertige St\u00fccke geliefert werden.<\/p>\n<p>Alle unsere Produkte k\u00f6nnen geklebt werden, wenn es die Anwendung erfordert.<\/p>\n<p>Wir haben verschiedene Dicken und Gewichte f\u00fcr jede Anwendung.<\/p>\n<\/div>\n<\/div>\n<\/div><\/div><\/div><\/div><div class=\"wpb_column vc_column_container\"><div class=\"vc_column-inner\"><div class=\"w-image align_none\"><a ref=\"magnificPopup\" href=\"https:\/\/modisprem.com\/wp-content\/uploads\/2023\/03\/MD_Textil_Nonwovens.jpg\" aria-label=\"MD_Textil_Nonwovens\" class=\"w-image-h\"><img decoding=\"async\" width=\"165\" height=\"165\" src=\"https:\/\/modisprem.com\/wp-content\/uploads\/2023\/03\/MD_Textil_Nonwovens.jpg\" class=\"attachment-large size-large\" alt=\"\" loading=\"lazy\" srcset=\"https:\/\/modisprem.com\/wp-content\/uploads\/2023\/03\/MD_Textil_Nonwovens.jpg 165w, https:\/\/modisprem.com\/wp-content\/uploads\/2023\/03\/MD_Textil_Nonwovens-150x150.jpg 150w, https:\/\/modisprem.com\/wp-content\/uploads\/2023\/03\/MD_Textil_Nonwovens-24x24.jpg 24w, https:\/\/modisprem.com\/wp-content\/uploads\/2023\/03\/MD_Textil_Nonwovens-36x36.jpg 36w, https:\/\/modisprem.com\/wp-content\/uploads\/2023\/03\/MD_Textil_Nonwovens-48x48.jpg 48w\" sizes=\"auto, (max-width: 165px) 100vw, 165px\" \/><\/a><\/div><div class=\"w-separator size_medium\"><\/div><div class=\"wpb_text_column us_custom_f6c4a9ef\"><div class=\"wpb_wrapper\"><p style=\"text-align: left;\">Entflammbarkeit<\/p>\n<\/div><\/div><div class=\"wpb_text_column us_custom_f6c4a9ef\"><div class=\"wpb_wrapper\"><p style=\"text-align: left;\">Altern<\/p>\n<\/div><\/div><div class=\"wpb_text_column us_custom_f6c4a9ef\"><div class=\"wpb_wrapper\"><p style=\"text-align: left;\">Schallabsorption<\/p>\n<\/div><\/div><\/div><\/div><\/div><\/div><\/section>\n","protected":false},"excerpt":{"rendered":"Vliesstoffe sind Natur- oder Chemiefasern, die durch mechanische, thermische oder chemische Prozesse miteinander verwebt und verbunden, aber nicht gewebt werden. Farbe: Wei\u00df Dichte: 100-600 gr\/m2 Beschreibung: Vliesstoffe bestehen aus nat\u00fcrlichen oder k\u00fcnstlichen Faserfilamenten, ausgenommen Papier. Zur Herstellung dieser Bahnen aus miteinander verwobenen Textilien k\u00f6nnen verschiedene Methoden angewendet werden: Chemikalien, Hinzuf\u00fcgen von Klebstoffkomponenten Thermisch, Verschmelzen der...","protected":false},"author":1,"featured_media":2671,"parent":3843,"menu_order":0,"comment_status":"closed","ping_status":"closed","template":"","meta":{"footnotes":""},"class_list":["post-4100","page","type-page","status-publish","has-post-thumbnail","hentry"],"_links":{"self":[{"href":"https:\/\/modisprem.com\/de\/wp-json\/wp\/v2\/pages\/4100","targetHints":{"allow":["GET"]}}],"collection":[{"href":"https:\/\/modisprem.com\/de\/wp-json\/wp\/v2\/pages"}],"about":[{"href":"https:\/\/modisprem.com\/de\/wp-json\/wp\/v2\/types\/page"}],"author":[{"embeddable":true,"href":"https:\/\/modisprem.com\/de\/wp-json\/wp\/v2\/users\/1"}],"replies":[{"embeddable":true,"href":"https:\/\/modisprem.com\/de\/wp-json\/wp\/v2\/comments?post=4100"}],"version-history":[{"count":1,"href":"https:\/\/modisprem.com\/de\/wp-json\/wp\/v2\/pages\/4100\/revisions"}],"predecessor-version":[{"id":4104,"href":"https:\/\/modisprem.com\/de\/wp-json\/wp\/v2\/pages\/4100\/revisions\/4104"}],"up":[{"embeddable":true,"href":"https:\/\/modisprem.com\/de\/wp-json\/wp\/v2\/pages\/3843"}],"wp:featuredmedia":[{"embeddable":true,"href":"https:\/\/modisprem.com\/de\/wp-json\/wp\/v2\/media\/2671"}],"wp:attachment":[{"href":"https:\/\/modisprem.com\/de\/wp-json\/wp\/v2\/media?parent=4100"}],"curies":[{"name":"wp","href":"https:\/\/api.w.org\/{rel}","templated":true}]}}