{"id":4093,"date":"2024-02-14T17:16:06","date_gmt":"2024-02-14T16:16:06","guid":{"rendered":"http:\/\/modisprem.com\/materiales\/pvc\/"},"modified":"2024-05-31T13:50:12","modified_gmt":"2024-05-31T11:50:12","slug":"pvc","status":"publish","type":"page","link":"https:\/\/modisprem.com\/de\/materiales\/pvc\/","title":{"rendered":"PVC"},"content":{"rendered":"<section class=\"l-section wpb_row height_medium with_img\"><div class=\"l-section-img\" role=\"img\" data-img-width=\"1920\" data-img-height=\"8000\" style=\"background-image: url(https:\/\/modisprem.com\/wp-content\/uploads\/2023\/04\/fondo-materiales.png);background-position: top center;\"><\/div><div class=\"l-section-h i-cf\"><div class=\"g-cols vc_row via_grid cols_2-1 laptops-cols_inherit tablets-cols_inherit mobiles-cols_1 valign_top type_default stacking_default\"><div class=\"wpb_column vc_column_container\"><div class=\"vc_column-inner\"><div class=\"wpb_text_column\"><div class=\"wpb_wrapper\"><div class=\"et_pb_module et_pb_text et_pb_text_8 et_pb_text_align_left et_pb_bg_layout_light\">\n<div class=\"et_pb_text_inner\">\n<p class=\"descMaterial\">Dies sind geschlossenzellige Polyvinylchlorid-Schaumstoffe. Sie sind best\u00e4ndig gegen die meisten chemischen Reagenzien (Farben und Reinigungsmittel) und sind gute thermische, elektrische und akustische Isolatoren.<\/p>\n<ul>\n<li>Farbe: Schwarz und wei\u00df.<\/li>\n<li>Dichte: 100-160\/ m3.<\/li>\n<li>H\u00e4rte: 7-40 sh00<\/li>\n<li>Verl\u00e4ngerung: 120%<\/li>\n<li>Abriebfestigkeit: 150-200 kPa<\/li>\n<\/ul>\n<h2>Beschreibung:<\/h2>\n<p>Dies sind geschlossenzellige Polyvinylchlorid-Schaumstoffe. Sie sind best\u00e4ndig gegen die meisten chemischen Reagenzien (Farben und Reinigungsmittel) und sind gute thermische, elektrische und akustische Isolatoren.<\/p>\n<p>Widerstandsf\u00e4hig gegen Aufprall und Ersch\u00fctterungen. Flexibilit\u00e4t und Elastizit\u00e4t vor l\u00e4ngerer Verformung. Wasserdicht und wetterbest\u00e4ndig. Guter Grad der Selbstverl\u00f6schung auch bei geringer Dicke.<\/p>\n<h2>Anwendungen:<\/h2>\n<ul>\n<li>Automobil-Industrie: Material, das aufgrund seiner selbstverl\u00f6schenden Eigenschaften h\u00e4ufig zur Absorption von Verformungen, in wasserdichten Fugen, zur Schalld\u00e4mmung und in Automobilkomponenten verwendet wird.<\/li>\n<\/ul>\n<h2>LIEFERART:<\/h2>\n<p>Beim Dichtungsstreifen, gestanzte St\u00fccke verschiedener Formen und Gr\u00f6\u00dfen, Profile zum Abdichten von Fugen.<\/p>\n<\/div>\n<\/div>\n<\/div><\/div><\/div><\/div><div class=\"wpb_column vc_column_container\"><div class=\"vc_column-inner\"><div class=\"w-image align_none\"><a ref=\"magnificPopup\" href=\"https:\/\/modisprem.com\/wp-content\/uploads\/2024\/02\/pvc-ficha.jpg\" aria-label=\"pvc-ficha\" class=\"w-image-h\"><img decoding=\"async\" width=\"700\" height=\"1000\" src=\"https:\/\/modisprem.com\/wp-content\/uploads\/2024\/02\/pvc-ficha.jpg\" class=\"attachment-large size-large\" alt=\"\" loading=\"lazy\" srcset=\"https:\/\/modisprem.com\/wp-content\/uploads\/2024\/02\/pvc-ficha.jpg 700w, https:\/\/modisprem.com\/wp-content\/uploads\/2024\/02\/pvc-ficha-210x300.jpg 210w, https:\/\/modisprem.com\/wp-content\/uploads\/2024\/02\/pvc-ficha-17x24.jpg 17w, https:\/\/modisprem.com\/wp-content\/uploads\/2024\/02\/pvc-ficha-25x36.jpg 25w, https:\/\/modisprem.com\/wp-content\/uploads\/2024\/02\/pvc-ficha-34x48.jpg 34w\" sizes=\"auto, (max-width: 700px) 100vw, 700px\" \/><\/a><\/div><div class=\"w-separator size_medium\"><\/div><div class=\"wpb_text_column us_custom_f6c4a9ef\"><div class=\"wpb_wrapper\"><p style=\"text-align: left;\">Ozonbest\u00e4ndigkeit<\/p>\n<\/div><\/div><div class=\"wpb_text_column us_custom_f6c4a9ef\"><div class=\"wpb_wrapper\"><p style=\"text-align: left;\">Entflammbarkeit<\/p>\n<\/div><\/div><div class=\"wpb_text_column us_custom_f6c4a9ef\"><div class=\"wpb_wrapper\"><p style=\"text-align: left;\">Altern<\/p>\n<\/div><\/div><\/div><\/div><\/div><\/div><\/section>\n","protected":false},"excerpt":{"rendered":"Dies sind geschlossenzellige Polyvinylchlorid-Schaumstoffe. Sie sind best\u00e4ndig gegen die meisten chemischen Reagenzien (Farben und Reinigungsmittel) und sind gute thermische, elektrische und akustische Isolatoren. Farbe: Schwarz und wei\u00df. Dichte: 100-160\/ m3. H\u00e4rte: 7-40 sh00 Verl\u00e4ngerung: 120% Abriebfestigkeit: 150-200 kPa Beschreibung: Dies sind geschlossenzellige Polyvinylchlorid-Schaumstoffe. Sie sind best\u00e4ndig gegen die meisten chemischen Reagenzien (Farben und Reinigungsmittel) und...","protected":false},"author":1,"featured_media":3568,"parent":3843,"menu_order":0,"comment_status":"closed","ping_status":"closed","template":"","meta":{"footnotes":""},"class_list":["post-4093","page","type-page","status-publish","has-post-thumbnail","hentry"],"_links":{"self":[{"href":"https:\/\/modisprem.com\/de\/wp-json\/wp\/v2\/pages\/4093","targetHints":{"allow":["GET"]}}],"collection":[{"href":"https:\/\/modisprem.com\/de\/wp-json\/wp\/v2\/pages"}],"about":[{"href":"https:\/\/modisprem.com\/de\/wp-json\/wp\/v2\/types\/page"}],"author":[{"embeddable":true,"href":"https:\/\/modisprem.com\/de\/wp-json\/wp\/v2\/users\/1"}],"replies":[{"embeddable":true,"href":"https:\/\/modisprem.com\/de\/wp-json\/wp\/v2\/comments?post=4093"}],"version-history":[{"count":1,"href":"https:\/\/modisprem.com\/de\/wp-json\/wp\/v2\/pages\/4093\/revisions"}],"predecessor-version":[{"id":4097,"href":"https:\/\/modisprem.com\/de\/wp-json\/wp\/v2\/pages\/4093\/revisions\/4097"}],"up":[{"embeddable":true,"href":"https:\/\/modisprem.com\/de\/wp-json\/wp\/v2\/pages\/3843"}],"wp:featuredmedia":[{"embeddable":true,"href":"https:\/\/modisprem.com\/de\/wp-json\/wp\/v2\/media\/3568"}],"wp:attachment":[{"href":"https:\/\/modisprem.com\/de\/wp-json\/wp\/v2\/media?parent=4093"}],"curies":[{"name":"wp","href":"https:\/\/api.w.org\/{rel}","templated":true}]}}