{"id":4087,"date":"2024-02-14T17:08:16","date_gmt":"2024-02-14T16:08:16","guid":{"rendered":"http:\/\/modisprem.com\/materiales\/filtrante\/"},"modified":"2024-07-31T12:31:28","modified_gmt":"2024-07-31T10:31:28","slug":"filtrante","status":"publish","type":"page","link":"https:\/\/modisprem.com\/de\/materiales\/filtrante\/","title":{"rendered":"Filter"},"content":{"rendered":"<section class=\"l-section wpb_row height_medium with_img\"><div class=\"l-section-img\" role=\"img\" data-img-width=\"1920\" data-img-height=\"8000\" style=\"background-image: url(https:\/\/modisprem.com\/wp-content\/uploads\/2023\/04\/fondo-materiales.png);background-position: top center;\"><\/div><div class=\"l-section-h i-cf\"><div class=\"g-cols vc_row via_grid cols_2-1 laptops-cols_inherit tablets-cols_inherit mobiles-cols_1 valign_top type_default stacking_default\"><div class=\"wpb_column vc_column_container\"><div class=\"vc_column-inner\"><div class=\"wpb_text_column\"><div class=\"wpb_wrapper\"><div class=\"et_pb_module et_pb_text et_pb_text_8 et_pb_text_align_left et_pb_bg_layout_light\">\n<div class=\"et_pb_text_inner\">\n<p>Schaummaterial offener Zellen mit unterschiedlichen Zellgr\u00f6\u00dfen. Wir k\u00f6nnen von 10 bis 90ppi finden.<\/p>\n<ul>\n<li>Farbe: Schwarz, beige, rot, gelb, gr\u00fcn und blau<\/li>\n<\/ul>\n<h2>Beschreibung:<\/h2>\n<p>Bei den verwendeten Materialien handelt es sich um Polyesterschaum (gute L\u00f6sungsmittel- und \u00d6lbilanz) und Polyether (die sich sehr gut f\u00fcr die Wasserfiltration eignen).<\/p>\n<p>Wir k\u00f6nnen unterschiedliche Dicken und Porosiden kombinieren, um den Ladungsverlust nach Ebenen zu differenzieren.<\/p>\n<h2>Anwendungen:<\/h2>\n<ul>\n<li>Automotive: K\u00fchl- und Verbrennungsluftfilter.<\/li>\n<li>Allgemeine Industrie: Buenos Aires konditioniert, K\u00fchlger\u00e4te, landwirtschaftliche Maschinen, Aquarien und Schwimmbecken. Sie werden auch in den Windschilden der Mikrofone verwendet.<\/li>\n<li>Verpackung: Herstellung von Guss- und Stanzteilen f\u00fcr Pr\u00e4sentationsverpackungen.<\/li>\n<\/ul>\n<h2>LIEFERART:<\/h2>\n<p>Walzen, Platten, Schale oder Fertigteil.<\/p>\n<\/div>\n<\/div>\n<\/div><\/div><\/div><\/div><div class=\"wpb_column vc_column_container\"><div class=\"vc_column-inner\"><div class=\"w-image align_center\"><a ref=\"magnificPopup\" href=\"https:\/\/modisprem.com\/wp-content\/uploads\/2024\/07\/filtrante.jpg\" aria-label=\"filtrante\" class=\"w-image-h\"><img decoding=\"async\" width=\"1000\" height=\"1000\" src=\"https:\/\/modisprem.com\/wp-content\/uploads\/2024\/07\/filtrante.jpg\" class=\"attachment-full size-full\" alt=\"Filtrante\" loading=\"lazy\" srcset=\"https:\/\/modisprem.com\/wp-content\/uploads\/2024\/07\/filtrante.jpg 1000w, https:\/\/modisprem.com\/wp-content\/uploads\/2024\/07\/filtrante-300x300.jpg 300w, https:\/\/modisprem.com\/wp-content\/uploads\/2024\/07\/filtrante-150x150.jpg 150w, https:\/\/modisprem.com\/wp-content\/uploads\/2024\/07\/filtrante-24x24.jpg 24w, https:\/\/modisprem.com\/wp-content\/uploads\/2024\/07\/filtrante-36x36.jpg 36w, https:\/\/modisprem.com\/wp-content\/uploads\/2024\/07\/filtrante-48x48.jpg 48w\" sizes=\"auto, (max-width: 1000px) 100vw, 1000px\" \/><\/a><\/div><div class=\"w-separator size_medium\"><\/div><div class=\"wpb_text_column us_custom_f6c4a9ef\"><div class=\"wpb_wrapper\"><p style=\"text-align: left;\">S\u00e4urebest\u00e4ndigkeit<\/p>\n<\/div><\/div><div class=\"wpb_text_column us_custom_f6c4a9ef\"><div class=\"wpb_wrapper\"><p style=\"text-align: left;\">Schallabsorption<\/p>\n<\/div><\/div><\/div><\/div><\/div><\/div><\/section>\n","protected":false},"excerpt":{"rendered":"Schaummaterial offener Zellen mit unterschiedlichen Zellgr\u00f6\u00dfen. Wir k\u00f6nnen von 10 bis 90ppi finden. Farbe: Schwarz, beige, rot, gelb, gr\u00fcn und blau Beschreibung: Bei den verwendeten Materialien handelt es sich um Polyesterschaum (gute L\u00f6sungsmittel- und \u00d6lbilanz) und Polyether (die sich sehr gut f\u00fcr die Wasserfiltration eignen). Wir k\u00f6nnen unterschiedliche Dicken und Porosiden kombinieren, um den Ladungsverlust...","protected":false},"author":1,"featured_media":3055,"parent":3843,"menu_order":0,"comment_status":"closed","ping_status":"closed","template":"","meta":{"footnotes":""},"class_list":["post-4087","page","type-page","status-publish","has-post-thumbnail","hentry"],"_links":{"self":[{"href":"https:\/\/modisprem.com\/de\/wp-json\/wp\/v2\/pages\/4087","targetHints":{"allow":["GET"]}}],"collection":[{"href":"https:\/\/modisprem.com\/de\/wp-json\/wp\/v2\/pages"}],"about":[{"href":"https:\/\/modisprem.com\/de\/wp-json\/wp\/v2\/types\/page"}],"author":[{"embeddable":true,"href":"https:\/\/modisprem.com\/de\/wp-json\/wp\/v2\/users\/1"}],"replies":[{"embeddable":true,"href":"https:\/\/modisprem.com\/de\/wp-json\/wp\/v2\/comments?post=4087"}],"version-history":[{"count":2,"href":"https:\/\/modisprem.com\/de\/wp-json\/wp\/v2\/pages\/4087\/revisions"}],"predecessor-version":[{"id":4900,"href":"https:\/\/modisprem.com\/de\/wp-json\/wp\/v2\/pages\/4087\/revisions\/4900"}],"up":[{"embeddable":true,"href":"https:\/\/modisprem.com\/de\/wp-json\/wp\/v2\/pages\/3843"}],"wp:featuredmedia":[{"embeddable":true,"href":"https:\/\/modisprem.com\/de\/wp-json\/wp\/v2\/media\/3055"}],"wp:attachment":[{"href":"https:\/\/modisprem.com\/de\/wp-json\/wp\/v2\/media?parent=4087"}],"curies":[{"name":"wp","href":"https:\/\/api.w.org\/{rel}","templated":true}]}}