{"id":4080,"date":"2024-02-14T13:43:43","date_gmt":"2024-02-14T12:43:43","guid":{"rendered":"http:\/\/modisprem.com\/materiales\/poliester\/"},"modified":"2024-07-31T12:28:12","modified_gmt":"2024-07-31T10:28:12","slug":"poliester","status":"publish","type":"page","link":"https:\/\/modisprem.com\/de\/materiales\/poliester\/","title":{"rendered":"PUR-Ester \/ Polyester"},"content":{"rendered":"<section class=\"l-section wpb_row height_medium with_img\"><div class=\"l-section-img\" role=\"img\" data-img-width=\"1920\" data-img-height=\"8000\" style=\"background-image: url(https:\/\/modisprem.com\/wp-content\/uploads\/2023\/04\/fondo-materiales.png);background-position: top center;\"><\/div><div class=\"l-section-h i-cf\"><div class=\"g-cols vc_row via_grid cols_2-1 laptops-cols_inherit tablets-cols_inherit mobiles-cols_1 valign_top type_default stacking_default\"><div class=\"wpb_column vc_column_container\"><div class=\"vc_column-inner\"><div class=\"wpb_text_column\"><div class=\"wpb_wrapper\"><div class=\"et_pb_module et_pb_text et_pb_text_8 et_pb_text_align_left et_pb_bg_layout_light\">\n<div class=\"et_pb_text_inner\">\n<p>Sie bestehen aus einem gesch\u00e4umten, im Allgemeinen offenzelligen Material mit geringem Widerstand gegen Kompression und schneller R\u00fcckgewinnung auf Polyesterbasis. \u00d6lbest\u00e4ndig.<\/p>\n<ul>\n<li>Farbe: Schwarz, grau, wei\u00df, rot, gelb, gr\u00fcn, blau\u2026<\/li>\n<li>Dichte: 15-400 kg\/m3.<\/li>\n<li>Verl\u00e4ngerung: 50-350%<\/li>\n<li>Abriebfestigkeit: 50-800 kPa<\/li>\n<\/ul>\n<h2>Beschreibung:<\/h2>\n<p>Schaumstoff mit offenzelliger Struktur, hoher mechanischer Widerstand und Feuerfestigkeit (selbstverl\u00f6schend), geringe Empfindlichkeit gegen\u00fcber L\u00f6sungsmitteln und Detergenzien und langsame Oxidationsgeschwindigkeit. Er kann Nachbehandlungsprozessen wie Impr\u00e4gnierung, Verdichtung oder Vernetzung unterzogen werden.<\/p>\n<h2>Anwendungen:<\/h2>\n<ul>\n<li>Automotive: F\u00fcr die Herstellung sowohl von Luft- als auch von Wasserfiltern, da dieser Schaumstoff unter Kontrolle der Gr\u00f6\u00dfe der Zelle hergestellt wird. Er eignet sich auch f\u00fcr die Herstellung von klebenden, witterungsbest\u00e4ndigen und gestanzten Teilen f\u00fcr Kabelummantelungen.<\/li>\n<li>Verpackung: Herstellung von Guss- und Stanzteilen f\u00fcr Schutzverpackung und Pr\u00e4sentation.<\/li>\n<li>Isolation: Herstellung von Pyramiden- und Profilblechen zur akustischen Isolierung.<\/li>\n<\/ul>\n<h2>LIEFERART:<\/h2>\n<p>In Platten oder gestanzt, Kurz- und\/oder Bohrverfahren, Fr\u00e4sen, Gie\u00dfen, Schwei\u00dfen (auch mit anderen Sch\u00e4umen oder Materialien), Kleben.<\/p>\n<\/div>\n<\/div>\n<\/div><\/div><\/div><\/div><div class=\"wpb_column vc_column_container\"><div class=\"vc_column-inner\"><div class=\"w-image align_center\"><a ref=\"magnificPopup\" href=\"https:\/\/modisprem.com\/wp-content\/uploads\/2024\/07\/PUR-Ester-Poliester.jpg\" aria-label=\"PUR-Ester-Poliester\" class=\"w-image-h\"><img decoding=\"async\" width=\"567\" height=\"567\" src=\"https:\/\/modisprem.com\/wp-content\/uploads\/2024\/07\/PUR-Ester-Poliester.jpg\" class=\"attachment-full size-full\" alt=\"PUR-Ester \/ Poliester\" loading=\"lazy\" srcset=\"https:\/\/modisprem.com\/wp-content\/uploads\/2024\/07\/PUR-Ester-Poliester.jpg 567w, https:\/\/modisprem.com\/wp-content\/uploads\/2024\/07\/PUR-Ester-Poliester-300x300.jpg 300w, https:\/\/modisprem.com\/wp-content\/uploads\/2024\/07\/PUR-Ester-Poliester-150x150.jpg 150w, https:\/\/modisprem.com\/wp-content\/uploads\/2024\/07\/PUR-Ester-Poliester-24x24.jpg 24w, https:\/\/modisprem.com\/wp-content\/uploads\/2024\/07\/PUR-Ester-Poliester-36x36.jpg 36w, https:\/\/modisprem.com\/wp-content\/uploads\/2024\/07\/PUR-Ester-Poliester-48x48.jpg 48w\" sizes=\"auto, (max-width: 567px) 100vw, 567px\" \/><\/a><\/div><div class=\"w-separator size_medium\"><\/div><div class=\"wpb_text_column us_custom_f6c4a9ef\"><div class=\"wpb_wrapper\"><p style=\"text-align: left;\">S\u00e4urebest\u00e4ndigkeit<\/p>\n<\/div><\/div><div class=\"wpb_text_column us_custom_f6c4a9ef\"><div class=\"wpb_wrapper\"><p style=\"text-align: left;\">Schallabsorption<\/p>\n<\/div><\/div><\/div><\/div><\/div><\/div><\/section>\n","protected":false},"excerpt":{"rendered":"Sie bestehen aus einem gesch\u00e4umten, im Allgemeinen offenzelligen Material mit geringem Widerstand gegen Kompression und schneller R\u00fcckgewinnung auf Polyesterbasis. \u00d6lbest\u00e4ndig. Farbe: Schwarz, grau, wei\u00df, rot, gelb, gr\u00fcn, blau\u2026 Dichte: 15-400 kg\/m3. Verl\u00e4ngerung: 50-350% Abriebfestigkeit: 50-800 kPa Beschreibung: Schaumstoff mit offenzelliger Struktur, hoher mechanischer Widerstand und Feuerfestigkeit (selbstverl\u00f6schend), geringe Empfindlichkeit gegen\u00fcber L\u00f6sungsmitteln und Detergenzien und langsame...","protected":false},"author":1,"featured_media":4592,"parent":3843,"menu_order":0,"comment_status":"closed","ping_status":"closed","template":"","meta":{"footnotes":""},"class_list":["post-4080","page","type-page","status-publish","has-post-thumbnail","hentry"],"_links":{"self":[{"href":"https:\/\/modisprem.com\/de\/wp-json\/wp\/v2\/pages\/4080","targetHints":{"allow":["GET"]}}],"collection":[{"href":"https:\/\/modisprem.com\/de\/wp-json\/wp\/v2\/pages"}],"about":[{"href":"https:\/\/modisprem.com\/de\/wp-json\/wp\/v2\/types\/page"}],"author":[{"embeddable":true,"href":"https:\/\/modisprem.com\/de\/wp-json\/wp\/v2\/users\/1"}],"replies":[{"embeddable":true,"href":"https:\/\/modisprem.com\/de\/wp-json\/wp\/v2\/comments?post=4080"}],"version-history":[{"count":2,"href":"https:\/\/modisprem.com\/de\/wp-json\/wp\/v2\/pages\/4080\/revisions"}],"predecessor-version":[{"id":4897,"href":"https:\/\/modisprem.com\/de\/wp-json\/wp\/v2\/pages\/4080\/revisions\/4897"}],"up":[{"embeddable":true,"href":"https:\/\/modisprem.com\/de\/wp-json\/wp\/v2\/pages\/3843"}],"wp:featuredmedia":[{"embeddable":true,"href":"https:\/\/modisprem.com\/de\/wp-json\/wp\/v2\/media\/4592"}],"wp:attachment":[{"href":"https:\/\/modisprem.com\/de\/wp-json\/wp\/v2\/media?parent=4080"}],"curies":[{"name":"wp","href":"https:\/\/api.w.org\/{rel}","templated":true}]}}