{"id":4074,"date":"2024-02-14T13:41:35","date_gmt":"2024-02-14T12:41:35","guid":{"rendered":"http:\/\/modisprem.com\/materiales\/polieter\/"},"modified":"2024-07-31T12:25:43","modified_gmt":"2024-07-31T10:25:43","slug":"polieter","status":"publish","type":"page","link":"https:\/\/modisprem.com\/de\/materiales\/polieter\/","title":{"rendered":"PUR-\u00c4ther \/ Poly\u00e4ther"},"content":{"rendered":"<section class=\"l-section wpb_row height_medium with_img\"><div class=\"l-section-img\" role=\"img\" data-img-width=\"1920\" data-img-height=\"8000\" style=\"background-image: url(https:\/\/modisprem.com\/wp-content\/uploads\/2023\/04\/fondo-materiales.png);background-position: top center;\"><\/div><div class=\"l-section-h i-cf\"><div class=\"g-cols vc_row via_grid cols_2-1 laptops-cols_inherit tablets-cols_inherit mobiles-cols_1 valign_top type_default stacking_default\"><div class=\"wpb_column vc_column_container\"><div class=\"vc_column-inner\"><div class=\"wpb_text_column\"><div class=\"wpb_wrapper\"><div class=\"et_pb_module et_pb_text et_pb_text_8 et_pb_text_align_left et_pb_bg_layout_light\">\n<div class=\"et_pb_text_inner\">\n<p>Gesch\u00e4umtes Material, im Allgemeinen offenzellig, mit geringem Widerstand gegen Kompression und schneller R\u00fcckgewinnung auf Polyetherbasis. Sehr widerstandsf\u00e4hig gegen Feuchtigkeit.<\/p>\n<ul>\n<li>Farbe:Schwarz, grau, wei\u00df, rot, gelb, gr\u00fcn, blau\u2026<\/li>\n<li>Dichte: 15-400 kg\/m3.<\/li>\n<li>Abriebfestigkeit: 50-800 kPa<\/li>\n<\/ul>\n<h2>Beschreibung:<\/h2>\n<p>Gute R\u00fcckgewinnung, komfortabel und hohe Widerstandsf\u00e4higkeit gegen Erm\u00fcdung und Feuer (selbstverl\u00f6schend). Wasserdicht. Es kann in einer starren, halbstarren und flexiblen Form vorliegen.<\/p>\n<p>Er kann Nachbehandlungsprozessen wie Impr\u00e4gnierung, Verdichtung oder Vernetzung unterzogen werden.<\/p>\n<h2>Anwendungen:<\/h2>\n<ul>\n<li>Automotive: Zur Herstellung von klebenden Abstreif- und Stanzteilen f\u00fcr Kabelummantelungen.<\/li>\n<li>Wohnung: Eine der beliebtesten Anwendungen sind Polyurethanschw\u00e4mme, die f\u00fcr die pers\u00f6nliche und allgemeine Hygiene verwendet werden.<\/li>\n<li>Verpackung: Herstellung von Guss- und Stanzteilen f\u00fcr Schutzverpackung und Pr\u00e4sentation.<\/li>\n<\/ul>\n<h2>LIEFERART:<\/h2>\n<p>Durch Stanzen, Schneiden, Bohren, Fr\u00e4sen, Schleifen, Gie\u00dfen, Schwei\u00dfen (auch mit anderen Sch\u00e4umen oder Materialien), Kleben.<\/p>\n<\/div>\n<\/div>\n<\/div><\/div><\/div><\/div><div class=\"wpb_column vc_column_container\"><div class=\"vc_column-inner\"><div class=\"w-image align_center\"><a ref=\"magnificPopup\" href=\"https:\/\/modisprem.com\/wp-content\/uploads\/2024\/07\/PUR-Eter-Polieter.jpg\" aria-label=\"PUR-Eter-Polieter\" class=\"w-image-h\"><img decoding=\"async\" width=\"1238\" height=\"1238\" src=\"https:\/\/modisprem.com\/wp-content\/uploads\/2024\/07\/PUR-Eter-Polieter.jpg\" class=\"attachment-full size-full\" alt=\"PUR Eter Polieter\" loading=\"lazy\" srcset=\"https:\/\/modisprem.com\/wp-content\/uploads\/2024\/07\/PUR-Eter-Polieter.jpg 1238w, https:\/\/modisprem.com\/wp-content\/uploads\/2024\/07\/PUR-Eter-Polieter-300x300.jpg 300w, https:\/\/modisprem.com\/wp-content\/uploads\/2024\/07\/PUR-Eter-Polieter-1024x1024.jpg 1024w, https:\/\/modisprem.com\/wp-content\/uploads\/2024\/07\/PUR-Eter-Polieter-150x150.jpg 150w, https:\/\/modisprem.com\/wp-content\/uploads\/2024\/07\/PUR-Eter-Polieter-24x24.jpg 24w, https:\/\/modisprem.com\/wp-content\/uploads\/2024\/07\/PUR-Eter-Polieter-36x36.jpg 36w, https:\/\/modisprem.com\/wp-content\/uploads\/2024\/07\/PUR-Eter-Polieter-48x48.jpg 48w\" sizes=\"auto, (max-width: 1238px) 100vw, 1238px\" \/><\/a><\/div><div class=\"w-separator size_medium\"><\/div><div class=\"wpb_text_column us_custom_f6c4a9ef\"><div class=\"wpb_wrapper\"><p style=\"text-align: left;\">Altern<\/p>\n<\/div><\/div><div class=\"wpb_text_column us_custom_f6c4a9ef\"><div class=\"wpb_wrapper\"><p style=\"text-align: left;\">Schallabsorption<\/p>\n<\/div><\/div><\/div><\/div><\/div><\/div><\/section>\n","protected":false},"excerpt":{"rendered":"Gesch\u00e4umtes Material, im Allgemeinen offenzellig, mit geringem Widerstand gegen Kompression und schneller R\u00fcckgewinnung auf Polyetherbasis. Sehr widerstandsf\u00e4hig gegen Feuchtigkeit. Farbe:Schwarz, grau, wei\u00df, rot, gelb, gr\u00fcn, blau\u2026 Dichte: 15-400 kg\/m3. Abriebfestigkeit: 50-800 kPa Beschreibung: Gute R\u00fcckgewinnung, komfortabel und hohe Widerstandsf\u00e4higkeit gegen Erm\u00fcdung und Feuer (selbstverl\u00f6schend). Wasserdicht. Es kann in einer starren, halbstarren und flexiblen Form vorliegen....","protected":false},"author":1,"featured_media":4583,"parent":3843,"menu_order":0,"comment_status":"closed","ping_status":"closed","template":"","meta":{"footnotes":""},"class_list":["post-4074","page","type-page","status-publish","has-post-thumbnail","hentry"],"_links":{"self":[{"href":"https:\/\/modisprem.com\/de\/wp-json\/wp\/v2\/pages\/4074","targetHints":{"allow":["GET"]}}],"collection":[{"href":"https:\/\/modisprem.com\/de\/wp-json\/wp\/v2\/pages"}],"about":[{"href":"https:\/\/modisprem.com\/de\/wp-json\/wp\/v2\/types\/page"}],"author":[{"embeddable":true,"href":"https:\/\/modisprem.com\/de\/wp-json\/wp\/v2\/users\/1"}],"replies":[{"embeddable":true,"href":"https:\/\/modisprem.com\/de\/wp-json\/wp\/v2\/comments?post=4074"}],"version-history":[{"count":2,"href":"https:\/\/modisprem.com\/de\/wp-json\/wp\/v2\/pages\/4074\/revisions"}],"predecessor-version":[{"id":4894,"href":"https:\/\/modisprem.com\/de\/wp-json\/wp\/v2\/pages\/4074\/revisions\/4894"}],"up":[{"embeddable":true,"href":"https:\/\/modisprem.com\/de\/wp-json\/wp\/v2\/pages\/3843"}],"wp:featuredmedia":[{"embeddable":true,"href":"https:\/\/modisprem.com\/de\/wp-json\/wp\/v2\/media\/4583"}],"wp:attachment":[{"href":"https:\/\/modisprem.com\/de\/wp-json\/wp\/v2\/media?parent=4074"}],"curies":[{"name":"wp","href":"https:\/\/api.w.org\/{rel}","templated":true}]}}