{"id":4067,"date":"2024-02-14T13:38:30","date_gmt":"2024-02-14T12:38:30","guid":{"rendered":"http:\/\/modisprem.com\/materiales\/polietileno-no-reticulado\/"},"modified":"2024-07-31T12:23:46","modified_gmt":"2024-07-31T10:23:46","slug":"polietileno-no-reticulado","status":"publish","type":"page","link":"https:\/\/modisprem.com\/de\/materiales\/polietileno-no-reticulado\/","title":{"rendered":"Keine PE-Rasterung"},"content":{"rendered":"<section class=\"l-section wpb_row height_medium with_img\"><div class=\"l-section-img\" role=\"img\" data-img-width=\"1920\" data-img-height=\"8000\" style=\"background-image: url(https:\/\/modisprem.com\/wp-content\/uploads\/2023\/04\/fondo-materiales.png);background-position: top center;\"><\/div><div class=\"l-section-h i-cf\"><div class=\"g-cols vc_row via_grid cols_2-1 laptops-cols_inherit tablets-cols_inherit mobiles-cols_1 valign_top type_default stacking_default\"><div class=\"wpb_column vc_column_container\"><div class=\"vc_column-inner\"><div class=\"wpb_text_column\"><div class=\"wpb_wrapper\"><div class=\"et_pb_module et_pb_text et_pb_text_8 et_pb_text_align_left et_pb_bg_layout_light\">\n<div class=\"et_pb_text_inner\">\n<p>Nichtvernetzte Sch\u00e4ume erm\u00f6glichen die Reduzierung, Wiederverwendung und das Recycling (Grundlage der EU-Richtlinie \u00fcber Verpackungen und Verpackungsabfall EWG\/94\/62)<\/p>\n<ul>\n<li>Farbe: Schwarz, wei\u00df, blau, pink.<\/li>\n<li>Dichte: 24-140 kg\/m3.<\/li>\n<\/ul>\n<h2>Beschreibung:<\/h2>\n<p>Es handelt sich um einen Polyolefin-Schaum auf Polyethylen-Basis, der mit einem Quellgas (Isobutan) hergestellt wird. Dadurch entsteht ein leicht wiederverwertbarer Polyethylen.<\/p>\n<p>Gute R\u00fcckgewinnung, komfortabel und hohe Widerstandsf\u00e4higkeit gegen Erm\u00fcdung und Feuer (selbstverl\u00f6schend).<\/p>\n<h2>Anwendungen:<\/h2>\n<ul>\n<li>Verpackung: Sie ist die zuverl\u00e4ssigste Verpackung f\u00fcr alle Ihre Sendungen, da sie eine hohe R\u00fcckgewinnungskapazit\u00e4t gegen\u00fcber m\u00f6glichen Auswirkungen hat. Ideal f\u00fcr jede Pr\u00e4sentation durch Flexibilit\u00e4t und Vielseitigkeit, wodurch minimale und maximale Designs m\u00f6glich sind. Hervorragende Aufprallabsorption, Ersch\u00fctterungen. Material mit antistatischen und Flammschutzmitteln erh\u00e4ltlich.<\/li>\n<li>Schalld\u00e4mmung: Anti-Schlag-Schaumstoff f\u00fcr die Verlegung unter Parkett und schwimmenden Fu\u00dfb\u00f6den.<\/li>\n<li>W\u00e4rmeschutz: Verbunden mit Aluminiumfolie, erm\u00f6glicht die Trennung von zwei W\u00e4rmequellen.<\/li>\n<\/ul>\n<h2>LIEFERART:<\/h2>\n<p>Nicht vernetzte Polyethylensch\u00e4ume werden in Platten oder St\u00fccken geliefert, die durch Stanzen, Schneiden, Bohren, Fr\u00e4sen, Schwei\u00dfen und Kleben umgeformt werden.<\/p>\n<\/div>\n<\/div>\n<\/div><\/div><\/div><\/div><div class=\"wpb_column vc_column_container\"><div class=\"vc_column-inner\"><div class=\"w-image align_center\"><a ref=\"magnificPopup\" href=\"https:\/\/modisprem.com\/wp-content\/uploads\/2024\/07\/ethafoam.jpg\" aria-label=\"ethafoam\" class=\"w-image-h\"><img decoding=\"async\" width=\"527\" height=\"527\" src=\"https:\/\/modisprem.com\/wp-content\/uploads\/2024\/07\/ethafoam.jpg\" class=\"attachment-full size-full\" alt=\"Ethafoam\" loading=\"lazy\" srcset=\"https:\/\/modisprem.com\/wp-content\/uploads\/2024\/07\/ethafoam.jpg 527w, https:\/\/modisprem.com\/wp-content\/uploads\/2024\/07\/ethafoam-300x300.jpg 300w, https:\/\/modisprem.com\/wp-content\/uploads\/2024\/07\/ethafoam-150x150.jpg 150w, https:\/\/modisprem.com\/wp-content\/uploads\/2024\/07\/ethafoam-24x24.jpg 24w, https:\/\/modisprem.com\/wp-content\/uploads\/2024\/07\/ethafoam-36x36.jpg 36w, https:\/\/modisprem.com\/wp-content\/uploads\/2024\/07\/ethafoam-48x48.jpg 48w\" sizes=\"auto, (max-width: 527px) 100vw, 527px\" \/><\/a><\/div><div class=\"w-separator size_medium\"><\/div><div class=\"wpb_text_column us_custom_f6c4a9ef\"><div class=\"wpb_wrapper\"><p style=\"text-align: left;\">L\u00f6sungsmittelbest\u00e4ndigkeit<\/p>\n<\/div><\/div><div class=\"wpb_text_column us_custom_f6c4a9ef\"><div class=\"wpb_wrapper\"><p style=\"text-align: left;\">S\u00e4urebest\u00e4ndigkeit<\/p>\n<\/div><\/div><div class=\"wpb_text_column us_custom_f6c4a9ef\"><div class=\"wpb_wrapper\"><p style=\"text-align: left;\">Akustische Isolation<\/p>\n<\/div><\/div><\/div><\/div><\/div><\/div><\/section>\n","protected":false},"excerpt":{"rendered":"Nichtvernetzte Sch\u00e4ume erm\u00f6glichen die Reduzierung, Wiederverwendung und das Recycling (Grundlage der EU-Richtlinie \u00fcber Verpackungen und Verpackungsabfall EWG\/94\/62) Farbe: Schwarz, wei\u00df, blau, pink. Dichte: 24-140 kg\/m3. Beschreibung: Es handelt sich um einen Polyolefin-Schaum auf Polyethylen-Basis, der mit einem Quellgas (Isobutan) hergestellt wird. Dadurch entsteht ein leicht wiederverwertbarer Polyethylen. Gute R\u00fcckgewinnung, komfortabel und hohe Widerstandsf\u00e4higkeit gegen Erm\u00fcdung...","protected":false},"author":1,"featured_media":4466,"parent":3843,"menu_order":0,"comment_status":"closed","ping_status":"closed","template":"","meta":{"footnotes":""},"class_list":["post-4067","page","type-page","status-publish","has-post-thumbnail","hentry"],"_links":{"self":[{"href":"https:\/\/modisprem.com\/de\/wp-json\/wp\/v2\/pages\/4067","targetHints":{"allow":["GET"]}}],"collection":[{"href":"https:\/\/modisprem.com\/de\/wp-json\/wp\/v2\/pages"}],"about":[{"href":"https:\/\/modisprem.com\/de\/wp-json\/wp\/v2\/types\/page"}],"author":[{"embeddable":true,"href":"https:\/\/modisprem.com\/de\/wp-json\/wp\/v2\/users\/1"}],"replies":[{"embeddable":true,"href":"https:\/\/modisprem.com\/de\/wp-json\/wp\/v2\/comments?post=4067"}],"version-history":[{"count":2,"href":"https:\/\/modisprem.com\/de\/wp-json\/wp\/v2\/pages\/4067\/revisions"}],"predecessor-version":[{"id":4891,"href":"https:\/\/modisprem.com\/de\/wp-json\/wp\/v2\/pages\/4067\/revisions\/4891"}],"up":[{"embeddable":true,"href":"https:\/\/modisprem.com\/de\/wp-json\/wp\/v2\/pages\/3843"}],"wp:featuredmedia":[{"embeddable":true,"href":"https:\/\/modisprem.com\/de\/wp-json\/wp\/v2\/media\/4466"}],"wp:attachment":[{"href":"https:\/\/modisprem.com\/de\/wp-json\/wp\/v2\/media?parent=4067"}],"curies":[{"name":"wp","href":"https:\/\/api.w.org\/{rel}","templated":true}]}}