{"id":4055,"date":"2024-02-14T13:21:41","date_gmt":"2024-02-14T12:21:41","guid":{"rendered":"http:\/\/modisprem.com\/materiales\/poliestireno-xps\/"},"modified":"2024-07-31T12:11:03","modified_gmt":"2024-07-31T10:11:03","slug":"poliestireno-xps","status":"publish","type":"page","link":"https:\/\/modisprem.com\/de\/materiales\/poliestireno-xps\/","title":{"rendered":"Polystyrol XPS"},"content":{"rendered":"<section class=\"l-section wpb_row height_medium with_img\"><div class=\"l-section-img\" role=\"img\" data-img-width=\"1920\" data-img-height=\"8000\" style=\"background-image: url(https:\/\/modisprem.com\/wp-content\/uploads\/2023\/04\/fondo-materiales.png);background-position: top center;\"><\/div><div class=\"l-section-h i-cf\"><div class=\"g-cols vc_row via_grid cols_2-1 laptops-cols_inherit tablets-cols_inherit mobiles-cols_1 valign_top type_default stacking_default\"><div class=\"wpb_column vc_column_container\"><div class=\"vc_column-inner\"><div class=\"wpb_text_column\"><div class=\"wpb_wrapper\"><div class=\"et_pb_module et_pb_text et_pb_text_8 et_pb_text_align_left et_pb_bg_layout_light\">\n<div class=\"et_pb_text_inner\">\n<p>Extrusion<br \/>\nEs ist ein Material, das durch den Extrusionsprozess gewonnen wird. Gutes Brandverhalten. Kann mechanisch und chemisch recycelt werden<\/p>\n<ul>\n<li>Farbe: Blau<\/li>\n<li>Dichte: 30 Kg\/m3<\/li>\n<\/ul>\n<h2>Beschreibung:<\/h2>\n<p>Es ist ein Material, das durch den Extrusionsprozess gewonnen wird. Gutes Brandverhalten. XPS-Platten sind hochgradig widerstandsf\u00e4hig gegen Wasseraufnahme und haben keine Kapillarit\u00e4t, sind sehr widerstandsf\u00e4hig gegen Wasserdampfdiffusion und werden durch wiederholte Frost-Tau-Wechsel nicht beeintr\u00e4chtigt. Sie unterst\u00fctzen nicht das Wachstum von Schimmel und haben keinen N\u00e4hrstoffgehalt f\u00fcr Insekten und Nagetiere. Es kann mechanisch und chemisch recycelt werden.<\/p>\n<h2>Anwendungen:<\/h2>\n<ul>\n<li>Schutzverpackungen<\/li>\n<li>W\u00e4rmeschutz<\/li>\n<\/ul>\n<h2>Lieferung:<\/h2>\n<p>Extrudiertes Polystyrol \u2013 XPS kann in Platten geliefert werden. Auch in ausgeschnittenen, kopierten oder gefr\u00e4sten St\u00fccken.<\/p>\n<\/div>\n<\/div>\n<\/div><\/div><\/div><\/div><div class=\"wpb_column vc_column_container\"><div class=\"vc_column-inner\"><div class=\"w-image align_center\"><a ref=\"magnificPopup\" href=\"https:\/\/modisprem.com\/wp-content\/uploads\/2024\/07\/Poliestireno-XPS.jpg\" aria-label=\"Poliestireno-XPS\" class=\"w-image-h\"><img decoding=\"async\" width=\"730\" height=\"730\" src=\"https:\/\/modisprem.com\/wp-content\/uploads\/2024\/07\/Poliestireno-XPS.jpg\" class=\"attachment-full size-full\" alt=\"Poliestireno XPS\" loading=\"lazy\" srcset=\"https:\/\/modisprem.com\/wp-content\/uploads\/2024\/07\/Poliestireno-XPS.jpg 730w, https:\/\/modisprem.com\/wp-content\/uploads\/2024\/07\/Poliestireno-XPS-300x300.jpg 300w, https:\/\/modisprem.com\/wp-content\/uploads\/2024\/07\/Poliestireno-XPS-150x150.jpg 150w, https:\/\/modisprem.com\/wp-content\/uploads\/2024\/07\/Poliestireno-XPS-24x24.jpg 24w, https:\/\/modisprem.com\/wp-content\/uploads\/2024\/07\/Poliestireno-XPS-36x36.jpg 36w, https:\/\/modisprem.com\/wp-content\/uploads\/2024\/07\/Poliestireno-XPS-48x48.jpg 48w\" sizes=\"auto, (max-width: 730px) 100vw, 730px\" \/><\/a><\/div><div class=\"w-separator size_medium\"><\/div><div class=\"wpb_text_column us_custom_f6c4a9ef\"><div class=\"wpb_wrapper\"><p style=\"text-align: left;\">Druckfestigkeit<\/p>\n<\/div><\/div><div class=\"wpb_text_column us_custom_f6c4a9ef\"><div class=\"wpb_wrapper\"><p style=\"text-align: left;\">Entflammbarkeit<\/p>\n<\/div><\/div><div class=\"wpb_text_column us_custom_f6c4a9ef\"><div class=\"wpb_wrapper\"><p style=\"text-align: left;\">Altern<\/p>\n<\/div><\/div><\/div><\/div><\/div><\/div><\/section>\n","protected":false},"excerpt":{"rendered":"Extrusion Es ist ein Material, das durch den Extrusionsprozess gewonnen wird. Gutes Brandverhalten. Kann mechanisch und chemisch recycelt werden Farbe: Blau Dichte: 30 Kg\/m3 Beschreibung: Es ist ein Material, das durch den Extrusionsprozess gewonnen wird. Gutes Brandverhalten. XPS-Platten sind hochgradig widerstandsf\u00e4hig gegen Wasseraufnahme und haben keine Kapillarit\u00e4t, sind sehr widerstandsf\u00e4hig gegen Wasserdampfdiffusion und werden durch...","protected":false},"author":1,"featured_media":4566,"parent":3843,"menu_order":0,"comment_status":"closed","ping_status":"closed","template":"","meta":{"footnotes":""},"class_list":["post-4055","page","type-page","status-publish","has-post-thumbnail","hentry"],"_links":{"self":[{"href":"https:\/\/modisprem.com\/de\/wp-json\/wp\/v2\/pages\/4055","targetHints":{"allow":["GET"]}}],"collection":[{"href":"https:\/\/modisprem.com\/de\/wp-json\/wp\/v2\/pages"}],"about":[{"href":"https:\/\/modisprem.com\/de\/wp-json\/wp\/v2\/types\/page"}],"author":[{"embeddable":true,"href":"https:\/\/modisprem.com\/de\/wp-json\/wp\/v2\/users\/1"}],"replies":[{"embeddable":true,"href":"https:\/\/modisprem.com\/de\/wp-json\/wp\/v2\/comments?post=4055"}],"version-history":[{"count":2,"href":"https:\/\/modisprem.com\/de\/wp-json\/wp\/v2\/pages\/4055\/revisions"}],"predecessor-version":[{"id":4885,"href":"https:\/\/modisprem.com\/de\/wp-json\/wp\/v2\/pages\/4055\/revisions\/4885"}],"up":[{"embeddable":true,"href":"https:\/\/modisprem.com\/de\/wp-json\/wp\/v2\/pages\/3843"}],"wp:featuredmedia":[{"embeddable":true,"href":"https:\/\/modisprem.com\/de\/wp-json\/wp\/v2\/media\/4566"}],"wp:attachment":[{"href":"https:\/\/modisprem.com\/de\/wp-json\/wp\/v2\/media?parent=4055"}],"curies":[{"name":"wp","href":"https:\/\/api.w.org\/{rel}","templated":true}]}}