{"id":4049,"date":"2024-02-14T13:17:11","date_gmt":"2024-02-14T12:17:11","guid":{"rendered":"http:\/\/modisprem.com\/materiales\/poliestireno-eps\/"},"modified":"2024-07-31T11:55:20","modified_gmt":"2024-07-31T09:55:20","slug":"poliestireno-eps","status":"publish","type":"page","link":"https:\/\/modisprem.com\/de\/materiales\/poliestireno-eps\/","title":{"rendered":"Polystyrol EPS"},"content":{"rendered":"<section class=\"l-section wpb_row height_medium with_img\"><div class=\"l-section-img\" role=\"img\" data-img-width=\"1920\" data-img-height=\"8000\" style=\"background-image: url(https:\/\/modisprem.com\/wp-content\/uploads\/2023\/04\/fondo-materiales.png);background-position: top center;\"><\/div><div class=\"l-section-h i-cf\"><div class=\"g-cols vc_row via_grid cols_2-1 laptops-cols_inherit tablets-cols_inherit mobiles-cols_1 valign_top type_default stacking_default\"><div class=\"wpb_column vc_column_container\"><div class=\"vc_column-inner\"><div class=\"wpb_text_column\"><div class=\"wpb_wrapper\"><div class=\"et_pb_module et_pb_text et_pb_text_8 et_pb_text_align_left et_pb_bg_layout_light\">\n<div class=\"et_pb_text_inner\">\n<p>Geformt<\/p>\n<p>Es handelt sich um einen Schaumstoff auf Polystyrolbasis. Sehr guter W\u00e4rmeschutz, er hat auch eine gute Best\u00e4ndigkeit gegen Feuchtigkeit. Es hat eine gute Aufprallfestigkeit. Es ist wiederverwertbar.<\/p>\n<ul>\n<li>Farbe: Wei\u00df<\/li>\n<li>Dichte: 10-30\/ m3<\/li>\n<\/ul>\n<div>\n<h2>Beschreibung:<\/h2>\n<p>Es handelt sich um einen Schaumstoff auf Polystyrolbasis. Sehr guter W\u00e4rmeschutz, er hat auch eine gute Best\u00e4ndigkeit gegen Feuchtigkeit. Es hat eine gute Aufprallfestigkeit. Es ist wiederverwertbar.<\/p>\n<h2>Anwendungen:<\/h2>\n<ul>\n<li>Schutzverpackungen<\/li>\n<li><a href=\"https:\/\/modisprem.com\/de\/konstruktion\/warmeschutz\/\">W\u00e4rmeschutz<\/a><\/li>\n<\/ul>\n<h2>LIEFERART:<\/h2>\n<p>Expandiertes Polystyrol \u2013 EPS kann in Platten, Bl\u00f6cken geliefert werden. Auch in ausgeschnittenen, kopierten oder gefr\u00e4sten St\u00fccken.<\/p>\n<\/div>\n<\/div>\n<\/div>\n<\/div><\/div><\/div><\/div><div class=\"wpb_column vc_column_container\"><div class=\"vc_column-inner\"><div class=\"w-image align_center\"><a ref=\"magnificPopup\" href=\"https:\/\/modisprem.com\/wp-content\/uploads\/2024\/07\/poliestireno.jpg\" aria-label=\"poliestireno\" class=\"w-image-h\"><img decoding=\"async\" width=\"413\" height=\"413\" src=\"https:\/\/modisprem.com\/wp-content\/uploads\/2024\/07\/poliestireno.jpg\" class=\"attachment-full size-full\" alt=\"Poliestireno\" loading=\"lazy\" srcset=\"https:\/\/modisprem.com\/wp-content\/uploads\/2024\/07\/poliestireno.jpg 413w, https:\/\/modisprem.com\/wp-content\/uploads\/2024\/07\/poliestireno-300x300.jpg 300w, https:\/\/modisprem.com\/wp-content\/uploads\/2024\/07\/poliestireno-150x150.jpg 150w, https:\/\/modisprem.com\/wp-content\/uploads\/2024\/07\/poliestireno-24x24.jpg 24w, https:\/\/modisprem.com\/wp-content\/uploads\/2024\/07\/poliestireno-36x36.jpg 36w, https:\/\/modisprem.com\/wp-content\/uploads\/2024\/07\/poliestireno-48x48.jpg 48w\" sizes=\"auto, (max-width: 413px) 100vw, 413px\" \/><\/a><\/div><div class=\"w-separator size_medium\"><\/div><div class=\"wpb_text_column us_custom_f6c4a9ef\"><div class=\"wpb_wrapper\"><p style=\"text-align: left;\">Entflammbarkeit<\/p>\n<\/div><\/div><div class=\"wpb_text_column us_custom_f6c4a9ef\"><div class=\"wpb_wrapper\"><p style=\"text-align: left;\">Altern<\/p>\n<\/div><\/div><div class=\"wpb_text_column us_custom_f6c4a9ef\"><div class=\"wpb_wrapper\"><p style=\"text-align: left;\">Wasseraufnahme<\/p>\n<\/div><\/div><\/div><\/div><\/div><\/div><\/section>\n","protected":false},"excerpt":{"rendered":"Geformt Es handelt sich um einen Schaumstoff auf Polystyrolbasis. Sehr guter W\u00e4rmeschutz, er hat auch eine gute Best\u00e4ndigkeit gegen Feuchtigkeit. Es hat eine gute Aufprallfestigkeit. Es ist wiederverwertbar. Farbe: Wei\u00df Dichte: 10-30\/ m3 Beschreibung: Es handelt sich um einen Schaumstoff auf Polystyrolbasis. Sehr guter W\u00e4rmeschutz, er hat auch eine gute Best\u00e4ndigkeit gegen Feuchtigkeit. Es hat...","protected":false},"author":1,"featured_media":4518,"parent":3843,"menu_order":0,"comment_status":"closed","ping_status":"closed","template":"","meta":{"footnotes":""},"class_list":["post-4049","page","type-page","status-publish","has-post-thumbnail","hentry"],"_links":{"self":[{"href":"https:\/\/modisprem.com\/de\/wp-json\/wp\/v2\/pages\/4049","targetHints":{"allow":["GET"]}}],"collection":[{"href":"https:\/\/modisprem.com\/de\/wp-json\/wp\/v2\/pages"}],"about":[{"href":"https:\/\/modisprem.com\/de\/wp-json\/wp\/v2\/types\/page"}],"author":[{"embeddable":true,"href":"https:\/\/modisprem.com\/de\/wp-json\/wp\/v2\/users\/1"}],"replies":[{"embeddable":true,"href":"https:\/\/modisprem.com\/de\/wp-json\/wp\/v2\/comments?post=4049"}],"version-history":[{"count":2,"href":"https:\/\/modisprem.com\/de\/wp-json\/wp\/v2\/pages\/4049\/revisions"}],"predecessor-version":[{"id":4882,"href":"https:\/\/modisprem.com\/de\/wp-json\/wp\/v2\/pages\/4049\/revisions\/4882"}],"up":[{"embeddable":true,"href":"https:\/\/modisprem.com\/de\/wp-json\/wp\/v2\/pages\/3843"}],"wp:featuredmedia":[{"embeddable":true,"href":"https:\/\/modisprem.com\/de\/wp-json\/wp\/v2\/media\/4518"}],"wp:attachment":[{"href":"https:\/\/modisprem.com\/de\/wp-json\/wp\/v2\/media?parent=4049"}],"curies":[{"name":"wp","href":"https:\/\/api.w.org\/{rel}","templated":true}]}}