{"id":4042,"date":"2024-02-14T13:14:37","date_gmt":"2024-02-14T12:14:37","guid":{"rendered":"http:\/\/modisprem.com\/materiales\/eva\/"},"modified":"2024-05-31T13:06:49","modified_gmt":"2024-05-31T11:06:49","slug":"eva","status":"publish","type":"page","link":"https:\/\/modisprem.com\/de\/materiales\/eva\/","title":{"rendered":"EVA"},"content":{"rendered":"<section class=\"l-section wpb_row height_medium with_img\"><div class=\"l-section-img\" role=\"img\" data-img-width=\"1920\" data-img-height=\"8000\" style=\"background-image: url(https:\/\/modisprem.com\/wp-content\/uploads\/2023\/04\/fondo-materiales.png);background-position: top center;\"><\/div><div class=\"l-section-h i-cf\"><div class=\"g-cols vc_row via_grid cols_2-1 laptops-cols_inherit tablets-cols_inherit mobiles-cols_1 valign_top type_default stacking_default\"><div class=\"wpb_column vc_column_container\"><div class=\"vc_column-inner\"><div class=\"wpb_text_column\"><div class=\"wpb_wrapper\"><div class=\"et_pb_module et_pb_text et_pb_text_8 et_pb_text_align_left et_pb_bg_layout_light\">\n<div class=\"et_pb_text_inner\">\n<p>Geschlossenzelliger Ethylen-Vinylacetat-Schaumstoff mit minimaler W\u00e4rmeleitf\u00e4higkeit.<\/p>\n<ul>\n<li>Geruch: Schwarz, wei\u00df, rot, gelb, gr\u00fcn, blau, orange, violett\u2026<\/li>\n<li>Dichte: 90-220\/ m3<\/li>\n<li>H\u00e4rte: 15-40 shA<\/li>\n<li>Verl\u00e4ngerung: 100-150%<\/li>\n<li>Abriebfestigkeit: 1000-2600 kPa<\/li>\n<\/ul>\n<h2>Beschreibung der EVA:<\/h2>\n<p>Es handelt sich um einen geschlossenzelligen Ethylen-Vinylacetat-Schaumstoff mit minimaler W\u00e4rmeleitf\u00e4higkeit. Sehr rei\u00dffest und schwer verformbar. Fast keine Fl\u00fcssigkeitsaufnahme und leicht im Siebdruck zu verarbeiten. Es ist stabil gegen\u00fcber ultravioletten Strahlen.<\/p>\n<h2>Antr\u00e4ge f\u00fcr EVA:<\/h2>\n<ul>\n<li>Sportartikel<\/li>\n<li>Werbeartikel<\/li>\n<li>Sohlen f\u00fcr Schuhe<\/li>\n<\/ul>\n<h2>EVA-Versorgung:<\/h2>\n<p>Dieses Material kann in B\u00f6gen oder in gestanzten St\u00fccken in der vom Kunden gew\u00fcnschten Form geliefert werden. Sie k\u00f6nnen geklebt werden, sodass sie auf jeder Oberfl\u00e4che befestigt werden k\u00f6nnen.<\/p>\n<\/div>\n<\/div>\n<\/div><\/div><\/div><\/div><div class=\"wpb_column vc_column_container\"><div class=\"vc_column-inner\"><div class=\"w-image align_none\"><a ref=\"magnificPopup\" href=\"https:\/\/modisprem.com\/wp-content\/uploads\/2024\/02\/eva-ficha.jpg\" aria-label=\"eva-ficha\" class=\"w-image-h\"><img decoding=\"async\" width=\"700\" height=\"1000\" src=\"https:\/\/modisprem.com\/wp-content\/uploads\/2024\/02\/eva-ficha.jpg\" class=\"attachment-large size-large\" alt=\"\" loading=\"lazy\" srcset=\"https:\/\/modisprem.com\/wp-content\/uploads\/2024\/02\/eva-ficha.jpg 700w, https:\/\/modisprem.com\/wp-content\/uploads\/2024\/02\/eva-ficha-210x300.jpg 210w, https:\/\/modisprem.com\/wp-content\/uploads\/2024\/02\/eva-ficha-17x24.jpg 17w, https:\/\/modisprem.com\/wp-content\/uploads\/2024\/02\/eva-ficha-25x36.jpg 25w, https:\/\/modisprem.com\/wp-content\/uploads\/2024\/02\/eva-ficha-34x48.jpg 34w\" sizes=\"auto, (max-width: 700px) 100vw, 700px\" \/><\/a><\/div><div class=\"w-separator size_medium\"><\/div><div class=\"wpb_text_column us_custom_f6c4a9ef\"><div class=\"wpb_wrapper\"><p style=\"text-align: left;\">Druckfestigkeit<\/p>\n<\/div><\/div><div class=\"wpb_text_column us_custom_f6c4a9ef\"><div class=\"wpb_wrapper\"><p style=\"text-align: left;\">Ozonbest\u00e4ndigkeit<\/p>\n<\/div><\/div><div class=\"wpb_text_column us_custom_f6c4a9ef\"><div class=\"wpb_wrapper\"><p style=\"text-align: left;\">Altern<\/p>\n<\/div><\/div><\/div><\/div><\/div><\/div><\/section>\n","protected":false},"excerpt":{"rendered":"Geschlossenzelliger Ethylen-Vinylacetat-Schaumstoff mit minimaler W\u00e4rmeleitf\u00e4higkeit. Geruch: Schwarz, wei\u00df, rot, gelb, gr\u00fcn, blau, orange, violett\u2026 Dichte: 90-220\/ m3 H\u00e4rte: 15-40 shA Verl\u00e4ngerung: 100-150% Abriebfestigkeit: 1000-2600 kPa Beschreibung der EVA: Es handelt sich um einen geschlossenzelligen Ethylen-Vinylacetat-Schaumstoff mit minimaler W\u00e4rmeleitf\u00e4higkeit. Sehr rei\u00dffest und schwer verformbar. Fast keine Fl\u00fcssigkeitsaufnahme und leicht im Siebdruck zu verarbeiten. Es ist stabil...","protected":false},"author":1,"featured_media":3565,"parent":3843,"menu_order":0,"comment_status":"closed","ping_status":"closed","template":"","meta":{"footnotes":""},"class_list":["post-4042","page","type-page","status-publish","has-post-thumbnail","hentry"],"_links":{"self":[{"href":"https:\/\/modisprem.com\/de\/wp-json\/wp\/v2\/pages\/4042","targetHints":{"allow":["GET"]}}],"collection":[{"href":"https:\/\/modisprem.com\/de\/wp-json\/wp\/v2\/pages"}],"about":[{"href":"https:\/\/modisprem.com\/de\/wp-json\/wp\/v2\/types\/page"}],"author":[{"embeddable":true,"href":"https:\/\/modisprem.com\/de\/wp-json\/wp\/v2\/users\/1"}],"replies":[{"embeddable":true,"href":"https:\/\/modisprem.com\/de\/wp-json\/wp\/v2\/comments?post=4042"}],"version-history":[{"count":1,"href":"https:\/\/modisprem.com\/de\/wp-json\/wp\/v2\/pages\/4042\/revisions"}],"predecessor-version":[{"id":4046,"href":"https:\/\/modisprem.com\/de\/wp-json\/wp\/v2\/pages\/4042\/revisions\/4046"}],"up":[{"embeddable":true,"href":"https:\/\/modisprem.com\/de\/wp-json\/wp\/v2\/pages\/3843"}],"wp:featuredmedia":[{"embeddable":true,"href":"https:\/\/modisprem.com\/de\/wp-json\/wp\/v2\/media\/3565"}],"wp:attachment":[{"href":"https:\/\/modisprem.com\/de\/wp-json\/wp\/v2\/media?parent=4042"}],"curies":[{"name":"wp","href":"https:\/\/api.w.org\/{rel}","templated":true}]}}