{"id":4033,"date":"2024-02-14T13:11:24","date_gmt":"2024-02-14T12:11:24","guid":{"rendered":"http:\/\/modisprem.com\/materiales\/espuma-impregnada\/"},"modified":"2024-07-31T11:50:38","modified_gmt":"2024-07-31T09:50:38","slug":"espuma-impregnada","status":"publish","type":"page","link":"https:\/\/modisprem.com\/de\/materiales\/espuma-impregnada\/","title":{"rendered":"Impr\u00e4gnierter Schaumstoff"},"content":{"rendered":"<section class=\"l-section wpb_row height_medium with_img\"><div class=\"l-section-img\" role=\"img\" data-img-width=\"1920\" data-img-height=\"8000\" style=\"background-image: url(https:\/\/modisprem.com\/wp-content\/uploads\/2023\/04\/fondo-materiales.png);background-position: top center;\"><\/div><div class=\"l-section-h i-cf\"><div class=\"g-cols vc_row via_grid cols_2-1 laptops-cols_inherit tablets-cols_inherit mobiles-cols_1 valign_top type_default stacking_default\"><div class=\"wpb_column vc_column_container\"><div class=\"vc_column-inner\"><div class=\"wpb_text_column\"><div class=\"wpb_wrapper\"><h2>Firegen<\/h2>\n<p>Impr\u00e4gnierter Schaum, der speziell f\u00fcr Motor- und Wandverkleidungen und Anwendungen, die ein Brandverhalten nach M1 erfordern, entwickelt wurde.<\/p>\n<ul>\n<li>Farbe: Schwarz, rot, gelb, blau, gr\u00fcn<\/li>\n<li>Dichte: 65-110\/ m3<\/li>\n<li>Abriebfestigkeit: 130 %<\/li>\n<\/ul>\n<h2>Beschreibung:<\/h2>\n<p>Es handelt sich um ein absorbierendes Material, das durch die Impr\u00e4gnierung eines Polyurethanschaums in einer Vinyl-L\u00f6sung hergestellt wird, was ihm ein ausgezeichnetes Brandverhalten verleiht.<\/p>\n<h2>Anwendungen:<\/h2>\n<p>Firegen kann als Barriere f\u00fcr gesch\u00e4umte Stoffe f\u00fcr Wandverkleidungen, Kinositze, Teppiche\u2026<\/p>\n<p>Dekorative und funktionelle Wandbeschichtung. Es erf\u00fcllt die \u00e4sthetischen und akustischen Anforderungen sowie die h\u00f6chsten Standards des Brandverhaltens.<\/p>\n<h2>Lieferart:<\/h2>\n<p>Dieses Material kann in B\u00f6gen und Rollen in verschiedenen L\u00e4ngen und maximalen Breiten von 1750 mm geliefert werden. Der Dickenbereich reicht von 5 bis 30 mm.<\/p>\n<\/div><\/div><\/div><\/div><div class=\"wpb_column vc_column_container\"><div class=\"vc_column-inner\"><div class=\"w-image align_center\"><a ref=\"magnificPopup\" href=\"https:\/\/modisprem.com\/wp-content\/uploads\/2024\/07\/espuma-impregnada.jpg\" aria-label=\"espuma-impregnada\" class=\"w-image-h\"><img decoding=\"async\" width=\"867\" height=\"867\" src=\"https:\/\/modisprem.com\/wp-content\/uploads\/2024\/07\/espuma-impregnada.jpg\" class=\"attachment-full size-full\" alt=\"Espuma Impregnada\" loading=\"lazy\" srcset=\"https:\/\/modisprem.com\/wp-content\/uploads\/2024\/07\/espuma-impregnada.jpg 867w, https:\/\/modisprem.com\/wp-content\/uploads\/2024\/07\/espuma-impregnada-300x300.jpg 300w, https:\/\/modisprem.com\/wp-content\/uploads\/2024\/07\/espuma-impregnada-150x150.jpg 150w, https:\/\/modisprem.com\/wp-content\/uploads\/2024\/07\/espuma-impregnada-24x24.jpg 24w, https:\/\/modisprem.com\/wp-content\/uploads\/2024\/07\/espuma-impregnada-36x36.jpg 36w, https:\/\/modisprem.com\/wp-content\/uploads\/2024\/07\/espuma-impregnada-48x48.jpg 48w\" sizes=\"auto, (max-width: 867px) 100vw, 867px\" \/><\/a><\/div><div class=\"w-separator size_medium\"><\/div><div class=\"wpb_text_column us_custom_f6c4a9ef\"><div class=\"wpb_wrapper\"><p style=\"text-align: left;\">Niedriger Temperaturwiderstand<\/p>\n<\/div><\/div><div class=\"wpb_text_column us_custom_f6c4a9ef\"><div class=\"wpb_wrapper\"><p style=\"text-align: left;\">Entflammbarkeit<\/p>\n<\/div><\/div><div class=\"wpb_text_column us_custom_f6c4a9ef\"><div class=\"wpb_wrapper\"><p style=\"text-align: left;\">Schallabsorption<\/p>\n<\/div><\/div><\/div><\/div><\/div><\/div><\/section><section class=\"l-section wpb_row height_medium with_img\"><div class=\"l-section-img\" role=\"img\" data-img-width=\"1920\" data-img-height=\"8000\" style=\"background-image: url(https:\/\/modisprem.com\/wp-content\/uploads\/2023\/04\/fondo-materiales.png);background-position: top center;\"><\/div><div class=\"l-section-h i-cf\"><div class=\"g-cols vc_row via_grid cols_2-1 laptops-cols_inherit tablets-cols_inherit mobiles-cols_1 valign_top type_default stacking_default\"><div class=\"wpb_column vc_column_container\"><div class=\"vc_column-inner\"><div class=\"wpb_text_column\"><div class=\"wpb_wrapper\"><h2>Acrylgen<\/h2>\n<p>Impr\u00e4gnierter Schaumstoff mit wasserdichten Eigenschaften, ideal als Dichtung. Die Zusammensetzung von Acrylgen bewirkt, dass sich die Zellen schlie\u00dfen und je nach Kompressionsgrad ein wasserdichtes Produkt erhalten.<\/p>\n<ul>\n<li>Farbe: Schwarz, wei\u00df, grau<\/li>\n<li>Dichte: 75-100\/ m3<\/li>\n<li>Verl\u00e4ngerung: 210-25 %<\/li>\n<li>Abriebfestigkeit: 110-160 kPa<\/li>\n<\/ul>\n<h2>Beschreibung:<\/h2>\n<p>Acrylgen, ist ein offenzelliger Polyurethanschaum, der mit einer Mischung von Acrylharzen impr\u00e4gniert ist. Diese Impr\u00e4gnierungsbehandlung verleiht dem Schaumstoff je nach dem Grad der Kompression, der er ausgesetzt wird, Luft- und Wasserdichtheitseigenschaften.<\/p>\n<h2>Anwendungen:<\/h2>\n<ul>\n<li>Dehnungsfugen in Sandwichpaneelen und vorgefertigter Beton<\/li>\n<li>Innen- und Au\u00dfenabdichtung von Fensterrahmen und Glasfl\u00e4chen<\/li>\n<li>W\u00e4rme- und Schalld\u00e4mmung<\/li>\n<li>Dichtungen f\u00fcr den Automobilsektor<\/li>\n<\/ul>\n<h2>Lieferart:<\/h2>\n<p>Dieses Material kann in B\u00f6gen und Rollen in verschiedenen L\u00e4ngen und maximalen Breiten von 1750 mm geliefert werden. Der Dickenbereich reicht von 5 bis 60mm.<\/p>\n<p>Wir liefern auch selbstklebende und vorkomprimierte Acrylgen-Wetterdichtungen in verschiedenen Breiten und Dicken.<\/p>\n<\/div><\/div><\/div><\/div><div class=\"wpb_column vc_column_container\"><div class=\"vc_column-inner\"><div class=\"w-image align_none\"><a ref=\"magnificPopup\" href=\"https:\/\/modisprem.com\/wp-content\/uploads\/2024\/02\/Acrylgen.jpg\" aria-label=\"Acrylgen\" class=\"w-image-h\"><img decoding=\"async\" width=\"485\" height=\"485\" src=\"https:\/\/modisprem.com\/wp-content\/uploads\/2024\/02\/Acrylgen.jpg\" class=\"attachment-large size-large\" alt=\"\" loading=\"lazy\" srcset=\"https:\/\/modisprem.com\/wp-content\/uploads\/2024\/02\/Acrylgen.jpg 485w, https:\/\/modisprem.com\/wp-content\/uploads\/2024\/02\/Acrylgen-300x300.jpg 300w, https:\/\/modisprem.com\/wp-content\/uploads\/2024\/02\/Acrylgen-150x150.jpg 150w, https:\/\/modisprem.com\/wp-content\/uploads\/2024\/02\/Acrylgen-24x24.jpg 24w, https:\/\/modisprem.com\/wp-content\/uploads\/2024\/02\/Acrylgen-36x36.jpg 36w, https:\/\/modisprem.com\/wp-content\/uploads\/2024\/02\/Acrylgen-48x48.jpg 48w\" sizes=\"auto, (max-width: 485px) 100vw, 485px\" \/><\/a><\/div><div class=\"w-separator size_medium\"><\/div><div class=\"wpb_text_column us_custom_f6c4a9ef\"><div class=\"wpb_wrapper\"><p style=\"text-align: left;\">Niedriger Temperaturwiderstand<\/p>\n<\/div><\/div><div class=\"wpb_text_column us_custom_f6c4a9ef\"><div class=\"wpb_wrapper\"><p style=\"text-align: left;\">Wasseraufnahme<\/p>\n<\/div><\/div><div class=\"wpb_text_column us_custom_f6c4a9ef\"><div class=\"wpb_wrapper\"><p style=\"text-align: left;\">Altern<\/p>\n<\/div><\/div><\/div><\/div><\/div><\/div><\/section>\n","protected":false},"excerpt":{"rendered":"Firegen Impr\u00e4gnierter Schaum, der speziell f\u00fcr Motor- und Wandverkleidungen und Anwendungen, die ein Brandverhalten nach M1 erfordern, entwickelt wurde. Farbe: Schwarz, rot, gelb, blau, gr\u00fcn Dichte: 65-110\/ m3 Abriebfestigkeit: 130 % Beschreibung: Es handelt sich um ein absorbierendes Material, das durch die Impr\u00e4gnierung eines Polyurethanschaums in einer Vinyl-L\u00f6sung hergestellt wird, was ihm ein ausgezeichnetes Brandverhalten...","protected":false},"author":1,"featured_media":4547,"parent":3843,"menu_order":0,"comment_status":"closed","ping_status":"closed","template":"","meta":{"footnotes":""},"class_list":["post-4033","page","type-page","status-publish","has-post-thumbnail","hentry"],"_links":{"self":[{"href":"https:\/\/modisprem.com\/de\/wp-json\/wp\/v2\/pages\/4033","targetHints":{"allow":["GET"]}}],"collection":[{"href":"https:\/\/modisprem.com\/de\/wp-json\/wp\/v2\/pages"}],"about":[{"href":"https:\/\/modisprem.com\/de\/wp-json\/wp\/v2\/types\/page"}],"author":[{"embeddable":true,"href":"https:\/\/modisprem.com\/de\/wp-json\/wp\/v2\/users\/1"}],"replies":[{"embeddable":true,"href":"https:\/\/modisprem.com\/de\/wp-json\/wp\/v2\/comments?post=4033"}],"version-history":[{"count":3,"href":"https:\/\/modisprem.com\/de\/wp-json\/wp\/v2\/pages\/4033\/revisions"}],"predecessor-version":[{"id":4879,"href":"https:\/\/modisprem.com\/de\/wp-json\/wp\/v2\/pages\/4033\/revisions\/4879"}],"up":[{"embeddable":true,"href":"https:\/\/modisprem.com\/de\/wp-json\/wp\/v2\/pages\/3843"}],"wp:featuredmedia":[{"embeddable":true,"href":"https:\/\/modisprem.com\/de\/wp-json\/wp\/v2\/media\/4547"}],"wp:attachment":[{"href":"https:\/\/modisprem.com\/de\/wp-json\/wp\/v2\/media?parent=4033"}],"curies":[{"name":"wp","href":"https:\/\/api.w.org\/{rel}","templated":true}]}}