{"id":4025,"date":"2024-02-14T13:00:54","date_gmt":"2024-02-14T12:00:54","guid":{"rendered":"http:\/\/modisprem.com\/materiales\/caucho-semicerrado\/"},"modified":"2024-07-31T11:45:18","modified_gmt":"2024-07-31T09:45:18","slug":"caucho-semicerrado","status":"publish","type":"page","link":"https:\/\/modisprem.com\/de\/materiales\/caucho-semicerrado\/","title":{"rendered":"Halbgeschlossener Gummi"},"content":{"rendered":"<section class=\"l-section wpb_row height_medium with_img\"><div class=\"l-section-img\" role=\"img\" data-img-width=\"1920\" data-img-height=\"8000\" style=\"background-image: url(https:\/\/modisprem.com\/wp-content\/uploads\/2023\/04\/fondo-materiales.png);background-position: top center;\"><\/div><div class=\"l-section-h i-cf\"><div class=\"g-cols vc_row via_grid cols_2-1 laptops-cols_inherit tablets-cols_inherit mobiles-cols_1 valign_top type_default stacking_default\"><div class=\"wpb_column vc_column_container\"><div class=\"vc_column-inner\"><div class=\"wpb_text_column\"><div class=\"wpb_wrapper\"><div class=\"et_pb_module et_pb_text et_pb_text_8 et_pb_text_align_left et_pb_bg_layout_light\">\n<div class=\"et_pb_text_inner\">\n<p>Es handelt sich um einen elastomeren Schaumstoff auf der Basis von synthetischem Kautschuk mit halbgeschlossenen Zellen. Dank dieser Zellstruktur besitzt der Schaumstoff eine gute Flexibilit\u00e4t, ohne seine wasserabweisenden Eigenschaften beim Zusammendr\u00fccken zu verlieren.<\/p>\n<p>&nbsp;<\/p>\n<ul>\n<li><span class=\"titular\">Farbe:<\/span> Schwarz<\/li>\n<li><span class=\"titular\">Dichte:<\/span> 95-150\/ m3<\/li>\n<li><span class=\"titular\">Verl\u00e4ngerung:<\/span>&lt;260-500 %<\/li>\n<li><span class=\"titular\">Abriebfestigkeit:<\/span>90-360 kPa<\/li>\n<\/ul>\n<div id=\"informacion\">\n<h2>Beschreibung:<\/h2>\n<p>Material mit hervorragenden elastischen und mechanischen Eigenschaften (Sto\u00dfd\u00e4mpfung und Schwingungsd\u00e4mpfung). M\u00f6glichkeit der Verbesserung seiner Best\u00e4ndigkeit gegen Ozon, \u00d6le, elektrische Leitf\u00e4higkeit usw.<\/p>\n<p>Die Kautschuke haben ein ausgezeichnetes Brandverhalten und sind sehr widerstandsf\u00e4hig gegen die Arbeit bei hohen Temperaturen. Da sie frei von FCKW und H-FCKW sind, k\u00f6nnen sie wiederverwertbar sein.<\/p>\n<p>Aufgrund ihrer Zusammensetzung lassen sich unterscheiden zwischen:<\/p>\n<ul>\n<li>EPDM<\/li>\n<li>Chloropren oder Neopren<\/li>\n<li>SBR<\/li>\n<\/ul>\n<h2>Anwendungen:<\/h2>\n<ul>\n<li><strong>Automotive:<\/strong>Dichtungen.<\/li>\n<li><strong>Industrie:<\/strong>Als thermische und akustische Isolierung von Klimaanlagenkan\u00e4len aus Metall.<\/li>\n<\/ul>\n<h2><strong>LIEFERART:<\/strong><\/h2>\n<p>Es kann in Blechen unterschiedlicher Dicke, Rollen, Dichtungsstreifen, Schalen mit unterschiedlichen Durchmessern oder Fertigteilen nach den Spezifikationen und Pl\u00e4nen unserer Kunden geliefert werden.<\/p>\n<p>Alle unsere Produkte k\u00f6nnen geklebt werden, wenn es die Anwendung erfordert.<\/p>\n<\/div>\n<\/div>\n<\/div>\n<\/div><\/div><\/div><\/div><div class=\"wpb_column vc_column_container\"><div class=\"vc_column-inner\"><div class=\"w-image align_center\"><a ref=\"magnificPopup\" href=\"https:\/\/modisprem.com\/wp-content\/uploads\/2024\/07\/caucho-semicerrado.jpg\" aria-label=\"caucho-semicerrado\" class=\"w-image-h\"><img decoding=\"async\" width=\"650\" height=\"650\" src=\"https:\/\/modisprem.com\/wp-content\/uploads\/2024\/07\/caucho-semicerrado.jpg\" class=\"attachment-full size-full\" alt=\"Caucho Semicerrado\" loading=\"lazy\" srcset=\"https:\/\/modisprem.com\/wp-content\/uploads\/2024\/07\/caucho-semicerrado.jpg 650w, https:\/\/modisprem.com\/wp-content\/uploads\/2024\/07\/caucho-semicerrado-300x300.jpg 300w, https:\/\/modisprem.com\/wp-content\/uploads\/2024\/07\/caucho-semicerrado-150x150.jpg 150w, https:\/\/modisprem.com\/wp-content\/uploads\/2024\/07\/caucho-semicerrado-24x24.jpg 24w, https:\/\/modisprem.com\/wp-content\/uploads\/2024\/07\/caucho-semicerrado-36x36.jpg 36w, https:\/\/modisprem.com\/wp-content\/uploads\/2024\/07\/caucho-semicerrado-48x48.jpg 48w\" sizes=\"auto, (max-width: 650px) 100vw, 650px\" \/><\/a><\/div><div class=\"w-separator size_medium\"><\/div><div class=\"wpb_text_column us_custom_f6c4a9ef\"><div class=\"wpb_wrapper\"><p style=\"text-align: left;\">Ozonbest\u00e4ndigkeit<\/p>\n<\/div><\/div><div class=\"wpb_text_column us_custom_f6c4a9ef\"><div class=\"wpb_wrapper\"><p style=\"text-align: left;\">Entflammbarkeit<\/p>\n<\/div><\/div><div class=\"wpb_text_column us_custom_f6c4a9ef\"><div class=\"wpb_wrapper\"><p style=\"text-align: left;\">Altern<\/p>\n<\/div><\/div><\/div><\/div><\/div><\/div><\/section>\n","protected":false},"excerpt":{"rendered":"Es handelt sich um einen elastomeren Schaumstoff auf der Basis von synthetischem Kautschuk mit halbgeschlossenen Zellen. Dank dieser Zellstruktur besitzt der Schaumstoff eine gute Flexibilit\u00e4t, ohne seine wasserabweisenden Eigenschaften beim Zusammendr\u00fccken zu verlieren. &nbsp; Farbe: Schwarz Dichte: 95-150\/ m3 Verl\u00e4ngerung:&lt;260-500 % Abriebfestigkeit:90-360 kPa Beschreibung: Material mit hervorragenden elastischen und mechanischen Eigenschaften (Sto\u00dfd\u00e4mpfung und Schwingungsd\u00e4mpfung). M\u00f6glichkeit...","protected":false},"author":1,"featured_media":4509,"parent":3843,"menu_order":0,"comment_status":"closed","ping_status":"closed","template":"","meta":{"footnotes":""},"class_list":["post-4025","page","type-page","status-publish","has-post-thumbnail","hentry"],"_links":{"self":[{"href":"https:\/\/modisprem.com\/de\/wp-json\/wp\/v2\/pages\/4025","targetHints":{"allow":["GET"]}}],"collection":[{"href":"https:\/\/modisprem.com\/de\/wp-json\/wp\/v2\/pages"}],"about":[{"href":"https:\/\/modisprem.com\/de\/wp-json\/wp\/v2\/types\/page"}],"author":[{"embeddable":true,"href":"https:\/\/modisprem.com\/de\/wp-json\/wp\/v2\/users\/1"}],"replies":[{"embeddable":true,"href":"https:\/\/modisprem.com\/de\/wp-json\/wp\/v2\/comments?post=4025"}],"version-history":[{"count":3,"href":"https:\/\/modisprem.com\/de\/wp-json\/wp\/v2\/pages\/4025\/revisions"}],"predecessor-version":[{"id":4876,"href":"https:\/\/modisprem.com\/de\/wp-json\/wp\/v2\/pages\/4025\/revisions\/4876"}],"up":[{"embeddable":true,"href":"https:\/\/modisprem.com\/de\/wp-json\/wp\/v2\/pages\/3843"}],"wp:featuredmedia":[{"embeddable":true,"href":"https:\/\/modisprem.com\/de\/wp-json\/wp\/v2\/media\/4509"}],"wp:attachment":[{"href":"https:\/\/modisprem.com\/de\/wp-json\/wp\/v2\/media?parent=4025"}],"curies":[{"name":"wp","href":"https:\/\/api.w.org\/{rel}","templated":true}]}}