{"id":4017,"date":"2024-02-14T12:52:07","date_gmt":"2024-02-14T11:52:07","guid":{"rendered":"http:\/\/modisprem.com\/materiales\/caucho-sintetico\/"},"modified":"2024-05-31T12:01:43","modified_gmt":"2024-05-31T10:01:43","slug":"caucho-sintetico","status":"publish","type":"page","link":"https:\/\/modisprem.com\/de\/materiales\/caucho-sintetico\/","title":{"rendered":"Synthetischer Kautschuk"},"content":{"rendered":"<section class=\"l-section wpb_row height_medium with_img\"><div class=\"l-section-img\" role=\"img\" data-img-width=\"1920\" data-img-height=\"8000\" style=\"background-image: url(https:\/\/modisprem.com\/wp-content\/uploads\/2023\/04\/fondo-materiales.png);background-position: top center;\"><\/div><div class=\"l-section-h i-cf\"><div class=\"g-cols vc_row via_grid cols_2-1 laptops-cols_inherit tablets-cols_inherit mobiles-cols_1 valign_top type_default stacking_default\"><div class=\"wpb_column vc_column_container\"><div class=\"vc_column-inner\"><div class=\"wpb_text_column\"><div class=\"wpb_wrapper\"><p><strong>Flexibler W\u00e4rmeisolator, hergestellt im Extrusionssystem auf der Basis von synthetischem Kautschuk. Das Produktionssystem gew\u00e4hrleistet eine einheitliche Struktur kleiner geschlossener Zellen, die einen ausgezeichneten Schutz gegen Energieverlust, Feuchtigkeit und Kondensation bieten.<\/strong><\/p>\n<p>Farbe: Schwarz.<\/p>\n<p>Dichte: 55-90 kg\/m3<\/p>\n<p>Betriebstemperatur: -60\u00ba C +105\u00ba C<\/p>\n<p><strong>Beschreibung:<\/strong><\/p>\n<p>Die Produkte sind D\u00e4mmstoffe mit gro\u00dfer Flexibilit\u00e4t, Elastizit\u00e4t und Anpassungsf\u00e4higkeit. Die dem Produkt innewohnenden Eigenschaften garantieren seine lange Unver\u00e4nderbarkeit im Laufe der Zeit, wobei seine grundlegenden technischen Eigenschaften erhalten bleiben.<\/p>\n<ul>\n<li>Ausgezeichneter Wert f\u00fcr W\u00e4rmeleitf\u00e4higkeit<\/li>\n<li>Hohe Widerstandsf\u00e4higkeit gegen Wasserdampfdiffusion<\/li>\n<li>Hochgradig feuerbest\u00e4ndig<\/li>\n<li>Unbeeinflusst von Temperatur- und Wetter\u00e4nderungen<\/li>\n<li>Ausgezeichnete Best\u00e4ndigkeit gegen \u00d6l, Fett und L\u00f6sungsmittel<\/li>\n<li>Keine Wasseraufnahme<\/li>\n<li>Hohe Flexibilit\u00e4t, Elastizit\u00e4t und Anpassungsf\u00e4higkeit<\/li>\n<\/ul>\n<p><strong>Anwendungen:<\/strong><\/p>\n<p><em>Bereits<\/em>installierte Rohre<\/p>\n<p>Isolierung von Rohren mit gro\u00dfem Durchmesser<\/p>\n<p>Gro\u00dfe Tanks<\/p>\n<p>Unregelm\u00e4\u00dfige Rohre und Beh\u00e4lter.<\/p>\n<p><strong>LIEFERART:<\/strong><\/p>\n<p class=\"descMaterial\">Speziell f\u00fcr die W\u00e4rmed\u00e4mmung konzipiert. Sie k\u00f6nnen in Bogen und Schalen geliefert werden. Sie k\u00f6nnen Klebstoff haben.<\/p>\n<\/div><\/div><\/div><\/div><div class=\"wpb_column vc_column_container\"><div class=\"vc_column-inner\"><div class=\"w-image align_none\"><a ref=\"magnificPopup\" href=\"https:\/\/modisprem.com\/wp-content\/uploads\/2023\/03\/caucho-sintetico.jpg\" aria-label=\"caucho sintetico\" class=\"w-image-h\"><img decoding=\"async\" width=\"165\" height=\"165\" src=\"https:\/\/modisprem.com\/wp-content\/uploads\/2023\/03\/caucho-sintetico.jpg\" class=\"attachment-large size-large\" alt=\"\" loading=\"lazy\" srcset=\"https:\/\/modisprem.com\/wp-content\/uploads\/2023\/03\/caucho-sintetico.jpg 165w, https:\/\/modisprem.com\/wp-content\/uploads\/2023\/03\/caucho-sintetico-150x150.jpg 150w, https:\/\/modisprem.com\/wp-content\/uploads\/2023\/03\/caucho-sintetico-24x24.jpg 24w, https:\/\/modisprem.com\/wp-content\/uploads\/2023\/03\/caucho-sintetico-36x36.jpg 36w, https:\/\/modisprem.com\/wp-content\/uploads\/2023\/03\/caucho-sintetico-48x48.jpg 48w\" sizes=\"auto, (max-width: 165px) 100vw, 165px\" \/><\/a><\/div><div class=\"w-separator size_medium\"><\/div><div class=\"wpb_text_column us_custom_f6c4a9ef\"><div class=\"wpb_wrapper\"><p style=\"text-align: left;\">Entflammbarkeit<\/p>\n<\/div><\/div><div class=\"wpb_text_column us_custom_f6c4a9ef\"><div class=\"wpb_wrapper\"><p style=\"text-align: left;\">Niedriger Temperaturwiderstand<\/p>\n<\/div><\/div><div class=\"wpb_text_column us_custom_f6c4a9ef\"><div class=\"wpb_wrapper\"><p style=\"text-align: left;\">Schallabsorption<\/p>\n<\/div><\/div><\/div><\/div><\/div><\/div><\/section>\n","protected":false},"excerpt":{"rendered":"Flexibler W\u00e4rmeisolator, hergestellt im Extrusionssystem auf der Basis von synthetischem Kautschuk. Das Produktionssystem gew\u00e4hrleistet eine einheitliche Struktur kleiner geschlossener Zellen, die einen ausgezeichneten Schutz gegen Energieverlust, Feuchtigkeit und Kondensation bieten. Farbe: Schwarz. Dichte: 55-90 kg\/m3 Betriebstemperatur: -60\u00ba C +105\u00ba C Beschreibung: Die Produkte sind D\u00e4mmstoffe mit gro\u00dfer Flexibilit\u00e4t, Elastizit\u00e4t und Anpassungsf\u00e4higkeit. Die dem Produkt innewohnenden...","protected":false},"author":1,"featured_media":2629,"parent":3843,"menu_order":0,"comment_status":"closed","ping_status":"closed","template":"","meta":{"footnotes":""},"class_list":["post-4017","page","type-page","status-publish","has-post-thumbnail","hentry"],"_links":{"self":[{"href":"https:\/\/modisprem.com\/de\/wp-json\/wp\/v2\/pages\/4017","targetHints":{"allow":["GET"]}}],"collection":[{"href":"https:\/\/modisprem.com\/de\/wp-json\/wp\/v2\/pages"}],"about":[{"href":"https:\/\/modisprem.com\/de\/wp-json\/wp\/v2\/types\/page"}],"author":[{"embeddable":true,"href":"https:\/\/modisprem.com\/de\/wp-json\/wp\/v2\/users\/1"}],"replies":[{"embeddable":true,"href":"https:\/\/modisprem.com\/de\/wp-json\/wp\/v2\/comments?post=4017"}],"version-history":[{"count":2,"href":"https:\/\/modisprem.com\/de\/wp-json\/wp\/v2\/pages\/4017\/revisions"}],"predecessor-version":[{"id":4022,"href":"https:\/\/modisprem.com\/de\/wp-json\/wp\/v2\/pages\/4017\/revisions\/4022"}],"up":[{"embeddable":true,"href":"https:\/\/modisprem.com\/de\/wp-json\/wp\/v2\/pages\/3843"}],"wp:featuredmedia":[{"embeddable":true,"href":"https:\/\/modisprem.com\/de\/wp-json\/wp\/v2\/media\/2629"}],"wp:attachment":[{"href":"https:\/\/modisprem.com\/de\/wp-json\/wp\/v2\/media?parent=4017"}],"curies":[{"name":"wp","href":"https:\/\/api.w.org\/{rel}","templated":true}]}}