{"id":4010,"date":"2024-02-14T12:45:39","date_gmt":"2024-02-14T11:45:39","guid":{"rendered":"http:\/\/modisprem.com\/materiales\/caucho-cerrado\/"},"modified":"2024-07-31T11:39:28","modified_gmt":"2024-07-31T09:39:28","slug":"caucho-cerrado","status":"publish","type":"page","link":"https:\/\/modisprem.com\/de\/materiales\/caucho-cerrado\/","title":{"rendered":"Geschlossener Kautschuk"},"content":{"rendered":"<section class=\"l-section wpb_row height_medium with_img\"><div class=\"l-section-img\" role=\"img\" data-img-width=\"1920\" data-img-height=\"8000\" style=\"background-image: url(https:\/\/modisprem.com\/wp-content\/uploads\/2023\/04\/fondo-materiales.png);background-position: top center;\"><\/div><div class=\"l-section-h i-cf\"><div class=\"g-cols vc_row via_grid cols_2-1 laptops-cols_inherit tablets-cols_inherit mobiles-cols_1 valign_top type_default stacking_default\"><div class=\"wpb_column vc_column_container\"><div class=\"vc_column-inner\"><div class=\"wpb_text_column\"><div class=\"wpb_wrapper\"><div class=\"et_pb_module et_pb_text et_pb_text_8 et_pb_text_align_left et_pb_bg_layout_light\">\n<div class=\"et_pb_text_inner\">\n<p>Es ist ein Elastomerschaum auf synthetischer Gummibasis. Er besitzt ein gutes Brennverhalten und eine hervorragende Wasserdichtigkeit.<\/p>\n<ul>\n<li>Farbe: Schwarz.<\/li>\n<li>Dichte: 70-350 kg\/m3<\/li>\n<li>H\u00e4rte: 30-65 (sh 00)<\/li>\n<li>Verl\u00e4ngerung: &gt;150 %<\/li>\n<li>Abriebfestigkeit: 300-1600 kPa<\/li>\n<\/ul>\n<h2>Beschreibung:<\/h2>\n<p>Material mit hervorragenden elastischen und mechanischen Eigenschaften (Sto\u00dfd\u00e4mpfung und Schwingungsd\u00e4mpfung). M\u00f6glichkeit, ihre Widerstandsf\u00e4higkeit gegen Ozon, \u00d6le, elektrische Leitf\u00e4higkeit usw. zu erh\u00f6hen.<\/p>\n<p>Die Kautschuke haben eine ausgezeichnete Best\u00e4ndigkeit gegen Feuer, und sind sehr widerstandsf\u00e4hig gegen Arbeit bei hohen Temperaturen. Da sie frei von FCKW und H-FCKW sind, k\u00f6nnen sie wiederverwertbar sein.<\/p>\n<p>Aufgrund ihrer Zusammensetzung lassen sich unterscheiden zwischen:<\/p>\n<ul>\n<li>EPDM<\/li>\n<li>Chloropren oder Neopren<\/li>\n<li>SBR<\/li>\n<\/ul>\n<h2>Anwendungen:<\/h2>\n<ul>\n<li>Automotive: ABDICHTUNG DER FUGEN.<\/li>\n<li>Industrie: Dieser Schaumgummi wird in Form von selbstklebenden Witterungsstreifen, als Dichtungen in Elektrok\u00e4sten oder Metallverschl\u00fcssen und bei allen Anwendungen eingesetzt, die Wasserdichtigkeit, Best\u00e4ndigkeit gegen intermittierenden Druck oder Alterungsbest\u00e4ndigkeit erfordern.<\/li>\n<\/ul>\n<h2>LIEFERART:<\/h2>\n<p>Sie k\u00f6nnen in Blechen verschiedener Dicken, Rollen, Dichtungsstreifen oder Fertigteilen nach den Spezifikationen und Pl\u00e4nen unserer Kunden geliefert werden.<\/p>\n<p>Alle unsere Produkte k\u00f6nnen selbstklebend sein, wenn es die Anwendung erfordert.<\/p>\n<\/div>\n<\/div>\n<\/div><\/div><\/div><\/div><div class=\"wpb_column vc_column_container\"><div class=\"vc_column-inner\"><div class=\"w-image align_center\"><a ref=\"magnificPopup\" href=\"https:\/\/modisprem.com\/wp-content\/uploads\/2024\/07\/caucho-cerrado-1.jpg\" aria-label=\"caucho-cerrado\" class=\"w-image-h\"><img decoding=\"async\" width=\"1008\" height=\"1008\" src=\"https:\/\/modisprem.com\/wp-content\/uploads\/2024\/07\/caucho-cerrado-1.jpg\" class=\"attachment-full size-full\" alt=\"Caucho Cerrado\" loading=\"lazy\" srcset=\"https:\/\/modisprem.com\/wp-content\/uploads\/2024\/07\/caucho-cerrado-1.jpg 1008w, https:\/\/modisprem.com\/wp-content\/uploads\/2024\/07\/caucho-cerrado-1-300x300.jpg 300w, https:\/\/modisprem.com\/wp-content\/uploads\/2024\/07\/caucho-cerrado-1-150x150.jpg 150w, https:\/\/modisprem.com\/wp-content\/uploads\/2024\/07\/caucho-cerrado-1-24x24.jpg 24w, https:\/\/modisprem.com\/wp-content\/uploads\/2024\/07\/caucho-cerrado-1-36x36.jpg 36w, https:\/\/modisprem.com\/wp-content\/uploads\/2024\/07\/caucho-cerrado-1-48x48.jpg 48w\" sizes=\"auto, (max-width: 1008px) 100vw, 1008px\" \/><\/a><\/div><div class=\"w-separator size_medium\"><\/div><div class=\"wpb_text_column us_custom_f6c4a9ef\"><div class=\"wpb_wrapper\"><p style=\"text-align: left;\">L\u00f6sungsmittelbest\u00e4ndigkeit<\/p>\n<\/div><\/div><div class=\"wpb_text_column us_custom_f6c4a9ef\"><div class=\"wpb_wrapper\"><p style=\"text-align: left;\">S\u00e4urebest\u00e4ndigkeit<\/p>\n<\/div><\/div><div class=\"wpb_text_column us_custom_f6c4a9ef\"><div class=\"wpb_wrapper\"><p style=\"text-align: left;\">Altern<\/p>\n<\/div><\/div><\/div><\/div><\/div><\/div><\/section>\n","protected":false},"excerpt":{"rendered":"Es ist ein Elastomerschaum auf synthetischer Gummibasis. Er besitzt ein gutes Brennverhalten und eine hervorragende Wasserdichtigkeit. Farbe: Schwarz. Dichte: 70-350 kg\/m3 H\u00e4rte: 30-65 (sh 00) Verl\u00e4ngerung: &gt;150 % Abriebfestigkeit: 300-1600 kPa Beschreibung: Material mit hervorragenden elastischen und mechanischen Eigenschaften (Sto\u00dfd\u00e4mpfung und Schwingungsd\u00e4mpfung). M\u00f6glichkeit, ihre Widerstandsf\u00e4higkeit gegen Ozon, \u00d6le, elektrische Leitf\u00e4higkeit usw. zu erh\u00f6hen. Die Kautschuke...","protected":false},"author":1,"featured_media":4627,"parent":3843,"menu_order":0,"comment_status":"closed","ping_status":"closed","template":"","meta":{"footnotes":""},"class_list":["post-4010","page","type-page","status-publish","has-post-thumbnail","hentry"],"_links":{"self":[{"href":"https:\/\/modisprem.com\/de\/wp-json\/wp\/v2\/pages\/4010","targetHints":{"allow":["GET"]}}],"collection":[{"href":"https:\/\/modisprem.com\/de\/wp-json\/wp\/v2\/pages"}],"about":[{"href":"https:\/\/modisprem.com\/de\/wp-json\/wp\/v2\/types\/page"}],"author":[{"embeddable":true,"href":"https:\/\/modisprem.com\/de\/wp-json\/wp\/v2\/users\/1"}],"replies":[{"embeddable":true,"href":"https:\/\/modisprem.com\/de\/wp-json\/wp\/v2\/comments?post=4010"}],"version-history":[{"count":2,"href":"https:\/\/modisprem.com\/de\/wp-json\/wp\/v2\/pages\/4010\/revisions"}],"predecessor-version":[{"id":4872,"href":"https:\/\/modisprem.com\/de\/wp-json\/wp\/v2\/pages\/4010\/revisions\/4872"}],"up":[{"embeddable":true,"href":"https:\/\/modisprem.com\/de\/wp-json\/wp\/v2\/pages\/3843"}],"wp:featuredmedia":[{"embeddable":true,"href":"https:\/\/modisprem.com\/de\/wp-json\/wp\/v2\/media\/4627"}],"wp:attachment":[{"href":"https:\/\/modisprem.com\/de\/wp-json\/wp\/v2\/media?parent=4010"}],"curies":[{"name":"wp","href":"https:\/\/api.w.org\/{rel}","templated":true}]}}