{"id":4002,"date":"2024-02-14T12:42:03","date_gmt":"2024-02-14T11:42:03","guid":{"rendered":"http:\/\/modisprem.com\/materiales\/basotect\/"},"modified":"2026-02-27T18:10:40","modified_gmt":"2026-02-27T17:10:40","slug":"basotect","status":"publish","type":"page","link":"https:\/\/modisprem.com\/de\/materiales\/basotect\/","title":{"rendered":"Basotect"},"content":{"rendered":"<section class=\"l-section wpb_row height_medium with_img\"><div class=\"l-section-img\" role=\"img\" data-img-width=\"1920\" data-img-height=\"8000\" style=\"background-image: url(https:\/\/modisprem.com\/wp-content\/uploads\/2023\/04\/fondo-materiales.png);background-position: top center;\"><\/div><div class=\"l-section-h i-cf\"><div class=\"g-cols vc_row via_grid cols_2-1 laptops-cols_inherit tablets-cols_inherit mobiles-cols_1 valign_top type_default stacking_default\"><div class=\"wpb_column vc_column_container\"><div class=\"vc_column-inner\"><div class=\"wpb_text_column\"><div class=\"wpb_wrapper\"><p>Der offenzellige Schaumstoff Basotect wird aus Melaminharz hergestellt. Seine fadenf\u00f6rmige Struktur verleiht ihm au\u00dfergew\u00f6hnliche akustische Eigenschaften.<\/p>\n<ul>\n<li>Farbe: Wei\u00df, perlgrau, anthrazitgrau<\/li>\n<li>Dichte: 8-11\/ m3<\/li>\n<li>Verl\u00e4ngerung: &gt; 10 %<\/li>\n<\/ul>\n<h2>Beschreibung:<\/h2>\n<p>Offenzelliger Schaumstoff aus Melaminharz. Ausgezeichnetes Brandverhalten, hohe thermische Stabilit\u00e4t und sehr geringes Gewicht. Der perfekte akustische Isolator.<\/p>\n<h2>Anwendungen:<\/h2>\n<ul>\n<li>Isolierung des Klimakanals<\/li>\n<li>Motorraum<\/li>\n<li>Maschinenr\u00e4ume<\/li>\n<li>Rundum-Schubladen f\u00fcr Jalousien<\/li>\n<li>Registrierbare W\u00e4nde und Decken<\/li>\n<li>Geeignetes Material f\u00fcr Innenauskleidungen, das W\u00e4rme- und Schalld\u00e4mmung in Kompressoren und Stromaggregaten bietet. Best\u00e4ndig gegen hohe Temperaturen. Entspricht den UL94-Normen (Entflammbarkeit).<\/li>\n<\/ul>\n<h2>LIEFERART:<\/h2>\n<p>Melamin wird in Platten unterschiedlicher Dicke und Gr\u00f6\u00dfe geliefert. Mit Oberfl\u00e4chen in Form einer Pyramide oder Welle. Es kann nach Kundenwunsch geklebt werden. Auch mit spezifischen und innovativen Formen f\u00fcr zug\u00e4ngliche W\u00e4nde und Decken. es kann sogar gemalt werden.<\/p>\n<\/div><\/div><\/div><\/div><div class=\"wpb_column vc_column_container\"><div class=\"vc_column-inner\"><div class=\"w-image align_center\"><a ref=\"magnificPopup\" href=\"https:\/\/modisprem.com\/wp-content\/uploads\/2024\/07\/basotec.jpg\" aria-label=\"basotec\" class=\"w-image-h\"><img decoding=\"async\" width=\"1000\" height=\"1000\" src=\"https:\/\/modisprem.com\/wp-content\/uploads\/2024\/07\/basotec.jpg\" class=\"attachment-full size-full\" alt=\"Basotec\" loading=\"lazy\" srcset=\"https:\/\/modisprem.com\/wp-content\/uploads\/2024\/07\/basotec.jpg 1000w, https:\/\/modisprem.com\/wp-content\/uploads\/2024\/07\/basotec-300x300.jpg 300w, https:\/\/modisprem.com\/wp-content\/uploads\/2024\/07\/basotec-150x150.jpg 150w, https:\/\/modisprem.com\/wp-content\/uploads\/2024\/07\/basotec-24x24.jpg 24w, https:\/\/modisprem.com\/wp-content\/uploads\/2024\/07\/basotec-36x36.jpg 36w, https:\/\/modisprem.com\/wp-content\/uploads\/2024\/07\/basotec-48x48.jpg 48w\" sizes=\"auto, (max-width: 1000px) 100vw, 1000px\" \/><\/a><\/div><div class=\"w-separator size_medium\"><\/div><div class=\"wpb_text_column us_custom_f6c4a9ef\"><div class=\"wpb_wrapper\"><p style=\"text-align: left;\">Niedriger Temperaturwiderstand<\/p>\n<\/div><\/div><div class=\"wpb_text_column us_custom_f6c4a9ef\"><div class=\"wpb_wrapper\"><p style=\"text-align: left;\">Schallabsorption<\/p>\n<\/div><\/div><div class=\"wpb_text_column us_custom_f6c4a9ef\"><div class=\"wpb_wrapper\"><p style=\"text-align: left;\">Entflammbarkeit<\/p>\n<\/div><\/div><\/div><\/div><\/div><\/div><\/section>\n","protected":false},"excerpt":{"rendered":"Der offenzellige Schaumstoff Basotect wird aus Melaminharz hergestellt. Seine fadenf\u00f6rmige Struktur verleiht ihm au\u00dfergew\u00f6hnliche akustische Eigenschaften. Farbe: Wei\u00df, perlgrau, anthrazitgrau Dichte: 8-11\/ m3 Verl\u00e4ngerung: &gt; 10 % Beschreibung: Offenzelliger Schaumstoff aus Melaminharz. Ausgezeichnetes Brandverhalten, hohe thermische Stabilit\u00e4t und sehr geringes Gewicht. Der perfekte akustische Isolator. Anwendungen: Isolierung des Klimakanals Motorraum Maschinenr\u00e4ume Rundum-Schubladen f\u00fcr Jalousien Registrierbare...","protected":false},"author":1,"featured_media":4500,"parent":3843,"menu_order":0,"comment_status":"closed","ping_status":"closed","template":"","meta":{"footnotes":""},"class_list":["post-4002","page","type-page","status-publish","has-post-thumbnail","hentry"],"_links":{"self":[{"href":"https:\/\/modisprem.com\/de\/wp-json\/wp\/v2\/pages\/4002","targetHints":{"allow":["GET"]}}],"collection":[{"href":"https:\/\/modisprem.com\/de\/wp-json\/wp\/v2\/pages"}],"about":[{"href":"https:\/\/modisprem.com\/de\/wp-json\/wp\/v2\/types\/page"}],"author":[{"embeddable":true,"href":"https:\/\/modisprem.com\/de\/wp-json\/wp\/v2\/users\/1"}],"replies":[{"embeddable":true,"href":"https:\/\/modisprem.com\/de\/wp-json\/wp\/v2\/comments?post=4002"}],"version-history":[{"count":5,"href":"https:\/\/modisprem.com\/de\/wp-json\/wp\/v2\/pages\/4002\/revisions"}],"predecessor-version":[{"id":6214,"href":"https:\/\/modisprem.com\/de\/wp-json\/wp\/v2\/pages\/4002\/revisions\/6214"}],"up":[{"embeddable":true,"href":"https:\/\/modisprem.com\/de\/wp-json\/wp\/v2\/pages\/3843"}],"wp:featuredmedia":[{"embeddable":true,"href":"https:\/\/modisprem.com\/de\/wp-json\/wp\/v2\/media\/4500"}],"wp:attachment":[{"href":"https:\/\/modisprem.com\/de\/wp-json\/wp\/v2\/media?parent=4002"}],"curies":[{"name":"wp","href":"https:\/\/api.w.org\/{rel}","templated":true}]}}