{"id":3979,"date":"2024-02-14T17:26:01","date_gmt":"2024-02-14T16:26:01","guid":{"rendered":"http:\/\/modisprem.com\/materiales\/fieltro\/"},"modified":"2024-05-31T18:13:33","modified_gmt":"2024-05-31T16:13:33","slug":"fieltro","status":"publish","type":"page","link":"https:\/\/modisprem.com\/de\/materiales\/fieltro\/","title":{"rendered":"Filz"},"content":{"rendered":"<section class=\"l-section wpb_row height_medium with_img\"><div class=\"l-section-img\" role=\"img\" data-img-width=\"1920\" data-img-height=\"8000\" style=\"background-image: url(https:\/\/modisprem.com\/wp-content\/uploads\/2023\/04\/fondo-materiales.png);background-position: top center;\"><\/div><div class=\"l-section-h i-cf\"><div class=\"g-cols vc_row via_grid cols_2-1 laptops-cols_inherit tablets-cols_inherit mobiles-cols_1 valign_top type_default stacking_default\"><div class=\"wpb_column vc_column_container\"><div class=\"vc_column-inner\"><div class=\"wpb_text_column\"><div class=\"wpb_wrapper\"><div class=\"et_pb_module et_pb_text et_pb_text_8 et_pb_text_align_left et_pb_bg_layout_light\">\n<div class=\"et_pb_text_inner\">\n<p>Filze sind T\u00fccher, deren Haupteigenschaft darin besteht, dass sie nicht gewebt sind. Dazu ist es notwendig, mehrere Schichten mittels Dampf und Druck zu konglomerieren.<\/p>\n<ul>\n<li>Farbe: Schwarz, nat\u00fcrlich<\/li>\n<li>Dichte: 160-400 gr\/m2<\/li>\n<\/ul>\n<h2>Beschreibung:<\/h2>\n<p>Die Filze werden durch ein Verfahren der Anh\u00e4ufung von Schichten verschiedener Textilien gewonnen. Diese k\u00f6nnen tierischen oder k\u00fcnstlichen Ursprungs sein. Bei diesem Verfahren wird er Textilien zugesetzt, und es k\u00f6nnen verschiedene Arten von Oberfl\u00e4chen und sogar flammhemmende Produkte hergestellt werden.<\/p>\n<h2>Anwendungen:<\/h2>\n<p>Filze werden haupts\u00e4chlich in der Automobilindustrie verwendet. Aufgrund ihrer schall- und sto\u00dfd\u00e4mpfenden Eigenschaften werden sie in Antiersch\u00fctterungseilen verwendet. Dar\u00fcber hinaus machen die M\u00f6glichkeit, sie in kleinen Dicken herzustellen, und die unterschiedlichen Gewichte den Filz zu einem perfekten Material f\u00fcr kleine R\u00e4ume.<\/p>\n<h2>LIEFERART:<\/h2>\n<p>Die Materialien k\u00f6nnen durch Schneide- oder Stanzverfahren verarbeitet werden, und auf Wunsch unserer Kunden k\u00f6nnen Klebstoffe eingearbeitet werden.<\/p>\n<p>Wir haben Filze in verschiedenen Dicken und Gewichten f\u00fcr jede Anwendung.<\/p>\n<\/div>\n<\/div>\n<\/div><\/div><\/div><\/div><div class=\"wpb_column vc_column_container\"><div class=\"vc_column-inner\"><div class=\"w-image align_none\"><a ref=\"magnificPopup\" href=\"https:\/\/modisprem.com\/wp-content\/uploads\/2024\/02\/vellon-ficha.jpg\" aria-label=\"fieltro\" class=\"w-image-h\"><img decoding=\"async\" width=\"700\" height=\"1000\" src=\"https:\/\/modisprem.com\/wp-content\/uploads\/2024\/02\/vellon-ficha.jpg\" class=\"attachment-large size-large\" alt=\"\" loading=\"lazy\" srcset=\"https:\/\/modisprem.com\/wp-content\/uploads\/2024\/02\/vellon-ficha.jpg 700w, https:\/\/modisprem.com\/wp-content\/uploads\/2024\/02\/vellon-ficha-210x300.jpg 210w, https:\/\/modisprem.com\/wp-content\/uploads\/2024\/02\/vellon-ficha-17x24.jpg 17w, https:\/\/modisprem.com\/wp-content\/uploads\/2024\/02\/vellon-ficha-25x36.jpg 25w, https:\/\/modisprem.com\/wp-content\/uploads\/2024\/02\/vellon-ficha-34x48.jpg 34w\" sizes=\"auto, (max-width: 700px) 100vw, 700px\" \/><\/a><\/div><div class=\"w-separator size_medium\"><\/div><div class=\"wpb_text_column us_custom_f6c4a9ef\"><div class=\"wpb_wrapper\"><p style=\"text-align: left;\">Niedriger Temperaturwiderstand<\/p>\n<\/div><\/div><div class=\"wpb_text_column us_custom_f6c4a9ef\"><div class=\"wpb_wrapper\"><p style=\"text-align: left;\">Entflammbarkeit<\/p>\n<\/div><\/div><div class=\"wpb_text_column us_custom_f6c4a9ef\"><div class=\"wpb_wrapper\"><p style=\"text-align: left;\">Schallabsorption<\/p>\n<\/div><\/div><\/div><\/div><\/div><\/div><\/section>\n","protected":false},"excerpt":{"rendered":"Filze sind T\u00fccher, deren Haupteigenschaft darin besteht, dass sie nicht gewebt sind. Dazu ist es notwendig, mehrere Schichten mittels Dampf und Druck zu konglomerieren. Farbe: Schwarz, nat\u00fcrlich Dichte: 160-400 gr\/m2 Beschreibung: Die Filze werden durch ein Verfahren der Anh\u00e4ufung von Schichten verschiedener Textilien gewonnen. Diese k\u00f6nnen tierischen oder k\u00fcnstlichen Ursprungs sein. Bei diesem Verfahren wird...","protected":false},"author":1,"featured_media":3571,"parent":3843,"menu_order":0,"comment_status":"closed","ping_status":"closed","template":"","meta":{"footnotes":""},"class_list":["post-3979","page","type-page","status-publish","has-post-thumbnail","hentry"],"_links":{"self":[{"href":"https:\/\/modisprem.com\/de\/wp-json\/wp\/v2\/pages\/3979","targetHints":{"allow":["GET"]}}],"collection":[{"href":"https:\/\/modisprem.com\/de\/wp-json\/wp\/v2\/pages"}],"about":[{"href":"https:\/\/modisprem.com\/de\/wp-json\/wp\/v2\/types\/page"}],"author":[{"embeddable":true,"href":"https:\/\/modisprem.com\/de\/wp-json\/wp\/v2\/users\/1"}],"replies":[{"embeddable":true,"href":"https:\/\/modisprem.com\/de\/wp-json\/wp\/v2\/comments?post=3979"}],"version-history":[{"count":4,"href":"https:\/\/modisprem.com\/de\/wp-json\/wp\/v2\/pages\/3979\/revisions"}],"predecessor-version":[{"id":4107,"href":"https:\/\/modisprem.com\/de\/wp-json\/wp\/v2\/pages\/3979\/revisions\/4107"}],"up":[{"embeddable":true,"href":"https:\/\/modisprem.com\/de\/wp-json\/wp\/v2\/pages\/3843"}],"wp:featuredmedia":[{"embeddable":true,"href":"https:\/\/modisprem.com\/de\/wp-json\/wp\/v2\/media\/3571"}],"wp:attachment":[{"href":"https:\/\/modisprem.com\/de\/wp-json\/wp\/v2\/media?parent=3979"}],"curies":[{"name":"wp","href":"https:\/\/api.w.org\/{rel}","templated":true}]}}