{"id":3971,"date":"2024-02-14T12:24:35","date_gmt":"2024-02-14T11:24:35","guid":{"rendered":"http:\/\/modisprem.com\/materiales\/aglomerado\/"},"modified":"2024-07-31T11:25:13","modified_gmt":"2024-07-31T09:25:13","slug":"aglomerado","status":"publish","type":"page","link":"https:\/\/modisprem.com\/de\/materiales\/aglomerado\/","title":{"rendered":"Agglomerat"},"content":{"rendered":"<section class=\"l-section wpb_row height_medium with_img\"><div class=\"l-section-img\" role=\"img\" data-img-width=\"1920\" data-img-height=\"8000\" style=\"background-image: url(https:\/\/modisprem.com\/wp-content\/uploads\/2023\/04\/fondo-materiales.png);background-position: top center;\"><\/div><div class=\"l-section-h i-cf\"><div class=\"g-cols vc_row via_grid cols_2-1 laptops-cols_inherit tablets-cols_inherit mobiles-cols_1 valign_top type_default stacking_default\"><div class=\"wpb_column vc_column_container\"><div class=\"vc_column-inner\"><div class=\"wpb_text_column\"><div class=\"wpb_wrapper\"><p>Es handelt sich um eine heterogene Mischung von Polyurethansch\u00e4umen auf Polyether- und Polyesterbasis, die durch einen Polyurethankleber zusammengehalten werden<\/p>\n<ul>\n<li>Farbe: Heterogene Farbmischung<\/li>\n<li>Dichte: 60-200\/ m3<\/li>\n<li>Verl\u00e4ngerung: 50 % ~ -100 %<\/li>\n<li>Abriebfestigkeit: 0.5-1.5\/ m2<\/li>\n<\/ul>\n<h2>Beschreibung:<\/h2>\n<p>Es handelt sich um eine heterogene Mischung von Polyurethansch\u00e4umen auf Polyether- und Polyesterbasis, die mit einem Klebstoff auf Polyurethanbasis zusammengehalten werden. Wir k\u00f6nnen agglomerierte Sch\u00e4ume mit oder ohne Flammschutzmittel finden.<\/p>\n<h2>Anwendungen:<\/h2>\n<ul>\n<li>Akustikabsorber<\/li>\n<li>Schalld\u00e4mmung<\/li>\n<li>Aufprall-Isolierung<\/li>\n<li>Schutz von Sportarten<\/li>\n<\/ul>\n<h2>LIEFERART:<\/h2>\n<p>Diese Art von Material kann in B\u00f6gen, Bl\u00f6cken oder gestanzten St\u00fccken in der vom Kunden gew\u00fcnschten Form geliefert werden. Sie k\u00f6nnen geklebt und auf jeder Oberfl\u00e4che befestigt werden, und sogar Textilien zur Verbesserung der Oberfl\u00e4chenbehandlung einbeziehen.<\/p>\n<\/div><\/div><\/div><\/div><div class=\"wpb_column vc_column_container\"><div class=\"vc_column-inner\"><div class=\"w-image align_center\"><a ref=\"magnificPopup\" href=\"https:\/\/modisprem.com\/wp-content\/uploads\/2024\/07\/aglomerado.jpg\" aria-label=\"aglomerado\" class=\"w-image-h\"><img decoding=\"async\" width=\"1816\" height=\"1892\" src=\"https:\/\/modisprem.com\/wp-content\/uploads\/2024\/07\/aglomerado.jpg\" class=\"attachment-full size-full\" alt=\"Aglomerado\" loading=\"lazy\" srcset=\"https:\/\/modisprem.com\/wp-content\/uploads\/2024\/07\/aglomerado.jpg 1816w, https:\/\/modisprem.com\/wp-content\/uploads\/2024\/07\/aglomerado-288x300.jpg 288w, https:\/\/modisprem.com\/wp-content\/uploads\/2024\/07\/aglomerado-983x1024.jpg 983w, https:\/\/modisprem.com\/wp-content\/uploads\/2024\/07\/aglomerado-24x24.jpg 24w, https:\/\/modisprem.com\/wp-content\/uploads\/2024\/07\/aglomerado-46x48.jpg 46w\" sizes=\"auto, (max-width: 1816px) 100vw, 1816px\" \/><\/a><\/div><div class=\"w-separator size_medium\"><\/div><div class=\"wpb_text_column us_custom_f6c4a9ef\"><div class=\"wpb_wrapper\"><p style=\"text-align: left;\">Altern<\/p>\n<\/div><\/div><div class=\"wpb_text_column us_custom_f6c4a9ef\"><div class=\"wpb_wrapper\"><p style=\"text-align: left;\">Akustische Isolation<\/p>\n<\/div><\/div><\/div><\/div><\/div><\/div><\/section>\n","protected":false},"excerpt":{"rendered":"Es handelt sich um eine heterogene Mischung von Polyurethansch\u00e4umen auf Polyether- und Polyesterbasis, die durch einen Polyurethankleber zusammengehalten werden Farbe: Heterogene Farbmischung Dichte: 60-200\/ m3 Verl\u00e4ngerung: 50 % ~ -100 % Abriebfestigkeit: 0.5-1.5\/ m2 Beschreibung: Es handelt sich um eine heterogene Mischung von Polyurethansch\u00e4umen auf Polyether- und Polyesterbasis, die mit einem Klebstoff auf Polyurethanbasis zusammengehalten...","protected":false},"author":1,"featured_media":4475,"parent":3843,"menu_order":0,"comment_status":"closed","ping_status":"closed","template":"","meta":{"footnotes":""},"class_list":["post-3971","page","type-page","status-publish","has-post-thumbnail","hentry"],"_links":{"self":[{"href":"https:\/\/modisprem.com\/de\/wp-json\/wp\/v2\/pages\/3971","targetHints":{"allow":["GET"]}}],"collection":[{"href":"https:\/\/modisprem.com\/de\/wp-json\/wp\/v2\/pages"}],"about":[{"href":"https:\/\/modisprem.com\/de\/wp-json\/wp\/v2\/types\/page"}],"author":[{"embeddable":true,"href":"https:\/\/modisprem.com\/de\/wp-json\/wp\/v2\/users\/1"}],"replies":[{"embeddable":true,"href":"https:\/\/modisprem.com\/de\/wp-json\/wp\/v2\/comments?post=3971"}],"version-history":[{"count":2,"href":"https:\/\/modisprem.com\/de\/wp-json\/wp\/v2\/pages\/3971\/revisions"}],"predecessor-version":[{"id":4863,"href":"https:\/\/modisprem.com\/de\/wp-json\/wp\/v2\/pages\/3971\/revisions\/4863"}],"up":[{"embeddable":true,"href":"https:\/\/modisprem.com\/de\/wp-json\/wp\/v2\/pages\/3843"}],"wp:featuredmedia":[{"embeddable":true,"href":"https:\/\/modisprem.com\/de\/wp-json\/wp\/v2\/media\/4475"}],"wp:attachment":[{"href":"https:\/\/modisprem.com\/de\/wp-json\/wp\/v2\/media?parent=3971"}],"curies":[{"name":"wp","href":"https:\/\/api.w.org\/{rel}","templated":true}]}}