{"id":3914,"date":"2023-02-23T13:51:06","date_gmt":"2023-02-23T12:51:06","guid":{"rendered":"http:\/\/modisprem.com\/deportes\/"},"modified":"2024-09-23T18:48:44","modified_gmt":"2024-09-23T16:48:44","slug":"deportes","status":"publish","type":"page","link":"https:\/\/modisprem.com\/de\/deportes\/","title":{"rendered":"Sport"},"content":{"rendered":"<section class=\"l-section wpb_row height_auto\"><div class=\"l-section-h i-cf\"><div class=\"g-cols vc_row via_grid cols_1 laptops-cols_inherit tablets-cols_inherit mobiles-cols_1 valign_top type_default stacking_default\"><div class=\"wpb_column vc_column_container\"><div class=\"vc_column-inner\">\n\t\t\t<!-- START Deportes REVOLUTION SLIDER 6.6.19 --><p class=\"rs-p-wp-fix\"><\/p>\n\t\t\t<rs-module-wrap id=\"rev_slider_10_1_wrapper\" data-source=\"gallery\" style=\"visibility:hidden;background:transparent;padding:0;margin:0px auto;margin-top:0;margin-bottom:0;\">\n\t\t\t\t<rs-module id=\"rev_slider_10_1\" style=\"\" data-version=\"6.6.19\">\n\t\t\t\t\t<rs-slides style=\"overflow: hidden; position: absolute;\">\n\t\t\t\t\t\t<rs-slide style=\"position: absolute;\" data-key=\"rs-25\" data-title=\"Slide\" data-in=\"o:0;\" data-out=\"a:false;\">\n\t\t\t\t\t\t\t<img decoding=\"async\" src=\"\/\/modisprem.com\/wp-content\/plugins\/revslider\/public\/assets\/assets\/dummy.png\" alt=\"\" title=\"deportes_25.jpeg\" width=\"1920\" height=\"700\" class=\"rev-slidebg tp-rs-img rs-lazyload\" data-lazyload=\"\/\/modisprem.com\/wp-content\/uploads\/revslider\/video-media\/deportes_25.jpeg\" data-no-retina>\n\t\t\t\t\t\t\t<rs-bgvideo \n\t\t\t\t\t\t\t\tdata-video=\"w:100%;h:100%;nse:false;l:true;ptimer:false;vfc:true;\"\n\t\t\t\t\t\t\t\tdata-mp4=\"\/\/modisprem.com\/wp-content\/uploads\/2023\/06\/deportes.mp4\"\n\t\t\t\t\t\t\t><\/rs-bgvideo>\n<!---->\t\t\t\t\t\t<\/rs-slide>\n\t\t\t\t\t<\/rs-slides>\n\t\t\t\t<\/rs-module>\n\t\t\t\t<script>\n\t\t\t\t\tsetREVStartSize({c: 'rev_slider_10_1',rl:[1240,1024,778,480],el:[550],gw:[1240],gh:[550],type:'standard',justify:'',layout:'fullwidth',mh:\"0\"});if (window.RS_MODULES!==undefined && window.RS_MODULES.modules!==undefined && window.RS_MODULES.modules[\"revslider101\"]!==undefined) {window.RS_MODULES.modules[\"revslider101\"].once = false;window.revapi10 = undefined;if (window.RS_MODULES.checkMinimal!==undefined) window.RS_MODULES.checkMinimal()}\n\t\t\t\t<\/script>\n\t\t\t<\/rs-module-wrap>\n\t\t\t<!-- END REVOLUTION SLIDER -->\n<\/div><\/div><\/div><\/div><\/section><section class=\"l-section wpb_row height_auto\"><div class=\"l-section-overlay\" style=\"background:#009277\"><\/div><div class=\"l-section-h i-cf\"><div class=\"g-cols vc_row via_grid cols_1 laptops-cols_inherit tablets-cols_inherit mobiles-cols_1 valign_top type_default stacking_default\"><div class=\"wpb_column vc_column_container\"><div class=\"vc_column-inner\"><div class=\"w-separator size_custom\" style=\"height:20px\"><\/div><\/div><\/div><\/div><\/div><\/section><section class=\"l-section wpb_row height_small\"><div class=\"l-section-h i-cf\"><div class=\"g-cols vc_row via_grid cols_1 laptops-cols_inherit tablets-cols_inherit mobiles-cols_1 valign_top type_default stacking_default\"><div class=\"wpb_column vc_column_container\"><div class=\"vc_column-inner\"><div class=\"w-separator size_medium\"><\/div><div class=\"wpb_text_column us_custom_2e567bb4 has_text_color\"><div class=\"wpb_wrapper\"><p style=\"text-align: center;\"><strong>L\u00d6SUNGEN F\u00dcR DEN SPORT<\/strong><\/p>\n<\/div><\/div><div class=\"w-separator size_small\"><\/div><div class=\"wpb_text_column us_custom_1b2ad669\"><div class=\"wpb_wrapper\"><p style=\"text-align: center;\">Verwendete Materialien:<\/p>\n<p style=\"text-align: center;\">Polyethylen (PE-Schaum), Polyurethan (PUR)-Agglomerat.<\/p>\n<\/div><\/div><div class=\"w-separator size_medium\"><\/div><\/div><\/div><\/div><\/div><\/section><section class=\"l-section wpb_row height_small\"><div class=\"l-section-h i-cf\"><div class=\"g-cols vc_row via_grid cols_3 laptops-cols_inherit tablets-cols_inherit mobiles-cols_1 valign_top type_default stacking_default\"><div class=\"wpb_column vc_column_container\"><div class=\"vc_column-inner\"><div class=\"w-iconbox us_custom_c333c40f has_text_color us_animate_this iconpos_top style_default color_primary align_center no_text icontype_img\"><a title=\"Embalaje presentaci\u00f3n\" href=\"piscina\/\" class=\"w-iconbox-link\" aria-label=\"Schwimmbecken\"><div class=\"w-iconbox-icon\" style=\"font-size:100px;\"><img loading=\"lazy\" decoding=\"async\" width=\"126\" height=\"126\" src=\"https:\/\/modisprem.com\/wp-content\/uploads\/2023\/08\/Piscina.png\" class=\"attachment-full size-full\" alt=\"Piscina\" srcset=\"https:\/\/modisprem.com\/wp-content\/uploads\/2023\/08\/Piscina.png 126w, https:\/\/modisprem.com\/wp-content\/uploads\/2023\/08\/Piscina-24x24.png 24w, https:\/\/modisprem.com\/wp-content\/uploads\/2023\/08\/Piscina-36x36.png 36w, https:\/\/modisprem.com\/wp-content\/uploads\/2023\/08\/Piscina-48x48.png 48w\" sizes=\"auto, (max-width: 126px) 100vw, 126px\" \/><\/div><\/a><div class=\"w-iconbox-meta\"><a title=\"Embalaje presentaci\u00f3n\" href=\"piscina\/\" class=\"w-iconbox-link\" aria-label=\"Schwimmbecken\"><div class=\"w-iconbox-title\" style=\"font-size:28px;\">Schwimmbecken<\/div><\/a><\/div><\/div><div class=\"wpb_text_column\"><div class=\"wpb_wrapper\"><p style=\"text-align: center;\">L\u00d6SUNG F\u00dcR DEN SPORT<\/p>\n<\/div><\/div><\/div><\/div><div class=\"wpb_column vc_column_container\"><div class=\"vc_column-inner\"><div class=\"w-iconbox us_custom_b34e1a1e has_text_color us_animate_this iconpos_top style_default color_primary align_center no_text icontype_img\"><a title=\"Embalaje presentaci\u00f3n\" href=\"tatamis-y-colchonetas\/\" class=\"w-iconbox-link\" aria-label=\"Tatamis und Matten\"><div class=\"w-iconbox-icon\" style=\"font-size:100px;\"><img loading=\"lazy\" decoding=\"async\" width=\"126\" height=\"126\" src=\"https:\/\/modisprem.com\/wp-content\/uploads\/2023\/08\/tatamis-y-colchonetas.png\" class=\"attachment-full size-full\" alt=\"Tatamis y Colchonetas\" srcset=\"https:\/\/modisprem.com\/wp-content\/uploads\/2023\/08\/tatamis-y-colchonetas.png 126w, https:\/\/modisprem.com\/wp-content\/uploads\/2023\/08\/tatamis-y-colchonetas-24x24.png 24w, https:\/\/modisprem.com\/wp-content\/uploads\/2023\/08\/tatamis-y-colchonetas-36x36.png 36w, https:\/\/modisprem.com\/wp-content\/uploads\/2023\/08\/tatamis-y-colchonetas-48x48.png 48w\" sizes=\"auto, (max-width: 126px) 100vw, 126px\" \/><\/div><\/a><div class=\"w-iconbox-meta\"><a title=\"Embalaje presentaci\u00f3n\" href=\"tatamis-y-colchonetas\/\" class=\"w-iconbox-link\" aria-label=\"Tatamis und Matten\"><div class=\"w-iconbox-title\" style=\"font-size:28px;\">Tatamis und Matten<\/div><\/a><\/div><\/div><div class=\"wpb_text_column\"><div class=\"wpb_wrapper\"><p style=\"text-align: center;\">L\u00d6SUNG F\u00dcR DEN SPORT<\/p>\n<\/div><\/div><\/div><\/div><div class=\"wpb_column vc_column_container\"><div class=\"vc_column-inner\"><div class=\"w-iconbox us_custom_5bfbd05d has_text_color us_animate_this iconpos_top style_default color_primary align_center no_text icontype_img\"><a title=\"Embalaje presentaci\u00f3n\" href=\"tiro-con-arco\/\" class=\"w-iconbox-link\" aria-label=\"Bogenschiessen\"><div class=\"w-iconbox-icon\" style=\"font-size:100px;\"><img loading=\"lazy\" decoding=\"async\" width=\"126\" height=\"126\" src=\"https:\/\/modisprem.com\/wp-content\/uploads\/2023\/08\/tiro-con-arco.png\" class=\"attachment-full size-full\" alt=\"Tiro con arco\" srcset=\"https:\/\/modisprem.com\/wp-content\/uploads\/2023\/08\/tiro-con-arco.png 126w, https:\/\/modisprem.com\/wp-content\/uploads\/2023\/08\/tiro-con-arco-24x24.png 24w, https:\/\/modisprem.com\/wp-content\/uploads\/2023\/08\/tiro-con-arco-36x36.png 36w, https:\/\/modisprem.com\/wp-content\/uploads\/2023\/08\/tiro-con-arco-48x48.png 48w\" sizes=\"auto, (max-width: 126px) 100vw, 126px\" \/><\/div><\/a><div class=\"w-iconbox-meta\"><a title=\"Embalaje presentaci\u00f3n\" href=\"tiro-con-arco\/\" class=\"w-iconbox-link\" aria-label=\"Bogenschiessen\"><div class=\"w-iconbox-title\" style=\"font-size:28px;\">Bogenschiessen<\/div><\/a><\/div><\/div><div class=\"wpb_text_column\"><div class=\"wpb_wrapper\"><p style=\"text-align: center;\">L\u00d6SUNG F\u00dcR DEN SPORT<\/p>\n<\/div><\/div><\/div><\/div><\/div><\/div><\/section><section class=\"l-section wpb_row us_custom_4e0cc4c3 height_medium with_img parallax_ver\"><div class=\"l-section-img\" role=\"img\" data-img-width=\"1920\" data-img-height=\"953\" style=\"background-image: url(https:\/\/modisprem.com\/wp-content\/uploads\/2023\/02\/rsz_fondo-azul-material.jpg);\"><\/div><div class=\"l-section-overlay\" style=\"background:linear-gradient(180deg,rgba(3,69,129,0.00),#009277)\"><\/div><div class=\"l-section-h i-cf\"><div class=\"g-cols vc_row via_grid cols_2 laptops-cols_inherit tablets-cols_inherit mobiles-cols_1 valign_middle type_default stacking_default\"><div class=\"wpb_column vc_column_container\"><div class=\"vc_column-inner\"><div class=\"w-grid type_carousel layout_89\" id=\"us_grid_1\" style=\"--gap:30px;\"><style>.layout_89 .w-grid-item-h{}.layout_89 .usg_post_image_1{transition-duration:0.3s;transform-origin:50% 50%;transform:scale(0.65) translate(0%,0%)}.layout_89 .w-grid-item-h:hover .usg_post_image_1{transform:scale(0.8) translate(0%,0%);opacity:0.85}<\/style><div class=\"w-grid-list owl-carousel valign_middle dotstyle_circle navstyle_circle navpos_inside owl-responsive-2000 with_arrows\" style=\"--transition-duration:350ms;--arrows-size:1.5rem;\">\t<article class=\"w-grid-item post-3538 attachment type-attachment status-inherit hentry\" data-id=\"3538\">\r\n\t\t<div class=\"w-grid-item-h\">\r\n\t\t\t\t\t\t<div class=\"w-post-elm post_image usg_post_image_1 stretched\"><img loading=\"lazy\" decoding=\"async\" width=\"500\" height=\"402\" src=\"https:\/\/modisprem.com\/wp-content\/uploads\/2024\/02\/arco.png\" class=\"attachment-full size-full\" alt=\"\" srcset=\"https:\/\/modisprem.com\/wp-content\/uploads\/2024\/02\/arco.png 500w, https:\/\/modisprem.com\/wp-content\/uploads\/2024\/02\/arco-300x241.png 300w, https:\/\/modisprem.com\/wp-content\/uploads\/2024\/02\/arco-24x19.png 24w, https:\/\/modisprem.com\/wp-content\/uploads\/2024\/02\/arco-36x29.png 36w, https:\/\/modisprem.com\/wp-content\/uploads\/2024\/02\/arco-48x39.png 48w\" sizes=\"auto, (max-width: 500px) 100vw, 500px\" \/><\/div>\t\t<\/div>\r\n\t\t\t<\/article>\r\n\t<article class=\"w-grid-item post-2986 attachment type-attachment status-inherit hentry\" data-id=\"2986\">\r\n\t\t<div class=\"w-grid-item-h\">\r\n\t\t\t\t\t\t<div class=\"w-post-elm post_image usg_post_image_1 stretched\"><img loading=\"lazy\" decoding=\"async\" width=\"400\" height=\"346\" src=\"https:\/\/modisprem.com\/wp-content\/uploads\/2023\/08\/deporte-material-02.png\" class=\"attachment-full size-full\" alt=\"\" srcset=\"https:\/\/modisprem.com\/wp-content\/uploads\/2023\/08\/deporte-material-02.png 400w, https:\/\/modisprem.com\/wp-content\/uploads\/2023\/08\/deporte-material-02-300x260.png 300w, https:\/\/modisprem.com\/wp-content\/uploads\/2023\/08\/deporte-material-02-24x21.png 24w, https:\/\/modisprem.com\/wp-content\/uploads\/2023\/08\/deporte-material-02-36x31.png 36w, https:\/\/modisprem.com\/wp-content\/uploads\/2023\/08\/deporte-material-02-48x42.png 48w\" sizes=\"auto, (max-width: 400px) 100vw, 400px\" \/><\/div>\t\t<\/div>\r\n\t\t\t<\/article>\r\n\t<article class=\"w-grid-item post-2983 attachment type-attachment status-inherit hentry\" data-id=\"2983\">\r\n\t\t<div class=\"w-grid-item-h\">\r\n\t\t\t\t\t\t<div class=\"w-post-elm post_image usg_post_image_1 stretched\"><img loading=\"lazy\" decoding=\"async\" width=\"400\" height=\"346\" src=\"https:\/\/modisprem.com\/wp-content\/uploads\/2023\/08\/deporte-material-03.png\" class=\"attachment-full size-full\" alt=\"\" srcset=\"https:\/\/modisprem.com\/wp-content\/uploads\/2023\/08\/deporte-material-03.png 400w, https:\/\/modisprem.com\/wp-content\/uploads\/2023\/08\/deporte-material-03-300x260.png 300w, https:\/\/modisprem.com\/wp-content\/uploads\/2023\/08\/deporte-material-03-24x21.png 24w, https:\/\/modisprem.com\/wp-content\/uploads\/2023\/08\/deporte-material-03-36x31.png 36w, https:\/\/modisprem.com\/wp-content\/uploads\/2023\/08\/deporte-material-03-48x42.png 48w\" sizes=\"auto, (max-width: 400px) 100vw, 400px\" \/><\/div>\t\t<\/div>\r\n\t\t\t<\/article>\r\n\t<article class=\"w-grid-item post-2980 attachment type-attachment status-inherit hentry\" data-id=\"2980\">\r\n\t\t<div class=\"w-grid-item-h\">\r\n\t\t\t\t\t\t<div class=\"w-post-elm post_image usg_post_image_1 stretched\"><img loading=\"lazy\" decoding=\"async\" width=\"400\" height=\"346\" src=\"https:\/\/modisprem.com\/wp-content\/uploads\/2023\/08\/deporte-material-01.png\" class=\"attachment-full size-full\" alt=\"\" srcset=\"https:\/\/modisprem.com\/wp-content\/uploads\/2023\/08\/deporte-material-01.png 400w, https:\/\/modisprem.com\/wp-content\/uploads\/2023\/08\/deporte-material-01-300x260.png 300w, https:\/\/modisprem.com\/wp-content\/uploads\/2023\/08\/deporte-material-01-24x21.png 24w, https:\/\/modisprem.com\/wp-content\/uploads\/2023\/08\/deporte-material-01-36x31.png 36w, https:\/\/modisprem.com\/wp-content\/uploads\/2023\/08\/deporte-material-01-48x42.png 48w\" sizes=\"auto, (max-width: 400px) 100vw, 400px\" \/><\/div>\t\t<\/div>\r\n\t\t\t<\/article>\r\n<\/div>\t<div class=\"g-preloader type_1\">\r\n\t\t<div><\/div>\r\n\t<\/div>\r\n\t\t<div class=\"w-grid-json hidden\" onclick='return {&quot;action&quot;:&quot;us_ajax_grid&quot;,&quot;infinite_scroll&quot;:0,&quot;max_num_pages&quot;:1,&quot;pagination&quot;:&quot;none&quot;,&quot;template_vars&quot;:{&quot;columns&quot;:&quot;&quot;,&quot;exclude_items&quot;:&quot;none&quot;,&quot;img_size&quot;:&quot;default&quot;,&quot;ignore_items_size&quot;:0,&quot;items_layout&quot;:&quot;89&quot;,&quot;items_offset&quot;:&quot;0px&quot;,&quot;load_animation&quot;:&quot;none&quot;,&quot;overriding_link&quot;:&quot;%7B%22url%22%3A%22%22%7D&quot;,&quot;post_id&quot;:0,&quot;query_args&quot;:{&quot;post_type&quot;:[&quot;attachment&quot;],&quot;post__in&quot;:[&quot;1378&quot;,&quot;1380&quot;,&quot;1379&quot;,&quot;1921&quot;],&quot;post_status&quot;:&quot;inherit&quot;,&quot;post_mime_type&quot;:&quot;image&quot;,&quot;posts_per_page&quot;:&quot;10&quot;},&quot;orderby_query_args&quot;:{&quot;orderby&quot;:{&quot;date&quot;:&quot;DESC&quot;}},&quot;type&quot;:&quot;carousel&quot;,&quot;us_grid_post_type&quot;:&quot;attachment&quot;,&quot;us_grid_ajax_index&quot;:1,&quot;us_grid_filter_query_string&quot;:null,&quot;us_grid_index&quot;:1,&quot;page_args&quot;:[],&quot;lang&quot;:&quot;de&quot;},&quot;carousel_settings&quot;:{&quot;aria_labels&quot;:{&quot;prev&quot;:&quot;Zur\\u00fcck&quot;,&quot;next&quot;:&quot;Weiter&quot;},&quot;autoplayContinual&quot;:false,&quot;autoplayHoverPause&quot;:false,&quot;autoplayTimeout&quot;:3000,&quot;fluidSpeed&quot;:350,&quot;margin&quot;:0,&quot;mouseDrag&quot;:true,&quot;rtl&quot;:false,&quot;slideBy&quot;:&quot;1&quot;,&quot;touchDrag&quot;:true,&quot;slideTransition&quot;:&quot;&quot;,&quot;animateIn&quot;:&quot;fadeIn&quot;,&quot;animateOut&quot;:&quot;fadeOut&quot;,&quot;responsive&quot;:{&quot;0&quot;:{&quot;autoHeight&quot;:false,&quot;autoplay&quot;:false,&quot;autoWidth&quot;:false,&quot;center&quot;:false,&quot;dots&quot;:false,&quot;items&quot;:1,&quot;loop&quot;:false,&quot;nav&quot;:false,&quot;stagePadding&quot;:0},&quot;601&quot;:{&quot;items&quot;:1,&quot;autoplay&quot;:true,&quot;center&quot;:false,&quot;dots&quot;:false,&quot;nav&quot;:true,&quot;autoHeight&quot;:false,&quot;autoWidth&quot;:false,&quot;loop&quot;:true,&quot;stagePadding&quot;:0}}}}'><\/div>\r\n\t<\/div><\/div><\/div><div class=\"wpb_column vc_column_container\"><div class=\"vc_column-inner\"><div class=\"wpb_text_column us_custom_a42a2b71 has_text_color\"><div class=\"wpb_wrapper\"><p style=\"text-align: center;\">L\u00d6SUNGEN F\u00dcR DEN SPORT<\/p>\n<\/div><\/div><div class=\"w-separator size_small\"><\/div><div class=\"wpb_text_column us_custom_37464ff9 has_text_color\"><div class=\"wpb_wrapper\"><ul>\n<li>Kampfsportarten<\/li>\n<li>Schwimmen.<\/li>\n<li>Bogenschie\u00dfen.<\/li>\n<li>Bergsteigen und Wandern.<\/li>\n<li>Paddelball-Kerne.<\/li>\n<li>3D-Polyethylenschaumeinlagen (PE-Schaum) f\u00fcr technische Bekleidung: Feuerwehrleute, Polizei, Armee, Motorrad- oder MTB-Anz\u00fcge und Helme usw.<\/li>\n<\/ul>\n<\/div><\/div><\/div><\/div><\/div><\/div><\/section>\n","protected":false},"excerpt":{"rendered":"<p>Materiales para el embalaje de protecci\u00f3n, t\u00e9cnico y antiest\u00e1tico.<\/p>\n","protected":false},"author":1,"featured_media":2593,"parent":0,"menu_order":2,"comment_status":"closed","ping_status":"closed","template":"","meta":{"footnotes":""},"class_list":["post-3914","page","type-page","status-publish","has-post-thumbnail","hentry"],"_links":{"self":[{"href":"https:\/\/modisprem.com\/de\/wp-json\/wp\/v2\/pages\/3914","targetHints":{"allow":["GET"]}}],"collection":[{"href":"https:\/\/modisprem.com\/de\/wp-json\/wp\/v2\/pages"}],"about":[{"href":"https:\/\/modisprem.com\/de\/wp-json\/wp\/v2\/types\/page"}],"author":[{"embeddable":true,"href":"https:\/\/modisprem.com\/de\/wp-json\/wp\/v2\/users\/1"}],"replies":[{"embeddable":true,"href":"https:\/\/modisprem.com\/de\/wp-json\/wp\/v2\/comments?post=3914"}],"version-history":[{"count":4,"href":"https:\/\/modisprem.com\/de\/wp-json\/wp\/v2\/pages\/3914\/revisions"}],"predecessor-version":[{"id":5055,"href":"https:\/\/modisprem.com\/de\/wp-json\/wp\/v2\/pages\/3914\/revisions\/5055"}],"wp:featuredmedia":[{"embeddable":true,"href":"https:\/\/modisprem.com\/de\/wp-json\/wp\/v2\/media\/2593"}],"wp:attachment":[{"href":"https:\/\/modisprem.com\/de\/wp-json\/wp\/v2\/media?parent=3914"}],"curies":[{"name":"wp","href":"https:\/\/api.w.org\/{rel}","templated":true}]}}