{"id":3782,"date":"2024-02-28T19:01:58","date_gmt":"2024-02-28T18:01:58","guid":{"rendered":"http:\/\/modisprem.com\/nuestro-equipo\/"},"modified":"2024-07-29T10:25:59","modified_gmt":"2024-07-29T08:25:59","slug":"nuestro-equipo","status":"publish","type":"page","link":"https:\/\/modisprem.com\/de\/nuestro-equipo\/","title":{"rendered":"Unser Team"},"content":{"rendered":"<section class=\"l-section wpb_row us_custom_6d566ed5 height_small with_img parallax_ver with_shape\"><div class=\"l-section-img\" role=\"img\" data-img-width=\"1920\" data-img-height=\"1500\" style=\"background-image: url(https:\/\/modisprem.com\/wp-content\/uploads\/2023\/04\/rsz_1equipo-modisprem.jpg);\"><\/div><div class=\"l-section-overlay\" style=\"background:linear-gradient(90deg,rgba(142,194,34,0.67744140625),rgba(135,181,38,0.85244140625))\"><\/div><div class=\"l-section-shape type_wave pos_bottom\" style=\"height:5vmin;color:#ffffff\"><svg xmlns=\"http:\/\/www.w3.org\/2000\/svg\" viewBox=\"0 4 64 4\" preserveAspectRatio=\"none\" width=\"100%\" height=\"100%\">\r\n\t<path fill=\"currentColor\" d=\"M64 6 C32 0 32 12 0 6 L0 8 L64 8 Z\"\/>\r\n<\/svg><\/div><div class=\"l-section-h i-cf\"><div class=\"g-cols vc_row via_grid cols_1 laptops-cols_inherit tablets-cols_inherit mobiles-cols_1 valign_top type_default stacking_default\"><div class=\"wpb_column vc_column_container\"><div class=\"vc_column-inner\"><div class=\"w-separator size_medium\"><\/div><div class=\"wpb_text_column us_custom_29f17b68 has_text_color\"><div class=\"wpb_wrapper\"><p style=\"text-align: center;\">UNSER TEAM<\/p>\n<\/div><\/div><div class=\"w-separator size_medium\"><\/div><div class=\"w-separator size_medium\"><\/div><\/div><\/div><\/div><\/div><\/section><section class=\"l-section wpb_row height_medium\"><div class=\"l-section-h i-cf\"><div class=\"g-cols vc_row via_grid cols_1 laptops-cols_inherit tablets-cols_inherit mobiles-cols_1 valign_top type_default stacking_default\"><div class=\"wpb_column vc_column_container\"><div class=\"vc_column-inner\"><div class=\"wpb_text_column us_custom_559de774\"><div class=\"wpb_wrapper\"><p>Das Modisprems Team ist grundlegend f\u00fcr unseren Erfolg: auf ihrer Professionalit\u00e4t, Engagement, st\u00e4ndigen Verbesserung, Initiative und Innovation gefu\u00dft, sind die Qualit\u00e4t unserer Produkte und die h\u00f6chste Kundenzufriedenheit gew\u00e4hrleistet. Unser Team besteht aus mehr als 100 Mitarbeiter und die Arbeitsbeschaffung hat seit der Gr\u00fcndung des Unternehmens eine wichtige Rolle gespielt. Wir befinden uns in einer st\u00e4ndigen Innovationsatmosph\u00e4re, die die Entwicklung der Karriere unserer Mitarbeiter erm\u00f6glicht.<\/p>\n<\/div><\/div><\/div><\/div><\/div><\/div><\/section><section class=\"l-section wpb_row height_medium\"><div class=\"l-section-h i-cf\"><div class=\"g-cols vc_row via_grid cols_2 laptops-cols_inherit tablets-cols_inherit mobiles-cols_1 valign_top type_default stacking_default\"><div class=\"wpb_column vc_column_container us_custom_3e023ad6 has_bg_color\"><div class=\"vc_column-overlay\" style=\"background:linear-gradient(180deg,rgba(255,255,255,0.71708984375),rgba(255,255,255,0.89833984375))\"><\/div><div class=\"vc_column-inner\"><div class=\"wpb_text_column us_custom_1f38ac72\"><div class=\"wpb_wrapper\"><p style=\"text-align: center;\">Wir sch\u00e4tzen Ihr Talent. Bei uns arbeiten.<br \/>\nSenden Sie Ihren Lebenslauf und halten Sie Ihre Daten auf dem neuesten Stand.<\/p>\n<\/div><\/div><div class=\"w-separator size_small\"><\/div><div class=\"w-btn-wrapper align_center\"><a class=\"w-btn us-btn-style_1\" href=\"mailto:info@modisprem.com?subject=Solicitud empleo Modisprem\"><span class=\"w-btn-label\">Senden Sie Ihren Lebenslauf<\/span><\/a><\/div><\/div><\/div><div class=\"wpb_column vc_column_container us_custom_ed166f03\"><div class=\"vc_column-inner\"><div class=\"wpb_text_column us_custom_1f38ac72\"><div class=\"wpb_wrapper\"><p style=\"text-align: center;\">Fragen Sie nach oder melden Sie die Einhaltung der Mindestkriterien f\u00fcr verantwortungsvolles Wirtschaften<br \/>\nVertraulicher Kanal<\/p>\n<\/div><\/div><div class=\"w-separator size_small\"><\/div><div class=\"w-btn-wrapper align_center\"><a class=\"w-btn us-btn-style_1\" href=\"mailto:info@modisprem.com?subject=Solicitud empleo Modisprem\"><span class=\"w-btn-label\">Senden<\/span><\/a><\/div><\/div><\/div><\/div><\/div><\/section>\n","protected":false},"excerpt":{"rendered":"UNSER TEAM Das Modisprems Team ist grundlegend f\u00fcr unseren Erfolg: auf ihrer Professionalit\u00e4t, Engagement, st\u00e4ndigen Verbesserung, Initiative und Innovation gefu\u00dft, sind die Qualit\u00e4t unserer Produkte und die h\u00f6chste Kundenzufriedenheit gew\u00e4hrleistet. Unser Team besteht aus mehr als 100 Mitarbeiter und die Arbeitsbeschaffung hat seit der Gr\u00fcndung des Unternehmens eine wichtige Rolle gespielt. Wir befinden uns in...","protected":false},"author":1,"featured_media":0,"parent":0,"menu_order":0,"comment_status":"closed","ping_status":"closed","template":"","meta":{"footnotes":""},"class_list":["post-3782","page","type-page","status-publish","hentry"],"_links":{"self":[{"href":"https:\/\/modisprem.com\/de\/wp-json\/wp\/v2\/pages\/3782","targetHints":{"allow":["GET"]}}],"collection":[{"href":"https:\/\/modisprem.com\/de\/wp-json\/wp\/v2\/pages"}],"about":[{"href":"https:\/\/modisprem.com\/de\/wp-json\/wp\/v2\/types\/page"}],"author":[{"embeddable":true,"href":"https:\/\/modisprem.com\/de\/wp-json\/wp\/v2\/users\/1"}],"replies":[{"embeddable":true,"href":"https:\/\/modisprem.com\/de\/wp-json\/wp\/v2\/comments?post=3782"}],"version-history":[{"count":3,"href":"https:\/\/modisprem.com\/de\/wp-json\/wp\/v2\/pages\/3782\/revisions"}],"predecessor-version":[{"id":4687,"href":"https:\/\/modisprem.com\/de\/wp-json\/wp\/v2\/pages\/3782\/revisions\/4687"}],"wp:attachment":[{"href":"https:\/\/modisprem.com\/de\/wp-json\/wp\/v2\/media?parent=3782"}],"curies":[{"name":"wp","href":"https:\/\/api.w.org\/{rel}","templated":true}]}}