{"id":3773,"date":"2024-02-28T19:01:05","date_gmt":"2024-02-28T18:01:05","guid":{"rendered":"http:\/\/modisprem.com\/nuestra-historia\/"},"modified":"2025-12-05T18:19:38","modified_gmt":"2025-12-05T17:19:38","slug":"nuestra-historia","status":"publish","type":"page","link":"https:\/\/modisprem.com\/de\/nuestra-historia\/","title":{"rendered":"Geschichte"},"content":{"rendered":"<section class=\"l-section wpb_row us_custom_6d566ed5 height_small with_video with_shape\"><div id=\"us_bg_video_xbb4\" class=\"l-section-video\"><script>!function(w){var node = document.getElementById( 'us_bg_video_xbb4' );if ( w.innerWidth <= 10 ) { node.remove() }}(window);<\/script><style>@media(max-width:10px){#us_bg_video_xbb4{display:none!important}}<\/style><video  autoplay loop muted playsinline preload=\"auto\"><source type=\"video\/mp4\" src=\"http:\/\/modisprem.com\/wp-content\/uploads\/2024\/07\/modisprem-historia.mp4\" \/><\/video><\/div><div class=\"l-section-shape type_wave pos_bottom\" style=\"height:5vmin;color:#ffffff\"><svg xmlns=\"http:\/\/www.w3.org\/2000\/svg\" viewBox=\"0 4 64 4\" preserveAspectRatio=\"none\" width=\"100%\" height=\"100%\">\r\n\t<path fill=\"currentColor\" d=\"M64 6 C32 0 32 12 0 6 L0 8 L64 8 Z\"\/>\r\n<\/svg><\/div><div class=\"l-section-h i-cf\"><div class=\"g-cols vc_row via_grid cols_1 laptops-cols_inherit tablets-cols_inherit mobiles-cols_1 valign_top type_default stacking_default\"><div class=\"wpb_column vc_column_container\"><div class=\"vc_column-inner\"><div class=\"w-separator size_huge\"><\/div><div class=\"w-separator size_huge\"><\/div><\/div><\/div><\/div><\/div><\/section><section class=\"l-section wpb_row height_medium\"><div class=\"l-section-h i-cf\"><div class=\"g-cols vc_row via_grid cols_1 laptops-cols_inherit tablets-cols_inherit mobiles-cols_1 valign_top type_default stacking_default\"><div class=\"wpb_column vc_column_container\"><div class=\"vc_column-inner\"><div class=\"wpb_text_column us_custom_9c7e79d5\"><div class=\"wpb_wrapper\"><p style=\"text-align: center;\">GESCHICHTE<\/p>\n<\/div><\/div><div class=\"w-separator size_small\"><\/div><div class=\"wpb_text_column us_custom_1ff6d203 has_text_color\"><div class=\"wpb_wrapper\"><p style=\"text-align: center;\">VON EINEM KLEINEN LAGER\u2026BIS EINEM GROSSEN INTERNATIONALEN UNTERNEHMEN<\/p>\n<\/div><\/div><div class=\"w-separator size_medium\"><\/div><div class=\"wpb_text_column\"><div class=\"wpb_wrapper\"><p>Der Ursprung von MODISPREM bringt uns bis zum Jahr 1.973 in ein kleines Lagerhaus in der N\u00e4he von Villamayor (Saragossa). Hier begann Don Antonio Fa\u00f1an\u00e1s, Polyurethanschaum zu verarbeiten und Schulterpolster f\u00fcr die Textilindustrie herzustellen. Derzeit ist MODISPREM ein internationales Modell f\u00fcr die Verarbeitung von Kunststoffschaum und Textilprodukten f\u00fcr alle Industriebereiche und insbesondere f\u00fcr die Automobilbranche.<\/p>\n<\/div><\/div><\/div><\/div><\/div><\/div><\/section><section class=\"l-section wpb_row height_medium with_img parallax_ver\"><div class=\"l-section-img\" role=\"img\" data-img-width=\"1920\" data-img-height=\"1201\" style=\"background-image: url(https:\/\/modisprem.com\/wp-content\/uploads\/2024\/01\/fondo-blanco-abstracto-reducido.jpg);\"><\/div><div class=\"l-section-overlay\" style=\"background:linear-gradient(180deg,rgba(255,255,255,0.00),#ffffff)\"><\/div><div class=\"l-section-h i-cf\"><div class=\"g-cols vc_row via_grid cols_1-4-1 laptops-cols_inherit tablets-cols_inherit mobiles-cols_1 valign_top type_default stacking_default\"><div class=\"wpb_column vc_column_container\"><div class=\"vc_column-inner\"><\/div><\/div><div class=\"wpb_column vc_column_container\"><div class=\"vc_column-inner\"><div class=\"g-cols wpb_row via_grid cols_2 laptops-cols_inherit tablets-cols_inherit mobiles-cols_1 valign_middle type_default stacking_default\" style=\"--gap:3rem;\"><div class=\"wpb_column vc_column_container\"><div class=\"vc_column-inner\"><div class=\"w-image us_custom_570dfb8c style_shadow-1 align_center\"><div class=\"w-image-h\"><img decoding=\"async\" width=\"720\" height=\"400\" src=\"https:\/\/modisprem.com\/wp-content\/uploads\/2024\/01\/1973.jpg\" class=\"attachment-full size-full\" alt=\"\" loading=\"lazy\" srcset=\"https:\/\/modisprem.com\/wp-content\/uploads\/2024\/01\/1973.jpg 720w, https:\/\/modisprem.com\/wp-content\/uploads\/2024\/01\/1973-300x167.jpg 300w, https:\/\/modisprem.com\/wp-content\/uploads\/2024\/01\/1973-24x13.jpg 24w, https:\/\/modisprem.com\/wp-content\/uploads\/2024\/01\/1973-36x20.jpg 36w, https:\/\/modisprem.com\/wp-content\/uploads\/2024\/01\/1973-48x27.jpg 48w\" sizes=\"auto, (max-width: 720px) 100vw, 720px\" \/><\/div><\/div><div class=\"w-separator size_small\"><\/div><div class=\"wpb_text_column us_custom_60e9caca us_animate_this\"><div class=\"wpb_wrapper\"><h2 style=\"text-align: center;\">1.972<\/h2>\n<\/div><\/div><\/div><\/div><div class=\"wpb_column vc_column_container\"><div class=\"vc_column-inner\"><div class=\"w-image us_custom_570dfb8c style_shadow-1 align_center\"><div class=\"w-image-h\"><img decoding=\"async\" width=\"720\" height=\"400\" src=\"https:\/\/modisprem.com\/wp-content\/uploads\/2024\/01\/1979.jpg\" class=\"attachment-full size-full\" alt=\"\" loading=\"lazy\" srcset=\"https:\/\/modisprem.com\/wp-content\/uploads\/2024\/01\/1979.jpg 720w, https:\/\/modisprem.com\/wp-content\/uploads\/2024\/01\/1979-300x167.jpg 300w, https:\/\/modisprem.com\/wp-content\/uploads\/2024\/01\/1979-24x13.jpg 24w, https:\/\/modisprem.com\/wp-content\/uploads\/2024\/01\/1979-36x20.jpg 36w, https:\/\/modisprem.com\/wp-content\/uploads\/2024\/01\/1979-48x27.jpg 48w\" sizes=\"auto, (max-width: 720px) 100vw, 720px\" \/><\/div><\/div><div class=\"w-separator size_small\"><\/div><div class=\"wpb_text_column us_custom_3683a75f us_animate_this\"><div class=\"wpb_wrapper\"><h2 style=\"text-align: center;\">1.979<\/h2>\n<\/div><\/div><\/div><\/div><\/div><div class=\"w-separator size_small\"><\/div><div class=\"w-image us_custom_570dfb8c style_shadow-1 align_center\"><div class=\"w-image-h\"><img decoding=\"async\" width=\"1907\" height=\"384\" src=\"https:\/\/modisprem.com\/wp-content\/uploads\/2024\/01\/2022.jpg\" class=\"attachment-full size-full\" alt=\"\" loading=\"lazy\" srcset=\"https:\/\/modisprem.com\/wp-content\/uploads\/2024\/01\/2022.jpg 1907w, https:\/\/modisprem.com\/wp-content\/uploads\/2024\/01\/2022-300x60.jpg 300w, https:\/\/modisprem.com\/wp-content\/uploads\/2024\/01\/2022-1024x206.jpg 1024w, https:\/\/modisprem.com\/wp-content\/uploads\/2024\/01\/2022-24x5.jpg 24w, https:\/\/modisprem.com\/wp-content\/uploads\/2024\/01\/2022-36x7.jpg 36w, https:\/\/modisprem.com\/wp-content\/uploads\/2024\/01\/2022-48x10.jpg 48w\" sizes=\"auto, (max-width: 1907px) 100vw, 1907px\" \/><\/div><\/div><div class=\"w-separator size_small\"><\/div><div class=\"wpb_text_column us_custom_60e9caca us_animate_this\"><div class=\"wpb_wrapper\"><h2 style=\"text-align: center;\">2.022<\/h2>\n<\/div><\/div><div class=\"w-separator size_medium\"><\/div><div class=\"w-image align_none\"><div class=\"w-image-h\"><img decoding=\"async\" width=\"1024\" height=\"768\" src=\"https:\/\/modisprem.com\/wp-content\/uploads\/2025\/10\/Modisprem-desde-el-aire-2.jpeg\" class=\"attachment-large size-large\" alt=\"Modisprem desde el aire 2\" loading=\"lazy\" srcset=\"https:\/\/modisprem.com\/wp-content\/uploads\/2025\/10\/Modisprem-desde-el-aire-2.jpeg 1024w, https:\/\/modisprem.com\/wp-content\/uploads\/2025\/10\/Modisprem-desde-el-aire-2-300x225.jpeg 300w, https:\/\/modisprem.com\/wp-content\/uploads\/2025\/10\/Modisprem-desde-el-aire-2-24x18.jpeg 24w, https:\/\/modisprem.com\/wp-content\/uploads\/2025\/10\/Modisprem-desde-el-aire-2-36x27.jpeg 36w, https:\/\/modisprem.com\/wp-content\/uploads\/2025\/10\/Modisprem-desde-el-aire-2-48x36.jpeg 48w\" sizes=\"auto, (max-width: 1024px) 100vw, 1024px\" \/><\/div><\/div><div class=\"w-separator size_medium\"><\/div><div class=\"wpb_text_column us_custom_60e9caca us_animate_this\"><div class=\"wpb_wrapper\"><h2 style=\"text-align: center;\">2.025<\/h2>\n<\/div><\/div><\/div><\/div><div class=\"wpb_column vc_column_container\"><div class=\"vc_column-inner\"><\/div><\/div><\/div><\/div><\/section><section class=\"l-section wpb_row height_medium\"><div class=\"l-section-h i-cf\"><div class=\"g-cols vc_row via_grid cols_1 laptops-cols_inherit tablets-cols_inherit mobiles-cols_1 valign_top type_default stacking_default\"><div class=\"wpb_column vc_column_container\"><div class=\"vc_column-inner\"><div class=\"smile-icon-timeline-wrap csstime   tl-animation-slide-out\"  data-time_sep_bg_color=&quot;#8ec222&quot; data-time_block_bg_color=&quot;#ffffff&quot; data-time_sep_color=&quot;#0a0a0a&quot; style=\"\"><div class=\"timeline-line \" style=\"border-right-color:#adadad;\"><span><\/span><\/div><div class=\"timeline-wrapper\"><div class=\"timeline-block \"><div class=\"timeline-dot\"><\/div><div class=\"ult-timeline-arrow\"><s><\/s><l><\/l><\/div><div class=\"timeline-icon-block\"><div class=\"ult-timeline-icon tl-icon-no-bg\" style=\"   \"><\/div> <!-- icon --><\/div><div class=\"timeline-header-block\" >\n\t\t\t\t\t\t\t<div id=\"timeline-item-9822\" class=\"timeline-header\" style=\"\"><h3 class=\"ult-timeline-title ult-responsive\"  data-ultimate-target='#timeline-item-9822 .ult-timeline-title'  data-responsive-json-new='{\"font-size\":\"desktop:24px;\",\"line-height\":\"desktop:28px;\"}'  style=\"font-weight:bold;color:#000000;\">Umzug nach Zuera. (1.979)<\/h3><div class=\"ult-responsive timeline-item-spt\"  data-ultimate-target='#timeline-item-9822 .timeline-item-spt'  data-responsive-json-new='{\"font-size\":\"desktop:18px;\",\"line-height\":\"desktop:20px;\"}'  style=\"color:#0a0a0a;\">Unsere Einrichtungen wurden in eine alte Mehlfabrik in der Stadt Zuera (Saragossa) auf einer Grundfl\u00e4che von 5.000 m2 umgestellt. M\u00e4rkte und Werkstoffe wurden diversifiziert und eine neue Gesch\u00e4ftslinie, an Haushaltsger\u00e4te gezielt, wurde entwickelt.<\/div><\/div> <!-- header --><\/div><\/div><div class=\"timeline-block \"><div class=\"timeline-dot\"><\/div><div class=\"ult-timeline-arrow\"><s><\/s><l><\/l><\/div><div class=\"timeline-icon-block\"><div class=\"ult-timeline-icon tl-icon-no-bg\" style=\"   \"><\/div> <!-- icon --><\/div><div class=\"timeline-header-block\" >\n\t\t\t\t\t\t\t<div id=\"timeline-item-1820\" class=\"timeline-header\" style=\"\"><h3 class=\"ult-timeline-title ult-responsive\"  data-ultimate-target='#timeline-item-1820 .ult-timeline-title'  data-responsive-json-new='{\"font-size\":\"desktop:24px;\",\"line-height\":\"desktop:28px;\"}'  style=\"font-weight:bold;color:#000000;\">(1.987) St\u00e4ndiges Wachstum.<\/h3><div class=\"ult-responsive timeline-item-spt\"  data-ultimate-target='#timeline-item-1820 .timeline-item-spt'  data-responsive-json-new='{\"font-size\":\"desktop:18px;\",\"line-height\":\"desktop:20px;\"}'  style=\"color:#0a0a0a;\">Dies veranlasst uns erneut dazu, das Werk an den aktuellen Standort zu verlegen, die Anlage auf 15.000 m2 zu erweitern und mehr als 8.000 m2 zu bauen.<\/div><\/div> <!-- header --><\/div><\/div><div class=\"timeline-block \"><div class=\"timeline-dot\"><\/div><div class=\"ult-timeline-arrow\"><s><\/s><l><\/l><\/div><div class=\"timeline-icon-block\"><div class=\"ult-timeline-icon tl-icon-no-bg\" style=\"   \"><\/div> <!-- icon --><\/div><div class=\"timeline-header-block\" >\n\t\t\t\t\t\t\t<div id=\"timeline-item-7915\" class=\"timeline-header\" style=\"\"><h3 class=\"ult-timeline-title ult-responsive\"  data-ultimate-target='#timeline-item-7915 .ult-timeline-title'  data-responsive-json-new='{\"font-size\":\"desktop:24px;\",\"line-height\":\"desktop:28px;\"}'  style=\"font-weight:bold;color:#000000;\">Erste Zertifizierung. (1.998)<\/h3><div class=\"ult-responsive timeline-item-spt\"  data-ultimate-target='#timeline-item-7915 .timeline-item-spt'  data-responsive-json-new='{\"font-size\":\"desktop:18px;\",\"line-height\":\"desktop:20px;\"}'  style=\"color:#0a0a0a;\">Die Diversifizierung der M\u00e4rkte und die Anforderungen der Kunden f\u00fchren dazu, dass wir die Zertifizierung UNE-EN-ISO 9002\/1994 f\u00fcr unser Qualit\u00e4tssicherungsmanagementsystem erhalten.<\/div><\/div> <!-- header --><\/div><\/div><div class=\"timeline-block \"><div class=\"timeline-dot\"><\/div><div class=\"ult-timeline-arrow\"><s><\/s><l><\/l><\/div><div class=\"timeline-icon-block\"><div class=\"ult-timeline-icon tl-icon-no-bg\" style=\"   \"><\/div> <!-- icon --><\/div><div class=\"timeline-header-block\" >\n\t\t\t\t\t\t\t<div id=\"timeline-item-6567\" class=\"timeline-header\" style=\"\"><h3 class=\"ult-timeline-title ult-responsive\"  data-ultimate-target='#timeline-item-6567 .ult-timeline-title'  data-responsive-json-new='{\"font-size\":\"desktop:24px;\",\"line-height\":\"desktop:28px;\"}'  style=\"font-weight:bold;color:#000000;\">(2002) Neue Einrichtungen.<\/h3><div class=\"ult-responsive timeline-item-spt\"  data-ultimate-target='#timeline-item-6567 .timeline-item-spt'  data-responsive-json-new='{\"font-size\":\"desktop:18px;\",\"line-height\":\"desktop:20px;\"}'  style=\"color:#0a0a0a;\">Wir haben das letzte verf\u00fcgbare Grundst\u00fcck im Industriegebiet erworben, das auf eine Fl\u00e4che von 20.000 m\u00b2 angewachsen ist. Wir haben 2.100 m\u00b2 neue Anlagen gebaut und einen Schaumumwandlungsprozess durch Formen und Thermoformen entwickelt.<\/div><\/div> <!-- header --><\/div><\/div><div class=\"timeline-block \"><div class=\"timeline-dot\"><\/div><div class=\"ult-timeline-arrow\"><s><\/s><l><\/l><\/div><div class=\"timeline-icon-block\"><div class=\"ult-timeline-icon tl-icon-no-bg\" style=\"   \"><\/div> <!-- icon --><\/div><div class=\"timeline-header-block\" >\n\t\t\t\t\t\t\t<div id=\"timeline-item-9518\" class=\"timeline-header\" style=\"\"><h3 class=\"ult-timeline-title ult-responsive\"  data-ultimate-target='#timeline-item-9518 .ult-timeline-title'  data-responsive-json-new='{\"font-size\":\"desktop:24px;\",\"line-height\":\"desktop:28px;\"}'  style=\"font-weight:bold;color:#000000;\">Erreichung der UNE-EN-ISO 9001: 2000-Zertifizierung.. (2.003)<\/h3><div class=\"ult-responsive timeline-item-spt\"  data-ultimate-target='#timeline-item-9518 .timeline-item-spt'  data-responsive-json-new='{\"font-size\":\"desktop:18px;\",\"line-height\":\"desktop:20px;\"}'  style=\"color:#0a0a0a;\"><\/div><\/div> <!-- header --><\/div><\/div><div class=\"timeline-block \"><div class=\"timeline-dot\"><\/div><div class=\"ult-timeline-arrow\"><s><\/s><l><\/l><\/div><div class=\"timeline-icon-block\"><div class=\"ult-timeline-icon tl-icon-no-bg\" style=\"   \"><\/div> <!-- icon --><\/div><div class=\"timeline-header-block\" >\n\t\t\t\t\t\t\t<div id=\"timeline-item-9430\" class=\"timeline-header\" style=\"\"><h3 class=\"ult-timeline-title ult-responsive\"  data-ultimate-target='#timeline-item-9430 .ult-timeline-title'  data-responsive-json-new='{\"font-size\":\"desktop:24px;\",\"line-height\":\"desktop:28px;\"}'  style=\"font-weight:bold;color:#000000;\">(2.008) Erreichung der UNE EN ISO 9001: 2008-Zertifizierung.<\/h3><div class=\"ult-responsive timeline-item-spt\"  data-ultimate-target='#timeline-item-9430 .timeline-item-spt'  data-responsive-json-new='{\"font-size\":\"desktop:18px;\",\"line-height\":\"desktop:20px;\"}'  style=\"color:#0a0a0a;\"><\/div><\/div> <!-- header --><\/div><\/div><div class=\"timeline-block \"><div class=\"timeline-dot\"><\/div><div class=\"ult-timeline-arrow\"><s><\/s><l><\/l><\/div><div class=\"timeline-icon-block\"><div class=\"ult-timeline-icon tl-icon-no-bg\" style=\"   \"><\/div> <!-- icon --><\/div><div class=\"timeline-header-block\" >\n\t\t\t\t\t\t\t<div id=\"timeline-item-5002\" class=\"timeline-header\" style=\"\"><h3 class=\"ult-timeline-title ult-responsive\"  data-ultimate-target='#timeline-item-5002 .ult-timeline-title'  data-responsive-json-new='{\"font-size\":\"desktop:24px;\",\"line-height\":\"desktop:28px;\"}'  style=\"font-weight:bold;color:#000000;\">Neue Erweiterung. (2.014)<\/h3><div class=\"ult-responsive timeline-item-spt\"  data-ultimate-target='#timeline-item-5002 .timeline-item-spt'  data-responsive-json-new='{\"font-size\":\"desktop:18px;\",\"line-height\":\"desktop:20px;\"}'  style=\"color:#0a0a0a;\">Diesmal sind die Logistikanlagen 1.700 m\u00b2 gro\u00df, so dass insgesamt 11.800 m\u00b2 gebaut wurden<\/div><\/div> <!-- header --><\/div><\/div><div class=\"timeline-block \"><div class=\"timeline-dot\"><\/div><div class=\"ult-timeline-arrow\"><s><\/s><l><\/l><\/div><div class=\"timeline-icon-block\"><div class=\"ult-timeline-icon tl-icon-no-bg\" style=\"   \"><\/div> <!-- icon --><\/div><div class=\"timeline-header-block\" >\n\t\t\t\t\t\t\t<div id=\"timeline-item-5692\" class=\"timeline-header\" style=\"\"><h3 class=\"ult-timeline-title ult-responsive\"  data-ultimate-target='#timeline-item-5692 .ult-timeline-title'  data-responsive-json-new='{\"font-size\":\"desktop:24px;\",\"line-height\":\"desktop:28px;\"}'  style=\"font-weight:bold;color:#000000;\">(2.015) Erreichung der ISO \/ TS 16949-Zertifizierung.<\/h3><div class=\"ult-responsive timeline-item-spt\"  data-ultimate-target='#timeline-item-5692 .timeline-item-spt'  data-responsive-json-new='{\"font-size\":\"desktop:18px;\",\"line-height\":\"desktop:20px;\"}'  style=\"color:#0a0a0a;\"><\/div><\/div> <!-- header --><\/div><\/div><div class=\"timeline-block \"><div class=\"timeline-dot\"><\/div><div class=\"ult-timeline-arrow\"><s><\/s><l><\/l><\/div><div class=\"timeline-icon-block\"><div class=\"ult-timeline-icon tl-icon-no-bg\" style=\"   \"><\/div> <!-- icon --><\/div><div class=\"timeline-header-block\" >\n\t\t\t\t\t\t\t<div id=\"timeline-item-6498\" class=\"timeline-header\" style=\"\"><h3 class=\"ult-timeline-title ult-responsive\"  data-ultimate-target='#timeline-item-6498 .ult-timeline-title'  data-responsive-json-new='{\"font-size\":\"desktop:24px;\",\"line-height\":\"desktop:28px;\"}'  style=\"font-weight:bold;color:#000000;\">Wir haben erfolgreich die IATF- und VDA-Zertifizierung erhalten.(2.018)<\/h3><div class=\"ult-responsive timeline-item-spt\"  data-ultimate-target='#timeline-item-6498 .timeline-item-spt'  data-responsive-json-new='{\"font-size\":\"desktop:18px;\",\"line-height\":\"desktop:20px;\"}'  style=\"color:#0a0a0a;\"><\/div><\/div> <!-- header --><\/div><\/div><div class=\"timeline-block \"><div class=\"timeline-dot\"><\/div><div class=\"ult-timeline-arrow\"><s><\/s><l><\/l><\/div><div class=\"timeline-icon-block\"><div class=\"ult-timeline-icon tl-icon-no-bg\" style=\"   \"><\/div> <!-- icon --><\/div><div class=\"timeline-header-block\" >\n\t\t\t\t\t\t\t<div id=\"timeline-item-5078\" class=\"timeline-header\" style=\"\"><h3 class=\"ult-timeline-title ult-responsive\"  data-ultimate-target='#timeline-item-5078 .ult-timeline-title'  data-responsive-json-new='{\"font-size\":\"desktop:24px;\",\"line-height\":\"desktop:28px;\"}'  style=\"font-weight:bold;color:#000000;\">(2.020) COVID-19<\/h3><div class=\"ult-responsive timeline-item-spt\"  data-ultimate-target='#timeline-item-5078 .timeline-item-spt'  data-responsive-json-new='{\"font-size\":\"desktop:18px;\",\"line-height\":\"desktop:20px;\"}'  style=\"color:#0a0a0a;\">Trotz der durch COVID-19 verursachten Situation, hat Modisprem geschafft, seine F\u00fchrungsposition zu halten, und schlie\u00dft das Jahr mit positiven Zahlen ab.<\/div><\/div> <!-- header --><\/div><\/div><div class=\"timeline-block \"><div class=\"timeline-dot\"><\/div><div class=\"ult-timeline-arrow\"><s><\/s><l><\/l><\/div><div class=\"timeline-icon-block\"><div class=\"ult-timeline-icon tl-icon-no-bg\" style=\"   \"><\/div> <!-- icon --><\/div><div class=\"timeline-header-block\" >\n\t\t\t\t\t\t\t<div id=\"timeline-item-2550\" class=\"timeline-header\" style=\"\"><h3 class=\"ult-timeline-title ult-responsive\"  data-ultimate-target='#timeline-item-2550 .ult-timeline-title'  data-responsive-json-new='{\"font-size\":\"desktop:24px;\",\"line-height\":\"desktop:28px;\"}'  style=\"font-weight:bold;color:#000000;\">Wir haben erfolgreich die ISO 14001-Zertifizierung erhalten. (2.023)<\/h3><div class=\"ult-responsive timeline-item-spt\"  data-ultimate-target='#timeline-item-2550 .timeline-item-spt'  data-responsive-json-new='{\"font-size\":\"desktop:18px;\",\"line-height\":\"desktop:20px;\"}'  style=\"color:#0a0a0a;\">Wir haben uns zu einem wirksamen Umweltmanagementsystem verpflichtet und sind nach ISO 14001 zertifiziert.<\/div><\/div> <!-- header --><\/div><\/div><div class=\"timeline-block \"><div class=\"timeline-dot\"><\/div><div class=\"ult-timeline-arrow\"><s><\/s><l><\/l><\/div><div class=\"timeline-icon-block\"><div class=\"ult-timeline-icon tl-icon-no-bg\" style=\"   \"><\/div> <!-- icon --><\/div><div class=\"timeline-header-block\" >\n\t\t\t\t\t\t\t<div id=\"timeline-item-7505\" class=\"timeline-header\" style=\"\"><h3 class=\"ult-timeline-title ult-responsive\"  data-ultimate-target='#timeline-item-7505 .ult-timeline-title'  data-responsive-json-new='{\"font-size\":\"desktop:24px;\",\"line-height\":\"desktop:28px;\"}'  style=\"font-weight:bold;color:#000000;\">(2.024) Neue Erweiterung.<\/h3><div class=\"ult-responsive timeline-item-spt\"  data-ultimate-target='#timeline-item-7505 .timeline-item-spt'  data-responsive-json-new='{\"font-size\":\"desktop:18px;\",\"line-height\":\"desktop:20px;\"}'  style=\"color:#0a0a0a;\">Wir haben ein neues Lager mit einer Fl\u00e4che von 1.800 m\u00b2 und einer \u00fcberdachten Fl\u00e4che von \u00fcber 13.600 m\u00b2 gebaut.<\/div><\/div> <!-- header --><\/div><\/div><\/div><\/div><\/div><\/div><\/div><\/div><\/section>\n","protected":false},"excerpt":{"rendered":"GESCHICHTE VON EINEM KLEINEN LAGER\u2026BIS EINEM GROSSEN INTERNATIONALEN UNTERNEHMEN Der Ursprung von MODISPREM bringt uns bis zum Jahr 1.973 in ein kleines Lagerhaus in der N\u00e4he von Villamayor (Saragossa). Hier begann Don Antonio Fa\u00f1an\u00e1s, Polyurethanschaum zu verarbeiten und Schulterpolster f\u00fcr die Textilindustrie herzustellen. Derzeit ist MODISPREM ein internationales Modell f\u00fcr die Verarbeitung von Kunststoffschaum und...","protected":false},"author":1,"featured_media":0,"parent":0,"menu_order":0,"comment_status":"closed","ping_status":"closed","template":"","meta":{"footnotes":""},"class_list":["post-3773","page","type-page","status-publish","hentry"],"_links":{"self":[{"href":"https:\/\/modisprem.com\/de\/wp-json\/wp\/v2\/pages\/3773","targetHints":{"allow":["GET"]}}],"collection":[{"href":"https:\/\/modisprem.com\/de\/wp-json\/wp\/v2\/pages"}],"about":[{"href":"https:\/\/modisprem.com\/de\/wp-json\/wp\/v2\/types\/page"}],"author":[{"embeddable":true,"href":"https:\/\/modisprem.com\/de\/wp-json\/wp\/v2\/users\/1"}],"replies":[{"embeddable":true,"href":"https:\/\/modisprem.com\/de\/wp-json\/wp\/v2\/comments?post=3773"}],"version-history":[{"count":9,"href":"https:\/\/modisprem.com\/de\/wp-json\/wp\/v2\/pages\/3773\/revisions"}],"predecessor-version":[{"id":6058,"href":"https:\/\/modisprem.com\/de\/wp-json\/wp\/v2\/pages\/3773\/revisions\/6058"}],"wp:attachment":[{"href":"https:\/\/modisprem.com\/de\/wp-json\/wp\/v2\/media?parent=3773"}],"curies":[{"name":"wp","href":"https:\/\/api.w.org\/{rel}","templated":true}]}}