{"id":3764,"date":"2024-02-28T18:59:43","date_gmt":"2024-02-28T17:59:43","guid":{"rendered":"http:\/\/modisprem.com\/quienes-somos\/"},"modified":"2024-07-29T10:29:49","modified_gmt":"2024-07-29T08:29:49","slug":"quienes-somos","status":"publish","type":"page","link":"https:\/\/modisprem.com\/de\/quienes-somos\/","title":{"rendered":"\u00dcber uns"},"content":{"rendered":"<section class=\"l-section wpb_row height_auto\"><div class=\"l-section-overlay\" style=\"background:#8ec222\"><\/div><div class=\"l-section-h i-cf\"><div class=\"g-cols vc_row via_grid cols_1 laptops-cols_inherit tablets-cols_inherit mobiles-cols_1 valign_top type_default stacking_default\"><div class=\"wpb_column vc_column_container\"><div class=\"vc_column-inner\">\n\t\t\t<!-- START Empresa REVOLUTION SLIDER 6.6.19 --><p class=\"rs-p-wp-fix\"><\/p>\n\t\t\t<rs-module-wrap id=\"rev_slider_7_1_wrapper\" data-source=\"gallery\" style=\"visibility:hidden;background:transparent;padding:0;margin:0px auto;margin-top:0;margin-bottom:0;\">\n\t\t\t\t<rs-module id=\"rev_slider_7_1\" style=\"\" data-version=\"6.6.19\">\n\t\t\t\t\t<rs-slides style=\"overflow: hidden; position: absolute;\">\n\t\t\t\t\t\t<rs-slide style=\"position: absolute;\" data-key=\"rs-67\" data-title=\"Video\" data-in=\"o:0;\" data-out=\"a:false;\">\n\t\t\t\t\t\t\t<img decoding=\"async\" src=\"\/\/modisprem.com\/wp-content\/plugins\/revslider\/public\/assets\/assets\/dummy.png\" alt=\"V\u00eddeo web Modisprem\" title=\"V\u00eddeo web Modisprem\" width=\"1920\" height=\"500\" class=\"rev-slidebg tp-rs-img rs-lazyload\" data-lazyload=\"\/\/modisprem.com\/wp-content\/uploads\/revslider\/video-media\/video-web-modisprem_2.jpeg\" data-no-retina>\n\t\t\t\t\t\t\t<rs-bgvideo \n\t\t\t\t\t\t\t\tdata-video=\"w:100%;h:100%;nse:false;l:true;ptimer:false;vfc:true;\"\n\t\t\t\t\t\t\t\tdata-mp4=\"\/\/modisprem.com\/wp-content\/uploads\/2023\/04\/modisprem.mp4\"\n\t\t\t\t\t\t\t><\/rs-bgvideo>\n<!--\n\t\t\t\t\t\t\t--><rs-layer\n\t\t\t\t\t\t\t\tid=\"slider-7-slide-67-layer-0\" \n\t\t\t\t\t\t\t\tdata-type=\"text\"\n\t\t\t\t\t\t\t\tdata-color=\"#ffffff\"\n\t\t\t\t\t\t\t\tdata-tsh=\"c:rgba(0,0,0,0.7);h:1px;v:1px;b:7px;\"\n\t\t\t\t\t\t\t\tdata-rsp_ch=\"on\"\n\t\t\t\t\t\t\t\tdata-xy=\"x:53px;y:b;yo:160px;\"\n\t\t\t\t\t\t\t\tdata-text=\"w:normal;s:78;l:70;ls:0px;fw:700;\"\n\t\t\t\t\t\t\t\tdata-frame_0=\"y:100%;\"\n\t\t\t\t\t\t\t\tdata-frame_0_mask=\"u:t;\"\n\t\t\t\t\t\t\t\tdata-frame_1=\"st:230;sp:2260;sR:230;\"\n\t\t\t\t\t\t\t\tdata-frame_1_mask=\"u:t;\"\n\t\t\t\t\t\t\t\tdata-frame_999=\"o:0;st:w;sR:2510;\"\n\t\t\t\t\t\t\t\tstyle=\"z-index:7;font-family:'Roboto';\"\n\t\t\t\t\t\t\t>WIR WERARBEITEN \n\t\t\t\t\t\t\t<\/rs-layer><!--\n\n\t\t\t\t\t\t\t--><rs-layer\n\t\t\t\t\t\t\t\tid=\"slider-7-slide-67-layer-1\" \n\t\t\t\t\t\t\t\tdata-type=\"text\"\n\t\t\t\t\t\t\t\tdata-color=\"#000000\"\n\t\t\t\t\t\t\t\tdata-rsp_ch=\"on\"\n\t\t\t\t\t\t\t\tdata-xy=\"x:50px;y:b;yo:70px;\"\n\t\t\t\t\t\t\t\tdata-text=\"w:normal;s:60;l:60;ls:0px;\"\n\t\t\t\t\t\t\t\tdata-padding=\"t:10;r:10;b:10;l:10;\"\n\t\t\t\t\t\t\t\tdata-frame_0=\"y:100%;\"\n\t\t\t\t\t\t\t\tdata-frame_0_mask=\"u:t;\"\n\t\t\t\t\t\t\t\tdata-frame_1=\"sp:2020;\"\n\t\t\t\t\t\t\t\tdata-frame_1_mask=\"u:t;\"\n\t\t\t\t\t\t\t\tdata-frame_999=\"o:0;st:w;sR:2980;\"\n\t\t\t\t\t\t\t\tstyle=\"z-index:6;background-color:rgba(255,209,54,0.93);font-family:'PT Sans Narrow';\"\n\t\t\t\t\t\t\t>KUNSTSTOFFSCH\u00c4UME UND TEXTILPRODUKTE \n\t\t\t\t\t\t\t<\/rs-layer><!--\n-->\t\t\t\t\t\t<\/rs-slide>\n\t\t\t\t\t<\/rs-slides>\n\t\t\t\t<\/rs-module>\n\t\t\t\t<script>\n\t\t\t\t\tsetREVStartSize({c: 'rev_slider_7_1',rl:[1240,1024,778,480],el:[700],gw:[1240],gh:[700],type:'standard',justify:'',layout:'fullwidth',mh:\"0\"});if (window.RS_MODULES!==undefined && window.RS_MODULES.modules!==undefined && window.RS_MODULES.modules[\"revslider71\"]!==undefined) {window.RS_MODULES.modules[\"revslider71\"].once = false;window.revapi7 = undefined;if (window.RS_MODULES.checkMinimal!==undefined) window.RS_MODULES.checkMinimal()}\n\t\t\t\t<\/script>\n\t\t\t<\/rs-module-wrap>\n\t\t\t<!-- END REVOLUTION SLIDER -->\n<\/div><\/div><\/div><\/div><\/section><section class=\"l-section wpb_row height_auto width_full with_img parallax_ver\"><div class=\"l-section-img\" role=\"img\" data-img-width=\"1920\" data-img-height=\"700\" style=\"background-image: url(https:\/\/modisprem.com\/wp-content\/uploads\/2023\/01\/cielo.jpg);\"><\/div><div class=\"l-section-h i-cf\"><div class=\"g-cols vc_row via_grid cols_2 laptops-cols_inherit tablets-cols_inherit mobiles-cols_1 valign_bottom type_default stacking_default\"><div class=\"wpb_column vc_column_container\"><div class=\"vc_column-inner\"><div class=\"w-separator size_medium\"><\/div><div class=\"w-separator size_medium\"><\/div><div class=\"wpb_text_column us_custom_b0db143a has_text_color us_animate_this\"><div class=\"wpb_wrapper\"><p style=\"text-align: center;\"><strong>\u00dcBER UNS<\/strong><\/p>\n<\/div><\/div><div class=\"w-separator size_medium\"><\/div><\/div><\/div><div class=\"wpb_column vc_column_container\"><div class=\"vc_column-inner\"><div class=\"w-image align_right\"><div class=\"w-image-h\"><img decoding=\"async\" width=\"800\" height=\"347\" src=\"https:\/\/modisprem.com\/wp-content\/uploads\/2023\/01\/modiisprem-edificio.png\" class=\"attachment-full size-full\" alt=\"\" loading=\"lazy\" srcset=\"https:\/\/modisprem.com\/wp-content\/uploads\/2023\/01\/modiisprem-edificio.png 800w, https:\/\/modisprem.com\/wp-content\/uploads\/2023\/01\/modiisprem-edificio-300x130.png 300w\" sizes=\"auto, (max-width: 800px) 100vw, 800px\" \/><\/div><\/div><\/div><\/div><\/div><\/div><\/section><section class=\"l-section wpb_row height_medium with_img parallax_ver\"><div class=\"l-section-img\" role=\"img\" data-img-width=\"1920\" data-img-height=\"909\" style=\"background-image: url(https:\/\/modisprem.com\/wp-content\/uploads\/2023\/02\/fondo-amarilo-texturizado.jpg);\"><\/div><div class=\"l-section-overlay\" style=\"background:linear-gradient(90deg,rgba(247,224,10,0.00),#ffe017)\"><\/div><div class=\"l-section-h i-cf\"><div class=\"g-cols vc_row via_grid cols_1 laptops-cols_inherit tablets-cols_inherit mobiles-cols_1 valign_top type_default stacking_default\"><div class=\"wpb_column vc_column_container\"><div class=\"vc_column-inner\"><div class=\"wpb_text_column us_custom_5e34effd\"><div class=\"wpb_wrapper\"><p style=\"text-align: center;\">Mission<\/p>\n<\/div><\/div><\/div><\/div><\/div><\/div><\/section><section class=\"l-section wpb_row height_huge with_img\"><div class=\"l-section-img\" role=\"img\" data-img-width=\"1920\" data-img-height=\"800\" style=\"background-image: url(https:\/\/modisprem.com\/wp-content\/uploads\/2023\/08\/fondo-mision.jpg);\"><\/div><div class=\"l-section-overlay\" style=\"background:rgba(255,255,255,0.68)\"><\/div><div class=\"l-section-h i-cf\"><div class=\"g-cols vc_row via_grid cols_2 laptops-cols_inherit tablets-cols_inherit mobiles-cols_1 valign_top type_default stacking_default\"><div class=\"wpb_column vc_column_container\"><div class=\"vc_column-inner\"><div class=\"wpb_text_column us_custom_0de512b7\"><div class=\"wpb_wrapper\"><p>Unsere Kunden L\u00f6sungen anzubieten, die h\u00f6chsten Qualit\u00e4t, Technologie und Humanressourcen zur Verf\u00fcgung zu stellen, um das Produkt gem\u00e4\u00df ihren Anforderungen herzustellen.<\/p>\n<\/div><\/div><\/div><\/div><div class=\"wpb_column vc_column_container\"><div class=\"vc_column-inner\"><\/div><\/div><\/div><\/div><\/section><section class=\"l-section wpb_row height_huge with_img parallax_ver\"><div class=\"l-section-img\" role=\"img\" data-img-width=\"1920\" data-img-height=\"1500\" style=\"background-image: url(https:\/\/modisprem.com\/wp-content\/uploads\/2023\/04\/rsz_1equipo-modisprem.jpg);\"><\/div><div class=\"l-section-h i-cf\"><div class=\"g-cols vc_row via_grid cols_2 laptops-cols_inherit tablets-cols_inherit mobiles-cols_1 valign_top type_default stacking_default\"><div class=\"wpb_column vc_column_container\"><div class=\"vc_column-inner\"><div class=\"wpb_text_column us_custom_ee4e527c has_text_color us_animate_this\"><div class=\"wpb_wrapper\"><p style=\"text-align: left;\"><strong>Werte<\/strong><\/p>\n<\/div><\/div><div class=\"w-separator size_medium\"><\/div><div class=\"wpb_text_column us_custom_0204c73c\"><div class=\"wpb_wrapper\"><p>Zusammenarbeit.<\/p>\n<p>St\u00e4ndige Fortbildung.<\/p>\n<p>Anpassung an Ver\u00e4nderungen.<\/p>\n<p>St\u00e4ndige Innovation.<\/p>\n<p>Qualit\u00e4tsverpflichtung.<\/p>\n<p>Kundenorientierung. RSC<\/p>\n<\/div><\/div><\/div><\/div><div class=\"wpb_column vc_column_container\"><div class=\"vc_column-inner\"><\/div><\/div><\/div><\/div><\/section><section class=\"l-section wpb_row height_medium with_img parallax_ver\"><div class=\"l-section-img\" role=\"img\" data-img-width=\"1920\" data-img-height=\"909\" style=\"background-image: url(https:\/\/modisprem.com\/wp-content\/uploads\/2023\/02\/fondo-amarilo-texturizado.jpg);\"><\/div><div class=\"l-section-overlay\" style=\"background:linear-gradient(90deg,rgba(247,224,10,0.00),#ffe017)\"><\/div><div class=\"l-section-h i-cf\"><div class=\"g-cols vc_row via_grid cols_1 laptops-cols_inherit tablets-cols_inherit mobiles-cols_1 valign_top type_default stacking_default\"><div class=\"wpb_column vc_column_container\"><div class=\"vc_column-inner\"><div class=\"wpb_text_column us_custom_5e34effd\"><div class=\"wpb_wrapper\"><p style=\"text-align: center;\">Vision<\/p>\n<\/div><\/div><\/div><\/div><\/div><\/div><\/section><section class=\"l-section wpb_row height_huge with_img\"><div class=\"l-section-img\" role=\"img\" data-img-width=\"1920\" data-img-height=\"800\" style=\"background-image: url(https:\/\/modisprem.com\/wp-content\/uploads\/2023\/08\/fondo-valores.jpg);\"><\/div><div class=\"l-section-overlay\" style=\"background:rgba(255,255,255,0.68)\"><\/div><div class=\"l-section-h i-cf\"><div class=\"g-cols vc_row via_grid cols_2 laptops-cols_inherit tablets-cols_inherit mobiles-cols_1 valign_top type_default stacking_default\"><div class=\"wpb_column vc_column_container\"><div class=\"vc_column-inner\"><div class=\"wpb_text_column us_custom_0de512b7\"><div class=\"wpb_wrapper\"><p>Ein f\u00fchrendes Unternehmen in der Verarbeitung der Kunststoffsch\u00e4ume und Textilprodukte in Europa von allen, Kunden, Lieferanten und Mitarbeitern anerkannt.<\/p>\n<\/div><\/div><\/div><\/div><div class=\"wpb_column vc_column_container\"><div class=\"vc_column-inner\"><\/div><\/div><\/div><\/div><\/section><section class=\"l-section wpb_row height_huge with_img parallax_ver\"><div class=\"l-section-img\" role=\"img\" data-img-width=\"1920\" data-img-height=\"1500\" style=\"background-image: url(https:\/\/modisprem.com\/wp-content\/uploads\/2023\/04\/proposito.jpg);\"><\/div><div class=\"l-section-h i-cf\"><div class=\"g-cols vc_row via_grid cols_2 laptops-cols_inherit tablets-cols_inherit mobiles-cols_1 valign_top type_default stacking_default\"><div class=\"wpb_column vc_column_container\"><div class=\"vc_column-inner\"><div class=\"wpb_text_column us_custom_ee4e527c has_text_color us_animate_this\"><div class=\"wpb_wrapper\"><p style=\"text-align: left;\"><strong>Zweck<\/strong><\/p>\n<\/div><\/div><div class=\"w-separator size_medium\"><\/div><div class=\"wpb_text_column us_custom_731400f8\"><div class=\"wpb_wrapper\"><p>Innovation von Prozessen und Materialien, die die Entwicklung unserer Gesellschaft f\u00f6rdern.<\/p>\n<\/div><\/div><\/div><\/div><div class=\"wpb_column vc_column_container\"><div class=\"vc_column-inner\"><\/div><\/div><\/div><\/div><\/section>\n","protected":false},"excerpt":{"rendered":"WIR WERARBEITEN KUNSTSTOFFSCH\u00c4UME UND TEXTILPRODUKTE \u00dcBER UNS Mission Unsere Kunden L\u00f6sungen anzubieten, die h\u00f6chsten Qualit\u00e4t, Technologie und Humanressourcen zur Verf\u00fcgung zu stellen, um das Produkt gem\u00e4\u00df ihren Anforderungen herzustellen. Werte Zusammenarbeit. St\u00e4ndige Fortbildung. Anpassung an Ver\u00e4nderungen. St\u00e4ndige Innovation. Qualit\u00e4tsverpflichtung. Kundenorientierung. RSC Vision Ein f\u00fchrendes Unternehmen in der Verarbeitung der Kunststoffsch\u00e4ume und Textilprodukte in Europa von...","protected":false},"author":1,"featured_media":0,"parent":0,"menu_order":0,"comment_status":"closed","ping_status":"closed","template":"","meta":{"footnotes":""},"class_list":["post-3764","page","type-page","status-publish","hentry"],"_links":{"self":[{"href":"https:\/\/modisprem.com\/de\/wp-json\/wp\/v2\/pages\/3764","targetHints":{"allow":["GET"]}}],"collection":[{"href":"https:\/\/modisprem.com\/de\/wp-json\/wp\/v2\/pages"}],"about":[{"href":"https:\/\/modisprem.com\/de\/wp-json\/wp\/v2\/types\/page"}],"author":[{"embeddable":true,"href":"https:\/\/modisprem.com\/de\/wp-json\/wp\/v2\/users\/1"}],"replies":[{"embeddable":true,"href":"https:\/\/modisprem.com\/de\/wp-json\/wp\/v2\/comments?post=3764"}],"version-history":[{"count":3,"href":"https:\/\/modisprem.com\/de\/wp-json\/wp\/v2\/pages\/3764\/revisions"}],"predecessor-version":[{"id":4692,"href":"https:\/\/modisprem.com\/de\/wp-json\/wp\/v2\/pages\/3764\/revisions\/4692"}],"wp:attachment":[{"href":"https:\/\/modisprem.com\/de\/wp-json\/wp\/v2\/media?parent=3764"}],"curies":[{"name":"wp","href":"https:\/\/api.w.org\/{rel}","templated":true}]}}